{"id":55819,"date":"2023-04-03T14:23:27","date_gmt":"2023-04-03T12:23:27","guid":{"rendered":"https:\/\/www.resail.org\/stores\/"},"modified":"2025-09-04T11:49:56","modified_gmt":"2025-09-04T09:49:56","slug":"stores","status":"publish","type":"page","link":"https:\/\/www.resail.org\/de\/stores\/","title":{"rendered":"Stores"},"content":{"rendered":"\n<h2 class=\"wp-block-heading\">Stores<\/h2>\n\n<div style=\"height:35px\" aria-hidden=\"true\" class=\"wp-block-spacer\"><\/div>\n\n<p>Die umwerfend aussehenden Sneaker von 8beaufort sind in verschiedenen Gesch\u00e4ften erh\u00e4ltlich. Wir erweitern unser Angebot an Gesch\u00e4ften f\u00fcr dieses modische und nachhaltige Produkt, <a href=\"https:\/\/www.resail.org\/contact\/\" data-type=\"page\" data-id=\"1033\">kontaktieren Sie uns<\/a>, um an dieser Erfolgsgeschichte teilzuhaben.<\/p>\n\n<p>Die folgenden Gesch\u00e4fte in den Niederlanden sind Wiederverk\u00e4ufer der Sneaker und Taschen von 8Beaufort.<\/p>\n\n<div style=\"height:35px\" aria-hidden=\"true\" class=\"wp-block-spacer\"><\/div>\n\n<div class=\"wp-block-columns alignwide are-vertically-aligned-center is-layout-flex wp-container-core-columns-is-layout-28f84493 wp-block-columns-is-layout-flex\">\n<div class=\"wp-block-column is-vertically-aligned-center is-layout-flow wp-block-column-is-layout-flow\">\n<p class=\"has-text-align-center has-medium-font-size\"><strong>Dijk Ozeanladen  <\/strong><\/p>\n\n\n\n<p class=\"has-text-align-center\">Nieuwestreek 7<br\/>9166 LX Schiermonnikoog<\/p>\n\n\n\n<p class=\"has-text-align-center\"><a href=\"tel:+31%20519%20251%20865\">+31 519 251 865<\/a><br\/><a href=\"mailto:info@dijkoceanstore.nl\">info@dijkoceanstore.nl<\/a><\/p>\n\n\n\n<div class=\"wp-block-buttons is-content-justification-center is-layout-flex wp-container-core-buttons-is-layout-a89b3969 wp-block-buttons-is-layout-flex\">\n<div class=\"wp-block-button has-custom-font-size has-small-font-size\"><a class=\"wp-block-button__link has-background wp-element-button\" href=\"http:\/\/www.dijkoceanstore.nl\" style=\"background-color:#00797d\" target=\"_blank\" rel=\"noreferrer noopener\">Website<\/a><\/div>\n<\/div>\n<\/div>\n\n\n\n<div class=\"wp-block-column is-vertically-aligned-center is-layout-flow wp-block-column-is-layout-flow\">\n<p class=\"has-text-align-center has-medium-font-size\"><strong>Visser Wassersport<\/strong><\/p>\n\n\n\n<p class=\"has-text-align-center\">Achthavenweg 71-D<br\/>4311 NC Bruinisse<\/p>\n\n\n\n<p class=\"has-text-align-center\"><a href=\"Tel:+31%C2%A0%20111%2048%2021%2032\">+31 111 482 132<\/a><br\/><a href=\"mailto:info@visserwatersport.nl\">info@visserwatersport.nl<\/a><\/p>\n\n\n\n<div class=\"wp-block-buttons is-content-justification-center is-layout-flex wp-container-core-buttons-is-layout-a89b3969 wp-block-buttons-is-layout-flex\">\n<div class=\"wp-block-button has-custom-font-size has-small-font-size\"><a class=\"wp-block-button__link has-background wp-element-button\" href=\"https:\/\/visserwatersport.nl\/\" style=\"background-color:#00797d\" target=\"_blank\" rel=\"noreferrer noopener\">Website<\/a><\/div>\n<\/div>\n<\/div>\n\n\n\n<div class=\"wp-block-column is-vertically-aligned-center is-layout-flow wp-block-column-is-layout-flow\">\n<p class=\"has-text-align-center has-medium-font-size\"><strong>Segelspecials<\/strong><\/p>\n\n\n\n<p class=\"has-text-align-center\">Zijlbaan 20<br\/>2352 BN Leiderdorp<\/p>\n\n\n\n<p class=\"has-text-align-center\"><a href=\"mailto:info@tijssenwatersport.nl\"><\/a><a href=\"tel:+31%20715%20410%20185\">+31 715 410 185<\/a><br\/><a href=\"mailto:%20info@sailspecials.nl\">info@sailspecials.nl<\/a><\/p>\n\n\n\n<div class=\"wp-block-buttons is-content-justification-center is-layout-flex wp-container-core-buttons-is-layout-a89b3969 wp-block-buttons-is-layout-flex\">\n<div class=\"wp-block-button has-custom-font-size has-small-font-size\"><a class=\"wp-block-button__link has-background wp-element-button\" href=\"https:\/\/sailspecials.nl\" style=\"background-color:#00797d\" target=\"_blank\" rel=\"noreferrer noopener\">Website<\/a><\/div>\n<\/div>\n<\/div>\n<\/div>\n\n<div style=\"height:35px\" aria-hidden=\"true\" class=\"wp-block-spacer\"><\/div>\n\n<div class=\"wp-block-columns alignwide are-vertically-aligned-center is-layout-flex wp-container-core-columns-is-layout-28f84493 wp-block-columns-is-layout-flex\">\n<div class=\"wp-block-column is-vertically-aligned-center is-layout-flow wp-block-column-is-layout-flow\">\n<p class=\"has-text-align-center has-medium-font-size\"><strong>Skipper Land<\/strong><\/p>\n\n\n\n<p class=\"has-text-align-center\">Kortestreek 8<br\/>8531 JE Lemmer<\/p>\n\n\n\n<p class=\"has-text-align-center\"><a href=\"tel:+31%20514%20726%20011\">+31 514 726 011<\/a><br\/><a href=\"mailto:welkom@skipperland.nl\">welkom@skipperland.nl<\/a><\/p>\n\n\n\n<div class=\"wp-block-buttons is-content-justification-center is-layout-flex wp-container-core-buttons-is-layout-a89b3969 wp-block-buttons-is-layout-flex\">\n<div class=\"wp-block-button has-custom-font-size has-small-font-size\"><a class=\"wp-block-button__link has-background wp-element-button\" href=\"http:\/\/www.skipperland.nl\" style=\"background-color:#00797d\" target=\"_blank\" rel=\"noreferrer noopener\">Website<\/a><\/div>\n<\/div>\n<\/div>\n\n\n\n<div class=\"wp-block-column is-vertically-aligned-center is-layout-flow wp-block-column-is-layout-flow\">\n<p class=\"has-text-align-center has-medium-font-size\"><strong>De Jong Wassersport<\/strong><\/p>\n\n\n\n<p class=\"has-text-align-center\">Harinxmastrjitte 49<br\/>8621 BK Heeg<\/p>\n\n\n\n<p class=\"has-text-align-center\"><a href=\"tel:+31%20515%20442%20535\">+31 515 442 535<\/a><br\/><a href=\"mailto:info@dejongwatersport.nl\">info@dejongwatersport.nl<\/a><\/p>\n\n\n\n<div class=\"wp-block-buttons is-content-justification-center is-layout-flex wp-container-core-buttons-is-layout-a89b3969 wp-block-buttons-is-layout-flex\">\n<div class=\"wp-block-button has-custom-font-size has-small-font-size\"><a class=\"wp-block-button__link has-background wp-element-button\" href=\"https:\/\/www.dejongwatersport.nl\" style=\"background-color:#00797d\" target=\"_blank\" rel=\"noreferrer noopener\">Website<\/a><\/div>\n<\/div>\n<\/div>\n\n\n\n<div class=\"wp-block-column is-vertically-aligned-center is-layout-flow wp-block-column-is-layout-flow\"><\/div>\n<\/div>\n\n<div style=\"height:35px\" aria-hidden=\"true\" class=\"wp-block-spacer\"><\/div>\n\n<figure class=\"wp-block-gallery alignwide has-nested-images columns-default is-cropped wp-block-gallery-1 is-layout-flex wp-block-gallery-is-layout-flex\">\n<figure class=\"wp-block-image size-large\"><a href=\"https:\/\/www.resail.org\/8beaufort\/\"><img decoding=\"async\" data-id=\"1348\" src=\"http:\/\/resail.org\/wp-content\/uploads\/2023\/02\/8SYC23040136-D-1024x1024.webp\" alt=\"\" class=\"wp-image-1348\"\/><\/a><\/figure>\n\n\n\n<figure class=\"wp-block-image size-large\"><a href=\"https:\/\/www.resail.org\/8beaufort\/\"><img decoding=\"async\" data-id=\"1581\" src=\"http:\/\/resail.org\/wp-content\/uploads\/2023\/02\/8SYC19010201-F-1024x1024.webp\" alt=\"\" class=\"wp-image-1581\"\/><\/a><\/figure>\n\n\n\n<figure class=\"wp-block-image size-large\"><a href=\"https:\/\/www.resail.org\/8beaufort\/\"><img decoding=\"async\" data-id=\"1493\" src=\"https:\/\/resail.org\/wp-content\/uploads\/2023\/02\/8SYC23150123-E-1024x1024.webp\" alt=\"\" class=\"wp-image-1493\"\/><\/a><\/figure>\n\n\n\n<figure class=\"wp-block-image size-large\"><a href=\"https:\/\/www.resail.org\/8beaufort\/\"><img decoding=\"async\" data-id=\"799\" src=\"https:\/\/resail.org\/wp-content\/uploads\/2022\/11\/Shoes-recycled-sails.jpg\" alt=\"\" class=\"wp-image-799\"\/><\/a><\/figure>\n\n\n\n<figure class=\"wp-block-image size-large\"><a href=\"https:\/\/www.resail.org\/8beaufort\/\"><img decoding=\"async\" data-id=\"1282\" src=\"http:\/\/resail.org\/wp-content\/uploads\/2023\/02\/8SYC21040103-B-1024x1024.webp\" alt=\"\" class=\"wp-image-1282\"\/><\/a><\/figure>\n<\/figure>\n","protected":false},"excerpt":{"rendered":"<p>Stores Die umwerfend aussehenden Sneaker von 8beaufort sind in verschiedenen Gesch\u00e4ften erh\u00e4ltlich. Wir erweitern unser Angebot an Gesch\u00e4ften f\u00fcr dieses modische und nachhaltige Produkt, kontaktieren Sie uns, um an dieser Erfolgsgeschichte teilzuhaben. Die folgenden Gesch\u00e4fte in den Niederlanden sind Wiederverk\u00e4ufer der Sneaker und Taschen von 8Beaufort. Dijk Ozeanladen Nieuwestreek 79166 LX Schiermonnikoog +31 519 251 [&hellip;]<\/p>\n","protected":false},"author":16,"featured_media":0,"parent":0,"menu_order":0,"comment_status":"closed","ping_status":"closed","template":"","meta":{"_acf_changed":false,"footnotes":""},"class_list":["post-55819","page","type-page","status-publish","hentry"],"acf":[],"yoast_head":"<!-- This site is optimized with the Yoast SEO plugin v27.5 - https:\/\/yoast.com\/product\/yoast-seo-wordpress\/ -->\n<title>Stores - Resail<\/title>\n<meta name=\"robots\" content=\"index, follow, max-snippet:-1, max-image-preview:large, max-video-preview:-1\" \/>\n<link rel=\"canonical\" href=\"https:\/\/www.resail.org\/de\/stores\/\" \/>\n<meta property=\"og:locale\" content=\"de_DE\" \/>\n<meta property=\"og:type\" content=\"article\" \/>\n<meta property=\"og:title\" content=\"Stores - Resail\" \/>\n<meta property=\"og:description\" content=\"Stores Die umwerfend aussehenden Sneaker von 8beaufort sind in verschiedenen Gesch\u00e4ften erh\u00e4ltlich. Wir erweitern unser Angebot an Gesch\u00e4ften f\u00fcr dieses modische und nachhaltige Produkt, kontaktieren Sie uns, um an dieser Erfolgsgeschichte teilzuhaben. Die folgenden Gesch\u00e4fte in den Niederlanden sind Wiederverk\u00e4ufer der Sneaker und Taschen von 8Beaufort. Dijk Ozeanladen Nieuwestreek 79166 LX Schiermonnikoog +31 519 251 [&hellip;]\" \/>\n<meta property=\"og:url\" content=\"https:\/\/www.resail.org\/de\/stores\/\" \/>\n<meta property=\"og:site_name\" content=\"Resail\" \/>\n<meta property=\"article:modified_time\" content=\"2025-09-04T09:49:56+00:00\" \/>\n<meta property=\"og:image\" content=\"https:\/\/www.resail.org\/wp-content\/uploads\/2024\/01\/IMG_1810.jpg\" \/>\n\t<meta property=\"og:image:width\" content=\"640\" \/>\n\t<meta property=\"og:image:height\" content=\"480\" \/>\n\t<meta property=\"og:image:type\" content=\"image\/jpeg\" \/>\n<meta name=\"twitter:card\" content=\"summary_large_image\" \/>\n<script type=\"application\/ld+json\" class=\"yoast-schema-graph\">{\"@context\":\"https:\\\/\\\/schema.org\",\"@graph\":[{\"@type\":\"WebPage\",\"@id\":\"https:\\\/\\\/www.resail.org\\\/de\\\/stores\\\/\",\"url\":\"https:\\\/\\\/www.resail.org\\\/de\\\/stores\\\/\",\"name\":\"Stores - Resail\",\"isPartOf\":{\"@id\":\"https:\\\/\\\/www.resail.org\\\/de\\\/#website\"},\"primaryImageOfPage\":{\"@id\":\"https:\\\/\\\/www.resail.org\\\/de\\\/stores\\\/#primaryimage\"},\"image\":{\"@id\":\"https:\\\/\\\/www.resail.org\\\/de\\\/stores\\\/#primaryimage\"},\"thumbnailUrl\":\"http:\\\/\\\/resail.org\\\/wp-content\\\/uploads\\\/2023\\\/02\\\/8SYC23040136-D-1024x1024.webp\",\"datePublished\":\"2023-04-03T12:23:27+00:00\",\"dateModified\":\"2025-09-04T09:49:56+00:00\",\"breadcrumb\":{\"@id\":\"https:\\\/\\\/www.resail.org\\\/de\\\/stores\\\/#breadcrumb\"},\"inLanguage\":\"de\",\"potentialAction\":[{\"@type\":\"ReadAction\",\"target\":[\"https:\\\/\\\/www.resail.org\\\/de\\\/stores\\\/\"]}]},{\"@type\":\"ImageObject\",\"inLanguage\":\"de\",\"@id\":\"https:\\\/\\\/www.resail.org\\\/de\\\/stores\\\/#primaryimage\",\"url\":\"http:\\\/\\\/resail.org\\\/wp-content\\\/uploads\\\/2023\\\/02\\\/8SYC23040136-D-1024x1024.webp\",\"contentUrl\":\"http:\\\/\\\/resail.org\\\/wp-content\\\/uploads\\\/2023\\\/02\\\/8SYC23040136-D-1024x1024.webp\"},{\"@type\":\"BreadcrumbList\",\"@id\":\"https:\\\/\\\/www.resail.org\\\/de\\\/stores\\\/#breadcrumb\",\"itemListElement\":[{\"@type\":\"ListItem\",\"position\":1,\"name\":\"Home\",\"item\":\"https:\\\/\\\/www.resail.org\\\/de\\\/startseite\\\/\"},{\"@type\":\"ListItem\",\"position\":2,\"name\":\"Stores\"}]},{\"@type\":\"WebSite\",\"@id\":\"https:\\\/\\\/www.resail.org\\\/de\\\/#website\",\"url\":\"https:\\\/\\\/www.resail.org\\\/de\\\/\",\"name\":\"Resail\",\"description\":\"\",\"publisher\":{\"@id\":\"https:\\\/\\\/www.resail.org\\\/de\\\/#organization\"},\"potentialAction\":[{\"@type\":\"SearchAction\",\"target\":{\"@type\":\"EntryPoint\",\"urlTemplate\":\"https:\\\/\\\/www.resail.org\\\/de\\\/?s={search_term_string}\"},\"query-input\":{\"@type\":\"PropertyValueSpecification\",\"valueRequired\":true,\"valueName\":\"search_term_string\"}}],\"inLanguage\":\"de\"},{\"@type\":\"Organization\",\"@id\":\"https:\\\/\\\/www.resail.org\\\/de\\\/#organization\",\"name\":\"Resail\",\"url\":\"https:\\\/\\\/www.resail.org\\\/de\\\/\",\"logo\":{\"@type\":\"ImageObject\",\"inLanguage\":\"de\",\"@id\":\"https:\\\/\\\/www.resail.org\\\/de\\\/#\\\/schema\\\/logo\\\/image\\\/\",\"url\":\"https:\\\/\\\/www.resail.org\\\/wp-content\\\/uploads\\\/2024\\\/04\\\/cropped-Resail_logo_staand.png\",\"contentUrl\":\"https:\\\/\\\/www.resail.org\\\/wp-content\\\/uploads\\\/2024\\\/04\\\/cropped-Resail_logo_staand.png\",\"width\":512,\"height\":512,\"caption\":\"Resail\"},\"image\":{\"@id\":\"https:\\\/\\\/www.resail.org\\\/de\\\/#\\\/schema\\\/logo\\\/image\\\/\"}}]}<\/script>\n<!-- \/ Yoast SEO plugin. -->","yoast_head_json":{"title":"Stores - Resail","robots":{"index":"index","follow":"follow","max-snippet":"max-snippet:-1","max-image-preview":"max-image-preview:large","max-video-preview":"max-video-preview:-1"},"canonical":"https:\/\/www.resail.org\/de\/stores\/","og_locale":"de_DE","og_type":"article","og_title":"Stores - Resail","og_description":"Stores Die umwerfend aussehenden Sneaker von 8beaufort sind in verschiedenen Gesch\u00e4ften erh\u00e4ltlich. Wir erweitern unser Angebot an Gesch\u00e4ften f\u00fcr dieses modische und nachhaltige Produkt, kontaktieren Sie uns, um an dieser Erfolgsgeschichte teilzuhaben. Die folgenden Gesch\u00e4fte in den Niederlanden sind Wiederverk\u00e4ufer der Sneaker und Taschen von 8Beaufort. Dijk Ozeanladen Nieuwestreek 79166 LX Schiermonnikoog +31 519 251 [&hellip;]","og_url":"https:\/\/www.resail.org\/de\/stores\/","og_site_name":"Resail","article_modified_time":"2025-09-04T09:49:56+00:00","og_image":[{"width":640,"height":480,"url":"https:\/\/www.resail.org\/wp-content\/uploads\/2024\/01\/IMG_1810.jpg","type":"image\/jpeg"}],"twitter_card":"summary_large_image","schema":{"@context":"https:\/\/schema.org","@graph":[{"@type":"WebPage","@id":"https:\/\/www.resail.org\/de\/stores\/","url":"https:\/\/www.resail.org\/de\/stores\/","name":"Stores - Resail","isPartOf":{"@id":"https:\/\/www.resail.org\/de\/#website"},"primaryImageOfPage":{"@id":"https:\/\/www.resail.org\/de\/stores\/#primaryimage"},"image":{"@id":"https:\/\/www.resail.org\/de\/stores\/#primaryimage"},"thumbnailUrl":"http:\/\/resail.org\/wp-content\/uploads\/2023\/02\/8SYC23040136-D-1024x1024.webp","datePublished":"2023-04-03T12:23:27+00:00","dateModified":"2025-09-04T09:49:56+00:00","breadcrumb":{"@id":"https:\/\/www.resail.org\/de\/stores\/#breadcrumb"},"inLanguage":"de","potentialAction":[{"@type":"ReadAction","target":["https:\/\/www.resail.org\/de\/stores\/"]}]},{"@type":"ImageObject","inLanguage":"de","@id":"https:\/\/www.resail.org\/de\/stores\/#primaryimage","url":"http:\/\/resail.org\/wp-content\/uploads\/2023\/02\/8SYC23040136-D-1024x1024.webp","contentUrl":"http:\/\/resail.org\/wp-content\/uploads\/2023\/02\/8SYC23040136-D-1024x1024.webp"},{"@type":"BreadcrumbList","@id":"https:\/\/www.resail.org\/de\/stores\/#breadcrumb","itemListElement":[{"@type":"ListItem","position":1,"name":"Home","item":"https:\/\/www.resail.org\/de\/startseite\/"},{"@type":"ListItem","position":2,"name":"Stores"}]},{"@type":"WebSite","@id":"https:\/\/www.resail.org\/de\/#website","url":"https:\/\/www.resail.org\/de\/","name":"Resail","description":"","publisher":{"@id":"https:\/\/www.resail.org\/de\/#organization"},"potentialAction":[{"@type":"SearchAction","target":{"@type":"EntryPoint","urlTemplate":"https:\/\/www.resail.org\/de\/?s={search_term_string}"},"query-input":{"@type":"PropertyValueSpecification","valueRequired":true,"valueName":"search_term_string"}}],"inLanguage":"de"},{"@type":"Organization","@id":"https:\/\/www.resail.org\/de\/#organization","name":"Resail","url":"https:\/\/www.resail.org\/de\/","logo":{"@type":"ImageObject","inLanguage":"de","@id":"https:\/\/www.resail.org\/de\/#\/schema\/logo\/image\/","url":"https:\/\/www.resail.org\/wp-content\/uploads\/2024\/04\/cropped-Resail_logo_staand.png","contentUrl":"https:\/\/www.resail.org\/wp-content\/uploads\/2024\/04\/cropped-Resail_logo_staand.png","width":512,"height":512,"caption":"Resail"},"image":{"@id":"https:\/\/www.resail.org\/de\/#\/schema\/logo\/image\/"}}]}},"_links":{"self":[{"href":"https:\/\/www.resail.org\/de\/wp-json\/wp\/v2\/pages\/55819","targetHints":{"allow":["GET"]}}],"collection":[{"href":"https:\/\/www.resail.org\/de\/wp-json\/wp\/v2\/pages"}],"about":[{"href":"https:\/\/www.resail.org\/de\/wp-json\/wp\/v2\/types\/page"}],"author":[{"embeddable":true,"href":"https:\/\/www.resail.org\/de\/wp-json\/wp\/v2\/users\/16"}],"replies":[{"embeddable":true,"href":"https:\/\/www.resail.org\/de\/wp-json\/wp\/v2\/comments?post=55819"}],"version-history":[{"count":0,"href":"https:\/\/www.resail.org\/de\/wp-json\/wp\/v2\/pages\/55819\/revisions"}],"wp:attachment":[{"href":"https:\/\/www.resail.org\/de\/wp-json\/wp\/v2\/media?parent=55819"}],"curies":[{"name":"wp","href":"https:\/\/api.w.org\/{rel}","templated":true}]}}