{"id":55841,"date":"2024-05-04T11:03:05","date_gmt":"2024-05-04T09:03:05","guid":{"rendered":"https:\/\/www.resail.org\/8beaufort\/"},"modified":"2025-09-04T11:50:16","modified_gmt":"2025-09-04T09:50:16","slug":"8beaufort","status":"publish","type":"page","link":"https:\/\/www.resail.org\/de\/8beaufort\/","title":{"rendered":"8Beaufort"},"content":{"rendered":"\n<h2 class=\"wp-block-heading\">8Beaufort<\/h2>\n\n<div style=\"height:35px\" aria-hidden=\"true\" class=\"wp-block-spacer\"><\/div>\n\n<p>Auf der Nord- und Ostsee gesegelt, Design aus Hamburg, hergestellt in Portugal &#8211; <a href=\"https:\/\/8beaufort.hamburg\/en\/\">8beaufort<\/a> gibt Segeln ein zweites Leben und kreiert so hochwertige Sneaker mit recycelten und nat\u00fcrlichen Materialien.<\/p>\n\n<p><br\/>Upcycling geh\u00f6rt zur nachhaltigen Nutzung von Materialien, da Energie und der Einsatz von Rohstoffen reduziert werden. Durch das Recycling von ausrangierten Segeln reduziert <a href=\"https:\/\/8beaufort.hamburg\/en\/\">8beaufort<\/a> aktiv den M\u00fcll, der unsere Ozeane verschmutzt. <\/p>\n\n<p><br\/><a href=\"https:\/\/8beaufort.hamburg\/en\/\">8beaufort<\/a> kombiniert Upcycling mit der Verwendung von nat\u00fcrlichen Materialien wie Naturkautschuk, gewachster Baumwolle und chromfrei gegerbtem Leder aus Portugal mit dem Ziel, unseren Planeten so wenig wie m\u00f6glich zu belasten. Dies gilt sowohl f\u00fcr die Mitarbeiter der Gerbereien als auch f\u00fcr die Tr\u00e4ger, insbesondere f\u00fcr Allergiker. <a href=\"https:\/\/8beaufort.hamburg\/en\/\">8beaufort<\/a> verwendet europ\u00e4isches Leder, \u00d6ko-Baumwolle und setzt auf pflanzliche Gerbstoffe. Das reduziert die CO2-Emissionen und sch\u00fctzt die Umwelt, die Mitarbeiter und Sie als Kunden vor Schadstoffen.  <\/p>\n\n<p><br\/>Die fantastisch aussehenden Sneaker von <a href=\"https:\/\/8beaufort.hamburg\/en\/\">8beaufort<\/a> sind in unseren angeschlossenen <a href=\"https:\/\/www.resail.org\/de\/stores\/\">Gesch\u00e4ften<\/a> erh\u00e4ltlich. <a href=\"https:\/\/www.resail.org\/de\/stores\/\">Hier finden Sie den Laden<\/a> in Ihrer N\u00e4he! <\/p>\n\n<div style=\"height:35px\" aria-hidden=\"true\" class=\"wp-block-spacer\"><\/div>\n\n<figure class=\"wp-block-gallery alignwide has-nested-images columns-default is-cropped wp-block-gallery-1 is-layout-flex wp-block-gallery-is-layout-flex\">\n<figure class=\"wp-block-image size-large\"><a href=\"https:\/\/www.resail.org\/de\/stores\/\"><img decoding=\"async\" data-id=\"3673\" src=\"https:\/\/www.resail.org\/wp-content\/uploads\/2024\/07\/El-HIERRO-ISLAND-womens-sneakers-polar-light.jpg-1024x1024.webp\" alt=\"\" class=\"wp-image-3673\"\/><\/a><\/figure>\n\n\n\n<figure class=\"wp-block-image size-large\"><a href=\"https:\/\/www.resail.org\/de\/stores\/\"><img decoding=\"async\" data-id=\"301\" src=\"https:\/\/www.resail.org\/wp-content\/uploads\/2022\/09\/GALAPAGOS-ISLAND-Ladies-Sneaker-whitesignal-1.jpg-1024x1024.webp\" alt=\"\" class=\"wp-image-301\"\/><\/a><\/figure>\n\n\n\n<figure class=\"wp-block-image size-large\"><a href=\"https:\/\/www.resail.org\/de\/stores\/\"><img decoding=\"async\" data-id=\"3676\" src=\"https:\/\/www.resail.org\/wp-content\/uploads\/2024\/07\/ORKNEY-ISLAND-womens-sneakers-blue.jpg-1024x1024.webp\" alt=\"\" class=\"wp-image-3676\"\/><\/a><\/figure>\n\n\n\n<figure class=\"wp-block-image size-large\"><a href=\"https:\/\/www.resail.org\/de\/stores\/\"><img decoding=\"async\" data-id=\"3675\" src=\"https:\/\/www.resail.org\/wp-content\/uploads\/2024\/07\/ORKNEY-ISLAND-Mens-Sneakers-nightshadow.jpg-1024x1024.webp\" alt=\"\" class=\"wp-image-3675\"\/><\/a><\/figure>\n\n\n\n<figure class=\"wp-block-image size-large\"><a href=\"https:\/\/www.resail.org\/de\/stores\/\"><img decoding=\"async\" data-id=\"325\" src=\"https:\/\/www.resail.org\/wp-content\/uploads\/2022\/09\/ANUTA-ISLAND-Mens-Sneaker-whiteorange-1.jpg-1024x1024.webp\" alt=\"\" class=\"wp-image-325\"\/><\/a><\/figure>\n\n\n\n<figure class=\"wp-block-image size-large\"><a href=\"https:\/\/www.resail.org\/de\/stores\/\"><img decoding=\"async\" data-id=\"313\" src=\"https:\/\/www.resail.org\/wp-content\/uploads\/2022\/09\/MANHATTAN-ISLAND-Womens-High-Top-Sneaker-whiteoceanblue-1.jpg-1024x1024.webp\" alt=\"\" class=\"wp-image-313\"\/><\/a><\/figure>\n\n\n\n<figure class=\"wp-block-image size-large\"><a href=\"https:\/\/www.resail.org\/de\/stores\/\"><img decoding=\"async\" data-id=\"336\" src=\"https:\/\/www.resail.org\/wp-content\/uploads\/2022\/10\/GALAPAGOS-ISLAND-Ladies-Sneaker-whitesunny-1.jpg-1024x1024.webp\" alt=\"\" class=\"wp-image-336\"\/><\/a><\/figure>\n\n\n\n<figure class=\"wp-block-image size-large\"><a href=\"https:\/\/www.resail.org\/de\/stores\/\"><img decoding=\"async\" data-id=\"3674\" src=\"https:\/\/www.resail.org\/wp-content\/uploads\/2024\/07\/ORKNEY-ISLAND-Mens-Sneakers-blue.jpg-1024x1024.webp\" alt=\"\" class=\"wp-image-3674\"\/><\/a><\/figure>\n\n\n\n<figure class=\"wp-block-image size-large\"><a href=\"https:\/\/www.resail.org\/de\/stores\/\"><img decoding=\"async\" data-id=\"332\" src=\"https:\/\/www.resail.org\/wp-content\/uploads\/2022\/09\/GALAPAGOS-ISLAND-Mens-Sneaker-Whitesignal-3.jpg-1024x1024.webp\" alt=\"\" class=\"wp-image-332\"\/><\/a><\/figure>\n\n\n\n<figure class=\"wp-block-image size-large\"><a href=\"https:\/\/www.resail.org\/de\/stores\/\"><img decoding=\"async\" data-id=\"357\" src=\"https:\/\/www.resail.org\/wp-content\/uploads\/2022\/10\/MANHATTAN-ISLAND-Mens-High-Top-Sneaker-whiteoceanblue-1.jpg-1024x1024.webp\" alt=\"\" class=\"wp-image-357\"\/><\/a><\/figure>\n\n\n\n<figure class=\"wp-block-image size-large\"><a href=\"https:\/\/www.resail.org\/de\/stores\/\"><img decoding=\"async\" data-id=\"361\" src=\"https:\/\/www.resail.org\/wp-content\/uploads\/2022\/10\/MANHATTAN-ISLAND-Mens-High-Top-Sneaker-whiteoceanblue-5.jpg-1024x1024.webp\" alt=\"\" class=\"wp-image-361\"\/><\/a><\/figure>\n\n\n\n<figure class=\"wp-block-image size-large\"><a href=\"https:\/\/www.resail.org\/de\/stores\/\"><img decoding=\"async\" data-id=\"3672\" src=\"https:\/\/www.resail.org\/wp-content\/uploads\/2024\/07\/El-HIERRO-ISLAND-Womens-Sneakers-mud.jpg-1024x1024.webp\" alt=\"\" class=\"wp-image-3672\"\/><\/a><\/figure>\n\n\n\n<figure class=\"wp-block-image size-large\"><a href=\"https:\/\/www.resail.org\/de\/stores\/\"><img decoding=\"async\" data-id=\"1272\" src=\"https:\/\/www.resail.org\/wp-content\/uploads\/2023\/02\/8SYC18010104-G-1024x1024.webp\" alt=\"\" class=\"wp-image-1272\"\/><\/a><\/figure>\n\n\n\n<figure class=\"wp-block-image size-large\"><a href=\"https:\/\/www.resail.org\/de\/stores\/\"><img decoding=\"async\" data-id=\"1245\" src=\"https:\/\/www.resail.org\/wp-content\/uploads\/2023\/02\/8SYC22010120-F-1024x1024.webp\" alt=\"\" class=\"wp-image-1245\"\/><\/a><\/figure>\n\n\n\n<figure class=\"wp-block-image size-large\"><a href=\"https:\/\/www.resail.org\/de\/stores\/\"><img decoding=\"async\" data-id=\"1307\" src=\"https:\/\/www.resail.org\/wp-content\/uploads\/2023\/02\/8SYC21040103-B-1-1024x1024.webp\" alt=\"\" class=\"wp-image-1307\"\/><\/a><\/figure>\n\n\n\n<figure class=\"wp-block-image size-large\"><a href=\"https:\/\/www.resail.org\/de\/stores\/\"><img decoding=\"async\" data-id=\"1335\" src=\"https:\/\/www.resail.org\/wp-content\/uploads\/2023\/02\/8SYC23040240-D-1024x1024.webp\" alt=\"\" class=\"wp-image-1335\"\/><\/a><\/figure>\n\n\n\n<figure class=\"wp-block-image size-large\"><a href=\"https:\/\/www.resail.org\/de\/stores\/\"><img decoding=\"async\" data-id=\"1347\" src=\"https:\/\/www.resail.org\/wp-content\/uploads\/2023\/02\/8SYC23040136-C-1024x1024.webp\" alt=\"\" class=\"wp-image-1347\"\/><\/a><\/figure>\n\n\n\n<figure class=\"wp-block-image size-large\"><a href=\"https:\/\/www.resail.org\/de\/stores\/\"><img decoding=\"async\" data-id=\"1399\" src=\"https:\/\/www.resail.org\/wp-content\/uploads\/2023\/02\/8SYC23040228-B-1024x1024.webp\" alt=\"\" class=\"wp-image-1399\"\/><\/a><\/figure>\n\n\n\n<figure class=\"wp-block-image size-large\"><a href=\"https:\/\/www.resail.org\/de\/stores\/\"><img decoding=\"async\" data-id=\"1416\" src=\"https:\/\/www.resail.org\/wp-content\/uploads\/2023\/02\/8SYC23040127-F-1024x1024.webp\" alt=\"\" class=\"wp-image-1416\"\/><\/a><\/figure>\n\n\n\n<figure class=\"wp-block-image size-large\"><a href=\"https:\/\/www.resail.org\/de\/stores\/\"><img decoding=\"async\" data-id=\"1466\" src=\"https:\/\/www.resail.org\/wp-content\/uploads\/2023\/02\/8SYC23150109-D-1024x1024.webp\" alt=\"\" class=\"wp-image-1466\"\/><\/a><\/figure>\n\n\n\n<figure class=\"wp-block-image size-large\"><a href=\"https:\/\/www.resail.org\/de\/stores\/\"><img decoding=\"async\" data-id=\"1480\" src=\"https:\/\/www.resail.org\/wp-content\/uploads\/2023\/02\/8SYC23150240-E-1024x1024.webp\" alt=\"\" class=\"wp-image-1480\"\/><\/a><\/figure>\n\n\n\n<figure class=\"wp-block-image size-large\"><a href=\"https:\/\/www.resail.org\/de\/stores\/\"><img decoding=\"async\" data-id=\"1503\" src=\"https:\/\/www.resail.org\/wp-content\/uploads\/2023\/02\/8SYC23150132-B-1024x1024.webp\" alt=\"\" class=\"wp-image-1503\"\/><\/a><\/figure>\n\n\n\n<figure class=\"wp-block-image size-large\"><a href=\"https:\/\/www.resail.org\/de\/stores\/\"><img decoding=\"async\" data-id=\"1545\" src=\"https:\/\/www.resail.org\/wp-content\/uploads\/2023\/02\/8SYC23150211-F-1024x1024.webp\" alt=\"\" class=\"wp-image-1545\"\/><\/a><\/figure>\n\n\n\n<figure class=\"wp-block-image size-large\"><a href=\"https:\/\/www.resail.org\/de\/stores\/\"><img decoding=\"async\" data-id=\"1543\" src=\"https:\/\/www.resail.org\/wp-content\/uploads\/2023\/02\/8SYC23150211-D-1024x1024.webp\" alt=\"\" class=\"wp-image-1543\"\/><\/a><\/figure>\n\n\n\n<figure class=\"wp-block-image size-large\"><a href=\"https:\/\/www.resail.org\/de\/stores\/\"><img fetchpriority=\"high\" decoding=\"async\" width=\"1024\" height=\"1024\" data-id=\"3679\" src=\"https:\/\/www.resail.org\/wp-content\/uploads\/2024\/07\/El-HIERRO-ISLAND-Mens-Sneakers-cloudy.jpg-1024x1024.webp\" alt=\"\" class=\"wp-image-3679\" srcset=\"https:\/\/www.resail.org\/wp-content\/uploads\/2024\/07\/El-HIERRO-ISLAND-Mens-Sneakers-cloudy.jpg-1024x1024.webp 1024w, https:\/\/www.resail.org\/wp-content\/uploads\/2024\/07\/El-HIERRO-ISLAND-Mens-Sneakers-cloudy.jpg-300x300.webp 300w, https:\/\/www.resail.org\/wp-content\/uploads\/2024\/07\/El-HIERRO-ISLAND-Mens-Sneakers-cloudy.jpg-150x150.webp 150w, https:\/\/www.resail.org\/wp-content\/uploads\/2024\/07\/El-HIERRO-ISLAND-Mens-Sneakers-cloudy.jpg-768x768.webp 768w, https:\/\/www.resail.org\/wp-content\/uploads\/2024\/07\/El-HIERRO-ISLAND-Mens-Sneakers-cloudy.jpg-1400x1400.webp 1400w, https:\/\/www.resail.org\/wp-content\/uploads\/2024\/07\/El-HIERRO-ISLAND-Mens-Sneakers-cloudy.jpg-1200x1200.webp 1200w, https:\/\/www.resail.org\/wp-content\/uploads\/2024\/07\/El-HIERRO-ISLAND-Mens-Sneakers-cloudy.jpg-960x960.webp 960w, https:\/\/www.resail.org\/wp-content\/uploads\/2024\/07\/El-HIERRO-ISLAND-Mens-Sneakers-cloudy.jpg-375x375.webp 375w, https:\/\/www.resail.org\/wp-content\/uploads\/2024\/07\/El-HIERRO-ISLAND-Mens-Sneakers-cloudy.jpg-600x600.webp 600w, https:\/\/www.resail.org\/wp-content\/uploads\/2024\/07\/El-HIERRO-ISLAND-Mens-Sneakers-cloudy.jpg-100x100.webp 100w, https:\/\/www.resail.org\/wp-content\/uploads\/2024\/07\/El-HIERRO-ISLAND-Mens-Sneakers-cloudy.jpg.webp 1500w\" sizes=\"(max-width: 1024px) 100vw, 1024px\" \/><\/a><\/figure>\n<\/figure>\n","protected":false},"excerpt":{"rendered":"<p>8Beaufort Auf der Nord- und Ostsee gesegelt, Design aus Hamburg, hergestellt in Portugal &#8211; 8beaufort gibt Segeln ein zweites Leben und kreiert so hochwertige Sneaker mit recycelten und nat\u00fcrlichen Materialien. Upcycling geh\u00f6rt zur nachhaltigen Nutzung von Materialien, da Energie und der Einsatz von Rohstoffen reduziert werden. Durch das Recycling von ausrangierten Segeln reduziert 8beaufort aktiv [&hellip;]<\/p>\n","protected":false},"author":16,"featured_media":0,"parent":0,"menu_order":0,"comment_status":"closed","ping_status":"closed","template":"","meta":{"_acf_changed":false,"footnotes":""},"class_list":["post-55841","page","type-page","status-publish","hentry"],"acf":[],"yoast_head":"<!-- This site is optimized with the Yoast SEO plugin v27.2 - https:\/\/yoast.com\/product\/yoast-seo-wordpress\/ -->\n<title>8Beaufort - Resail<\/title>\n<meta name=\"robots\" content=\"index, follow, max-snippet:-1, max-image-preview:large, max-video-preview:-1\" \/>\n<link rel=\"canonical\" href=\"https:\/\/www.resail.org\/de\/8beaufort\/\" \/>\n<meta property=\"og:locale\" content=\"de_DE\" \/>\n<meta property=\"og:type\" content=\"article\" \/>\n<meta property=\"og:title\" content=\"8Beaufort - Resail\" \/>\n<meta property=\"og:description\" content=\"8Beaufort Auf der Nord- und Ostsee gesegelt, Design aus Hamburg, hergestellt in Portugal &#8211; 8beaufort gibt Segeln ein zweites Leben und kreiert so hochwertige Sneaker mit recycelten und nat\u00fcrlichen Materialien. Upcycling geh\u00f6rt zur nachhaltigen Nutzung von Materialien, da Energie und der Einsatz von Rohstoffen reduziert werden. Durch das Recycling von ausrangierten Segeln reduziert 8beaufort aktiv [&hellip;]\" \/>\n<meta property=\"og:url\" content=\"https:\/\/www.resail.org\/de\/8beaufort\/\" \/>\n<meta property=\"og:site_name\" content=\"Resail\" \/>\n<meta property=\"article:modified_time\" content=\"2025-09-04T09:50:16+00:00\" \/>\n<meta name=\"twitter:card\" content=\"summary_large_image\" \/>\n<meta name=\"twitter:label1\" content=\"Gesch\u00e4tzte Lesezeit\" \/>\n\t<meta name=\"twitter:data1\" content=\"1\u00a0Minute\" \/>\n<script type=\"application\/ld+json\" class=\"yoast-schema-graph\">{\"@context\":\"https:\/\/schema.org\",\"@graph\":[{\"@type\":\"WebPage\",\"@id\":\"https:\/\/www.resail.org\/de\/8beaufort\/\",\"url\":\"https:\/\/www.resail.org\/de\/8beaufort\/\",\"name\":\"8Beaufort - Resail\",\"isPartOf\":{\"@id\":\"https:\/\/www.resail.org\/de\/#website\"},\"primaryImageOfPage\":{\"@id\":\"https:\/\/www.resail.org\/de\/8beaufort\/#primaryimage\"},\"image\":{\"@id\":\"https:\/\/www.resail.org\/de\/8beaufort\/#primaryimage\"},\"thumbnailUrl\":\"https:\/\/www.resail.org\/wp-content\/uploads\/2024\/07\/El-HIERRO-ISLAND-womens-sneakers-polar-light.jpg-1024x1024.webp\",\"datePublished\":\"2024-05-04T09:03:05+00:00\",\"dateModified\":\"2025-09-04T09:50:16+00:00\",\"breadcrumb\":{\"@id\":\"https:\/\/www.resail.org\/de\/8beaufort\/#breadcrumb\"},\"inLanguage\":\"de\",\"potentialAction\":[{\"@type\":\"ReadAction\",\"target\":[\"https:\/\/www.resail.org\/de\/8beaufort\/\"]}]},{\"@type\":\"ImageObject\",\"inLanguage\":\"de\",\"@id\":\"https:\/\/www.resail.org\/de\/8beaufort\/#primaryimage\",\"url\":\"https:\/\/www.resail.org\/wp-content\/uploads\/2024\/07\/El-HIERRO-ISLAND-womens-sneakers-polar-light.jpg-1024x1024.webp\",\"contentUrl\":\"https:\/\/www.resail.org\/wp-content\/uploads\/2024\/07\/El-HIERRO-ISLAND-womens-sneakers-polar-light.jpg-1024x1024.webp\"},{\"@type\":\"BreadcrumbList\",\"@id\":\"https:\/\/www.resail.org\/de\/8beaufort\/#breadcrumb\",\"itemListElement\":[{\"@type\":\"ListItem\",\"position\":1,\"name\":\"Home\",\"item\":\"https:\/\/www.resail.org\/de\/startseite\/\"},{\"@type\":\"ListItem\",\"position\":2,\"name\":\"8Beaufort\"}]},{\"@type\":\"WebSite\",\"@id\":\"https:\/\/www.resail.org\/de\/#website\",\"url\":\"https:\/\/www.resail.org\/de\/\",\"name\":\"Resail\",\"description\":\"\",\"publisher\":{\"@id\":\"https:\/\/www.resail.org\/de\/#organization\"},\"potentialAction\":[{\"@type\":\"SearchAction\",\"target\":{\"@type\":\"EntryPoint\",\"urlTemplate\":\"https:\/\/www.resail.org\/de\/?s={search_term_string}\"},\"query-input\":{\"@type\":\"PropertyValueSpecification\",\"valueRequired\":true,\"valueName\":\"search_term_string\"}}],\"inLanguage\":\"de\"},{\"@type\":\"Organization\",\"@id\":\"https:\/\/www.resail.org\/de\/#organization\",\"name\":\"Resail\",\"url\":\"https:\/\/www.resail.org\/de\/\",\"logo\":{\"@type\":\"ImageObject\",\"inLanguage\":\"de\",\"@id\":\"https:\/\/www.resail.org\/de\/#\/schema\/logo\/image\/\",\"url\":\"https:\/\/www.resail.org\/wp-content\/uploads\/2024\/04\/cropped-Resail_logo_staand.png\",\"contentUrl\":\"https:\/\/www.resail.org\/wp-content\/uploads\/2024\/04\/cropped-Resail_logo_staand.png\",\"width\":512,\"height\":512,\"caption\":\"Resail\"},\"image\":{\"@id\":\"https:\/\/www.resail.org\/de\/#\/schema\/logo\/image\/\"}}]}<\/script>\n<!-- \/ Yoast SEO plugin. -->","yoast_head_json":{"title":"8Beaufort - Resail","robots":{"index":"index","follow":"follow","max-snippet":"max-snippet:-1","max-image-preview":"max-image-preview:large","max-video-preview":"max-video-preview:-1"},"canonical":"https:\/\/www.resail.org\/de\/8beaufort\/","og_locale":"de_DE","og_type":"article","og_title":"8Beaufort - Resail","og_description":"8Beaufort Auf der Nord- und Ostsee gesegelt, Design aus Hamburg, hergestellt in Portugal &#8211; 8beaufort gibt Segeln ein zweites Leben und kreiert so hochwertige Sneaker mit recycelten und nat\u00fcrlichen Materialien. Upcycling geh\u00f6rt zur nachhaltigen Nutzung von Materialien, da Energie und der Einsatz von Rohstoffen reduziert werden. Durch das Recycling von ausrangierten Segeln reduziert 8beaufort aktiv [&hellip;]","og_url":"https:\/\/www.resail.org\/de\/8beaufort\/","og_site_name":"Resail","article_modified_time":"2025-09-04T09:50:16+00:00","twitter_card":"summary_large_image","twitter_misc":{"Gesch\u00e4tzte Lesezeit":"1\u00a0Minute"},"schema":{"@context":"https:\/\/schema.org","@graph":[{"@type":"WebPage","@id":"https:\/\/www.resail.org\/de\/8beaufort\/","url":"https:\/\/www.resail.org\/de\/8beaufort\/","name":"8Beaufort - Resail","isPartOf":{"@id":"https:\/\/www.resail.org\/de\/#website"},"primaryImageOfPage":{"@id":"https:\/\/www.resail.org\/de\/8beaufort\/#primaryimage"},"image":{"@id":"https:\/\/www.resail.org\/de\/8beaufort\/#primaryimage"},"thumbnailUrl":"https:\/\/www.resail.org\/wp-content\/uploads\/2024\/07\/El-HIERRO-ISLAND-womens-sneakers-polar-light.jpg-1024x1024.webp","datePublished":"2024-05-04T09:03:05+00:00","dateModified":"2025-09-04T09:50:16+00:00","breadcrumb":{"@id":"https:\/\/www.resail.org\/de\/8beaufort\/#breadcrumb"},"inLanguage":"de","potentialAction":[{"@type":"ReadAction","target":["https:\/\/www.resail.org\/de\/8beaufort\/"]}]},{"@type":"ImageObject","inLanguage":"de","@id":"https:\/\/www.resail.org\/de\/8beaufort\/#primaryimage","url":"https:\/\/www.resail.org\/wp-content\/uploads\/2024\/07\/El-HIERRO-ISLAND-womens-sneakers-polar-light.jpg-1024x1024.webp","contentUrl":"https:\/\/www.resail.org\/wp-content\/uploads\/2024\/07\/El-HIERRO-ISLAND-womens-sneakers-polar-light.jpg-1024x1024.webp"},{"@type":"BreadcrumbList","@id":"https:\/\/www.resail.org\/de\/8beaufort\/#breadcrumb","itemListElement":[{"@type":"ListItem","position":1,"name":"Home","item":"https:\/\/www.resail.org\/de\/startseite\/"},{"@type":"ListItem","position":2,"name":"8Beaufort"}]},{"@type":"WebSite","@id":"https:\/\/www.resail.org\/de\/#website","url":"https:\/\/www.resail.org\/de\/","name":"Resail","description":"","publisher":{"@id":"https:\/\/www.resail.org\/de\/#organization"},"potentialAction":[{"@type":"SearchAction","target":{"@type":"EntryPoint","urlTemplate":"https:\/\/www.resail.org\/de\/?s={search_term_string}"},"query-input":{"@type":"PropertyValueSpecification","valueRequired":true,"valueName":"search_term_string"}}],"inLanguage":"de"},{"@type":"Organization","@id":"https:\/\/www.resail.org\/de\/#organization","name":"Resail","url":"https:\/\/www.resail.org\/de\/","logo":{"@type":"ImageObject","inLanguage":"de","@id":"https:\/\/www.resail.org\/de\/#\/schema\/logo\/image\/","url":"https:\/\/www.resail.org\/wp-content\/uploads\/2024\/04\/cropped-Resail_logo_staand.png","contentUrl":"https:\/\/www.resail.org\/wp-content\/uploads\/2024\/04\/cropped-Resail_logo_staand.png","width":512,"height":512,"caption":"Resail"},"image":{"@id":"https:\/\/www.resail.org\/de\/#\/schema\/logo\/image\/"}}]}},"_links":{"self":[{"href":"https:\/\/www.resail.org\/de\/wp-json\/wp\/v2\/pages\/55841","targetHints":{"allow":["GET"]}}],"collection":[{"href":"https:\/\/www.resail.org\/de\/wp-json\/wp\/v2\/pages"}],"about":[{"href":"https:\/\/www.resail.org\/de\/wp-json\/wp\/v2\/types\/page"}],"author":[{"embeddable":true,"href":"https:\/\/www.resail.org\/de\/wp-json\/wp\/v2\/users\/16"}],"replies":[{"embeddable":true,"href":"https:\/\/www.resail.org\/de\/wp-json\/wp\/v2\/comments?post=55841"}],"version-history":[{"count":3,"href":"https:\/\/www.resail.org\/de\/wp-json\/wp\/v2\/pages\/55841\/revisions"}],"predecessor-version":[{"id":55857,"href":"https:\/\/www.resail.org\/de\/wp-json\/wp\/v2\/pages\/55841\/revisions\/55857"}],"wp:attachment":[{"href":"https:\/\/www.resail.org\/de\/wp-json\/wp\/v2\/media?parent=55841"}],"curies":[{"name":"wp","href":"https:\/\/api.w.org\/{rel}","templated":true}]}}