{"id":55845,"date":"2022-11-25T15:48:29","date_gmt":"2022-11-25T14:48:29","guid":{"rendered":"https:\/\/www.resail.org\/lieferpolitik\/"},"modified":"2025-09-04T11:50:16","modified_gmt":"2025-09-04T09:50:16","slug":"lieferpolitik","status":"publish","type":"page","link":"https:\/\/www.resail.org\/de\/lieferpolitik\/","title":{"rendered":"Lieferpolitik"},"content":{"rendered":"\n<h3 class=\"wp-block-heading\"><strong>Lieferpolitik<\/strong><\/h3>\n\n<div style=\"height:35px\" aria-hidden=\"true\" class=\"wp-block-spacer\"><\/div>\n\n<p>In der folgenden Tabelle finden Sie die Lieferoptionen, Kosten und Lieferzeiten.<\/p>\n\n<div style=\"height:35px\" aria-hidden=\"true\" class=\"wp-block-spacer\"><\/div>\n\n<h3 class=\"wp-block-heading has-medium-font-size\"><strong>Wichtige Informationen zur Lieferung in andere L\u00e4nder<\/strong><\/h3>\n\n<p>F\u00fcr internationale Sendungen k\u00f6nnen Mautgeb\u00fchren, Steuern und andere Geb\u00fchren anfallen, die nicht im Gesamtpreis enthalten sind.<\/p>\n\n<div style=\"height:35px\" aria-hidden=\"true\" class=\"wp-block-spacer\"><\/div>\n\n<h2 class=\"wp-block-heading has-medium-font-size\"><strong>Lieferoptionen<\/strong><\/h2>\n\n<figure class=\"wp-block-table\"><table><thead><tr><th>Option<\/th><th class=\"has-text-align-center\" data-align=\"center\">Schuhe &amp; Taschen<\/th><th class=\"has-text-align-center\" data-align=\"center\">Druckt<\/th><th class=\"has-text-align-center\" data-align=\"center\">Lieferzeiten<\/th><\/tr><\/thead><tbody><tr><td>Niederlande<\/td><td class=\"has-text-align-center\" data-align=\"center\">\u20ac 7,25<\/td><td class=\"has-text-align-center\" data-align=\"center\">Inklusive<\/td><td class=\"has-text-align-center\" data-align=\"center\">5 Arbeitstage<\/td><\/tr><tr><td>EU, UK und CH<\/td><td class=\"has-text-align-center\" data-align=\"center\">\u20ac 9,30<\/td><td class=\"has-text-align-center\" data-align=\"center\">\u20ac 100,-<\/td><td class=\"has-text-align-center\" data-align=\"center\">5-10 Arbeitstage<\/td><\/tr><tr><td>Au\u00dferhalb der EU, UK und CH<\/td><td class=\"has-text-align-center\" data-align=\"center\">\u20ac 15,-<\/td><td class=\"has-text-align-center\" data-align=\"center\">\u20ac 200,-<\/td><td class=\"has-text-align-center\" data-align=\"center\">5-10 Arbeitstage<\/td><\/tr><\/tbody><\/table><\/figure>\n\n<div style=\"height:35px\" aria-hidden=\"true\" class=\"wp-block-spacer\"><\/div>\n\n<h2 class=\"wp-block-heading has-medium-font-size\"><strong>L\u00e4nder, in die wir liefern<\/strong><\/h2>\n\n<p>Wir liefern weltweit. Die Lieferung kann durch Steuern eingeschr\u00e4nkt sein. <\/p>\n","protected":false},"excerpt":{"rendered":"<p>Lieferpolitik In der folgenden Tabelle finden Sie die Lieferoptionen, Kosten und Lieferzeiten. Wichtige Informationen zur Lieferung in andere L\u00e4nder F\u00fcr internationale Sendungen k\u00f6nnen Mautgeb\u00fchren, Steuern und andere Geb\u00fchren anfallen, die nicht im Gesamtpreis enthalten sind. Lieferoptionen Option Schuhe &amp; Taschen Druckt Lieferzeiten Niederlande \u20ac 7,25 Inklusive 5 Arbeitstage EU, UK und CH \u20ac 9,30 \u20ac [&hellip;]<\/p>\n","protected":false},"author":16,"featured_media":0,"parent":0,"menu_order":0,"comment_status":"closed","ping_status":"closed","template":"","meta":{"_acf_changed":false,"footnotes":""},"class_list":["post-55845","page","type-page","status-publish","hentry"],"acf":[],"yoast_head":"<!-- This site is optimized with the Yoast SEO plugin v27.2 - https:\/\/yoast.com\/product\/yoast-seo-wordpress\/ -->\n<title>Lieferpolitik - Resail<\/title>\n<meta name=\"robots\" content=\"index, follow, max-snippet:-1, max-image-preview:large, max-video-preview:-1\" \/>\n<link rel=\"canonical\" href=\"https:\/\/www.resail.org\/de\/lieferpolitik\/\" \/>\n<meta property=\"og:locale\" content=\"de_DE\" \/>\n<meta property=\"og:type\" content=\"article\" \/>\n<meta property=\"og:title\" content=\"Lieferpolitik - Resail\" \/>\n<meta property=\"og:description\" content=\"Lieferpolitik In der folgenden Tabelle finden Sie die Lieferoptionen, Kosten und Lieferzeiten. Wichtige Informationen zur Lieferung in andere L\u00e4nder F\u00fcr internationale Sendungen k\u00f6nnen Mautgeb\u00fchren, Steuern und andere Geb\u00fchren anfallen, die nicht im Gesamtpreis enthalten sind. Lieferoptionen Option Schuhe &amp; Taschen Druckt Lieferzeiten Niederlande \u20ac 7,25 Inklusive 5 Arbeitstage EU, UK und CH \u20ac 9,30 \u20ac [&hellip;]\" \/>\n<meta property=\"og:url\" content=\"https:\/\/www.resail.org\/de\/lieferpolitik\/\" \/>\n<meta property=\"og:site_name\" content=\"Resail\" \/>\n<meta property=\"article:modified_time\" content=\"2025-09-04T09:50:16+00:00\" \/>\n<meta name=\"twitter:card\" content=\"summary_large_image\" \/>\n<script type=\"application\/ld+json\" class=\"yoast-schema-graph\">{\"@context\":\"https:\/\/schema.org\",\"@graph\":[{\"@type\":\"WebPage\",\"@id\":\"https:\/\/www.resail.org\/de\/lieferpolitik\/\",\"url\":\"https:\/\/www.resail.org\/de\/lieferpolitik\/\",\"name\":\"Lieferpolitik - Resail\",\"isPartOf\":{\"@id\":\"https:\/\/www.resail.org\/de\/#website\"},\"datePublished\":\"2022-11-25T14:48:29+00:00\",\"dateModified\":\"2025-09-04T09:50:16+00:00\",\"breadcrumb\":{\"@id\":\"https:\/\/www.resail.org\/de\/lieferpolitik\/#breadcrumb\"},\"inLanguage\":\"de\",\"potentialAction\":[{\"@type\":\"ReadAction\",\"target\":[\"https:\/\/www.resail.org\/de\/lieferpolitik\/\"]}]},{\"@type\":\"BreadcrumbList\",\"@id\":\"https:\/\/www.resail.org\/de\/lieferpolitik\/#breadcrumb\",\"itemListElement\":[{\"@type\":\"ListItem\",\"position\":1,\"name\":\"Home\",\"item\":\"https:\/\/www.resail.org\/de\/startseite\/\"},{\"@type\":\"ListItem\",\"position\":2,\"name\":\"Lieferpolitik\"}]},{\"@type\":\"WebSite\",\"@id\":\"https:\/\/www.resail.org\/de\/#website\",\"url\":\"https:\/\/www.resail.org\/de\/\",\"name\":\"Resail\",\"description\":\"\",\"publisher\":{\"@id\":\"https:\/\/www.resail.org\/de\/#organization\"},\"potentialAction\":[{\"@type\":\"SearchAction\",\"target\":{\"@type\":\"EntryPoint\",\"urlTemplate\":\"https:\/\/www.resail.org\/de\/?s={search_term_string}\"},\"query-input\":{\"@type\":\"PropertyValueSpecification\",\"valueRequired\":true,\"valueName\":\"search_term_string\"}}],\"inLanguage\":\"de\"},{\"@type\":\"Organization\",\"@id\":\"https:\/\/www.resail.org\/de\/#organization\",\"name\":\"Resail\",\"url\":\"https:\/\/www.resail.org\/de\/\",\"logo\":{\"@type\":\"ImageObject\",\"inLanguage\":\"de\",\"@id\":\"https:\/\/www.resail.org\/de\/#\/schema\/logo\/image\/\",\"url\":\"https:\/\/www.resail.org\/wp-content\/uploads\/2024\/04\/cropped-Resail_logo_staand.png\",\"contentUrl\":\"https:\/\/www.resail.org\/wp-content\/uploads\/2024\/04\/cropped-Resail_logo_staand.png\",\"width\":512,\"height\":512,\"caption\":\"Resail\"},\"image\":{\"@id\":\"https:\/\/www.resail.org\/de\/#\/schema\/logo\/image\/\"}}]}<\/script>\n<!-- \/ Yoast SEO plugin. -->","yoast_head_json":{"title":"Lieferpolitik - Resail","robots":{"index":"index","follow":"follow","max-snippet":"max-snippet:-1","max-image-preview":"max-image-preview:large","max-video-preview":"max-video-preview:-1"},"canonical":"https:\/\/www.resail.org\/de\/lieferpolitik\/","og_locale":"de_DE","og_type":"article","og_title":"Lieferpolitik - Resail","og_description":"Lieferpolitik In der folgenden Tabelle finden Sie die Lieferoptionen, Kosten und Lieferzeiten. Wichtige Informationen zur Lieferung in andere L\u00e4nder F\u00fcr internationale Sendungen k\u00f6nnen Mautgeb\u00fchren, Steuern und andere Geb\u00fchren anfallen, die nicht im Gesamtpreis enthalten sind. Lieferoptionen Option Schuhe &amp; Taschen Druckt Lieferzeiten Niederlande \u20ac 7,25 Inklusive 5 Arbeitstage EU, UK und CH \u20ac 9,30 \u20ac [&hellip;]","og_url":"https:\/\/www.resail.org\/de\/lieferpolitik\/","og_site_name":"Resail","article_modified_time":"2025-09-04T09:50:16+00:00","twitter_card":"summary_large_image","schema":{"@context":"https:\/\/schema.org","@graph":[{"@type":"WebPage","@id":"https:\/\/www.resail.org\/de\/lieferpolitik\/","url":"https:\/\/www.resail.org\/de\/lieferpolitik\/","name":"Lieferpolitik - Resail","isPartOf":{"@id":"https:\/\/www.resail.org\/de\/#website"},"datePublished":"2022-11-25T14:48:29+00:00","dateModified":"2025-09-04T09:50:16+00:00","breadcrumb":{"@id":"https:\/\/www.resail.org\/de\/lieferpolitik\/#breadcrumb"},"inLanguage":"de","potentialAction":[{"@type":"ReadAction","target":["https:\/\/www.resail.org\/de\/lieferpolitik\/"]}]},{"@type":"BreadcrumbList","@id":"https:\/\/www.resail.org\/de\/lieferpolitik\/#breadcrumb","itemListElement":[{"@type":"ListItem","position":1,"name":"Home","item":"https:\/\/www.resail.org\/de\/startseite\/"},{"@type":"ListItem","position":2,"name":"Lieferpolitik"}]},{"@type":"WebSite","@id":"https:\/\/www.resail.org\/de\/#website","url":"https:\/\/www.resail.org\/de\/","name":"Resail","description":"","publisher":{"@id":"https:\/\/www.resail.org\/de\/#organization"},"potentialAction":[{"@type":"SearchAction","target":{"@type":"EntryPoint","urlTemplate":"https:\/\/www.resail.org\/de\/?s={search_term_string}"},"query-input":{"@type":"PropertyValueSpecification","valueRequired":true,"valueName":"search_term_string"}}],"inLanguage":"de"},{"@type":"Organization","@id":"https:\/\/www.resail.org\/de\/#organization","name":"Resail","url":"https:\/\/www.resail.org\/de\/","logo":{"@type":"ImageObject","inLanguage":"de","@id":"https:\/\/www.resail.org\/de\/#\/schema\/logo\/image\/","url":"https:\/\/www.resail.org\/wp-content\/uploads\/2024\/04\/cropped-Resail_logo_staand.png","contentUrl":"https:\/\/www.resail.org\/wp-content\/uploads\/2024\/04\/cropped-Resail_logo_staand.png","width":512,"height":512,"caption":"Resail"},"image":{"@id":"https:\/\/www.resail.org\/de\/#\/schema\/logo\/image\/"}}]}},"_links":{"self":[{"href":"https:\/\/www.resail.org\/de\/wp-json\/wp\/v2\/pages\/55845","targetHints":{"allow":["GET"]}}],"collection":[{"href":"https:\/\/www.resail.org\/de\/wp-json\/wp\/v2\/pages"}],"about":[{"href":"https:\/\/www.resail.org\/de\/wp-json\/wp\/v2\/types\/page"}],"author":[{"embeddable":true,"href":"https:\/\/www.resail.org\/de\/wp-json\/wp\/v2\/users\/16"}],"replies":[{"embeddable":true,"href":"https:\/\/www.resail.org\/de\/wp-json\/wp\/v2\/comments?post=55845"}],"version-history":[{"count":1,"href":"https:\/\/www.resail.org\/de\/wp-json\/wp\/v2\/pages\/55845\/revisions"}],"predecessor-version":[{"id":55846,"href":"https:\/\/www.resail.org\/de\/wp-json\/wp\/v2\/pages\/55845\/revisions\/55846"}],"wp:attachment":[{"href":"https:\/\/www.resail.org\/de\/wp-json\/wp\/v2\/media?parent=55845"}],"curies":[{"name":"wp","href":"https:\/\/api.w.org\/{rel}","templated":true}]}}