{"id":55860,"date":"2022-10-03T17:28:07","date_gmt":"2022-10-03T15:28:07","guid":{"rendered":"https:\/\/www.resail.org\/es-gibt-immer-ein-zweites-leben-fuer-segel\/"},"modified":"2025-11-13T10:12:21","modified_gmt":"2025-11-13T09:12:21","slug":"es-gibt-immer-ein-zweites-leben-fuer-segel","status":"publish","type":"page","link":"https:\/\/www.resail.org\/de\/es-gibt-immer-ein-zweites-leben-fuer-segel\/","title":{"rendered":"Es gibt immer ein zweites Leben f\u00fcr Segel!"},"content":{"rendered":"\t\t<div data-elementor-type=\"wp-page\" data-elementor-id=\"55860\" class=\"elementor elementor-55860 elementor-368\" data-elementor-post-type=\"page\">\n\t\t\t\t<div class=\"elementor-element elementor-element-446ef5b e-flex e-con-boxed e-con e-parent\" data-id=\"446ef5b\" data-element_type=\"container\" data-e-type=\"container\">\n\t\t\t\t\t<div class=\"e-con-inner\">\n\t\t\t\t<div class=\"elementor-element elementor-element-22cf015 elementor-widget elementor-widget-heading\" data-id=\"22cf015\" data-element_type=\"widget\" data-e-type=\"widget\" data-widget_type=\"heading.default\">\n\t\t\t\t<div class=\"elementor-widget-container\">\n\t\t\t\t\t<h1 class=\"elementor-heading-title elementor-size-default\">Es gibt immer ein zweites Leben f\u00fcr Segel!<\/h1>\t\t\t\t<\/div>\n\t\t\t\t<\/div>\n\t\t\t\t<div class=\"elementor-element elementor-element-5495e57 elementor-widget elementor-widget-heading\" data-id=\"5495e57\" data-element_type=\"widget\" data-e-type=\"widget\" data-widget_type=\"heading.default\">\n\t\t\t\t<div class=\"elementor-widget-container\">\n\t\t\t\t\t<h2 class=\"elementor-heading-title elementor-size-default\">Die gr\u00f6\u00dfte Segels\u00e4uberungsaktion der Welt macht die Segelwelt nachhaltiger!<\/h2>\t\t\t\t<\/div>\n\t\t\t\t<\/div>\n\t\t\t\t\t<\/div>\n\t\t\t\t<\/div>\n\t\t<div class=\"elementor-element elementor-element-8267177 e-flex e-con-boxed e-con e-parent\" data-id=\"8267177\" data-element_type=\"container\" data-e-type=\"container\">\n\t\t\t\t\t<div class=\"e-con-inner\">\n\t\t\t\t<div class=\"elementor-element elementor-element-0c28f59 elementor-grid-1 elementor-grid-tablet-2 elementor-grid-mobile-1 elementor-widget elementor-widget-loop-grid\" data-id=\"0c28f59\" data-element_type=\"widget\" data-e-type=\"widget\" data-settings=\"{&quot;template_id&quot;:57648,&quot;columns&quot;:1,&quot;_skin&quot;:&quot;post&quot;,&quot;columns_tablet&quot;:&quot;2&quot;,&quot;columns_mobile&quot;:&quot;1&quot;,&quot;edit_handle_selector&quot;:&quot;[data-elementor-type=\\&quot;loop-item\\&quot;]&quot;,&quot;row_gap&quot;:{&quot;unit&quot;:&quot;px&quot;,&quot;size&quot;:&quot;&quot;,&quot;sizes&quot;:[]},&quot;row_gap_laptop&quot;:{&quot;unit&quot;:&quot;px&quot;,&quot;size&quot;:&quot;&quot;,&quot;sizes&quot;:[]},&quot;row_gap_tablet_extra&quot;:{&quot;unit&quot;:&quot;px&quot;,&quot;size&quot;:&quot;&quot;,&quot;sizes&quot;:[]},&quot;row_gap_tablet&quot;:{&quot;unit&quot;:&quot;px&quot;,&quot;size&quot;:&quot;&quot;,&quot;sizes&quot;:[]},&quot;row_gap_mobile_extra&quot;:{&quot;unit&quot;:&quot;px&quot;,&quot;size&quot;:&quot;&quot;,&quot;sizes&quot;:[]},&quot;row_gap_mobile&quot;:{&quot;unit&quot;:&quot;px&quot;,&quot;size&quot;:&quot;&quot;,&quot;sizes&quot;:[]}}\" data-widget_type=\"loop-grid.post\">\n\t\t\t\t<div class=\"elementor-widget-container\">\n\t\t\t\t\t\t\t<div class=\"elementor-loop-container elementor-grid\" role=\"list\">\n\t\t<style id=\"loop-57648\">.elementor-57648 .elementor-element.elementor-element-2fd7db3{--display:flex;--flex-direction:row;--container-widget-width:calc( ( 1 - var( --container-widget-flex-grow ) ) * 100% );--container-widget-height:100%;--container-widget-flex-grow:1;--container-widget-align-self:stretch;--flex-wrap-mobile:wrap;--justify-content:flex-start;--align-items:flex-start;}.elementor-57648 .elementor-element.elementor-element-f231f90{--display:flex;}.elementor-widget-image .widget-image-caption{color:var( --e-global-color-text );font-family:var( --e-global-typography-text-font-family ), Sans-serif;font-weight:var( --e-global-typography-text-font-weight );}.elementor-57648 .elementor-element.elementor-element-d208de6{--display:flex;}.elementor-widget-heading .elementor-heading-title{font-family:var( --e-global-typography-primary-font-family ), Sans-serif;font-weight:var( --e-global-typography-primary-font-weight );color:var( --e-global-color-primary );}.elementor-widget-button .elementor-button{font-family:var( --e-global-typography-accent-font-family ), Sans-serif;font-weight:var( --e-global-typography-accent-font-weight );background-color:var( --e-global-color-accent );}.elementor-57648 .elementor-element.elementor-element-10984a8 .elementor-button{fill:#FFFFFF;color:#FFFFFF;background-color:var( --e-global-color-primary );border-radius:20px 20px 20px 20px;}.elementor-57648 .elementor-element.elementor-element-10984a8 .elementor-button:hover, .elementor-57648 .elementor-element.elementor-element-10984a8 .elementor-button:focus{color:#FFFFFF;background-color:var( --e-global-color-secondary );}.elementor-57648 .elementor-element.elementor-element-10984a8 .elementor-button:hover svg, .elementor-57648 .elementor-element.elementor-element-10984a8 .elementor-button:focus svg{fill:#FFFFFF;}@media(min-width:768px){.elementor-57648 .elementor-element.elementor-element-f231f90{--width:30%;}.elementor-57648 .elementor-element.elementor-element-d208de6{--width:70%;}}@media(max-width:767px){.elementor-57648 .elementor-element.elementor-element-2fd7db3{--content-width:100%;--flex-direction:column;--container-widget-width:100%;--container-widget-height:initial;--container-widget-flex-grow:0;--container-widget-align-self:initial;--flex-wrap-mobile:wrap;}}<\/style>\t\t<div data-elementor-type=\"loop-item\" data-elementor-id=\"57648\" class=\"elementor elementor-57648 elementor-57573 elementor-57573 e-loop-item e-loop-item-45273 post-45273 post type-post status-publish format-standard has-post-thumbnail hentry category-gebrauchtsegel category-marktplatz category-recycling-de category-upcycling-de\" data-elementor-post-type=\"elementor_library\" data-custom-edit-handle=\"1\">\n\t\t\t<div class=\"elementor-element elementor-element-2fd7db3 e-flex e-con-boxed e-con e-parent\" data-id=\"2fd7db3\" data-element_type=\"container\" data-e-type=\"container\">\n\t\t\t\t\t<div class=\"e-con-inner\">\n\t\t<div class=\"elementor-element elementor-element-f231f90 e-con-full e-flex e-con e-child\" data-id=\"f231f90\" data-element_type=\"container\" data-e-type=\"container\">\n\t\t\t\t<div class=\"elementor-element elementor-element-667076d elementor-widget elementor-widget-image\" data-id=\"667076d\" data-element_type=\"widget\" data-e-type=\"widget\" data-widget_type=\"image.default\">\n\t\t\t\t<div class=\"elementor-widget-container\">\n\t\t\t\t\t\t\t\t\t\t\t\t\t\t\t<img fetchpriority=\"high\" decoding=\"async\" width=\"800\" height=\"600\" src=\"https:\/\/www.resail.org\/wp-content\/uploads\/2023\/08\/Zeilen4-1024x768.jpg\" class=\"attachment-large size-large wp-image-20337\" alt=\"\" srcset=\"https:\/\/www.resail.org\/wp-content\/uploads\/2023\/08\/Zeilen4-1024x768.jpg 1024w, https:\/\/www.resail.org\/wp-content\/uploads\/2023\/08\/Zeilen4-300x225.jpg 300w, https:\/\/www.resail.org\/wp-content\/uploads\/2023\/08\/Zeilen4-768x576.jpg 768w, https:\/\/www.resail.org\/wp-content\/uploads\/2023\/08\/Zeilen4-1536x1152.jpg 1536w, https:\/\/www.resail.org\/wp-content\/uploads\/2023\/08\/Zeilen4-1400x1050.jpg 1400w, https:\/\/www.resail.org\/wp-content\/uploads\/2023\/08\/Zeilen4-1200x900.jpg 1200w, https:\/\/www.resail.org\/wp-content\/uploads\/2023\/08\/Zeilen4-960x720.jpg 960w, https:\/\/www.resail.org\/wp-content\/uploads\/2023\/08\/Zeilen4-375x281.jpg 375w, https:\/\/www.resail.org\/wp-content\/uploads\/2023\/08\/Zeilen4-600x450.jpg 600w, https:\/\/www.resail.org\/wp-content\/uploads\/2023\/08\/Zeilen4.jpg 2016w\" sizes=\"(max-width: 800px) 100vw, 800px\" \/>\t\t\t\t\t\t\t\t\t\t\t\t\t\t\t<\/div>\n\t\t\t\t<\/div>\n\t\t\t\t<\/div>\n\t\t<div class=\"elementor-element elementor-element-d208de6 e-con-full e-flex e-con e-child\" data-id=\"d208de6\" data-element_type=\"container\" data-e-type=\"container\">\n\t\t\t\t<div class=\"elementor-element elementor-element-0b8437a elementor-widget elementor-widget-heading\" data-id=\"0b8437a\" data-element_type=\"widget\" data-e-type=\"widget\" data-widget_type=\"heading.default\">\n\t\t\t\t<div class=\"elementor-widget-container\">\n\t\t\t\t\t<h3 class=\"elementor-heading-title elementor-size-default\">Der Marktplatz f\u00fcr gebrauchte Segel von Resail<\/h3>\t\t\t\t<\/div>\n\t\t\t\t<\/div>\n\t\t\t\t<div class=\"elementor-element elementor-element-a2902a0 elementor-widget elementor-widget-shortcode\" data-id=\"a2902a0\" data-element_type=\"widget\" data-e-type=\"widget\" data-widget_type=\"shortcode.default\">\n\t\t\t\t<div class=\"elementor-widget-container\">\n\t\t\t\t\t\t\t<div class=\"elementor-shortcode\">[awcf_page_text_content_preview]<\/div>\n\t\t\t\t\t\t<\/div>\n\t\t\t\t<\/div>\n\t\t\t\t<div class=\"elementor-element elementor-element-10984a8 elementor-align-left elementor-widget elementor-widget-button\" data-id=\"10984a8\" data-element_type=\"widget\" data-e-type=\"widget\" data-widget_type=\"button.default\">\n\t\t\t\t<div class=\"elementor-widget-container\">\n\t\t\t\t\t\t\t\t\t<div class=\"elementor-button-wrapper\">\n\t\t\t\t\t<a class=\"elementor-button elementor-button-link elementor-size-sm\" href=\"https:\/\/www.resail.org\/de\/der-marktplatz-fuer-gebrauchte-segel-von-resail\/\">\n\t\t\t\t\t\t<span class=\"elementor-button-content-wrapper\">\n\t\t\t\t\t\t\t\t\t<span class=\"elementor-button-text\">Mehr lesen<\/span>\n\t\t\t\t\t<\/span>\n\t\t\t\t\t<\/a>\n\t\t\t\t<\/div>\n\t\t\t\t\t\t\t\t<\/div>\n\t\t\t\t<\/div>\n\t\t\t\t<\/div>\n\t\t\t\t\t<\/div>\n\t\t\t\t<\/div>\n\t\t\t\t<\/div>\n\t\t\t\t<div data-elementor-type=\"loop-item\" data-elementor-id=\"57648\" class=\"elementor elementor-57648 elementor-57573 elementor-57573 e-loop-item e-loop-item-55870 post-55870 page type-page status-publish hentry\" data-elementor-post-type=\"elementor_library\" data-custom-edit-handle=\"1\">\n\t\t\t<div class=\"elementor-element elementor-element-2fd7db3 e-flex e-con-boxed e-con e-parent\" data-id=\"2fd7db3\" data-element_type=\"container\" data-e-type=\"container\">\n\t\t\t\t\t<div class=\"e-con-inner\">\n\t\t<div class=\"elementor-element elementor-element-f231f90 e-con-full e-flex e-con e-child\" data-id=\"f231f90\" data-element_type=\"container\" data-e-type=\"container\">\n\t\t\t\t<\/div>\n\t\t<div class=\"elementor-element elementor-element-d208de6 e-con-full e-flex e-con e-child\" data-id=\"d208de6\" data-element_type=\"container\" data-e-type=\"container\">\n\t\t\t\t<div class=\"elementor-element elementor-element-0b8437a elementor-widget elementor-widget-heading\" data-id=\"0b8437a\" data-element_type=\"widget\" data-e-type=\"widget\" data-widget_type=\"heading.default\">\n\t\t\t\t<div class=\"elementor-widget-container\">\n\t\t\t\t\t<h3 class=\"elementor-heading-title elementor-size-default\">Segel<\/h3>\t\t\t\t<\/div>\n\t\t\t\t<\/div>\n\t\t\t\t<div class=\"elementor-element elementor-element-a2902a0 elementor-widget elementor-widget-shortcode\" data-id=\"a2902a0\" data-element_type=\"widget\" data-e-type=\"widget\" data-widget_type=\"shortcode.default\">\n\t\t\t\t<div class=\"elementor-widget-container\">\n\t\t\t\t\t\t\t<div class=\"elementor-shortcode\">[awcf_page_text_content_preview]<\/div>\n\t\t\t\t\t\t<\/div>\n\t\t\t\t<\/div>\n\t\t\t\t<div class=\"elementor-element elementor-element-10984a8 elementor-align-left elementor-widget elementor-widget-button\" data-id=\"10984a8\" data-element_type=\"widget\" data-e-type=\"widget\" data-widget_type=\"button.default\">\n\t\t\t\t<div class=\"elementor-widget-container\">\n\t\t\t\t\t\t\t\t\t<div class=\"elementor-button-wrapper\">\n\t\t\t\t\t<a class=\"elementor-button elementor-button-link elementor-size-sm\" href=\"https:\/\/www.resail.org\/de\/segel\/\">\n\t\t\t\t\t\t<span class=\"elementor-button-content-wrapper\">\n\t\t\t\t\t\t\t\t\t<span class=\"elementor-button-text\">Mehr lesen<\/span>\n\t\t\t\t\t<\/span>\n\t\t\t\t\t<\/a>\n\t\t\t\t<\/div>\n\t\t\t\t\t\t\t\t<\/div>\n\t\t\t\t<\/div>\n\t\t\t\t<\/div>\n\t\t\t\t\t<\/div>\n\t\t\t\t<\/div>\n\t\t\t\t<\/div>\n\t\t\t\t<div data-elementor-type=\"loop-item\" data-elementor-id=\"57648\" class=\"elementor elementor-57648 elementor-57573 elementor-57573 e-loop-item e-loop-item-55876 post-55876 page type-page status-publish hentry\" data-elementor-post-type=\"elementor_library\" data-custom-edit-handle=\"1\">\n\t\t\t<div class=\"elementor-element elementor-element-2fd7db3 e-flex e-con-boxed e-con e-parent\" data-id=\"2fd7db3\" data-element_type=\"container\" data-e-type=\"container\">\n\t\t\t\t\t<div class=\"e-con-inner\">\n\t\t<div class=\"elementor-element elementor-element-f231f90 e-con-full e-flex e-con e-child\" data-id=\"f231f90\" data-element_type=\"container\" data-e-type=\"container\">\n\t\t\t\t<\/div>\n\t\t<div class=\"elementor-element elementor-element-d208de6 e-con-full e-flex e-con e-child\" data-id=\"d208de6\" data-element_type=\"container\" data-e-type=\"container\">\n\t\t\t\t<div class=\"elementor-element elementor-element-0b8437a elementor-widget elementor-widget-heading\" data-id=\"0b8437a\" data-element_type=\"widget\" data-e-type=\"widget\" data-widget_type=\"heading.default\">\n\t\t\t\t<div class=\"elementor-widget-container\">\n\t\t\t\t\t<h3 class=\"elementor-heading-title elementor-size-default\">Marktplatz<\/h3>\t\t\t\t<\/div>\n\t\t\t\t<\/div>\n\t\t\t\t<div class=\"elementor-element elementor-element-a2902a0 elementor-widget elementor-widget-shortcode\" data-id=\"a2902a0\" data-element_type=\"widget\" data-e-type=\"widget\" data-widget_type=\"shortcode.default\">\n\t\t\t\t<div class=\"elementor-widget-container\">\n\t\t\t\t\t\t\t<div class=\"elementor-shortcode\">[awcf_page_text_content_preview]<\/div>\n\t\t\t\t\t\t<\/div>\n\t\t\t\t<\/div>\n\t\t\t\t<div class=\"elementor-element elementor-element-10984a8 elementor-align-left elementor-widget elementor-widget-button\" data-id=\"10984a8\" data-element_type=\"widget\" data-e-type=\"widget\" data-widget_type=\"button.default\">\n\t\t\t\t<div class=\"elementor-widget-container\">\n\t\t\t\t\t\t\t\t\t<div class=\"elementor-button-wrapper\">\n\t\t\t\t\t<a class=\"elementor-button elementor-button-link elementor-size-sm\" href=\"https:\/\/www.resail.org\/de\/\">\n\t\t\t\t\t\t<span class=\"elementor-button-content-wrapper\">\n\t\t\t\t\t\t\t\t\t<span class=\"elementor-button-text\">Mehr lesen<\/span>\n\t\t\t\t\t<\/span>\n\t\t\t\t\t<\/a>\n\t\t\t\t<\/div>\n\t\t\t\t\t\t\t\t<\/div>\n\t\t\t\t<\/div>\n\t\t\t\t<\/div>\n\t\t\t\t\t<\/div>\n\t\t\t\t<\/div>\n\t\t\t\t<\/div>\n\t\t\t\t<\/div>\n\t\t\n\t\t\t\t\t\t<\/div>\n\t\t\t\t<\/div>\n\t\t\t\t\t<\/div>\n\t\t\t\t<\/div>\n\t\t\t\t<\/div>\n\t\t","protected":false},"excerpt":{"rendered":"<p>Die gr\u00f6\u00dfte Segels\u00e4uberungsaktion der Welt macht die Segelwelt nachhaltiger!<\/p>\n","protected":false},"author":16,"featured_media":0,"parent":0,"menu_order":0,"comment_status":"closed","ping_status":"closed","template":"","meta":{"_acf_changed":false,"footnotes":""},"class_list":["post-55860","page","type-page","status-publish","hentry"],"acf":[],"yoast_head":"<!-- This site is optimized with the Yoast SEO plugin v27.2 - https:\/\/yoast.com\/product\/yoast-seo-wordpress\/ -->\n<title>Es gibt immer ein zweites Leben f\u00fcr Segel! - Resail<\/title>\n<meta name=\"robots\" content=\"index, follow, max-snippet:-1, max-image-preview:large, max-video-preview:-1\" \/>\n<link rel=\"canonical\" href=\"https:\/\/www.resail.org\/de\/es-gibt-immer-ein-zweites-leben-fuer-segel\/\" \/>\n<meta property=\"og:locale\" content=\"de_DE\" \/>\n<meta property=\"og:type\" content=\"article\" \/>\n<meta property=\"og:title\" content=\"Es gibt immer ein zweites Leben f\u00fcr Segel! - Resail\" \/>\n<meta property=\"og:description\" content=\"Die gr\u00f6\u00dfte Segels\u00e4uberungsaktion der Welt macht die Segelwelt nachhaltiger!\" \/>\n<meta property=\"og:url\" content=\"https:\/\/www.resail.org\/de\/es-gibt-immer-ein-zweites-leben-fuer-segel\/\" \/>\n<meta property=\"og:site_name\" content=\"Resail\" \/>\n<meta property=\"article:modified_time\" content=\"2025-11-13T09:12:21+00:00\" \/>\n<meta name=\"twitter:card\" content=\"summary_large_image\" \/>\n<script type=\"application\/ld+json\" class=\"yoast-schema-graph\">{\"@context\":\"https:\/\/schema.org\",\"@graph\":[{\"@type\":\"WebPage\",\"@id\":\"https:\/\/www.resail.org\/de\/es-gibt-immer-ein-zweites-leben-fuer-segel\/\",\"url\":\"https:\/\/www.resail.org\/de\/es-gibt-immer-ein-zweites-leben-fuer-segel\/\",\"name\":\"Es gibt immer ein zweites Leben f\u00fcr Segel! - Resail\",\"isPartOf\":{\"@id\":\"https:\/\/www.resail.org\/de\/#website\"},\"datePublished\":\"2022-10-03T15:28:07+00:00\",\"dateModified\":\"2025-11-13T09:12:21+00:00\",\"breadcrumb\":{\"@id\":\"https:\/\/www.resail.org\/de\/es-gibt-immer-ein-zweites-leben-fuer-segel\/#breadcrumb\"},\"inLanguage\":\"de\",\"potentialAction\":[{\"@type\":\"ReadAction\",\"target\":[\"https:\/\/www.resail.org\/de\/es-gibt-immer-ein-zweites-leben-fuer-segel\/\"]}]},{\"@type\":\"BreadcrumbList\",\"@id\":\"https:\/\/www.resail.org\/de\/es-gibt-immer-ein-zweites-leben-fuer-segel\/#breadcrumb\",\"itemListElement\":[{\"@type\":\"ListItem\",\"position\":1,\"name\":\"Home\",\"item\":\"https:\/\/www.resail.org\/de\/startseite\/\"},{\"@type\":\"ListItem\",\"position\":2,\"name\":\"Es gibt immer ein zweites Leben f\u00fcr Segel!\"}]},{\"@type\":\"WebSite\",\"@id\":\"https:\/\/www.resail.org\/de\/#website\",\"url\":\"https:\/\/www.resail.org\/de\/\",\"name\":\"Resail\",\"description\":\"\",\"publisher\":{\"@id\":\"https:\/\/www.resail.org\/de\/#organization\"},\"potentialAction\":[{\"@type\":\"SearchAction\",\"target\":{\"@type\":\"EntryPoint\",\"urlTemplate\":\"https:\/\/www.resail.org\/de\/?s={search_term_string}\"},\"query-input\":{\"@type\":\"PropertyValueSpecification\",\"valueRequired\":true,\"valueName\":\"search_term_string\"}}],\"inLanguage\":\"de\"},{\"@type\":\"Organization\",\"@id\":\"https:\/\/www.resail.org\/de\/#organization\",\"name\":\"Resail\",\"url\":\"https:\/\/www.resail.org\/de\/\",\"logo\":{\"@type\":\"ImageObject\",\"inLanguage\":\"de\",\"@id\":\"https:\/\/www.resail.org\/de\/#\/schema\/logo\/image\/\",\"url\":\"https:\/\/www.resail.org\/wp-content\/uploads\/2024\/04\/cropped-Resail_logo_staand.png\",\"contentUrl\":\"https:\/\/www.resail.org\/wp-content\/uploads\/2024\/04\/cropped-Resail_logo_staand.png\",\"width\":512,\"height\":512,\"caption\":\"Resail\"},\"image\":{\"@id\":\"https:\/\/www.resail.org\/de\/#\/schema\/logo\/image\/\"}}]}<\/script>\n<!-- \/ Yoast SEO plugin. -->","yoast_head_json":{"title":"Es gibt immer ein zweites Leben f\u00fcr Segel! - Resail","robots":{"index":"index","follow":"follow","max-snippet":"max-snippet:-1","max-image-preview":"max-image-preview:large","max-video-preview":"max-video-preview:-1"},"canonical":"https:\/\/www.resail.org\/de\/es-gibt-immer-ein-zweites-leben-fuer-segel\/","og_locale":"de_DE","og_type":"article","og_title":"Es gibt immer ein zweites Leben f\u00fcr Segel! - Resail","og_description":"Die gr\u00f6\u00dfte Segels\u00e4uberungsaktion der Welt macht die Segelwelt nachhaltiger!","og_url":"https:\/\/www.resail.org\/de\/es-gibt-immer-ein-zweites-leben-fuer-segel\/","og_site_name":"Resail","article_modified_time":"2025-11-13T09:12:21+00:00","twitter_card":"summary_large_image","schema":{"@context":"https:\/\/schema.org","@graph":[{"@type":"WebPage","@id":"https:\/\/www.resail.org\/de\/es-gibt-immer-ein-zweites-leben-fuer-segel\/","url":"https:\/\/www.resail.org\/de\/es-gibt-immer-ein-zweites-leben-fuer-segel\/","name":"Es gibt immer ein zweites Leben f\u00fcr Segel! - Resail","isPartOf":{"@id":"https:\/\/www.resail.org\/de\/#website"},"datePublished":"2022-10-03T15:28:07+00:00","dateModified":"2025-11-13T09:12:21+00:00","breadcrumb":{"@id":"https:\/\/www.resail.org\/de\/es-gibt-immer-ein-zweites-leben-fuer-segel\/#breadcrumb"},"inLanguage":"de","potentialAction":[{"@type":"ReadAction","target":["https:\/\/www.resail.org\/de\/es-gibt-immer-ein-zweites-leben-fuer-segel\/"]}]},{"@type":"BreadcrumbList","@id":"https:\/\/www.resail.org\/de\/es-gibt-immer-ein-zweites-leben-fuer-segel\/#breadcrumb","itemListElement":[{"@type":"ListItem","position":1,"name":"Home","item":"https:\/\/www.resail.org\/de\/startseite\/"},{"@type":"ListItem","position":2,"name":"Es gibt immer ein zweites Leben f\u00fcr Segel!"}]},{"@type":"WebSite","@id":"https:\/\/www.resail.org\/de\/#website","url":"https:\/\/www.resail.org\/de\/","name":"Resail","description":"","publisher":{"@id":"https:\/\/www.resail.org\/de\/#organization"},"potentialAction":[{"@type":"SearchAction","target":{"@type":"EntryPoint","urlTemplate":"https:\/\/www.resail.org\/de\/?s={search_term_string}"},"query-input":{"@type":"PropertyValueSpecification","valueRequired":true,"valueName":"search_term_string"}}],"inLanguage":"de"},{"@type":"Organization","@id":"https:\/\/www.resail.org\/de\/#organization","name":"Resail","url":"https:\/\/www.resail.org\/de\/","logo":{"@type":"ImageObject","inLanguage":"de","@id":"https:\/\/www.resail.org\/de\/#\/schema\/logo\/image\/","url":"https:\/\/www.resail.org\/wp-content\/uploads\/2024\/04\/cropped-Resail_logo_staand.png","contentUrl":"https:\/\/www.resail.org\/wp-content\/uploads\/2024\/04\/cropped-Resail_logo_staand.png","width":512,"height":512,"caption":"Resail"},"image":{"@id":"https:\/\/www.resail.org\/de\/#\/schema\/logo\/image\/"}}]}},"_links":{"self":[{"href":"https:\/\/www.resail.org\/de\/wp-json\/wp\/v2\/pages\/55860","targetHints":{"allow":["GET"]}}],"collection":[{"href":"https:\/\/www.resail.org\/de\/wp-json\/wp\/v2\/pages"}],"about":[{"href":"https:\/\/www.resail.org\/de\/wp-json\/wp\/v2\/types\/page"}],"author":[{"embeddable":true,"href":"https:\/\/www.resail.org\/de\/wp-json\/wp\/v2\/users\/16"}],"replies":[{"embeddable":true,"href":"https:\/\/www.resail.org\/de\/wp-json\/wp\/v2\/comments?post=55860"}],"version-history":[{"count":5,"href":"https:\/\/www.resail.org\/de\/wp-json\/wp\/v2\/pages\/55860\/revisions"}],"predecessor-version":[{"id":57604,"href":"https:\/\/www.resail.org\/de\/wp-json\/wp\/v2\/pages\/55860\/revisions\/57604"}],"wp:attachment":[{"href":"https:\/\/www.resail.org\/de\/wp-json\/wp\/v2\/media?parent=55860"}],"curies":[{"name":"wp","href":"https:\/\/api.w.org\/{rel}","templated":true}]}}