  {"id":59859,"date":"2024-10-25T14:03:52","date_gmt":"2024-10-25T12:03:52","guid":{"rendered":"https:\/\/www.resail.org\/forschung\/"},"modified":"2026-01-21T14:11:15","modified_gmt":"2026-01-21T13:11:15","slug":"forschung","status":"publish","type":"page","link":"https:\/\/www.resail.org\/de\/forschung\/","title":{"rendered":"Forschung"},"content":{"rendered":"\t\t<div data-elementor-type=\"wp-page\" data-elementor-id=\"59859\" class=\"elementor elementor-59859 elementor-4427\" data-elementor-post-type=\"page\">\n\t\t\t\t<div class=\"elementor-element elementor-element-8265d5d e-flex e-con-boxed e-con e-parent\" data-id=\"8265d5d\" data-element_type=\"container\" data-e-type=\"container\" data-settings=\"{&quot;background_background&quot;:&quot;classic&quot;}\">\n\t\t\t\t\t<div class=\"e-con-inner\">\n\t\t<div class=\"elementor-element elementor-element-816e122 e-con-full e-flex e-con e-child\" data-id=\"816e122\" data-element_type=\"container\" data-e-type=\"container\">\n\t\t\t\t<div class=\"elementor-element elementor-element-7cf30ca elementor-widget elementor-widget-text-editor\" data-id=\"7cf30ca\" data-element_type=\"widget\" data-e-type=\"widget\" data-widget_type=\"text-editor.default\">\n\t\t\t\t<div class=\"elementor-widget-container\">\n\t\t\t\t\t\t\t\t\t<p class=\"has-background-color has-text-color\">Wer sind die gro\u00dfen Namen in der Branche, welche Materialien werden verwendet und wie nachhaltig ist dieser Teil unseres windgetriebenen Zeitvertreibs?<\/p><p class=\"has-background-color has-text-color\">Lesen Sie unser Whitepaper.<\/p>\t\t\t\t\t\t\t\t<\/div>\n\t\t\t\t<\/div>\n\t\t\t\t<div class=\"elementor-element elementor-element-3a4b78d elementor-button-align-start elementor-widget elementor-widget-form\" data-id=\"3a4b78d\" data-element_type=\"widget\" data-e-type=\"widget\" data-settings=\"{&quot;step_next_label&quot;:&quot;N\\u00e4chste&quot;,&quot;step_previous_label&quot;:&quot;Vorherige&quot;,&quot;button_width&quot;:&quot;100&quot;,&quot;step_type&quot;:&quot;number_text&quot;,&quot;step_icon_shape&quot;:&quot;circle&quot;}\" data-widget_type=\"form.default\">\n\t\t\t\t<div class=\"elementor-widget-container\">\n\t\t\t\t\t\t\t<form class=\"elementor-form\" method=\"post\" name=\"Whitepaper-Formular\" aria-label=\"Whitepaper-Formular\">\n\t\t\t<input type=\"hidden\" name=\"post_id\" value=\"59859\"\/>\n\t\t\t<input type=\"hidden\" name=\"form_id\" value=\"3a4b78d\"\/>\n\t\t\t<input type=\"hidden\" name=\"referer_title\" value=\"Forschung - Resail\" \/>\n\n\t\t\t\t\t\t\t<input type=\"hidden\" name=\"queried_id\" value=\"59859\"\/>\n\t\t\t\n\t\t\t<div class=\"elementor-form-fields-wrapper elementor-labels-above\">\n\t\t\t\t\t\t\t\t<div class=\"elementor-field-type-email elementor-field-group elementor-column elementor-field-group-email elementor-col-100 elementor-field-required\">\n\t\t\t\t\t\t\t\t\t\t\t\t<label for=\"form-field-email\" class=\"elementor-field-label\">\n\t\t\t\t\t\t\t\tE-Mail\t\t\t\t\t\t\t<\/label>\n\t\t\t\t\t\t\t\t\t\t\t\t\t\t<input size=\"1\" type=\"email\" name=\"form_fields[email]\" id=\"form-field-email\" class=\"elementor-field elementor-size-sm  elementor-field-textual\" placeholder=\"E-Mail\" required=\"required\">\n\t\t\t\t\t\t\t\t\t\t\t<\/div>\n\t\t\t\t\t\t\t\t<div class=\"elementor-field-group elementor-column elementor-field-type-submit elementor-col-100 e-form__buttons\">\n\t\t\t\t\t<button class=\"elementor-button elementor-size-sm elementor-animation-grow\" type=\"submit\">\n\t\t\t\t\t\t<span class=\"elementor-button-content-wrapper\">\n\t\t\t\t\t\t\t\t\t\t\t\t\t\t\t\t\t\t\t\t\t\t<span class=\"elementor-button-text\">Hier herunterladen<\/span>\n\t\t\t\t\t\t\t\t\t\t\t\t\t<\/span>\n\t\t\t\t\t<\/button>\n\t\t\t\t<\/div>\n\t\t\t<\/div>\n\t\t<\/form>\n\t\t\t\t\t\t<\/div>\n\t\t\t\t<\/div>\n\t\t\t\t<div class=\"elementor-element elementor-element-f17a890 elementor-hidden-desktop elementor-hidden-laptop elementor-hidden-tablet_extra elementor-hidden-tablet elementor-hidden-mobile_extra elementor-hidden-mobile elementor-widget elementor-widget-button\" data-id=\"f17a890\" data-element_type=\"widget\" data-e-type=\"widget\" data-widget_type=\"button.default\">\n\t\t\t\t<div class=\"elementor-widget-container\">\n\t\t\t\t\t\t\t\t\t<div class=\"elementor-button-wrapper\">\n\t\t\t\t\t<a class=\"elementor-button elementor-button-link elementor-size-sm elementor-animation-grow\" href=\"https:\/\/www.resail.org\/wp-content\/uploads\/2022\/11\/Resail-Whitepaper.pdf\">\n\t\t\t\t\t\t<span class=\"elementor-button-content-wrapper\">\n\t\t\t\t\t\t\t\t\t<span class=\"elementor-button-text\">Hier herunterladen<\/span>\n\t\t\t\t\t<\/span>\n\t\t\t\t\t<\/a>\n\t\t\t\t<\/div>\n\t\t\t\t\t\t\t\t<\/div>\n\t\t\t\t<\/div>\n\t\t\t\t<\/div>\n\t\t<div class=\"elementor-element elementor-element-113f3f8 e-con-full e-flex e-con e-child\" data-id=\"113f3f8\" data-element_type=\"container\" data-e-type=\"container\">\n\t\t\t\t<div class=\"elementor-element elementor-element-813a81d elementor-widget elementor-widget-image\" data-id=\"813a81d\" data-element_type=\"widget\" data-e-type=\"widget\" data-widget_type=\"image.default\">\n\t\t\t\t<div class=\"elementor-widget-container\">\n\t\t\t\t\t\t\t\t\t\t\t\t\t\t\t<img fetchpriority=\"high\" decoding=\"async\" width=\"650\" height=\"475\" src=\"https:\/\/www.resail.org\/wp-content\/uploads\/2024\/10\/Industry-has-a-huge-ecological-footprint.jpg\" class=\"attachment-large size-large wp-image-22085\" alt=\"\" srcset=\"https:\/\/www.resail.org\/wp-content\/uploads\/2024\/10\/Industry-has-a-huge-ecological-footprint.jpg 650w, https:\/\/www.resail.org\/wp-content\/uploads\/2024\/10\/Industry-has-a-huge-ecological-footprint-300x219.jpg 300w, https:\/\/www.resail.org\/wp-content\/uploads\/2024\/10\/Industry-has-a-huge-ecological-footprint-600x438.jpg 600w\" sizes=\"(max-width: 650px) 100vw, 650px\" \/>\t\t\t\t\t\t\t\t\t\t\t\t\t\t\t<\/div>\n\t\t\t\t<\/div>\n\t\t\t\t<\/div>\n\t\t\t\t\t<\/div>\n\t\t\t\t<\/div>\n\t\t<div class=\"elementor-element elementor-element-f02729b e-flex e-con-boxed e-con e-parent\" data-id=\"f02729b\" data-element_type=\"container\" data-e-type=\"container\">\n\t\t\t\t\t<div class=\"e-con-inner\">\n\t\t<div class=\"elementor-element elementor-element-e02a35b e-con-full e-flex e-con e-child\" data-id=\"e02a35b\" data-element_type=\"container\" data-e-type=\"container\">\n\t\t\t\t<div class=\"elementor-element elementor-element-e020e2c elementor-widget elementor-widget-heading\" data-id=\"e020e2c\" data-element_type=\"widget\" data-e-type=\"widget\" data-widget_type=\"heading.default\">\n\t\t\t\t<div class=\"elementor-widget-container\">\n\t\t\t\t\t<h1 class=\"elementor-heading-title elementor-size-default\">Forschung<\/h1>\t\t\t\t<\/div>\n\t\t\t\t<\/div>\n\t\t\t\t<div class=\"elementor-element elementor-element-6a6c2c4 elementor-widget elementor-widget-text-editor\" data-id=\"6a6c2c4\" data-element_type=\"widget\" data-e-type=\"widget\" data-widget_type=\"text-editor.default\">\n\t\t\t\t<div class=\"elementor-widget-container\">\n\t\t\t\t\t\t\t\t\t<p>Die Entwicklung von Kunststoffen seit 1945 hat der Segelmacherei unendlich viele M\u00f6glichkeiten gegeben, bessere, schnellere und langlebigere Segel zu entwickeln. Wie in vielen anderen Industriezweigen sind die lokalen Handwerker verschwunden und durch Global Player ersetzt worden, die ihre Segel haupts\u00e4chlich in L\u00e4ndern mit niedrigem Einkommen produzieren. Lokale Segelmachereien sind jetzt Servicezentren oder konzentrieren sich auf die Herstellung von Abdeckungen, Sprayhoods und Reparaturen.  <\/p><p>Diese Industrie hat einen riesigen \u00f6kologischen Fu\u00dfabdruck, da sie gro\u00dfe Anlagen und viele Chemikalien einsetzt und Recycling nicht Teil des Gesch\u00e4ftsmodells ist. F\u00fcr die Zukunft unseres Planeten und der Wassersportindustrie m\u00fcssen wir das \u00e4ndern. <\/p>\t\t\t\t\t\t\t\t<\/div>\n\t\t\t\t<\/div>\n\t\t\t\t<\/div>\n\t\t<div class=\"elementor-element elementor-element-af6866e e-con-full e-flex e-con e-child\" data-id=\"af6866e\" data-element_type=\"container\" data-e-type=\"container\">\n\t\t\t\t<div class=\"elementor-element elementor-element-1a5127f elementor-widget elementor-widget-image\" data-id=\"1a5127f\" data-element_type=\"widget\" data-e-type=\"widget\" data-widget_type=\"image.default\">\n\t\t\t\t<div class=\"elementor-widget-container\">\n\t\t\t\t\t\t\t\t\t\t\t\t\t\t\t<img decoding=\"async\" width=\"640\" height=\"640\" src=\"https:\/\/www.resail.org\/wp-content\/uploads\/2024\/10\/ReSail-academy.jpg\" class=\"attachment-large size-large wp-image-22069\" alt=\"\" srcset=\"https:\/\/www.resail.org\/wp-content\/uploads\/2024\/10\/ReSail-academy.jpg 640w, https:\/\/www.resail.org\/wp-content\/uploads\/2024\/10\/ReSail-academy-300x300.jpg 300w, https:\/\/www.resail.org\/wp-content\/uploads\/2024\/10\/ReSail-academy-150x150.jpg 150w, https:\/\/www.resail.org\/wp-content\/uploads\/2024\/10\/ReSail-academy-600x600.jpg 600w, https:\/\/www.resail.org\/wp-content\/uploads\/2024\/10\/ReSail-academy-100x100.jpg 100w\" sizes=\"(max-width: 640px) 100vw, 640px\" \/>\t\t\t\t\t\t\t\t\t\t\t\t\t\t\t<\/div>\n\t\t\t\t<\/div>\n\t\t\t\t<\/div>\n\t\t\t\t\t<\/div>\n\t\t\t\t<\/div>\n\t\t\t\t<\/div>\n\t\t","protected":false},"excerpt":{"rendered":"<p>Wer sind die gro\u00dfen Namen in der Branche, welche Materialien werden verwendet und wie nachhaltig ist dieser Teil unseres windgetriebenen Zeitvertreibs? Lesen Sie unser Whitepaper. Hier herunterladen Forschung Die Entwicklung von Kunststoffen seit 1945 hat der Segelmacherei unendlich viele M\u00f6glichkeiten gegeben, bessere, schnellere und langlebigere Segel zu entwickeln. Wie in vielen anderen Industriezweigen sind die [&hellip;]<\/p>\n","protected":false},"author":16,"featured_media":0,"parent":0,"menu_order":0,"comment_status":"closed","ping_status":"closed","template":"","meta":{"_acf_changed":false,"footnotes":""},"class_list":["post-59859","page","type-page","status-publish","hentry"],"acf":[],"yoast_head":"<!-- This site is optimized with the Yoast SEO plugin v27.2 - https:\/\/yoast.com\/product\/yoast-seo-wordpress\/ -->\n<title>Forschung - Resail<\/title>\n<meta name=\"robots\" content=\"index, follow, max-snippet:-1, max-image-preview:large, max-video-preview:-1\" \/>\n<link rel=\"canonical\" href=\"https:\/\/www.resail.org\/de\/forschung\/\" \/>\n<meta property=\"og:locale\" content=\"de_DE\" \/>\n<meta property=\"og:type\" content=\"article\" \/>\n<meta property=\"og:title\" content=\"Forschung - Resail\" \/>\n<meta property=\"og:description\" content=\"Wer sind die gro\u00dfen Namen in der Branche, welche Materialien werden verwendet und wie nachhaltig ist dieser Teil unseres windgetriebenen Zeitvertreibs? Lesen Sie unser Whitepaper. Hier herunterladen Forschung Die Entwicklung von Kunststoffen seit 1945 hat der Segelmacherei unendlich viele M\u00f6glichkeiten gegeben, bessere, schnellere und langlebigere Segel zu entwickeln. Wie in vielen anderen Industriezweigen sind die [&hellip;]\" \/>\n<meta property=\"og:url\" content=\"https:\/\/www.resail.org\/de\/forschung\/\" \/>\n<meta property=\"og:site_name\" content=\"Resail\" \/>\n<meta property=\"article:modified_time\" content=\"2026-01-21T13:11:15+00:00\" \/>\n<meta property=\"og:image\" content=\"https:\/\/www.resail.org\/wp-content\/uploads\/2024\/10\/Industry-has-a-huge-ecological-footprint.jpg\" \/>\n\t<meta property=\"og:image:width\" content=\"650\" \/>\n\t<meta property=\"og:image:height\" content=\"475\" \/>\n\t<meta property=\"og:image:type\" content=\"image\/jpeg\" \/>\n<meta name=\"twitter:card\" content=\"summary_large_image\" \/>\n<meta name=\"twitter:label1\" content=\"Gesch\u00e4tzte Lesezeit\" \/>\n\t<meta name=\"twitter:data1\" content=\"1\u00a0Minute\" \/>\n<script type=\"application\/ld+json\" class=\"yoast-schema-graph\">{\"@context\":\"https:\/\/schema.org\",\"@graph\":[{\"@type\":\"WebPage\",\"@id\":\"https:\/\/www.resail.org\/de\/forschung\/\",\"url\":\"https:\/\/www.resail.org\/de\/forschung\/\",\"name\":\"Forschung - Resail\",\"isPartOf\":{\"@id\":\"https:\/\/www.resail.org\/de\/#website\"},\"primaryImageOfPage\":{\"@id\":\"https:\/\/www.resail.org\/de\/forschung\/#primaryimage\"},\"image\":{\"@id\":\"https:\/\/www.resail.org\/de\/forschung\/#primaryimage\"},\"thumbnailUrl\":\"https:\/\/www.resail.org\/wp-content\/uploads\/2024\/10\/Industry-has-a-huge-ecological-footprint.jpg\",\"datePublished\":\"2024-10-25T12:03:52+00:00\",\"dateModified\":\"2026-01-21T13:11:15+00:00\",\"breadcrumb\":{\"@id\":\"https:\/\/www.resail.org\/de\/forschung\/#breadcrumb\"},\"inLanguage\":\"de\",\"potentialAction\":[{\"@type\":\"ReadAction\",\"target\":[\"https:\/\/www.resail.org\/de\/forschung\/\"]}]},{\"@type\":\"ImageObject\",\"inLanguage\":\"de\",\"@id\":\"https:\/\/www.resail.org\/de\/forschung\/#primaryimage\",\"url\":\"https:\/\/www.resail.org\/wp-content\/uploads\/2024\/10\/Industry-has-a-huge-ecological-footprint.jpg\",\"contentUrl\":\"https:\/\/www.resail.org\/wp-content\/uploads\/2024\/10\/Industry-has-a-huge-ecological-footprint.jpg\"},{\"@type\":\"BreadcrumbList\",\"@id\":\"https:\/\/www.resail.org\/de\/forschung\/#breadcrumb\",\"itemListElement\":[{\"@type\":\"ListItem\",\"position\":1,\"name\":\"Home\",\"item\":\"https:\/\/www.resail.org\/de\/startseite\/\"},{\"@type\":\"ListItem\",\"position\":2,\"name\":\"Forschung\"}]},{\"@type\":\"WebSite\",\"@id\":\"https:\/\/www.resail.org\/de\/#website\",\"url\":\"https:\/\/www.resail.org\/de\/\",\"name\":\"Resail\",\"description\":\"\",\"publisher\":{\"@id\":\"https:\/\/www.resail.org\/de\/#organization\"},\"potentialAction\":[{\"@type\":\"SearchAction\",\"target\":{\"@type\":\"EntryPoint\",\"urlTemplate\":\"https:\/\/www.resail.org\/de\/?s={search_term_string}\"},\"query-input\":{\"@type\":\"PropertyValueSpecification\",\"valueRequired\":true,\"valueName\":\"search_term_string\"}}],\"inLanguage\":\"de\"},{\"@type\":\"Organization\",\"@id\":\"https:\/\/www.resail.org\/de\/#organization\",\"name\":\"Resail\",\"url\":\"https:\/\/www.resail.org\/de\/\",\"logo\":{\"@type\":\"ImageObject\",\"inLanguage\":\"de\",\"@id\":\"https:\/\/www.resail.org\/de\/#\/schema\/logo\/image\/\",\"url\":\"https:\/\/www.resail.org\/wp-content\/uploads\/2024\/04\/cropped-Resail_logo_staand.png\",\"contentUrl\":\"https:\/\/www.resail.org\/wp-content\/uploads\/2024\/04\/cropped-Resail_logo_staand.png\",\"width\":512,\"height\":512,\"caption\":\"Resail\"},\"image\":{\"@id\":\"https:\/\/www.resail.org\/de\/#\/schema\/logo\/image\/\"}}]}<\/script>\n<!-- \/ Yoast SEO plugin. -->","yoast_head_json":{"title":"Forschung - Resail","robots":{"index":"index","follow":"follow","max-snippet":"max-snippet:-1","max-image-preview":"max-image-preview:large","max-video-preview":"max-video-preview:-1"},"canonical":"https:\/\/www.resail.org\/de\/forschung\/","og_locale":"de_DE","og_type":"article","og_title":"Forschung - Resail","og_description":"Wer sind die gro\u00dfen Namen in der Branche, welche Materialien werden verwendet und wie nachhaltig ist dieser Teil unseres windgetriebenen Zeitvertreibs? Lesen Sie unser Whitepaper. Hier herunterladen Forschung Die Entwicklung von Kunststoffen seit 1945 hat der Segelmacherei unendlich viele M\u00f6glichkeiten gegeben, bessere, schnellere und langlebigere Segel zu entwickeln. Wie in vielen anderen Industriezweigen sind die [&hellip;]","og_url":"https:\/\/www.resail.org\/de\/forschung\/","og_site_name":"Resail","article_modified_time":"2026-01-21T13:11:15+00:00","og_image":[{"width":650,"height":475,"url":"https:\/\/www.resail.org\/wp-content\/uploads\/2024\/10\/Industry-has-a-huge-ecological-footprint.jpg","type":"image\/jpeg"}],"twitter_card":"summary_large_image","twitter_misc":{"Gesch\u00e4tzte Lesezeit":"1\u00a0Minute"},"schema":{"@context":"https:\/\/schema.org","@graph":[{"@type":"WebPage","@id":"https:\/\/www.resail.org\/de\/forschung\/","url":"https:\/\/www.resail.org\/de\/forschung\/","name":"Forschung - Resail","isPartOf":{"@id":"https:\/\/www.resail.org\/de\/#website"},"primaryImageOfPage":{"@id":"https:\/\/www.resail.org\/de\/forschung\/#primaryimage"},"image":{"@id":"https:\/\/www.resail.org\/de\/forschung\/#primaryimage"},"thumbnailUrl":"https:\/\/www.resail.org\/wp-content\/uploads\/2024\/10\/Industry-has-a-huge-ecological-footprint.jpg","datePublished":"2024-10-25T12:03:52+00:00","dateModified":"2026-01-21T13:11:15+00:00","breadcrumb":{"@id":"https:\/\/www.resail.org\/de\/forschung\/#breadcrumb"},"inLanguage":"de","potentialAction":[{"@type":"ReadAction","target":["https:\/\/www.resail.org\/de\/forschung\/"]}]},{"@type":"ImageObject","inLanguage":"de","@id":"https:\/\/www.resail.org\/de\/forschung\/#primaryimage","url":"https:\/\/www.resail.org\/wp-content\/uploads\/2024\/10\/Industry-has-a-huge-ecological-footprint.jpg","contentUrl":"https:\/\/www.resail.org\/wp-content\/uploads\/2024\/10\/Industry-has-a-huge-ecological-footprint.jpg"},{"@type":"BreadcrumbList","@id":"https:\/\/www.resail.org\/de\/forschung\/#breadcrumb","itemListElement":[{"@type":"ListItem","position":1,"name":"Home","item":"https:\/\/www.resail.org\/de\/startseite\/"},{"@type":"ListItem","position":2,"name":"Forschung"}]},{"@type":"WebSite","@id":"https:\/\/www.resail.org\/de\/#website","url":"https:\/\/www.resail.org\/de\/","name":"Resail","description":"","publisher":{"@id":"https:\/\/www.resail.org\/de\/#organization"},"potentialAction":[{"@type":"SearchAction","target":{"@type":"EntryPoint","urlTemplate":"https:\/\/www.resail.org\/de\/?s={search_term_string}"},"query-input":{"@type":"PropertyValueSpecification","valueRequired":true,"valueName":"search_term_string"}}],"inLanguage":"de"},{"@type":"Organization","@id":"https:\/\/www.resail.org\/de\/#organization","name":"Resail","url":"https:\/\/www.resail.org\/de\/","logo":{"@type":"ImageObject","inLanguage":"de","@id":"https:\/\/www.resail.org\/de\/#\/schema\/logo\/image\/","url":"https:\/\/www.resail.org\/wp-content\/uploads\/2024\/04\/cropped-Resail_logo_staand.png","contentUrl":"https:\/\/www.resail.org\/wp-content\/uploads\/2024\/04\/cropped-Resail_logo_staand.png","width":512,"height":512,"caption":"Resail"},"image":{"@id":"https:\/\/www.resail.org\/de\/#\/schema\/logo\/image\/"}}]}},"_links":{"self":[{"href":"https:\/\/www.resail.org\/de\/wp-json\/wp\/v2\/pages\/59859","targetHints":{"allow":["GET"]}}],"collection":[{"href":"https:\/\/www.resail.org\/de\/wp-json\/wp\/v2\/pages"}],"about":[{"href":"https:\/\/www.resail.org\/de\/wp-json\/wp\/v2\/types\/page"}],"author":[{"embeddable":true,"href":"https:\/\/www.resail.org\/de\/wp-json\/wp\/v2\/users\/16"}],"replies":[{"embeddable":true,"href":"https:\/\/www.resail.org\/de\/wp-json\/wp\/v2\/comments?post=59859"}],"version-history":[{"count":1,"href":"https:\/\/www.resail.org\/de\/wp-json\/wp\/v2\/pages\/59859\/revisions"}],"predecessor-version":[{"id":59860,"href":"https:\/\/www.resail.org\/de\/wp-json\/wp\/v2\/pages\/59859\/revisions\/59860"}],"wp:attachment":[{"href":"https:\/\/www.resail.org\/de\/wp-json\/wp\/v2\/media?parent=59859"}],"curies":[{"name":"wp","href":"https:\/\/api.w.org\/{rel}","templated":true}]}}