  {"id":44936,"date":"2025-01-24T10:20:42","date_gmt":"2025-01-24T09:20:42","guid":{"rendered":"https:\/\/www.resail.org\/product\/bucket-gelb-weiss\/"},"modified":"2025-01-24T10:20:42","modified_gmt":"2025-01-24T09:20:42","slug":"bucket-gelb-weiss","status":"publish","type":"product","link":"https:\/\/www.resail.org\/de\/product\/bucket-gelb-weiss\/","title":{"rendered":"BUCKET gelb\/wei\u00df"},"content":{"rendered":"<p>Repack von <sup>Resail\u00ae<\/sup><\/p>\n<p>Bucket, Shopper und Airbag werden in den Niederlanden von WerkSaam Westfriesland aus gebrauchten Segeln mit Stammbaum und Produktionsabf\u00e4llen hergestellt, die nicht in den Abfall gelangen.<\/p>\n<p>WerkSaam bietet berufsbegleitendes Lernen f\u00fcr Menschen an, die Schwierigkeiten auf dem Arbeitsmarkt haben. WerkSaam erhielt den Preis f\u00fcr die \u201eBeste Regierungsorganisation 2022\u201c, siehe: <a href=\"http:\/\/www.werksaamwf.nl\">www.werksaamwf.nl<\/a> <\/p>\n<p>Die Segel stammen aus der \u201eBrunel\u201c Volvo Ocean Race 2018 Kampagne und anderen Rennbooten, kombiniert mit leuchtenden Farben aus Spinnakertuch, das f\u00fcr die Segelmacherei ungeeignet war.<\/p>\n<p>F\u00fcr die Brunel-Kampagne siehe: <a href=\"https:\/\/www.youtube.com\/watch?v=XDrXXvBJxKo\">https:\/\/www.youtube.com\/watch?v=XDrXXvBJxKo<\/a><\/p>\n<p>&nbsp;<\/p>\n<p><u>Lieferzeiten:<\/u> 3-4 Tage<\/p>\n<p><u>Haftungsausschluss:<\/u> Die Taschen k\u00f6nnen von den Bildern abweichen, da die tats\u00e4chlich verwendeten Materialien aufgrund der Unterzeichnung des Sponsors teilweise gef\u00e4rbt sein k\u00f6nnen.<\/p>\n","protected":false},"excerpt":{"rendered":"<p>Mit dieser Eimertasche fallen Sie am Strand auf. Mit dem passenden Handtuch erregen Sie noch mehr Aufmerksamkeit. Hergestellt aus upgecyceltem Material, das die Welt gesehen hat. <\/p>\n<p>Der graue Boden ist North 3Di aus dem Code-O der Brunel Volvo Ocean Race Kampagne 2018. Die Seiten bestehen aus gebrauchten Dacron-Segeln, die mit gelbem Spinnaker-Tuch kombiniert wurden. Der Eimer kann mit einem Kordelstopper verschlossen werden, er hat ein Innenfutter aus passendem Spinnakertuch.  <\/p>\n<p><span style=\"color: #ff0000\"><strong>Wie Sie eine kostenlose Repack-Tasche erhalten:<\/strong><\/span><\/p>\n<p><span style=\"color: #ff0000\">Werben Sie einen Freund, der einen Druck aus <a style=\"color: #ff0000\" href=\"https:\/\/resail.org\/product-categorie\/the-ocean-race\/\">der Racing- oder Legends-Serie<\/a> kauft, und Sie erhalten eine <a style=\"color: #ff0000\" href=\"https:\/\/resail.org\/product-categorie\/repack\/repack-bags\/\">Repack-Tasche<\/a> Ihrer Wahl gratis.<\/span><\/p>\n<p><span style=\"color: #ff0000\">Gehen Sie auf unsere <a style=\"color: #ff0000\" href=\"https:\/\/resail.org\/contact\/\" data-type=\"page\" data-id=\"1033\">Kontaktseite<\/a>, geben Sie Ihren Namen und Ihre E-Mail-Adresse ein. F\u00fcgen Sie den Namen und die E-Mail-Adresse Ihres Freundes sowie die gew\u00fcnschte Repack-Tasche in die Nachricht ein und klicken Sie auf Senden. <\/span><\/p>\n<p><span style=\"color: #ff0000\">Nur g\u00fcltig f\u00fcr den Kauf von <a style=\"color: #ff0000\" href=\"https:\/\/resail.org\/product-categorie\/the-ocean-race\/\">The Ocean Race Drucken<\/a>, Legends oder Racing, \u00fcber unseren <a style=\"color: #ff0000\" href=\"https:\/\/resail.org\/product-categorie\/the-ocean-race\/\">Webshop<\/a>.<\/span><\/p>\n","protected":false},"featured_media":26565,"comment_status":"closed","ping_status":"closed","template":"","meta":{"_acf_changed":false},"product_brand":[],"product_cat":[2201,2205],"product_tag":[],"class_list":{"0":"post-44936","1":"product","2":"type-product","3":"status-publish","4":"has-post-thumbnail","6":"product_cat-repack-von-resail","7":"product_cat-taschen-umpacken","8":"product_shipping_class-taschen","9":"pa_producer-werksaam","11":"first","12":"instock","13":"purchasable","14":"product-type-simple"},"acf":[],"yoast_head":"<!-- This site is optimized with the Yoast SEO plugin v27.2 - https:\/\/yoast.com\/product\/yoast-seo-wordpress\/ -->\n<title>BUCKET gelb\/wei\u00df - Resail<\/title>\n<meta name=\"robots\" content=\"index, follow, max-snippet:-1, max-image-preview:large, max-video-preview:-1\" \/>\n<link rel=\"canonical\" href=\"https:\/\/www.resail.org\/de\/product\/bucket-gelb-weiss\/\" \/>\n<meta property=\"og:locale\" content=\"de_DE\" \/>\n<meta property=\"og:type\" content=\"article\" \/>\n<meta property=\"og:title\" content=\"BUCKET gelb\/wei\u00df - Resail\" \/>\n<meta property=\"og:description\" content=\"Mit dieser Eimertasche fallen Sie am Strand auf. Mit dem passenden Handtuch erregen Sie noch mehr Aufmerksamkeit. Hergestellt aus upgecyceltem Material, das die Welt gesehen hat.  Der graue Boden ist North 3Di aus dem Code-O der Brunel Volvo Ocean Race Kampagne 2018. Die Seiten bestehen aus gebrauchten Dacron-Segeln, die mit gelbem Spinnaker-Tuch kombiniert wurden. Der Eimer kann mit einem Kordelstopper verschlossen werden, er hat ein Innenfutter aus passendem Spinnakertuch.  Wie Sie eine kostenlose Repack-Tasche erhalten: Werben Sie einen Freund, der einen Druck aus der Racing- oder Legends-Serie kauft, und Sie erhalten eine Repack-Tasche Ihrer Wahl gratis. Gehen Sie auf unsere Kontaktseite, geben Sie Ihren Namen und Ihre E-Mail-Adresse ein. F\u00fcgen Sie den Namen und die E-Mail-Adresse Ihres Freundes sowie die gew\u00fcnschte Repack-Tasche in die Nachricht ein und klicken Sie auf Senden.  Nur g\u00fcltig f\u00fcr den Kauf von The Ocean Race Drucken, Legends oder Racing, \u00fcber unseren Webshop.\" \/>\n<meta property=\"og:url\" content=\"https:\/\/www.resail.org\/de\/product\/bucket-gelb-weiss\/\" \/>\n<meta property=\"og:site_name\" content=\"Resail\" \/>\n<meta property=\"og:image\" content=\"https:\/\/www.resail.org\/wp-content\/uploads\/2025\/01\/Rond-geel.jpg\" \/>\n\t<meta property=\"og:image:width\" content=\"1527\" \/>\n\t<meta property=\"og:image:height\" content=\"2214\" \/>\n\t<meta property=\"og:image:type\" content=\"image\/jpeg\" \/>\n<meta name=\"twitter:card\" content=\"summary_large_image\" \/>\n<meta name=\"twitter:label1\" content=\"Gesch\u00e4tzte Lesezeit\" \/>\n\t<meta name=\"twitter:data1\" content=\"1\u00a0Minute\" \/>\n<script type=\"application\/ld+json\" class=\"yoast-schema-graph\">{\"@context\":\"https:\/\/schema.org\",\"@graph\":[{\"@type\":\"WebPage\",\"@id\":\"https:\/\/www.resail.org\/de\/product\/bucket-gelb-weiss\/\",\"url\":\"https:\/\/www.resail.org\/de\/product\/bucket-gelb-weiss\/\",\"name\":\"BUCKET gelb\/wei\u00df - Resail\",\"isPartOf\":{\"@id\":\"https:\/\/www.resail.org\/de\/#website\"},\"primaryImageOfPage\":{\"@id\":\"https:\/\/www.resail.org\/de\/product\/bucket-gelb-weiss\/#primaryimage\"},\"image\":{\"@id\":\"https:\/\/www.resail.org\/de\/product\/bucket-gelb-weiss\/#primaryimage\"},\"thumbnailUrl\":\"https:\/\/www.resail.org\/wp-content\/uploads\/2025\/01\/Rond-geel.jpg\",\"datePublished\":\"2025-01-24T09:20:42+00:00\",\"breadcrumb\":{\"@id\":\"https:\/\/www.resail.org\/de\/product\/bucket-gelb-weiss\/#breadcrumb\"},\"inLanguage\":\"de\",\"potentialAction\":[{\"@type\":\"ReadAction\",\"target\":[\"https:\/\/www.resail.org\/de\/product\/bucket-gelb-weiss\/\"]}]},{\"@type\":\"ImageObject\",\"inLanguage\":\"de\",\"@id\":\"https:\/\/www.resail.org\/de\/product\/bucket-gelb-weiss\/#primaryimage\",\"url\":\"https:\/\/www.resail.org\/wp-content\/uploads\/2025\/01\/Rond-geel.jpg\",\"contentUrl\":\"https:\/\/www.resail.org\/wp-content\/uploads\/2025\/01\/Rond-geel.jpg\",\"width\":1527,\"height\":2214},{\"@type\":\"BreadcrumbList\",\"@id\":\"https:\/\/www.resail.org\/de\/product\/bucket-gelb-weiss\/#breadcrumb\",\"itemListElement\":[{\"@type\":\"ListItem\",\"position\":1,\"name\":\"Home\",\"item\":\"https:\/\/www.resail.org\/de\/startseite\/\"},{\"@type\":\"ListItem\",\"position\":2,\"name\":\"Shop\",\"item\":\"https:\/\/www.resail.org\/de\/shop\/\"},{\"@type\":\"ListItem\",\"position\":3,\"name\":\"BUCKET gelb\/wei\u00df\"}]},{\"@type\":\"WebSite\",\"@id\":\"https:\/\/www.resail.org\/de\/#website\",\"url\":\"https:\/\/www.resail.org\/de\/\",\"name\":\"Resail\",\"description\":\"\",\"publisher\":{\"@id\":\"https:\/\/www.resail.org\/de\/#organization\"},\"potentialAction\":[{\"@type\":\"SearchAction\",\"target\":{\"@type\":\"EntryPoint\",\"urlTemplate\":\"https:\/\/www.resail.org\/de\/?s={search_term_string}\"},\"query-input\":{\"@type\":\"PropertyValueSpecification\",\"valueRequired\":true,\"valueName\":\"search_term_string\"}}],\"inLanguage\":\"de\"},{\"@type\":\"Organization\",\"@id\":\"https:\/\/www.resail.org\/de\/#organization\",\"name\":\"Resail\",\"url\":\"https:\/\/www.resail.org\/de\/\",\"logo\":{\"@type\":\"ImageObject\",\"inLanguage\":\"de\",\"@id\":\"https:\/\/www.resail.org\/de\/#\/schema\/logo\/image\/\",\"url\":\"https:\/\/www.resail.org\/wp-content\/uploads\/2024\/04\/cropped-Resail_logo_staand.png\",\"contentUrl\":\"https:\/\/www.resail.org\/wp-content\/uploads\/2024\/04\/cropped-Resail_logo_staand.png\",\"width\":512,\"height\":512,\"caption\":\"Resail\"},\"image\":{\"@id\":\"https:\/\/www.resail.org\/de\/#\/schema\/logo\/image\/\"}}]}<\/script>\n<!-- \/ Yoast SEO plugin. -->","yoast_head_json":{"title":"BUCKET gelb\/wei\u00df - Resail","robots":{"index":"index","follow":"follow","max-snippet":"max-snippet:-1","max-image-preview":"max-image-preview:large","max-video-preview":"max-video-preview:-1"},"canonical":"https:\/\/www.resail.org\/de\/product\/bucket-gelb-weiss\/","og_locale":"de_DE","og_type":"article","og_title":"BUCKET gelb\/wei\u00df - Resail","og_description":"Mit dieser Eimertasche fallen Sie am Strand auf. Mit dem passenden Handtuch erregen Sie noch mehr Aufmerksamkeit. Hergestellt aus upgecyceltem Material, das die Welt gesehen hat.  Der graue Boden ist North 3Di aus dem Code-O der Brunel Volvo Ocean Race Kampagne 2018. Die Seiten bestehen aus gebrauchten Dacron-Segeln, die mit gelbem Spinnaker-Tuch kombiniert wurden. Der Eimer kann mit einem Kordelstopper verschlossen werden, er hat ein Innenfutter aus passendem Spinnakertuch.  Wie Sie eine kostenlose Repack-Tasche erhalten: Werben Sie einen Freund, der einen Druck aus der Racing- oder Legends-Serie kauft, und Sie erhalten eine Repack-Tasche Ihrer Wahl gratis. Gehen Sie auf unsere Kontaktseite, geben Sie Ihren Namen und Ihre E-Mail-Adresse ein. F\u00fcgen Sie den Namen und die E-Mail-Adresse Ihres Freundes sowie die gew\u00fcnschte Repack-Tasche in die Nachricht ein und klicken Sie auf Senden.  Nur g\u00fcltig f\u00fcr den Kauf von The Ocean Race Drucken, Legends oder Racing, \u00fcber unseren Webshop.","og_url":"https:\/\/www.resail.org\/de\/product\/bucket-gelb-weiss\/","og_site_name":"Resail","og_image":[{"width":1527,"height":2214,"url":"https:\/\/www.resail.org\/wp-content\/uploads\/2025\/01\/Rond-geel.jpg","type":"image\/jpeg"}],"twitter_card":"summary_large_image","twitter_misc":{"Gesch\u00e4tzte Lesezeit":"1\u00a0Minute"},"schema":{"@context":"https:\/\/schema.org","@graph":[{"@type":"WebPage","@id":"https:\/\/www.resail.org\/de\/product\/bucket-gelb-weiss\/","url":"https:\/\/www.resail.org\/de\/product\/bucket-gelb-weiss\/","name":"BUCKET gelb\/wei\u00df - Resail","isPartOf":{"@id":"https:\/\/www.resail.org\/de\/#website"},"primaryImageOfPage":{"@id":"https:\/\/www.resail.org\/de\/product\/bucket-gelb-weiss\/#primaryimage"},"image":{"@id":"https:\/\/www.resail.org\/de\/product\/bucket-gelb-weiss\/#primaryimage"},"thumbnailUrl":"https:\/\/www.resail.org\/wp-content\/uploads\/2025\/01\/Rond-geel.jpg","datePublished":"2025-01-24T09:20:42+00:00","breadcrumb":{"@id":"https:\/\/www.resail.org\/de\/product\/bucket-gelb-weiss\/#breadcrumb"},"inLanguage":"de","potentialAction":[{"@type":"ReadAction","target":["https:\/\/www.resail.org\/de\/product\/bucket-gelb-weiss\/"]}]},{"@type":"ImageObject","inLanguage":"de","@id":"https:\/\/www.resail.org\/de\/product\/bucket-gelb-weiss\/#primaryimage","url":"https:\/\/www.resail.org\/wp-content\/uploads\/2025\/01\/Rond-geel.jpg","contentUrl":"https:\/\/www.resail.org\/wp-content\/uploads\/2025\/01\/Rond-geel.jpg","width":1527,"height":2214},{"@type":"BreadcrumbList","@id":"https:\/\/www.resail.org\/de\/product\/bucket-gelb-weiss\/#breadcrumb","itemListElement":[{"@type":"ListItem","position":1,"name":"Home","item":"https:\/\/www.resail.org\/de\/startseite\/"},{"@type":"ListItem","position":2,"name":"Shop","item":"https:\/\/www.resail.org\/de\/shop\/"},{"@type":"ListItem","position":3,"name":"BUCKET gelb\/wei\u00df"}]},{"@type":"WebSite","@id":"https:\/\/www.resail.org\/de\/#website","url":"https:\/\/www.resail.org\/de\/","name":"Resail","description":"","publisher":{"@id":"https:\/\/www.resail.org\/de\/#organization"},"potentialAction":[{"@type":"SearchAction","target":{"@type":"EntryPoint","urlTemplate":"https:\/\/www.resail.org\/de\/?s={search_term_string}"},"query-input":{"@type":"PropertyValueSpecification","valueRequired":true,"valueName":"search_term_string"}}],"inLanguage":"de"},{"@type":"Organization","@id":"https:\/\/www.resail.org\/de\/#organization","name":"Resail","url":"https:\/\/www.resail.org\/de\/","logo":{"@type":"ImageObject","inLanguage":"de","@id":"https:\/\/www.resail.org\/de\/#\/schema\/logo\/image\/","url":"https:\/\/www.resail.org\/wp-content\/uploads\/2024\/04\/cropped-Resail_logo_staand.png","contentUrl":"https:\/\/www.resail.org\/wp-content\/uploads\/2024\/04\/cropped-Resail_logo_staand.png","width":512,"height":512,"caption":"Resail"},"image":{"@id":"https:\/\/www.resail.org\/de\/#\/schema\/logo\/image\/"}}]}},"_links":{"self":[{"href":"https:\/\/www.resail.org\/de\/wp-json\/wp\/v2\/product\/44936","targetHints":{"allow":["GET"]}}],"collection":[{"href":"https:\/\/www.resail.org\/de\/wp-json\/wp\/v2\/product"}],"about":[{"href":"https:\/\/www.resail.org\/de\/wp-json\/wp\/v2\/types\/product"}],"replies":[{"embeddable":true,"href":"https:\/\/www.resail.org\/de\/wp-json\/wp\/v2\/comments?post=44936"}],"wp:featuredmedia":[{"embeddable":true,"href":"https:\/\/www.resail.org\/de\/wp-json\/wp\/v2\/media\/26565"}],"wp:attachment":[{"href":"https:\/\/www.resail.org\/de\/wp-json\/wp\/v2\/media?parent=44936"}],"wp:term":[{"taxonomy":"product_brand","embeddable":true,"href":"https:\/\/www.resail.org\/de\/wp-json\/wp\/v2\/product_brand?post=44936"},{"taxonomy":"product_cat","embeddable":true,"href":"https:\/\/www.resail.org\/de\/wp-json\/wp\/v2\/product_cat?post=44936"},{"taxonomy":"product_tag","embeddable":true,"href":"https:\/\/www.resail.org\/de\/wp-json\/wp\/v2\/product_tag?post=44936"}],"curies":[{"name":"wp","href":"https:\/\/api.w.org\/{rel}","templated":true}]}}