{"id":45653,"date":"2025-01-24T10:20:46","date_gmt":"2025-01-24T09:20:46","guid":{"rendered":"https:\/\/www.resail.org\/product\/dragon-gold-cup-von-marc-lamers\/"},"modified":"2026-03-18T13:20:14","modified_gmt":"2026-03-18T12:20:14","slug":"dragon-gold-cup-von-marc-lamers","status":"publish","type":"product","link":"https:\/\/www.resail.org\/de\/product\/dragon-gold-cup-von-marc-lamers\/","title":{"rendered":"Dragon Gold Cup von Marc Lamers"},"content":{"rendered":"<p>\u00dcber Marc Lamers: Marc wurde 1960 in Arnheim geboren und wurde von seinem Vater und Gro\u00dfvater, die beide K\u00fcnstler waren, inspiriert. Er studierte Grafikdesign und Werbung und wurde ab 1981 hauptberuflich K\u00fcnstler. <\/p>\n","protected":false},"excerpt":{"rendered":"<p style=\"font-weight: 400\">Inspiriert vom Dragon, einem olympischen 3-Mann-Boot, das von 1948 bis 1972 an den Olympischen Spielen teilnahm.<\/p>\n<p style=\"font-weight: 400\">Originalgem\u00e4lde von Marc Lamers<\/p>\n<p style=\"font-weight: 400\">Gemalt auf einem alten Segel (Drachenklasse Genua) \/\/ Interessiert an diesem Druck? Fragen Sie nach unserem unwiderstehlichen Angebot! (G\u00fcltig bis 28. Februar)Whatsapp: +31641072573<\/p>\n<p style=\"font-weight: 400\">Gr\u00f6\u00dfe: 210\/50<\/p>\n<p style=\"font-weight: 400\">Segel auf Aluminium\/Holzrahmen<\/p>\n<p>&nbsp;<\/p>\n<p>Preis auf Anfrage<\/p>\n","protected":false},"featured_media":27445,"comment_status":"closed","ping_status":"closed","template":"","meta":{"_acf_changed":false},"product_brand":[],"product_cat":[2201,130],"product_tag":[],"class_list":{"0":"post-45653","1":"product","2":"type-product","3":"status-publish","4":"has-post-thumbnail","6":"product_cat-repack-von-resail","7":"product_cat-sale","8":"product_shipping_class-druckt","9":"pa_producer-marc-lamers","11":"first","12":"instock","13":"sale","14":"sold-individually","15":"shipping-taxable","16":"purchasable","17":"product-type-simple"},"acf":[],"yoast_head":"<!-- This site is optimized with the Yoast SEO plugin v27.5 - https:\/\/yoast.com\/product\/yoast-seo-wordpress\/ -->\n<title>Dragon Gold Cup von Marc Lamers - Resail<\/title>\n<meta name=\"robots\" content=\"index, follow, max-snippet:-1, max-image-preview:large, max-video-preview:-1\" \/>\n<link rel=\"canonical\" href=\"https:\/\/www.resail.org\/de\/product\/dragon-gold-cup-von-marc-lamers\/\" \/>\n<meta property=\"og:locale\" content=\"de_DE\" \/>\n<meta property=\"og:type\" content=\"article\" \/>\n<meta property=\"og:title\" content=\"Dragon Gold Cup von Marc Lamers - Resail\" \/>\n<meta property=\"og:description\" content=\"Inspiriert vom Dragon, einem olympischen 3-Mann-Boot, das von 1948 bis 1972 an den Olympischen Spielen teilnahm. Originalgem\u00e4lde von Marc Lamers Gemalt auf einem alten Segel (Drachenklasse Genua) \/\/ Interessiert an diesem Druck? Fragen Sie nach unserem unwiderstehlichen Angebot! (G\u00fcltig bis 28. Februar)Whatsapp: +31641072573 Gr\u00f6\u00dfe: 210\/50 Segel auf Aluminium\/Holzrahmen &nbsp; Preis auf Anfrage\" \/>\n<meta property=\"og:url\" content=\"https:\/\/www.resail.org\/de\/product\/dragon-gold-cup-von-marc-lamers\/\" \/>\n<meta property=\"og:site_name\" content=\"Resail\" \/>\n<meta property=\"article:modified_time\" content=\"2026-03-18T12:20:14+00:00\" \/>\n<meta property=\"og:image\" content=\"https:\/\/www.resail.org\/wp-content\/uploads\/2025\/01\/Dragon-Gold-Cup-by-Marc-Lamers-1-scaled-1.jpg\" \/>\n\t<meta property=\"og:image:width\" content=\"2560\" \/>\n\t<meta property=\"og:image:height\" content=\"831\" \/>\n\t<meta property=\"og:image:type\" content=\"image\/jpeg\" \/>\n<meta name=\"twitter:card\" content=\"summary_large_image\" \/>\n<script type=\"application\/ld+json\" class=\"yoast-schema-graph\">{\"@context\":\"https:\\\/\\\/schema.org\",\"@graph\":[{\"@type\":\"WebPage\",\"@id\":\"https:\\\/\\\/www.resail.org\\\/de\\\/product\\\/dragon-gold-cup-von-marc-lamers\\\/\",\"url\":\"https:\\\/\\\/www.resail.org\\\/de\\\/product\\\/dragon-gold-cup-von-marc-lamers\\\/\",\"name\":\"Dragon Gold Cup von Marc Lamers - Resail\",\"isPartOf\":{\"@id\":\"https:\\\/\\\/www.resail.org\\\/de\\\/#website\"},\"primaryImageOfPage\":{\"@id\":\"https:\\\/\\\/www.resail.org\\\/de\\\/product\\\/dragon-gold-cup-von-marc-lamers\\\/#primaryimage\"},\"image\":{\"@id\":\"https:\\\/\\\/www.resail.org\\\/de\\\/product\\\/dragon-gold-cup-von-marc-lamers\\\/#primaryimage\"},\"thumbnailUrl\":\"https:\\\/\\\/www.resail.org\\\/wp-content\\\/uploads\\\/2025\\\/01\\\/Dragon-Gold-Cup-by-Marc-Lamers-1-scaled-1.jpg\",\"datePublished\":\"2025-01-24T09:20:46+00:00\",\"dateModified\":\"2026-03-18T12:20:14+00:00\",\"breadcrumb\":{\"@id\":\"https:\\\/\\\/www.resail.org\\\/de\\\/product\\\/dragon-gold-cup-von-marc-lamers\\\/#breadcrumb\"},\"inLanguage\":\"de\",\"potentialAction\":[{\"@type\":\"ReadAction\",\"target\":[\"https:\\\/\\\/www.resail.org\\\/de\\\/product\\\/dragon-gold-cup-von-marc-lamers\\\/\"]}]},{\"@type\":\"ImageObject\",\"inLanguage\":\"de\",\"@id\":\"https:\\\/\\\/www.resail.org\\\/de\\\/product\\\/dragon-gold-cup-von-marc-lamers\\\/#primaryimage\",\"url\":\"https:\\\/\\\/www.resail.org\\\/wp-content\\\/uploads\\\/2025\\\/01\\\/Dragon-Gold-Cup-by-Marc-Lamers-1-scaled-1.jpg\",\"contentUrl\":\"https:\\\/\\\/www.resail.org\\\/wp-content\\\/uploads\\\/2025\\\/01\\\/Dragon-Gold-Cup-by-Marc-Lamers-1-scaled-1.jpg\",\"width\":2560,\"height\":831},{\"@type\":\"BreadcrumbList\",\"@id\":\"https:\\\/\\\/www.resail.org\\\/de\\\/product\\\/dragon-gold-cup-von-marc-lamers\\\/#breadcrumb\",\"itemListElement\":[{\"@type\":\"ListItem\",\"position\":1,\"name\":\"Home\",\"item\":\"https:\\\/\\\/www.resail.org\\\/de\\\/startseite\\\/\"},{\"@type\":\"ListItem\",\"position\":2,\"name\":\"Shop\",\"item\":\"https:\\\/\\\/www.resail.org\\\/de\\\/shop\\\/\"},{\"@type\":\"ListItem\",\"position\":3,\"name\":\"Dragon Gold Cup von Marc Lamers\"}]},{\"@type\":\"WebSite\",\"@id\":\"https:\\\/\\\/www.resail.org\\\/de\\\/#website\",\"url\":\"https:\\\/\\\/www.resail.org\\\/de\\\/\",\"name\":\"Resail\",\"description\":\"\",\"publisher\":{\"@id\":\"https:\\\/\\\/www.resail.org\\\/de\\\/#organization\"},\"potentialAction\":[{\"@type\":\"SearchAction\",\"target\":{\"@type\":\"EntryPoint\",\"urlTemplate\":\"https:\\\/\\\/www.resail.org\\\/de\\\/?s={search_term_string}\"},\"query-input\":{\"@type\":\"PropertyValueSpecification\",\"valueRequired\":true,\"valueName\":\"search_term_string\"}}],\"inLanguage\":\"de\"},{\"@type\":\"Organization\",\"@id\":\"https:\\\/\\\/www.resail.org\\\/de\\\/#organization\",\"name\":\"Resail\",\"url\":\"https:\\\/\\\/www.resail.org\\\/de\\\/\",\"logo\":{\"@type\":\"ImageObject\",\"inLanguage\":\"de\",\"@id\":\"https:\\\/\\\/www.resail.org\\\/de\\\/#\\\/schema\\\/logo\\\/image\\\/\",\"url\":\"https:\\\/\\\/www.resail.org\\\/wp-content\\\/uploads\\\/2024\\\/04\\\/cropped-Resail_logo_staand.png\",\"contentUrl\":\"https:\\\/\\\/www.resail.org\\\/wp-content\\\/uploads\\\/2024\\\/04\\\/cropped-Resail_logo_staand.png\",\"width\":512,\"height\":512,\"caption\":\"Resail\"},\"image\":{\"@id\":\"https:\\\/\\\/www.resail.org\\\/de\\\/#\\\/schema\\\/logo\\\/image\\\/\"}}]}<\/script>\n<!-- \/ Yoast SEO plugin. -->","yoast_head_json":{"title":"Dragon Gold Cup von Marc Lamers - Resail","robots":{"index":"index","follow":"follow","max-snippet":"max-snippet:-1","max-image-preview":"max-image-preview:large","max-video-preview":"max-video-preview:-1"},"canonical":"https:\/\/www.resail.org\/de\/product\/dragon-gold-cup-von-marc-lamers\/","og_locale":"de_DE","og_type":"article","og_title":"Dragon Gold Cup von Marc Lamers - Resail","og_description":"Inspiriert vom Dragon, einem olympischen 3-Mann-Boot, das von 1948 bis 1972 an den Olympischen Spielen teilnahm. Originalgem\u00e4lde von Marc Lamers Gemalt auf einem alten Segel (Drachenklasse Genua) \/\/ Interessiert an diesem Druck? Fragen Sie nach unserem unwiderstehlichen Angebot! (G\u00fcltig bis 28. Februar)Whatsapp: +31641072573 Gr\u00f6\u00dfe: 210\/50 Segel auf Aluminium\/Holzrahmen &nbsp; Preis auf Anfrage","og_url":"https:\/\/www.resail.org\/de\/product\/dragon-gold-cup-von-marc-lamers\/","og_site_name":"Resail","article_modified_time":"2026-03-18T12:20:14+00:00","og_image":[{"width":2560,"height":831,"url":"https:\/\/www.resail.org\/wp-content\/uploads\/2025\/01\/Dragon-Gold-Cup-by-Marc-Lamers-1-scaled-1.jpg","type":"image\/jpeg"}],"twitter_card":"summary_large_image","schema":{"@context":"https:\/\/schema.org","@graph":[{"@type":"WebPage","@id":"https:\/\/www.resail.org\/de\/product\/dragon-gold-cup-von-marc-lamers\/","url":"https:\/\/www.resail.org\/de\/product\/dragon-gold-cup-von-marc-lamers\/","name":"Dragon Gold Cup von Marc Lamers - Resail","isPartOf":{"@id":"https:\/\/www.resail.org\/de\/#website"},"primaryImageOfPage":{"@id":"https:\/\/www.resail.org\/de\/product\/dragon-gold-cup-von-marc-lamers\/#primaryimage"},"image":{"@id":"https:\/\/www.resail.org\/de\/product\/dragon-gold-cup-von-marc-lamers\/#primaryimage"},"thumbnailUrl":"https:\/\/www.resail.org\/wp-content\/uploads\/2025\/01\/Dragon-Gold-Cup-by-Marc-Lamers-1-scaled-1.jpg","datePublished":"2025-01-24T09:20:46+00:00","dateModified":"2026-03-18T12:20:14+00:00","breadcrumb":{"@id":"https:\/\/www.resail.org\/de\/product\/dragon-gold-cup-von-marc-lamers\/#breadcrumb"},"inLanguage":"de","potentialAction":[{"@type":"ReadAction","target":["https:\/\/www.resail.org\/de\/product\/dragon-gold-cup-von-marc-lamers\/"]}]},{"@type":"ImageObject","inLanguage":"de","@id":"https:\/\/www.resail.org\/de\/product\/dragon-gold-cup-von-marc-lamers\/#primaryimage","url":"https:\/\/www.resail.org\/wp-content\/uploads\/2025\/01\/Dragon-Gold-Cup-by-Marc-Lamers-1-scaled-1.jpg","contentUrl":"https:\/\/www.resail.org\/wp-content\/uploads\/2025\/01\/Dragon-Gold-Cup-by-Marc-Lamers-1-scaled-1.jpg","width":2560,"height":831},{"@type":"BreadcrumbList","@id":"https:\/\/www.resail.org\/de\/product\/dragon-gold-cup-von-marc-lamers\/#breadcrumb","itemListElement":[{"@type":"ListItem","position":1,"name":"Home","item":"https:\/\/www.resail.org\/de\/startseite\/"},{"@type":"ListItem","position":2,"name":"Shop","item":"https:\/\/www.resail.org\/de\/shop\/"},{"@type":"ListItem","position":3,"name":"Dragon Gold Cup von Marc Lamers"}]},{"@type":"WebSite","@id":"https:\/\/www.resail.org\/de\/#website","url":"https:\/\/www.resail.org\/de\/","name":"Resail","description":"","publisher":{"@id":"https:\/\/www.resail.org\/de\/#organization"},"potentialAction":[{"@type":"SearchAction","target":{"@type":"EntryPoint","urlTemplate":"https:\/\/www.resail.org\/de\/?s={search_term_string}"},"query-input":{"@type":"PropertyValueSpecification","valueRequired":true,"valueName":"search_term_string"}}],"inLanguage":"de"},{"@type":"Organization","@id":"https:\/\/www.resail.org\/de\/#organization","name":"Resail","url":"https:\/\/www.resail.org\/de\/","logo":{"@type":"ImageObject","inLanguage":"de","@id":"https:\/\/www.resail.org\/de\/#\/schema\/logo\/image\/","url":"https:\/\/www.resail.org\/wp-content\/uploads\/2024\/04\/cropped-Resail_logo_staand.png","contentUrl":"https:\/\/www.resail.org\/wp-content\/uploads\/2024\/04\/cropped-Resail_logo_staand.png","width":512,"height":512,"caption":"Resail"},"image":{"@id":"https:\/\/www.resail.org\/de\/#\/schema\/logo\/image\/"}}]}},"_links":{"self":[{"href":"https:\/\/www.resail.org\/de\/wp-json\/wp\/v2\/product\/45653","targetHints":{"allow":["GET"]}}],"collection":[{"href":"https:\/\/www.resail.org\/de\/wp-json\/wp\/v2\/product"}],"about":[{"href":"https:\/\/www.resail.org\/de\/wp-json\/wp\/v2\/types\/product"}],"replies":[{"embeddable":true,"href":"https:\/\/www.resail.org\/de\/wp-json\/wp\/v2\/comments?post=45653"}],"wp:featuredmedia":[{"embeddable":true,"href":"https:\/\/www.resail.org\/de\/wp-json\/wp\/v2\/media\/27445"}],"wp:attachment":[{"href":"https:\/\/www.resail.org\/de\/wp-json\/wp\/v2\/media?parent=45653"}],"wp:term":[{"taxonomy":"product_brand","embeddable":true,"href":"https:\/\/www.resail.org\/de\/wp-json\/wp\/v2\/product_brand?post=45653"},{"taxonomy":"product_cat","embeddable":true,"href":"https:\/\/www.resail.org\/de\/wp-json\/wp\/v2\/product_cat?post=45653"},{"taxonomy":"product_tag","embeddable":true,"href":"https:\/\/www.resail.org\/de\/wp-json\/wp\/v2\/product_tag?post=45653"}],"curies":[{"name":"wp","href":"https:\/\/api.w.org\/{rel}","templated":true}]}}