{"id":55427,"date":"2025-08-20T19:37:54","date_gmt":"2025-08-20T17:37:54","guid":{"rendered":"https:\/\/www.resail.org\/product\/neu-63m2-rollgenua\/"},"modified":"2026-03-18T12:12:38","modified_gmt":"2026-03-18T11:12:38","slug":"neu-63m2-rollgenua","status":"publish","type":"product","link":"https:\/\/www.resail.org\/de\/product\/neu-63m2-rollgenua\/","title":{"rendered":"NEU 63M2 Rollgenua"},"content":{"rendered":"","protected":false},"excerpt":{"rendered":"<p>NEUE Rollreffgenua mit Sunbrella UV (Beige 6020) auf SB; Schaumstoff f\u00fcr Rollreff auf Backbord; Vorliekband 6mm; urspr\u00fcnglich f\u00fcr einen 48-Footer produziert<\/p>\n<p>Bilder folgen in K\u00fcrze<\/p>\n<p>&nbsp;<\/p>\n","protected":false},"featured_media":54518,"comment_status":"open","ping_status":"closed","template":"","meta":{"_acf_changed":false},"product_brand":[],"product_cat":[2755,2147],"product_tag":[],"class_list":{"0":"post-55427","1":"product","2":"type-product","3":"status-publish","4":"has-post-thumbnail","6":"product_cat-rollfock-kluver-und-genua","7":"product_cat-vorsegel","8":"pa_producer-molenaar","10":"first","11":"instock","12":"sold-individually","13":"shipping-taxable","14":"purchasable","15":"product-type-simple"},"acf":[],"yoast_head":"<!-- This site is optimized with the Yoast SEO plugin v27.2 - https:\/\/yoast.com\/product\/yoast-seo-wordpress\/ -->\n<title>NEU 63M2 Rollgenua - Resail<\/title>\n<meta name=\"robots\" content=\"index, follow, max-snippet:-1, max-image-preview:large, max-video-preview:-1\" \/>\n<link rel=\"canonical\" href=\"https:\/\/www.resail.org\/de\/product\/neu-63m2-rollgenua\/\" \/>\n<meta property=\"og:locale\" content=\"de_DE\" \/>\n<meta property=\"og:type\" content=\"article\" \/>\n<meta property=\"og:title\" content=\"NEU 63M2 Rollgenua - Resail\" \/>\n<meta property=\"og:description\" content=\"NEUE Rollreffgenua mit Sunbrella UV (Beige 6020) auf SB; Schaumstoff f\u00fcr Rollreff auf Backbord; Vorliekband 6mm; urspr\u00fcnglich f\u00fcr einen 48-Footer produziert Bilder folgen in K\u00fcrze &nbsp;\" \/>\n<meta property=\"og:url\" content=\"https:\/\/www.resail.org\/de\/product\/neu-63m2-rollgenua\/\" \/>\n<meta property=\"og:site_name\" content=\"Resail\" \/>\n<meta property=\"article:modified_time\" content=\"2026-03-18T11:12:38+00:00\" \/>\n<meta property=\"og:image\" content=\"https:\/\/www.resail.org\/wp-content\/uploads\/2025\/08\/image0-rotated.jpeg\" \/>\n\t<meta property=\"og:image:width\" content=\"480\" \/>\n\t<meta property=\"og:image:height\" content=\"640\" \/>\n\t<meta property=\"og:image:type\" content=\"image\/jpeg\" \/>\n<meta name=\"twitter:card\" content=\"summary_large_image\" \/>\n<script type=\"application\/ld+json\" class=\"yoast-schema-graph\">{\"@context\":\"https:\/\/schema.org\",\"@graph\":[{\"@type\":\"WebPage\",\"@id\":\"https:\/\/www.resail.org\/de\/product\/neu-63m2-rollgenua\/\",\"url\":\"https:\/\/www.resail.org\/de\/product\/neu-63m2-rollgenua\/\",\"name\":\"NEU 63M2 Rollgenua - Resail\",\"isPartOf\":{\"@id\":\"https:\/\/www.resail.org\/de\/#website\"},\"primaryImageOfPage\":{\"@id\":\"https:\/\/www.resail.org\/de\/product\/neu-63m2-rollgenua\/#primaryimage\"},\"image\":{\"@id\":\"https:\/\/www.resail.org\/de\/product\/neu-63m2-rollgenua\/#primaryimage\"},\"thumbnailUrl\":\"https:\/\/www.resail.org\/wp-content\/uploads\/2025\/08\/image0-rotated.jpeg\",\"datePublished\":\"2025-08-20T17:37:54+00:00\",\"dateModified\":\"2026-03-18T11:12:38+00:00\",\"breadcrumb\":{\"@id\":\"https:\/\/www.resail.org\/de\/product\/neu-63m2-rollgenua\/#breadcrumb\"},\"inLanguage\":\"de\",\"potentialAction\":[{\"@type\":\"ReadAction\",\"target\":[\"https:\/\/www.resail.org\/de\/product\/neu-63m2-rollgenua\/\"]}]},{\"@type\":\"ImageObject\",\"inLanguage\":\"de\",\"@id\":\"https:\/\/www.resail.org\/de\/product\/neu-63m2-rollgenua\/#primaryimage\",\"url\":\"https:\/\/www.resail.org\/wp-content\/uploads\/2025\/08\/image0-rotated.jpeg\",\"contentUrl\":\"https:\/\/www.resail.org\/wp-content\/uploads\/2025\/08\/image0-rotated.jpeg\",\"width\":480,\"height\":640},{\"@type\":\"BreadcrumbList\",\"@id\":\"https:\/\/www.resail.org\/de\/product\/neu-63m2-rollgenua\/#breadcrumb\",\"itemListElement\":[{\"@type\":\"ListItem\",\"position\":1,\"name\":\"Home\",\"item\":\"https:\/\/www.resail.org\/de\/startseite\/\"},{\"@type\":\"ListItem\",\"position\":2,\"name\":\"Shop\",\"item\":\"https:\/\/www.resail.org\/de\/shop\/\"},{\"@type\":\"ListItem\",\"position\":3,\"name\":\"NEU 63M2 Rollgenua\"}]},{\"@type\":\"WebSite\",\"@id\":\"https:\/\/www.resail.org\/de\/#website\",\"url\":\"https:\/\/www.resail.org\/de\/\",\"name\":\"Resail\",\"description\":\"\",\"publisher\":{\"@id\":\"https:\/\/www.resail.org\/de\/#organization\"},\"potentialAction\":[{\"@type\":\"SearchAction\",\"target\":{\"@type\":\"EntryPoint\",\"urlTemplate\":\"https:\/\/www.resail.org\/de\/?s={search_term_string}\"},\"query-input\":{\"@type\":\"PropertyValueSpecification\",\"valueRequired\":true,\"valueName\":\"search_term_string\"}}],\"inLanguage\":\"de\"},{\"@type\":\"Organization\",\"@id\":\"https:\/\/www.resail.org\/de\/#organization\",\"name\":\"Resail\",\"url\":\"https:\/\/www.resail.org\/de\/\",\"logo\":{\"@type\":\"ImageObject\",\"inLanguage\":\"de\",\"@id\":\"https:\/\/www.resail.org\/de\/#\/schema\/logo\/image\/\",\"url\":\"https:\/\/www.resail.org\/wp-content\/uploads\/2024\/04\/cropped-Resail_logo_staand.png\",\"contentUrl\":\"https:\/\/www.resail.org\/wp-content\/uploads\/2024\/04\/cropped-Resail_logo_staand.png\",\"width\":512,\"height\":512,\"caption\":\"Resail\"},\"image\":{\"@id\":\"https:\/\/www.resail.org\/de\/#\/schema\/logo\/image\/\"}}]}<\/script>\n<!-- \/ Yoast SEO plugin. -->","yoast_head_json":{"title":"NEU 63M2 Rollgenua - Resail","robots":{"index":"index","follow":"follow","max-snippet":"max-snippet:-1","max-image-preview":"max-image-preview:large","max-video-preview":"max-video-preview:-1"},"canonical":"https:\/\/www.resail.org\/de\/product\/neu-63m2-rollgenua\/","og_locale":"de_DE","og_type":"article","og_title":"NEU 63M2 Rollgenua - Resail","og_description":"NEUE Rollreffgenua mit Sunbrella UV (Beige 6020) auf SB; Schaumstoff f\u00fcr Rollreff auf Backbord; Vorliekband 6mm; urspr\u00fcnglich f\u00fcr einen 48-Footer produziert Bilder folgen in K\u00fcrze &nbsp;","og_url":"https:\/\/www.resail.org\/de\/product\/neu-63m2-rollgenua\/","og_site_name":"Resail","article_modified_time":"2026-03-18T11:12:38+00:00","og_image":[{"width":480,"height":640,"url":"https:\/\/www.resail.org\/wp-content\/uploads\/2025\/08\/image0-rotated.jpeg","type":"image\/jpeg"}],"twitter_card":"summary_large_image","schema":{"@context":"https:\/\/schema.org","@graph":[{"@type":"WebPage","@id":"https:\/\/www.resail.org\/de\/product\/neu-63m2-rollgenua\/","url":"https:\/\/www.resail.org\/de\/product\/neu-63m2-rollgenua\/","name":"NEU 63M2 Rollgenua - Resail","isPartOf":{"@id":"https:\/\/www.resail.org\/de\/#website"},"primaryImageOfPage":{"@id":"https:\/\/www.resail.org\/de\/product\/neu-63m2-rollgenua\/#primaryimage"},"image":{"@id":"https:\/\/www.resail.org\/de\/product\/neu-63m2-rollgenua\/#primaryimage"},"thumbnailUrl":"https:\/\/www.resail.org\/wp-content\/uploads\/2025\/08\/image0-rotated.jpeg","datePublished":"2025-08-20T17:37:54+00:00","dateModified":"2026-03-18T11:12:38+00:00","breadcrumb":{"@id":"https:\/\/www.resail.org\/de\/product\/neu-63m2-rollgenua\/#breadcrumb"},"inLanguage":"de","potentialAction":[{"@type":"ReadAction","target":["https:\/\/www.resail.org\/de\/product\/neu-63m2-rollgenua\/"]}]},{"@type":"ImageObject","inLanguage":"de","@id":"https:\/\/www.resail.org\/de\/product\/neu-63m2-rollgenua\/#primaryimage","url":"https:\/\/www.resail.org\/wp-content\/uploads\/2025\/08\/image0-rotated.jpeg","contentUrl":"https:\/\/www.resail.org\/wp-content\/uploads\/2025\/08\/image0-rotated.jpeg","width":480,"height":640},{"@type":"BreadcrumbList","@id":"https:\/\/www.resail.org\/de\/product\/neu-63m2-rollgenua\/#breadcrumb","itemListElement":[{"@type":"ListItem","position":1,"name":"Home","item":"https:\/\/www.resail.org\/de\/startseite\/"},{"@type":"ListItem","position":2,"name":"Shop","item":"https:\/\/www.resail.org\/de\/shop\/"},{"@type":"ListItem","position":3,"name":"NEU 63M2 Rollgenua"}]},{"@type":"WebSite","@id":"https:\/\/www.resail.org\/de\/#website","url":"https:\/\/www.resail.org\/de\/","name":"Resail","description":"","publisher":{"@id":"https:\/\/www.resail.org\/de\/#organization"},"potentialAction":[{"@type":"SearchAction","target":{"@type":"EntryPoint","urlTemplate":"https:\/\/www.resail.org\/de\/?s={search_term_string}"},"query-input":{"@type":"PropertyValueSpecification","valueRequired":true,"valueName":"search_term_string"}}],"inLanguage":"de"},{"@type":"Organization","@id":"https:\/\/www.resail.org\/de\/#organization","name":"Resail","url":"https:\/\/www.resail.org\/de\/","logo":{"@type":"ImageObject","inLanguage":"de","@id":"https:\/\/www.resail.org\/de\/#\/schema\/logo\/image\/","url":"https:\/\/www.resail.org\/wp-content\/uploads\/2024\/04\/cropped-Resail_logo_staand.png","contentUrl":"https:\/\/www.resail.org\/wp-content\/uploads\/2024\/04\/cropped-Resail_logo_staand.png","width":512,"height":512,"caption":"Resail"},"image":{"@id":"https:\/\/www.resail.org\/de\/#\/schema\/logo\/image\/"}}]}},"_links":{"self":[{"href":"https:\/\/www.resail.org\/de\/wp-json\/wp\/v2\/product\/55427","targetHints":{"allow":["GET"]}}],"collection":[{"href":"https:\/\/www.resail.org\/de\/wp-json\/wp\/v2\/product"}],"about":[{"href":"https:\/\/www.resail.org\/de\/wp-json\/wp\/v2\/types\/product"}],"replies":[{"embeddable":true,"href":"https:\/\/www.resail.org\/de\/wp-json\/wp\/v2\/comments?post=55427"}],"wp:featuredmedia":[{"embeddable":true,"href":"https:\/\/www.resail.org\/de\/wp-json\/wp\/v2\/media\/54518"}],"wp:attachment":[{"href":"https:\/\/www.resail.org\/de\/wp-json\/wp\/v2\/media?parent=55427"}],"wp:term":[{"taxonomy":"product_brand","embeddable":true,"href":"https:\/\/www.resail.org\/de\/wp-json\/wp\/v2\/product_brand?post=55427"},{"taxonomy":"product_cat","embeddable":true,"href":"https:\/\/www.resail.org\/de\/wp-json\/wp\/v2\/product_cat?post=55427"},{"taxonomy":"product_tag","embeddable":true,"href":"https:\/\/www.resail.org\/de\/wp-json\/wp\/v2\/product_tag?post=55427"}],"curies":[{"name":"wp","href":"https:\/\/api.w.org\/{rel}","templated":true}]}}