{"id":65370,"date":"2026-02-10T11:42:49","date_gmt":"2026-02-10T10:42:49","guid":{"rendered":"https:\/\/www.resail.org\/product\/17-1m2-grosssegel-fuer-einen-jollenkreuzer\/"},"modified":"2026-03-18T09:23:17","modified_gmt":"2026-03-18T08:23:17","slug":"17-1m2-grosssegel-fuer-einen-jollenkreuzer","status":"publish","type":"product","link":"https:\/\/www.resail.org\/de\/product\/17-1m2-grosssegel-fuer-einen-jollenkreuzer\/","title":{"rendered":"17.1m2 Gro\u00dfsegel f\u00fcr einen Jollenkreuzer"},"content":{"rendered":"","protected":false},"excerpt":{"rendered":"<p>NEW Racing Main f\u00fcr einen 20er Jollenkreuzer; bei Interesse senden Sie uns eine Whatsapp<\/p>\n","protected":false},"featured_media":61593,"comment_status":"open","ping_status":"closed","template":"","meta":{"_acf_changed":false},"product_brand":[],"product_cat":[2163,2162],"product_tag":[],"class_list":{"0":"post-65370","1":"product","2":"type-product","3":"status-publish","4":"has-post-thumbnail","6":"product_cat-grossegel-de-3","7":"product_cat-grossegel-de-2","8":"pa_producer-elvstrom-sails","10":"first","11":"instock","12":"sale","13":"sold-individually","14":"shipping-taxable","15":"purchasable","16":"product-type-simple"},"acf":[],"yoast_head":"<!-- This site is optimized with the Yoast SEO plugin v27.2 - https:\/\/yoast.com\/product\/yoast-seo-wordpress\/ -->\n<title>17.1m2 Gro\u00dfsegel f\u00fcr einen Jollenkreuzer - Resail<\/title>\n<meta name=\"robots\" content=\"index, follow, max-snippet:-1, max-image-preview:large, max-video-preview:-1\" \/>\n<link rel=\"canonical\" href=\"https:\/\/www.resail.org\/de\/product\/17-1m2-grosssegel-fuer-einen-jollenkreuzer\/\" \/>\n<meta property=\"og:locale\" content=\"de_DE\" \/>\n<meta property=\"og:type\" content=\"article\" \/>\n<meta property=\"og:title\" content=\"17.1m2 Gro\u00dfsegel f\u00fcr einen Jollenkreuzer - Resail\" \/>\n<meta property=\"og:description\" content=\"NEW Racing Main f\u00fcr einen 20er Jollenkreuzer; bei Interesse senden Sie uns eine Whatsapp\" \/>\n<meta property=\"og:url\" content=\"https:\/\/www.resail.org\/de\/product\/17-1m2-grosssegel-fuer-einen-jollenkreuzer\/\" \/>\n<meta property=\"og:site_name\" content=\"Resail\" \/>\n<meta property=\"article:modified_time\" content=\"2026-03-18T08:23:17+00:00\" \/>\n<meta property=\"og:image\" content=\"https:\/\/www.resail.org\/wp-content\/uploads\/2026\/02\/cropped-20er-Jollenkreuzer.png\" \/>\n\t<meta property=\"og:image:width\" content=\"625\" \/>\n\t<meta property=\"og:image:height\" content=\"455\" \/>\n\t<meta property=\"og:image:type\" content=\"image\/png\" \/>\n<meta name=\"twitter:card\" content=\"summary_large_image\" \/>\n<script type=\"application\/ld+json\" class=\"yoast-schema-graph\">{\"@context\":\"https:\/\/schema.org\",\"@graph\":[{\"@type\":\"WebPage\",\"@id\":\"https:\/\/www.resail.org\/de\/product\/17-1m2-grosssegel-fuer-einen-jollenkreuzer\/\",\"url\":\"https:\/\/www.resail.org\/de\/product\/17-1m2-grosssegel-fuer-einen-jollenkreuzer\/\",\"name\":\"17.1m2 Gro\u00dfsegel f\u00fcr einen Jollenkreuzer - Resail\",\"isPartOf\":{\"@id\":\"https:\/\/www.resail.org\/de\/#website\"},\"primaryImageOfPage\":{\"@id\":\"https:\/\/www.resail.org\/de\/product\/17-1m2-grosssegel-fuer-einen-jollenkreuzer\/#primaryimage\"},\"image\":{\"@id\":\"https:\/\/www.resail.org\/de\/product\/17-1m2-grosssegel-fuer-einen-jollenkreuzer\/#primaryimage\"},\"thumbnailUrl\":\"https:\/\/www.resail.org\/wp-content\/uploads\/2026\/02\/cropped-20er-Jollenkreuzer.png\",\"datePublished\":\"2026-02-10T10:42:49+00:00\",\"dateModified\":\"2026-03-18T08:23:17+00:00\",\"breadcrumb\":{\"@id\":\"https:\/\/www.resail.org\/de\/product\/17-1m2-grosssegel-fuer-einen-jollenkreuzer\/#breadcrumb\"},\"inLanguage\":\"de\",\"potentialAction\":[{\"@type\":\"ReadAction\",\"target\":[\"https:\/\/www.resail.org\/de\/product\/17-1m2-grosssegel-fuer-einen-jollenkreuzer\/\"]}]},{\"@type\":\"ImageObject\",\"inLanguage\":\"de\",\"@id\":\"https:\/\/www.resail.org\/de\/product\/17-1m2-grosssegel-fuer-einen-jollenkreuzer\/#primaryimage\",\"url\":\"https:\/\/www.resail.org\/wp-content\/uploads\/2026\/02\/cropped-20er-Jollenkreuzer.png\",\"contentUrl\":\"https:\/\/www.resail.org\/wp-content\/uploads\/2026\/02\/cropped-20er-Jollenkreuzer.png\",\"width\":625,\"height\":455},{\"@type\":\"BreadcrumbList\",\"@id\":\"https:\/\/www.resail.org\/de\/product\/17-1m2-grosssegel-fuer-einen-jollenkreuzer\/#breadcrumb\",\"itemListElement\":[{\"@type\":\"ListItem\",\"position\":1,\"name\":\"Home\",\"item\":\"https:\/\/www.resail.org\/de\/startseite\/\"},{\"@type\":\"ListItem\",\"position\":2,\"name\":\"Shop\",\"item\":\"https:\/\/www.resail.org\/de\/shop\/\"},{\"@type\":\"ListItem\",\"position\":3,\"name\":\"17.1m2 Gro\u00dfsegel f\u00fcr einen Jollenkreuzer\"}]},{\"@type\":\"WebSite\",\"@id\":\"https:\/\/www.resail.org\/de\/#website\",\"url\":\"https:\/\/www.resail.org\/de\/\",\"name\":\"Resail\",\"description\":\"\",\"publisher\":{\"@id\":\"https:\/\/www.resail.org\/de\/#organization\"},\"potentialAction\":[{\"@type\":\"SearchAction\",\"target\":{\"@type\":\"EntryPoint\",\"urlTemplate\":\"https:\/\/www.resail.org\/de\/?s={search_term_string}\"},\"query-input\":{\"@type\":\"PropertyValueSpecification\",\"valueRequired\":true,\"valueName\":\"search_term_string\"}}],\"inLanguage\":\"de\"},{\"@type\":\"Organization\",\"@id\":\"https:\/\/www.resail.org\/de\/#organization\",\"name\":\"Resail\",\"url\":\"https:\/\/www.resail.org\/de\/\",\"logo\":{\"@type\":\"ImageObject\",\"inLanguage\":\"de\",\"@id\":\"https:\/\/www.resail.org\/de\/#\/schema\/logo\/image\/\",\"url\":\"https:\/\/www.resail.org\/wp-content\/uploads\/2024\/04\/cropped-Resail_logo_staand.png\",\"contentUrl\":\"https:\/\/www.resail.org\/wp-content\/uploads\/2024\/04\/cropped-Resail_logo_staand.png\",\"width\":512,\"height\":512,\"caption\":\"Resail\"},\"image\":{\"@id\":\"https:\/\/www.resail.org\/de\/#\/schema\/logo\/image\/\"}}]}<\/script>\n<!-- \/ Yoast SEO plugin. -->","yoast_head_json":{"title":"17.1m2 Gro\u00dfsegel f\u00fcr einen Jollenkreuzer - Resail","robots":{"index":"index","follow":"follow","max-snippet":"max-snippet:-1","max-image-preview":"max-image-preview:large","max-video-preview":"max-video-preview:-1"},"canonical":"https:\/\/www.resail.org\/de\/product\/17-1m2-grosssegel-fuer-einen-jollenkreuzer\/","og_locale":"de_DE","og_type":"article","og_title":"17.1m2 Gro\u00dfsegel f\u00fcr einen Jollenkreuzer - Resail","og_description":"NEW Racing Main f\u00fcr einen 20er Jollenkreuzer; bei Interesse senden Sie uns eine Whatsapp","og_url":"https:\/\/www.resail.org\/de\/product\/17-1m2-grosssegel-fuer-einen-jollenkreuzer\/","og_site_name":"Resail","article_modified_time":"2026-03-18T08:23:17+00:00","og_image":[{"width":625,"height":455,"url":"https:\/\/www.resail.org\/wp-content\/uploads\/2026\/02\/cropped-20er-Jollenkreuzer.png","type":"image\/png"}],"twitter_card":"summary_large_image","schema":{"@context":"https:\/\/schema.org","@graph":[{"@type":"WebPage","@id":"https:\/\/www.resail.org\/de\/product\/17-1m2-grosssegel-fuer-einen-jollenkreuzer\/","url":"https:\/\/www.resail.org\/de\/product\/17-1m2-grosssegel-fuer-einen-jollenkreuzer\/","name":"17.1m2 Gro\u00dfsegel f\u00fcr einen Jollenkreuzer - Resail","isPartOf":{"@id":"https:\/\/www.resail.org\/de\/#website"},"primaryImageOfPage":{"@id":"https:\/\/www.resail.org\/de\/product\/17-1m2-grosssegel-fuer-einen-jollenkreuzer\/#primaryimage"},"image":{"@id":"https:\/\/www.resail.org\/de\/product\/17-1m2-grosssegel-fuer-einen-jollenkreuzer\/#primaryimage"},"thumbnailUrl":"https:\/\/www.resail.org\/wp-content\/uploads\/2026\/02\/cropped-20er-Jollenkreuzer.png","datePublished":"2026-02-10T10:42:49+00:00","dateModified":"2026-03-18T08:23:17+00:00","breadcrumb":{"@id":"https:\/\/www.resail.org\/de\/product\/17-1m2-grosssegel-fuer-einen-jollenkreuzer\/#breadcrumb"},"inLanguage":"de","potentialAction":[{"@type":"ReadAction","target":["https:\/\/www.resail.org\/de\/product\/17-1m2-grosssegel-fuer-einen-jollenkreuzer\/"]}]},{"@type":"ImageObject","inLanguage":"de","@id":"https:\/\/www.resail.org\/de\/product\/17-1m2-grosssegel-fuer-einen-jollenkreuzer\/#primaryimage","url":"https:\/\/www.resail.org\/wp-content\/uploads\/2026\/02\/cropped-20er-Jollenkreuzer.png","contentUrl":"https:\/\/www.resail.org\/wp-content\/uploads\/2026\/02\/cropped-20er-Jollenkreuzer.png","width":625,"height":455},{"@type":"BreadcrumbList","@id":"https:\/\/www.resail.org\/de\/product\/17-1m2-grosssegel-fuer-einen-jollenkreuzer\/#breadcrumb","itemListElement":[{"@type":"ListItem","position":1,"name":"Home","item":"https:\/\/www.resail.org\/de\/startseite\/"},{"@type":"ListItem","position":2,"name":"Shop","item":"https:\/\/www.resail.org\/de\/shop\/"},{"@type":"ListItem","position":3,"name":"17.1m2 Gro\u00dfsegel f\u00fcr einen Jollenkreuzer"}]},{"@type":"WebSite","@id":"https:\/\/www.resail.org\/de\/#website","url":"https:\/\/www.resail.org\/de\/","name":"Resail","description":"","publisher":{"@id":"https:\/\/www.resail.org\/de\/#organization"},"potentialAction":[{"@type":"SearchAction","target":{"@type":"EntryPoint","urlTemplate":"https:\/\/www.resail.org\/de\/?s={search_term_string}"},"query-input":{"@type":"PropertyValueSpecification","valueRequired":true,"valueName":"search_term_string"}}],"inLanguage":"de"},{"@type":"Organization","@id":"https:\/\/www.resail.org\/de\/#organization","name":"Resail","url":"https:\/\/www.resail.org\/de\/","logo":{"@type":"ImageObject","inLanguage":"de","@id":"https:\/\/www.resail.org\/de\/#\/schema\/logo\/image\/","url":"https:\/\/www.resail.org\/wp-content\/uploads\/2024\/04\/cropped-Resail_logo_staand.png","contentUrl":"https:\/\/www.resail.org\/wp-content\/uploads\/2024\/04\/cropped-Resail_logo_staand.png","width":512,"height":512,"caption":"Resail"},"image":{"@id":"https:\/\/www.resail.org\/de\/#\/schema\/logo\/image\/"}}]}},"_links":{"self":[{"href":"https:\/\/www.resail.org\/de\/wp-json\/wp\/v2\/product\/65370","targetHints":{"allow":["GET"]}}],"collection":[{"href":"https:\/\/www.resail.org\/de\/wp-json\/wp\/v2\/product"}],"about":[{"href":"https:\/\/www.resail.org\/de\/wp-json\/wp\/v2\/types\/product"}],"replies":[{"embeddable":true,"href":"https:\/\/www.resail.org\/de\/wp-json\/wp\/v2\/comments?post=65370"}],"wp:featuredmedia":[{"embeddable":true,"href":"https:\/\/www.resail.org\/de\/wp-json\/wp\/v2\/media\/61593"}],"wp:attachment":[{"href":"https:\/\/www.resail.org\/de\/wp-json\/wp\/v2\/media?parent=65370"}],"wp:term":[{"taxonomy":"product_brand","embeddable":true,"href":"https:\/\/www.resail.org\/de\/wp-json\/wp\/v2\/product_brand?post=65370"},{"taxonomy":"product_cat","embeddable":true,"href":"https:\/\/www.resail.org\/de\/wp-json\/wp\/v2\/product_cat?post=65370"},{"taxonomy":"product_tag","embeddable":true,"href":"https:\/\/www.resail.org\/de\/wp-json\/wp\/v2\/product_tag?post=65370"}],"curies":[{"name":"wp","href":"https:\/\/api.w.org\/{rel}","templated":true}]}}