{"id":55842,"date":"2022-11-25T15:48:29","date_gmt":"2022-11-25T14:48:29","guid":{"rendered":"https:\/\/www.resail.org\/politica-de-entregas\/"},"modified":"2025-09-04T11:50:16","modified_gmt":"2025-09-04T09:50:16","slug":"politica-de-entregas","status":"publish","type":"page","link":"https:\/\/www.resail.org\/es\/politica-de-entregas\/","title":{"rendered":"Pol\u00edtica de entregas"},"content":{"rendered":"\n<h3 class=\"wp-block-heading\"><strong>Pol\u00edtica de entregas<\/strong><\/h3>\n\n<div style=\"height:35px\" aria-hidden=\"true\" class=\"wp-block-spacer\"><\/div>\n\n<p>En la tabla siguiente se indican las opciones de entrega, los costes y los plazos de entrega.<\/p>\n\n<div style=\"height:35px\" aria-hidden=\"true\" class=\"wp-block-spacer\"><\/div>\n\n<h3 class=\"wp-block-heading has-medium-font-size\"><strong>Informaci\u00f3n importante sobre la entrega en otros pa\u00edses<\/strong><\/h3>\n\n<p>En los env\u00edos internacionales pueden aplicarse peajes, impuestos y otras tasas no indicadas en el precio total.<\/p>\n\n<div style=\"height:35px\" aria-hidden=\"true\" class=\"wp-block-spacer\"><\/div>\n\n<h2 class=\"wp-block-heading has-medium-font-size\"><strong>Opciones de entrega<\/strong><\/h2>\n\n<figure class=\"wp-block-table\"><table><thead><tr><th>Opci\u00f3n<\/th><th class=\"has-text-align-center\" data-align=\"center\">Zapatos y bolsos<\/th><th class=\"has-text-align-center\" data-align=\"center\">Imprime<\/th><th class=\"has-text-align-center\" data-align=\"center\">Plazo de entrega<\/th><\/tr><\/thead><tbody><tr><td>Pa\u00edses Bajos<\/td><td class=\"has-text-align-center\" data-align=\"center\">\u20ac 7,25<\/td><td class=\"has-text-align-center\" data-align=\"center\">Incluye<\/td><td class=\"has-text-align-center\" data-align=\"center\">5 d\u00edas laborables<\/td><\/tr><tr><td>UE, RU y CH<\/td><td class=\"has-text-align-center\" data-align=\"center\">\u20ac 9,30<\/td><td class=\"has-text-align-center\" data-align=\"center\">\u20ac 100,-<\/td><td class=\"has-text-align-center\" data-align=\"center\">5-10 d\u00edas laborables<\/td><\/tr><tr><td>Fuera de la UE, Reino Unido y Suiza<\/td><td class=\"has-text-align-center\" data-align=\"center\">\u20ac 15,-<\/td><td class=\"has-text-align-center\" data-align=\"center\">\u20ac 200,-<\/td><td class=\"has-text-align-center\" data-align=\"center\">5-10 d\u00edas laborables<\/td><\/tr><\/tbody><\/table><\/figure>\n\n<div style=\"height:35px\" aria-hidden=\"true\" class=\"wp-block-spacer\"><\/div>\n\n<h2 class=\"wp-block-heading has-medium-font-size\"><strong>Pa\u00edses a los que enviamos<\/strong><\/h2>\n\n<p>Realizamos env\u00edos a todo el mundo. La entrega puede estar limitada por los impuestos. <\/p>\n","protected":false},"excerpt":{"rendered":"<p>Pol\u00edtica de entregas En la tabla siguiente se indican las opciones de entrega, los costes y los plazos de entrega. Informaci\u00f3n importante sobre la entrega en otros pa\u00edses En los env\u00edos internacionales pueden aplicarse peajes, impuestos y otras tasas no indicadas en el precio total. Opciones de entrega Opci\u00f3n Zapatos y bolsos Imprime Plazo de [&hellip;]<\/p>\n","protected":false},"author":16,"featured_media":0,"parent":0,"menu_order":0,"comment_status":"closed","ping_status":"closed","template":"","meta":{"_acf_changed":false,"footnotes":""},"class_list":["post-55842","page","type-page","status-publish","hentry"],"acf":[],"yoast_head":"<!-- This site is optimized with the Yoast SEO plugin v27.2 - https:\/\/yoast.com\/product\/yoast-seo-wordpress\/ -->\n<title>Pol\u00edtica de entregas - Resail<\/title>\n<meta name=\"robots\" content=\"index, follow, max-snippet:-1, max-image-preview:large, max-video-preview:-1\" \/>\n<link rel=\"canonical\" href=\"https:\/\/www.resail.org\/es\/politica-de-entregas\/\" \/>\n<meta property=\"og:locale\" content=\"es_ES\" \/>\n<meta property=\"og:type\" content=\"article\" \/>\n<meta property=\"og:title\" content=\"Pol\u00edtica de entregas - Resail\" \/>\n<meta property=\"og:description\" content=\"Pol\u00edtica de entregas En la tabla siguiente se indican las opciones de entrega, los costes y los plazos de entrega. Informaci\u00f3n importante sobre la entrega en otros pa\u00edses En los env\u00edos internacionales pueden aplicarse peajes, impuestos y otras tasas no indicadas en el precio total. Opciones de entrega Opci\u00f3n Zapatos y bolsos Imprime Plazo de [&hellip;]\" \/>\n<meta property=\"og:url\" content=\"https:\/\/www.resail.org\/es\/politica-de-entregas\/\" \/>\n<meta property=\"og:site_name\" content=\"Resail\" \/>\n<meta property=\"article:modified_time\" content=\"2025-09-04T09:50:16+00:00\" \/>\n<meta name=\"twitter:card\" content=\"summary_large_image\" \/>\n<meta name=\"twitter:label1\" content=\"Tiempo de lectura\" \/>\n\t<meta name=\"twitter:data1\" content=\"1 minuto\" \/>\n<script type=\"application\/ld+json\" class=\"yoast-schema-graph\">{\"@context\":\"https:\/\/schema.org\",\"@graph\":[{\"@type\":\"WebPage\",\"@id\":\"https:\/\/www.resail.org\/es\/politica-de-entregas\/\",\"url\":\"https:\/\/www.resail.org\/es\/politica-de-entregas\/\",\"name\":\"Pol\u00edtica de entregas - Resail\",\"isPartOf\":{\"@id\":\"https:\/\/www.resail.org\/es\/#website\"},\"datePublished\":\"2022-11-25T14:48:29+00:00\",\"dateModified\":\"2025-09-04T09:50:16+00:00\",\"breadcrumb\":{\"@id\":\"https:\/\/www.resail.org\/es\/politica-de-entregas\/#breadcrumb\"},\"inLanguage\":\"es\",\"potentialAction\":[{\"@type\":\"ReadAction\",\"target\":[\"https:\/\/www.resail.org\/es\/politica-de-entregas\/\"]}]},{\"@type\":\"BreadcrumbList\",\"@id\":\"https:\/\/www.resail.org\/es\/politica-de-entregas\/#breadcrumb\",\"itemListElement\":[{\"@type\":\"ListItem\",\"position\":1,\"name\":\"Home\",\"item\":\"https:\/\/www.resail.org\/es\/inicio\/\"},{\"@type\":\"ListItem\",\"position\":2,\"name\":\"Pol\u00edtica de entregas\"}]},{\"@type\":\"WebSite\",\"@id\":\"https:\/\/www.resail.org\/es\/#website\",\"url\":\"https:\/\/www.resail.org\/es\/\",\"name\":\"Resail\",\"description\":\"\",\"publisher\":{\"@id\":\"https:\/\/www.resail.org\/es\/#organization\"},\"potentialAction\":[{\"@type\":\"SearchAction\",\"target\":{\"@type\":\"EntryPoint\",\"urlTemplate\":\"https:\/\/www.resail.org\/es\/?s={search_term_string}\"},\"query-input\":{\"@type\":\"PropertyValueSpecification\",\"valueRequired\":true,\"valueName\":\"search_term_string\"}}],\"inLanguage\":\"es\"},{\"@type\":\"Organization\",\"@id\":\"https:\/\/www.resail.org\/es\/#organization\",\"name\":\"Resail\",\"url\":\"https:\/\/www.resail.org\/es\/\",\"logo\":{\"@type\":\"ImageObject\",\"inLanguage\":\"es\",\"@id\":\"https:\/\/www.resail.org\/es\/#\/schema\/logo\/image\/\",\"url\":\"https:\/\/www.resail.org\/wp-content\/uploads\/2024\/04\/cropped-Resail_logo_staand.png\",\"contentUrl\":\"https:\/\/www.resail.org\/wp-content\/uploads\/2024\/04\/cropped-Resail_logo_staand.png\",\"width\":512,\"height\":512,\"caption\":\"Resail\"},\"image\":{\"@id\":\"https:\/\/www.resail.org\/es\/#\/schema\/logo\/image\/\"}}]}<\/script>\n<!-- \/ Yoast SEO plugin. -->","yoast_head_json":{"title":"Pol\u00edtica de entregas - Resail","robots":{"index":"index","follow":"follow","max-snippet":"max-snippet:-1","max-image-preview":"max-image-preview:large","max-video-preview":"max-video-preview:-1"},"canonical":"https:\/\/www.resail.org\/es\/politica-de-entregas\/","og_locale":"es_ES","og_type":"article","og_title":"Pol\u00edtica de entregas - Resail","og_description":"Pol\u00edtica de entregas En la tabla siguiente se indican las opciones de entrega, los costes y los plazos de entrega. Informaci\u00f3n importante sobre la entrega en otros pa\u00edses En los env\u00edos internacionales pueden aplicarse peajes, impuestos y otras tasas no indicadas en el precio total. Opciones de entrega Opci\u00f3n Zapatos y bolsos Imprime Plazo de [&hellip;]","og_url":"https:\/\/www.resail.org\/es\/politica-de-entregas\/","og_site_name":"Resail","article_modified_time":"2025-09-04T09:50:16+00:00","twitter_card":"summary_large_image","twitter_misc":{"Tiempo de lectura":"1 minuto"},"schema":{"@context":"https:\/\/schema.org","@graph":[{"@type":"WebPage","@id":"https:\/\/www.resail.org\/es\/politica-de-entregas\/","url":"https:\/\/www.resail.org\/es\/politica-de-entregas\/","name":"Pol\u00edtica de entregas - Resail","isPartOf":{"@id":"https:\/\/www.resail.org\/es\/#website"},"datePublished":"2022-11-25T14:48:29+00:00","dateModified":"2025-09-04T09:50:16+00:00","breadcrumb":{"@id":"https:\/\/www.resail.org\/es\/politica-de-entregas\/#breadcrumb"},"inLanguage":"es","potentialAction":[{"@type":"ReadAction","target":["https:\/\/www.resail.org\/es\/politica-de-entregas\/"]}]},{"@type":"BreadcrumbList","@id":"https:\/\/www.resail.org\/es\/politica-de-entregas\/#breadcrumb","itemListElement":[{"@type":"ListItem","position":1,"name":"Home","item":"https:\/\/www.resail.org\/es\/inicio\/"},{"@type":"ListItem","position":2,"name":"Pol\u00edtica de entregas"}]},{"@type":"WebSite","@id":"https:\/\/www.resail.org\/es\/#website","url":"https:\/\/www.resail.org\/es\/","name":"Resail","description":"","publisher":{"@id":"https:\/\/www.resail.org\/es\/#organization"},"potentialAction":[{"@type":"SearchAction","target":{"@type":"EntryPoint","urlTemplate":"https:\/\/www.resail.org\/es\/?s={search_term_string}"},"query-input":{"@type":"PropertyValueSpecification","valueRequired":true,"valueName":"search_term_string"}}],"inLanguage":"es"},{"@type":"Organization","@id":"https:\/\/www.resail.org\/es\/#organization","name":"Resail","url":"https:\/\/www.resail.org\/es\/","logo":{"@type":"ImageObject","inLanguage":"es","@id":"https:\/\/www.resail.org\/es\/#\/schema\/logo\/image\/","url":"https:\/\/www.resail.org\/wp-content\/uploads\/2024\/04\/cropped-Resail_logo_staand.png","contentUrl":"https:\/\/www.resail.org\/wp-content\/uploads\/2024\/04\/cropped-Resail_logo_staand.png","width":512,"height":512,"caption":"Resail"},"image":{"@id":"https:\/\/www.resail.org\/es\/#\/schema\/logo\/image\/"}}]}},"_links":{"self":[{"href":"https:\/\/www.resail.org\/es\/wp-json\/wp\/v2\/pages\/55842","targetHints":{"allow":["GET"]}}],"collection":[{"href":"https:\/\/www.resail.org\/es\/wp-json\/wp\/v2\/pages"}],"about":[{"href":"https:\/\/www.resail.org\/es\/wp-json\/wp\/v2\/types\/page"}],"author":[{"embeddable":true,"href":"https:\/\/www.resail.org\/es\/wp-json\/wp\/v2\/users\/16"}],"replies":[{"embeddable":true,"href":"https:\/\/www.resail.org\/es\/wp-json\/wp\/v2\/comments?post=55842"}],"version-history":[{"count":1,"href":"https:\/\/www.resail.org\/es\/wp-json\/wp\/v2\/pages\/55842\/revisions"}],"predecessor-version":[{"id":55844,"href":"https:\/\/www.resail.org\/es\/wp-json\/wp\/v2\/pages\/55842\/revisions\/55844"}],"wp:attachment":[{"href":"https:\/\/www.resail.org\/es\/wp-json\/wp\/v2\/media?parent=55842"}],"curies":[{"name":"wp","href":"https:\/\/api.w.org\/{rel}","templated":true}]}}