  {"id":59857,"date":"2024-10-25T14:03:52","date_gmt":"2024-10-25T12:03:52","guid":{"rendered":"https:\/\/www.resail.org\/investiga\/"},"modified":"2026-01-21T14:11:15","modified_gmt":"2026-01-21T13:11:15","slug":"investiga","status":"publish","type":"page","link":"https:\/\/www.resail.org\/es\/investiga\/","title":{"rendered":"Investiga"},"content":{"rendered":"\t\t<div data-elementor-type=\"wp-page\" data-elementor-id=\"59857\" class=\"elementor elementor-59857 elementor-4427\" data-elementor-post-type=\"page\">\n\t\t\t\t<div class=\"elementor-element elementor-element-8265d5d e-flex e-con-boxed e-con e-parent\" data-id=\"8265d5d\" data-element_type=\"container\" data-e-type=\"container\" data-settings=\"{&quot;background_background&quot;:&quot;classic&quot;}\">\n\t\t\t\t\t<div class=\"e-con-inner\">\n\t\t<div class=\"elementor-element elementor-element-816e122 e-con-full e-flex e-con e-child\" data-id=\"816e122\" data-element_type=\"container\" data-e-type=\"container\">\n\t\t\t\t<div class=\"elementor-element elementor-element-7cf30ca elementor-widget elementor-widget-text-editor\" data-id=\"7cf30ca\" data-element_type=\"widget\" data-e-type=\"widget\" data-widget_type=\"text-editor.default\">\n\t\t\t\t<div class=\"elementor-widget-container\">\n\t\t\t\t\t\t\t\t\t<p class=\"has-background-color has-text-color\">\u00bfQui\u00e9nes son los grandes nombres del sector, qu\u00e9 materiales se utilizan y hasta qu\u00e9 punto es sostenible esta parte de nuestro pasatiempo e\u00f3lico?<\/p><p class=\"has-background-color has-text-color\">Lee nuestro libro blanco.<\/p>\t\t\t\t\t\t\t\t<\/div>\n\t\t\t\t<\/div>\n\t\t\t\t<div class=\"elementor-element elementor-element-3a4b78d elementor-button-align-start elementor-widget elementor-widget-form\" data-id=\"3a4b78d\" data-element_type=\"widget\" data-e-type=\"widget\" data-settings=\"{&quot;step_next_label&quot;:&quot;Siguiente&quot;,&quot;step_previous_label&quot;:&quot;Anterior&quot;,&quot;button_width&quot;:&quot;100&quot;,&quot;step_type&quot;:&quot;number_text&quot;,&quot;step_icon_shape&quot;:&quot;circle&quot;}\" data-widget_type=\"form.default\">\n\t\t\t\t<div class=\"elementor-widget-container\">\n\t\t\t\t\t\t\t<form class=\"elementor-form\" method=\"post\" name=\"Formulario del Libro Blanco\" aria-label=\"Formulario del Libro Blanco\">\n\t\t\t<input type=\"hidden\" name=\"post_id\" value=\"59857\"\/>\n\t\t\t<input type=\"hidden\" name=\"form_id\" value=\"3a4b78d\"\/>\n\t\t\t<input type=\"hidden\" name=\"referer_title\" value=\"Investiga - Resail\" \/>\n\n\t\t\t\t\t\t\t<input type=\"hidden\" name=\"queried_id\" value=\"59857\"\/>\n\t\t\t\n\t\t\t<div class=\"elementor-form-fields-wrapper elementor-labels-above\">\n\t\t\t\t\t\t\t\t<div class=\"elementor-field-type-email elementor-field-group elementor-column elementor-field-group-email elementor-col-100 elementor-field-required\">\n\t\t\t\t\t\t\t\t\t\t\t\t<label for=\"form-field-email\" class=\"elementor-field-label\">\n\t\t\t\t\t\t\t\tEnv\u00eda un correo electr\u00f3nico a\t\t\t\t\t\t\t<\/label>\n\t\t\t\t\t\t\t\t\t\t\t\t\t\t<input size=\"1\" type=\"email\" name=\"form_fields[email]\" id=\"form-field-email\" class=\"elementor-field elementor-size-sm  elementor-field-textual\" placeholder=\"Env\u00eda un correo electr\u00f3nico a\" required=\"required\">\n\t\t\t\t\t\t\t\t\t\t\t<\/div>\n\t\t\t\t\t\t\t\t<div class=\"elementor-field-group elementor-column elementor-field-type-submit elementor-col-100 e-form__buttons\">\n\t\t\t\t\t<button class=\"elementor-button elementor-size-sm elementor-animation-grow\" type=\"submit\">\n\t\t\t\t\t\t<span class=\"elementor-button-content-wrapper\">\n\t\t\t\t\t\t\t\t\t\t\t\t\t\t\t\t\t\t\t\t\t\t<span class=\"elementor-button-text\">Descargar aqu\u00ed<\/span>\n\t\t\t\t\t\t\t\t\t\t\t\t\t<\/span>\n\t\t\t\t\t<\/button>\n\t\t\t\t<\/div>\n\t\t\t<\/div>\n\t\t<\/form>\n\t\t\t\t\t\t<\/div>\n\t\t\t\t<\/div>\n\t\t\t\t<div class=\"elementor-element elementor-element-f17a890 elementor-hidden-desktop elementor-hidden-laptop elementor-hidden-tablet_extra elementor-hidden-tablet elementor-hidden-mobile_extra elementor-hidden-mobile elementor-widget elementor-widget-button\" data-id=\"f17a890\" data-element_type=\"widget\" data-e-type=\"widget\" data-widget_type=\"button.default\">\n\t\t\t\t<div class=\"elementor-widget-container\">\n\t\t\t\t\t\t\t\t\t<div class=\"elementor-button-wrapper\">\n\t\t\t\t\t<a class=\"elementor-button elementor-button-link elementor-size-sm elementor-animation-grow\" href=\"https:\/\/www.resail.org\/wp-content\/uploads\/2022\/11\/Resail-Whitepaper.pdf\">\n\t\t\t\t\t\t<span class=\"elementor-button-content-wrapper\">\n\t\t\t\t\t\t\t\t\t<span class=\"elementor-button-text\">Descargar aqu\u00ed<\/span>\n\t\t\t\t\t<\/span>\n\t\t\t\t\t<\/a>\n\t\t\t\t<\/div>\n\t\t\t\t\t\t\t\t<\/div>\n\t\t\t\t<\/div>\n\t\t\t\t<\/div>\n\t\t<div class=\"elementor-element elementor-element-113f3f8 e-con-full e-flex e-con e-child\" data-id=\"113f3f8\" data-element_type=\"container\" data-e-type=\"container\">\n\t\t\t\t<div class=\"elementor-element elementor-element-813a81d elementor-widget elementor-widget-image\" data-id=\"813a81d\" data-element_type=\"widget\" data-e-type=\"widget\" data-widget_type=\"image.default\">\n\t\t\t\t<div class=\"elementor-widget-container\">\n\t\t\t\t\t\t\t\t\t\t\t\t\t\t\t<img fetchpriority=\"high\" decoding=\"async\" width=\"650\" height=\"475\" src=\"https:\/\/www.resail.org\/wp-content\/uploads\/2024\/10\/Industry-has-a-huge-ecological-footprint.jpg\" class=\"attachment-large size-large wp-image-22086\" alt=\"Industry-has-a-huge-ecological-footprint\" srcset=\"https:\/\/www.resail.org\/wp-content\/uploads\/2024\/10\/Industry-has-a-huge-ecological-footprint.jpg 650w, https:\/\/www.resail.org\/wp-content\/uploads\/2024\/10\/Industry-has-a-huge-ecological-footprint-300x219.jpg 300w, https:\/\/www.resail.org\/wp-content\/uploads\/2024\/10\/Industry-has-a-huge-ecological-footprint-600x438.jpg 600w\" sizes=\"(max-width: 650px) 100vw, 650px\" \/>\t\t\t\t\t\t\t\t\t\t\t\t\t\t\t<\/div>\n\t\t\t\t<\/div>\n\t\t\t\t<\/div>\n\t\t\t\t\t<\/div>\n\t\t\t\t<\/div>\n\t\t<div class=\"elementor-element elementor-element-f02729b e-flex e-con-boxed e-con e-parent\" data-id=\"f02729b\" data-element_type=\"container\" data-e-type=\"container\">\n\t\t\t\t\t<div class=\"e-con-inner\">\n\t\t<div class=\"elementor-element elementor-element-e02a35b e-con-full e-flex e-con e-child\" data-id=\"e02a35b\" data-element_type=\"container\" data-e-type=\"container\">\n\t\t\t\t<div class=\"elementor-element elementor-element-e020e2c elementor-widget elementor-widget-heading\" data-id=\"e020e2c\" data-element_type=\"widget\" data-e-type=\"widget\" data-widget_type=\"heading.default\">\n\t\t\t\t<div class=\"elementor-widget-container\">\n\t\t\t\t\t<h1 class=\"elementor-heading-title elementor-size-default\">Investiga<\/h1>\t\t\t\t<\/div>\n\t\t\t\t<\/div>\n\t\t\t\t<div class=\"elementor-element elementor-element-6a6c2c4 elementor-widget elementor-widget-text-editor\" data-id=\"6a6c2c4\" data-element_type=\"widget\" data-e-type=\"widget\" data-widget_type=\"text-editor.default\">\n\t\t\t\t<div class=\"elementor-widget-container\">\n\t\t\t\t\t\t\t\t\t<p>El desarrollo de los pl\u00e1sticos desde 1945 ha dado a la industria de la fabricaci\u00f3n de velas infinitas oportunidades para desarrollar velas mejores, m\u00e1s r\u00e1pidas y m\u00e1s duraderas. Como muchas industrias, los artesanos locales han desaparecido y han sido sustituidos por actores globales que fabrican principalmente velas en pa\u00edses de renta baja. Los palomares locales son ahora centros de servicio o se centran en fabricar cubiertas, capotas y reparaciones.  <\/p><p>Esta industria tiene una enorme huella ecol\u00f3gica al utilizar grandes plantas, muchos productos qu\u00edmicos y el reciclaje no forma parte del modelo empresarial. Por el futuro de nuestro planeta y de la industria de los deportes acu\u00e1ticos, tenemos que cambiar esto. <\/p>\t\t\t\t\t\t\t\t<\/div>\n\t\t\t\t<\/div>\n\t\t\t\t<\/div>\n\t\t<div class=\"elementor-element elementor-element-af6866e e-con-full e-flex e-con e-child\" data-id=\"af6866e\" data-element_type=\"container\" data-e-type=\"container\">\n\t\t\t\t<div class=\"elementor-element elementor-element-1a5127f elementor-widget elementor-widget-image\" data-id=\"1a5127f\" data-element_type=\"widget\" data-e-type=\"widget\" data-widget_type=\"image.default\">\n\t\t\t\t<div class=\"elementor-widget-container\">\n\t\t\t\t\t\t\t\t\t\t\t\t\t\t\t<img decoding=\"async\" width=\"640\" height=\"640\" src=\"https:\/\/www.resail.org\/wp-content\/uploads\/2024\/10\/ReSail-academy.jpg\" class=\"attachment-large size-large wp-image-22070\" alt=\"ReSail-academy\" srcset=\"https:\/\/www.resail.org\/wp-content\/uploads\/2024\/10\/ReSail-academy.jpg 640w, https:\/\/www.resail.org\/wp-content\/uploads\/2024\/10\/ReSail-academy-300x300.jpg 300w, https:\/\/www.resail.org\/wp-content\/uploads\/2024\/10\/ReSail-academy-150x150.jpg 150w, https:\/\/www.resail.org\/wp-content\/uploads\/2024\/10\/ReSail-academy-600x600.jpg 600w, https:\/\/www.resail.org\/wp-content\/uploads\/2024\/10\/ReSail-academy-100x100.jpg 100w\" sizes=\"(max-width: 640px) 100vw, 640px\" \/>\t\t\t\t\t\t\t\t\t\t\t\t\t\t\t<\/div>\n\t\t\t\t<\/div>\n\t\t\t\t<\/div>\n\t\t\t\t\t<\/div>\n\t\t\t\t<\/div>\n\t\t\t\t<\/div>\n\t\t","protected":false},"excerpt":{"rendered":"<p>\u00bfQui\u00e9nes son los grandes nombres del sector, qu\u00e9 materiales se utilizan y hasta qu\u00e9 punto es sostenible esta parte de nuestro pasatiempo e\u00f3lico? Lee nuestro libro blanco. Descargar aqu\u00ed Investiga El desarrollo de los pl\u00e1sticos desde 1945 ha dado a la industria de la fabricaci\u00f3n de velas infinitas oportunidades para desarrollar velas mejores, m\u00e1s r\u00e1pidas [&hellip;]<\/p>\n","protected":false},"author":16,"featured_media":0,"parent":0,"menu_order":0,"comment_status":"closed","ping_status":"closed","template":"","meta":{"_acf_changed":false,"footnotes":""},"class_list":["post-59857","page","type-page","status-publish","hentry"],"acf":[],"yoast_head":"<!-- This site is optimized with the Yoast SEO plugin v27.2 - https:\/\/yoast.com\/product\/yoast-seo-wordpress\/ -->\n<title>Investiga - Resail<\/title>\n<meta name=\"robots\" content=\"index, follow, max-snippet:-1, max-image-preview:large, max-video-preview:-1\" \/>\n<link rel=\"canonical\" href=\"https:\/\/www.resail.org\/es\/investiga\/\" \/>\n<meta property=\"og:locale\" content=\"es_ES\" \/>\n<meta property=\"og:type\" content=\"article\" \/>\n<meta property=\"og:title\" content=\"Investiga - Resail\" \/>\n<meta property=\"og:description\" content=\"\u00bfQui\u00e9nes son los grandes nombres del sector, qu\u00e9 materiales se utilizan y hasta qu\u00e9 punto es sostenible esta parte de nuestro pasatiempo e\u00f3lico? Lee nuestro libro blanco. Descargar aqu\u00ed Investiga El desarrollo de los pl\u00e1sticos desde 1945 ha dado a la industria de la fabricaci\u00f3n de velas infinitas oportunidades para desarrollar velas mejores, m\u00e1s r\u00e1pidas [&hellip;]\" \/>\n<meta property=\"og:url\" content=\"https:\/\/www.resail.org\/es\/investiga\/\" \/>\n<meta property=\"og:site_name\" content=\"Resail\" \/>\n<meta property=\"article:modified_time\" content=\"2026-01-21T13:11:15+00:00\" \/>\n<meta property=\"og:image\" content=\"https:\/\/www.resail.org\/wp-content\/uploads\/2024\/10\/Industry-has-a-huge-ecological-footprint.jpg\" \/>\n\t<meta property=\"og:image:width\" content=\"650\" \/>\n\t<meta property=\"og:image:height\" content=\"475\" \/>\n\t<meta property=\"og:image:type\" content=\"image\/jpeg\" \/>\n<meta name=\"twitter:card\" content=\"summary_large_image\" \/>\n<meta name=\"twitter:label1\" content=\"Tiempo de lectura\" \/>\n\t<meta name=\"twitter:data1\" content=\"1 minuto\" \/>\n<script type=\"application\/ld+json\" class=\"yoast-schema-graph\">{\"@context\":\"https:\/\/schema.org\",\"@graph\":[{\"@type\":\"WebPage\",\"@id\":\"https:\/\/www.resail.org\/es\/investiga\/\",\"url\":\"https:\/\/www.resail.org\/es\/investiga\/\",\"name\":\"Investiga - Resail\",\"isPartOf\":{\"@id\":\"https:\/\/www.resail.org\/es\/#website\"},\"primaryImageOfPage\":{\"@id\":\"https:\/\/www.resail.org\/es\/investiga\/#primaryimage\"},\"image\":{\"@id\":\"https:\/\/www.resail.org\/es\/investiga\/#primaryimage\"},\"thumbnailUrl\":\"https:\/\/www.resail.org\/wp-content\/uploads\/2024\/10\/Industry-has-a-huge-ecological-footprint.jpg\",\"datePublished\":\"2024-10-25T12:03:52+00:00\",\"dateModified\":\"2026-01-21T13:11:15+00:00\",\"breadcrumb\":{\"@id\":\"https:\/\/www.resail.org\/es\/investiga\/#breadcrumb\"},\"inLanguage\":\"es\",\"potentialAction\":[{\"@type\":\"ReadAction\",\"target\":[\"https:\/\/www.resail.org\/es\/investiga\/\"]}]},{\"@type\":\"ImageObject\",\"inLanguage\":\"es\",\"@id\":\"https:\/\/www.resail.org\/es\/investiga\/#primaryimage\",\"url\":\"https:\/\/www.resail.org\/wp-content\/uploads\/2024\/10\/Industry-has-a-huge-ecological-footprint.jpg\",\"contentUrl\":\"https:\/\/www.resail.org\/wp-content\/uploads\/2024\/10\/Industry-has-a-huge-ecological-footprint.jpg\"},{\"@type\":\"BreadcrumbList\",\"@id\":\"https:\/\/www.resail.org\/es\/investiga\/#breadcrumb\",\"itemListElement\":[{\"@type\":\"ListItem\",\"position\":1,\"name\":\"Home\",\"item\":\"https:\/\/www.resail.org\/es\/inicio\/\"},{\"@type\":\"ListItem\",\"position\":2,\"name\":\"Investiga\"}]},{\"@type\":\"WebSite\",\"@id\":\"https:\/\/www.resail.org\/es\/#website\",\"url\":\"https:\/\/www.resail.org\/es\/\",\"name\":\"Resail\",\"description\":\"\",\"publisher\":{\"@id\":\"https:\/\/www.resail.org\/es\/#organization\"},\"potentialAction\":[{\"@type\":\"SearchAction\",\"target\":{\"@type\":\"EntryPoint\",\"urlTemplate\":\"https:\/\/www.resail.org\/es\/?s={search_term_string}\"},\"query-input\":{\"@type\":\"PropertyValueSpecification\",\"valueRequired\":true,\"valueName\":\"search_term_string\"}}],\"inLanguage\":\"es\"},{\"@type\":\"Organization\",\"@id\":\"https:\/\/www.resail.org\/es\/#organization\",\"name\":\"Resail\",\"url\":\"https:\/\/www.resail.org\/es\/\",\"logo\":{\"@type\":\"ImageObject\",\"inLanguage\":\"es\",\"@id\":\"https:\/\/www.resail.org\/es\/#\/schema\/logo\/image\/\",\"url\":\"https:\/\/www.resail.org\/wp-content\/uploads\/2024\/04\/cropped-Resail_logo_staand.png\",\"contentUrl\":\"https:\/\/www.resail.org\/wp-content\/uploads\/2024\/04\/cropped-Resail_logo_staand.png\",\"width\":512,\"height\":512,\"caption\":\"Resail\"},\"image\":{\"@id\":\"https:\/\/www.resail.org\/es\/#\/schema\/logo\/image\/\"}}]}<\/script>\n<!-- \/ Yoast SEO plugin. -->","yoast_head_json":{"title":"Investiga - Resail","robots":{"index":"index","follow":"follow","max-snippet":"max-snippet:-1","max-image-preview":"max-image-preview:large","max-video-preview":"max-video-preview:-1"},"canonical":"https:\/\/www.resail.org\/es\/investiga\/","og_locale":"es_ES","og_type":"article","og_title":"Investiga - Resail","og_description":"\u00bfQui\u00e9nes son los grandes nombres del sector, qu\u00e9 materiales se utilizan y hasta qu\u00e9 punto es sostenible esta parte de nuestro pasatiempo e\u00f3lico? Lee nuestro libro blanco. Descargar aqu\u00ed Investiga El desarrollo de los pl\u00e1sticos desde 1945 ha dado a la industria de la fabricaci\u00f3n de velas infinitas oportunidades para desarrollar velas mejores, m\u00e1s r\u00e1pidas [&hellip;]","og_url":"https:\/\/www.resail.org\/es\/investiga\/","og_site_name":"Resail","article_modified_time":"2026-01-21T13:11:15+00:00","og_image":[{"width":650,"height":475,"url":"https:\/\/www.resail.org\/wp-content\/uploads\/2024\/10\/Industry-has-a-huge-ecological-footprint.jpg","type":"image\/jpeg"}],"twitter_card":"summary_large_image","twitter_misc":{"Tiempo de lectura":"1 minuto"},"schema":{"@context":"https:\/\/schema.org","@graph":[{"@type":"WebPage","@id":"https:\/\/www.resail.org\/es\/investiga\/","url":"https:\/\/www.resail.org\/es\/investiga\/","name":"Investiga - Resail","isPartOf":{"@id":"https:\/\/www.resail.org\/es\/#website"},"primaryImageOfPage":{"@id":"https:\/\/www.resail.org\/es\/investiga\/#primaryimage"},"image":{"@id":"https:\/\/www.resail.org\/es\/investiga\/#primaryimage"},"thumbnailUrl":"https:\/\/www.resail.org\/wp-content\/uploads\/2024\/10\/Industry-has-a-huge-ecological-footprint.jpg","datePublished":"2024-10-25T12:03:52+00:00","dateModified":"2026-01-21T13:11:15+00:00","breadcrumb":{"@id":"https:\/\/www.resail.org\/es\/investiga\/#breadcrumb"},"inLanguage":"es","potentialAction":[{"@type":"ReadAction","target":["https:\/\/www.resail.org\/es\/investiga\/"]}]},{"@type":"ImageObject","inLanguage":"es","@id":"https:\/\/www.resail.org\/es\/investiga\/#primaryimage","url":"https:\/\/www.resail.org\/wp-content\/uploads\/2024\/10\/Industry-has-a-huge-ecological-footprint.jpg","contentUrl":"https:\/\/www.resail.org\/wp-content\/uploads\/2024\/10\/Industry-has-a-huge-ecological-footprint.jpg"},{"@type":"BreadcrumbList","@id":"https:\/\/www.resail.org\/es\/investiga\/#breadcrumb","itemListElement":[{"@type":"ListItem","position":1,"name":"Home","item":"https:\/\/www.resail.org\/es\/inicio\/"},{"@type":"ListItem","position":2,"name":"Investiga"}]},{"@type":"WebSite","@id":"https:\/\/www.resail.org\/es\/#website","url":"https:\/\/www.resail.org\/es\/","name":"Resail","description":"","publisher":{"@id":"https:\/\/www.resail.org\/es\/#organization"},"potentialAction":[{"@type":"SearchAction","target":{"@type":"EntryPoint","urlTemplate":"https:\/\/www.resail.org\/es\/?s={search_term_string}"},"query-input":{"@type":"PropertyValueSpecification","valueRequired":true,"valueName":"search_term_string"}}],"inLanguage":"es"},{"@type":"Organization","@id":"https:\/\/www.resail.org\/es\/#organization","name":"Resail","url":"https:\/\/www.resail.org\/es\/","logo":{"@type":"ImageObject","inLanguage":"es","@id":"https:\/\/www.resail.org\/es\/#\/schema\/logo\/image\/","url":"https:\/\/www.resail.org\/wp-content\/uploads\/2024\/04\/cropped-Resail_logo_staand.png","contentUrl":"https:\/\/www.resail.org\/wp-content\/uploads\/2024\/04\/cropped-Resail_logo_staand.png","width":512,"height":512,"caption":"Resail"},"image":{"@id":"https:\/\/www.resail.org\/es\/#\/schema\/logo\/image\/"}}]}},"_links":{"self":[{"href":"https:\/\/www.resail.org\/es\/wp-json\/wp\/v2\/pages\/59857","targetHints":{"allow":["GET"]}}],"collection":[{"href":"https:\/\/www.resail.org\/es\/wp-json\/wp\/v2\/pages"}],"about":[{"href":"https:\/\/www.resail.org\/es\/wp-json\/wp\/v2\/types\/page"}],"author":[{"embeddable":true,"href":"https:\/\/www.resail.org\/es\/wp-json\/wp\/v2\/users\/16"}],"replies":[{"embeddable":true,"href":"https:\/\/www.resail.org\/es\/wp-json\/wp\/v2\/comments?post=59857"}],"version-history":[{"count":1,"href":"https:\/\/www.resail.org\/es\/wp-json\/wp\/v2\/pages\/59857\/revisions"}],"predecessor-version":[{"id":59858,"href":"https:\/\/www.resail.org\/es\/wp-json\/wp\/v2\/pages\/59857\/revisions\/59858"}],"wp:attachment":[{"href":"https:\/\/www.resail.org\/es\/wp-json\/wp\/v2\/media?parent=59857"}],"curies":[{"name":"wp","href":"https:\/\/api.w.org\/{rel}","templated":true}]}}