  {"id":44911,"date":"2025-01-24T10:20:40","date_gmt":"2025-01-24T09:20:40","guid":{"rendered":"https:\/\/www.resail.org\/product\/copa-de-oro-del-dragon\/"},"modified":"2026-03-18T13:37:24","modified_gmt":"2026-03-18T12:37:24","slug":"copa-de-oro-del-dragon","status":"publish","type":"product","link":"https:\/\/www.resail.org\/es\/product\/copa-de-oro-del-dragon\/","title":{"rendered":"Copa de Oro del Drag\u00f3n"},"content":{"rendered":"<div><span lang=\"EN-GB\">\u00a1S\u00f3lo 1 disponible! O <\/span><span lang=\"EN-GB\">otros tama\u00f1os a petici\u00f3n.<\/span><\/div>\n<p>Tu foto favorita impresa en una vela ganadora. Tama\u00f1o est\u00e1ndar 60\/90 cm en una vela usada de Dacron. Consigue tu propio Trofeo personal, \u00a1env\u00eda tus velas viejas!  <\/p>\n<p>\u00bfQuieres dise\u00f1ar tu propia impresi\u00f3n? A\u00f1ade esta impresi\u00f3n a la cesta de la compra y haz el pedido. El precio es por los derechos de autor exclusivos de tu imagen. Nos pondremos en contacto contigo para personalizar tu impresi\u00f3n.   <\/p>\n","protected":false},"excerpt":{"rendered":"<div><span lang=\"EN-GB\">Colorida imagen de Sander van der Borch durante la Dragon Gold Cup 2019 en Medemblik (Pa\u00edses Bajos). Impresa en una vela de competici\u00f3n de Dacron usada. \/\/ \u00bfTe interesa esta vela? \u00a1Pregunta por nuestra oferta irresistible! (V\u00e1lida hasta el 28 de febrero)Whatsapp: +31641072573<\/span><\/div>\n","protected":false},"featured_media":26390,"comment_status":"closed","ping_status":"closed","template":"","meta":{"_acf_changed":false},"product_brand":[],"product_cat":[2191,2190],"product_tag":[],"class_list":{"0":"post-44911","1":"product","2":"type-product","3":"status-publish","4":"has-post-thumbnail","6":"product_cat-reempaquetar-impresiones","7":"product_cat-reenvasado-por-resail","8":"product_shipping_class-imprime","9":"pa_producer-resail","11":"first","12":"instock","13":"purchasable","14":"product-type-simple"},"acf":[],"yoast_head":"<!-- This site is optimized with the Yoast SEO plugin v27.2 - https:\/\/yoast.com\/product\/yoast-seo-wordpress\/ -->\n<title>Copa de Oro del Drag\u00f3n - Resail<\/title>\n<meta name=\"robots\" content=\"index, follow, max-snippet:-1, max-image-preview:large, max-video-preview:-1\" \/>\n<link rel=\"canonical\" href=\"https:\/\/www.resail.org\/es\/product\/copa-de-oro-del-dragon\/\" \/>\n<meta property=\"og:locale\" content=\"es_ES\" \/>\n<meta property=\"og:type\" content=\"article\" \/>\n<meta property=\"og:title\" content=\"Copa de Oro del Drag\u00f3n - Resail\" \/>\n<meta property=\"og:description\" content=\"Colorida imagen de Sander van der Borch durante la Dragon Gold Cup 2019 en Medemblik (Pa\u00edses Bajos). Impresa en una vela de competici\u00f3n de Dacron usada. \/\/ \u00bfTe interesa esta vela? \u00a1Pregunta por nuestra oferta irresistible! (V\u00e1lida hasta el 28 de febrero)Whatsapp: +31641072573\" \/>\n<meta property=\"og:url\" content=\"https:\/\/www.resail.org\/es\/product\/copa-de-oro-del-dragon\/\" \/>\n<meta property=\"og:site_name\" content=\"Resail\" \/>\n<meta property=\"article:modified_time\" content=\"2026-03-18T12:37:24+00:00\" \/>\n<meta property=\"og:image\" content=\"https:\/\/www.resail.org\/wp-content\/uploads\/2025\/01\/ReSail-Dragon-gold-cup-scaled.jpg\" \/>\n\t<meta property=\"og:image:width\" content=\"2560\" \/>\n\t<meta property=\"og:image:height\" content=\"972\" \/>\n\t<meta property=\"og:image:type\" content=\"image\/jpeg\" \/>\n<meta name=\"twitter:card\" content=\"summary_large_image\" \/>\n<script type=\"application\/ld+json\" class=\"yoast-schema-graph\">{\"@context\":\"https:\/\/schema.org\",\"@graph\":[{\"@type\":\"WebPage\",\"@id\":\"https:\/\/www.resail.org\/es\/product\/copa-de-oro-del-dragon\/\",\"url\":\"https:\/\/www.resail.org\/es\/product\/copa-de-oro-del-dragon\/\",\"name\":\"Copa de Oro del Drag\u00f3n - Resail\",\"isPartOf\":{\"@id\":\"https:\/\/www.resail.org\/es\/#website\"},\"primaryImageOfPage\":{\"@id\":\"https:\/\/www.resail.org\/es\/product\/copa-de-oro-del-dragon\/#primaryimage\"},\"image\":{\"@id\":\"https:\/\/www.resail.org\/es\/product\/copa-de-oro-del-dragon\/#primaryimage\"},\"thumbnailUrl\":\"https:\/\/www.resail.org\/wp-content\/uploads\/2025\/01\/ReSail-Dragon-gold-cup-scaled.jpg\",\"datePublished\":\"2025-01-24T09:20:40+00:00\",\"dateModified\":\"2026-03-18T12:37:24+00:00\",\"breadcrumb\":{\"@id\":\"https:\/\/www.resail.org\/es\/product\/copa-de-oro-del-dragon\/#breadcrumb\"},\"inLanguage\":\"es\",\"potentialAction\":[{\"@type\":\"ReadAction\",\"target\":[\"https:\/\/www.resail.org\/es\/product\/copa-de-oro-del-dragon\/\"]}]},{\"@type\":\"ImageObject\",\"inLanguage\":\"es\",\"@id\":\"https:\/\/www.resail.org\/es\/product\/copa-de-oro-del-dragon\/#primaryimage\",\"url\":\"https:\/\/www.resail.org\/wp-content\/uploads\/2025\/01\/ReSail-Dragon-gold-cup-scaled.jpg\",\"contentUrl\":\"https:\/\/www.resail.org\/wp-content\/uploads\/2025\/01\/ReSail-Dragon-gold-cup-scaled.jpg\",\"width\":2560,\"height\":972},{\"@type\":\"BreadcrumbList\",\"@id\":\"https:\/\/www.resail.org\/es\/product\/copa-de-oro-del-dragon\/#breadcrumb\",\"itemListElement\":[{\"@type\":\"ListItem\",\"position\":1,\"name\":\"Home\",\"item\":\"https:\/\/www.resail.org\/es\/inicio\/\"},{\"@type\":\"ListItem\",\"position\":2,\"name\":\"Tienda\",\"item\":\"https:\/\/www.resail.org\/es\/tienda\/\"},{\"@type\":\"ListItem\",\"position\":3,\"name\":\"Copa de Oro del Drag\u00f3n\"}]},{\"@type\":\"WebSite\",\"@id\":\"https:\/\/www.resail.org\/es\/#website\",\"url\":\"https:\/\/www.resail.org\/es\/\",\"name\":\"Resail\",\"description\":\"\",\"publisher\":{\"@id\":\"https:\/\/www.resail.org\/es\/#organization\"},\"potentialAction\":[{\"@type\":\"SearchAction\",\"target\":{\"@type\":\"EntryPoint\",\"urlTemplate\":\"https:\/\/www.resail.org\/es\/?s={search_term_string}\"},\"query-input\":{\"@type\":\"PropertyValueSpecification\",\"valueRequired\":true,\"valueName\":\"search_term_string\"}}],\"inLanguage\":\"es\"},{\"@type\":\"Organization\",\"@id\":\"https:\/\/www.resail.org\/es\/#organization\",\"name\":\"Resail\",\"url\":\"https:\/\/www.resail.org\/es\/\",\"logo\":{\"@type\":\"ImageObject\",\"inLanguage\":\"es\",\"@id\":\"https:\/\/www.resail.org\/es\/#\/schema\/logo\/image\/\",\"url\":\"https:\/\/www.resail.org\/wp-content\/uploads\/2024\/04\/cropped-Resail_logo_staand.png\",\"contentUrl\":\"https:\/\/www.resail.org\/wp-content\/uploads\/2024\/04\/cropped-Resail_logo_staand.png\",\"width\":512,\"height\":512,\"caption\":\"Resail\"},\"image\":{\"@id\":\"https:\/\/www.resail.org\/es\/#\/schema\/logo\/image\/\"}}]}<\/script>\n<!-- \/ Yoast SEO plugin. -->","yoast_head_json":{"title":"Copa de Oro del Drag\u00f3n - Resail","robots":{"index":"index","follow":"follow","max-snippet":"max-snippet:-1","max-image-preview":"max-image-preview:large","max-video-preview":"max-video-preview:-1"},"canonical":"https:\/\/www.resail.org\/es\/product\/copa-de-oro-del-dragon\/","og_locale":"es_ES","og_type":"article","og_title":"Copa de Oro del Drag\u00f3n - Resail","og_description":"Colorida imagen de Sander van der Borch durante la Dragon Gold Cup 2019 en Medemblik (Pa\u00edses Bajos). Impresa en una vela de competici\u00f3n de Dacron usada. \/\/ \u00bfTe interesa esta vela? \u00a1Pregunta por nuestra oferta irresistible! (V\u00e1lida hasta el 28 de febrero)Whatsapp: +31641072573","og_url":"https:\/\/www.resail.org\/es\/product\/copa-de-oro-del-dragon\/","og_site_name":"Resail","article_modified_time":"2026-03-18T12:37:24+00:00","og_image":[{"width":2560,"height":972,"url":"https:\/\/www.resail.org\/wp-content\/uploads\/2025\/01\/ReSail-Dragon-gold-cup-scaled.jpg","type":"image\/jpeg"}],"twitter_card":"summary_large_image","schema":{"@context":"https:\/\/schema.org","@graph":[{"@type":"WebPage","@id":"https:\/\/www.resail.org\/es\/product\/copa-de-oro-del-dragon\/","url":"https:\/\/www.resail.org\/es\/product\/copa-de-oro-del-dragon\/","name":"Copa de Oro del Drag\u00f3n - Resail","isPartOf":{"@id":"https:\/\/www.resail.org\/es\/#website"},"primaryImageOfPage":{"@id":"https:\/\/www.resail.org\/es\/product\/copa-de-oro-del-dragon\/#primaryimage"},"image":{"@id":"https:\/\/www.resail.org\/es\/product\/copa-de-oro-del-dragon\/#primaryimage"},"thumbnailUrl":"https:\/\/www.resail.org\/wp-content\/uploads\/2025\/01\/ReSail-Dragon-gold-cup-scaled.jpg","datePublished":"2025-01-24T09:20:40+00:00","dateModified":"2026-03-18T12:37:24+00:00","breadcrumb":{"@id":"https:\/\/www.resail.org\/es\/product\/copa-de-oro-del-dragon\/#breadcrumb"},"inLanguage":"es","potentialAction":[{"@type":"ReadAction","target":["https:\/\/www.resail.org\/es\/product\/copa-de-oro-del-dragon\/"]}]},{"@type":"ImageObject","inLanguage":"es","@id":"https:\/\/www.resail.org\/es\/product\/copa-de-oro-del-dragon\/#primaryimage","url":"https:\/\/www.resail.org\/wp-content\/uploads\/2025\/01\/ReSail-Dragon-gold-cup-scaled.jpg","contentUrl":"https:\/\/www.resail.org\/wp-content\/uploads\/2025\/01\/ReSail-Dragon-gold-cup-scaled.jpg","width":2560,"height":972},{"@type":"BreadcrumbList","@id":"https:\/\/www.resail.org\/es\/product\/copa-de-oro-del-dragon\/#breadcrumb","itemListElement":[{"@type":"ListItem","position":1,"name":"Home","item":"https:\/\/www.resail.org\/es\/inicio\/"},{"@type":"ListItem","position":2,"name":"Tienda","item":"https:\/\/www.resail.org\/es\/tienda\/"},{"@type":"ListItem","position":3,"name":"Copa de Oro del Drag\u00f3n"}]},{"@type":"WebSite","@id":"https:\/\/www.resail.org\/es\/#website","url":"https:\/\/www.resail.org\/es\/","name":"Resail","description":"","publisher":{"@id":"https:\/\/www.resail.org\/es\/#organization"},"potentialAction":[{"@type":"SearchAction","target":{"@type":"EntryPoint","urlTemplate":"https:\/\/www.resail.org\/es\/?s={search_term_string}"},"query-input":{"@type":"PropertyValueSpecification","valueRequired":true,"valueName":"search_term_string"}}],"inLanguage":"es"},{"@type":"Organization","@id":"https:\/\/www.resail.org\/es\/#organization","name":"Resail","url":"https:\/\/www.resail.org\/es\/","logo":{"@type":"ImageObject","inLanguage":"es","@id":"https:\/\/www.resail.org\/es\/#\/schema\/logo\/image\/","url":"https:\/\/www.resail.org\/wp-content\/uploads\/2024\/04\/cropped-Resail_logo_staand.png","contentUrl":"https:\/\/www.resail.org\/wp-content\/uploads\/2024\/04\/cropped-Resail_logo_staand.png","width":512,"height":512,"caption":"Resail"},"image":{"@id":"https:\/\/www.resail.org\/es\/#\/schema\/logo\/image\/"}}]}},"_links":{"self":[{"href":"https:\/\/www.resail.org\/es\/wp-json\/wp\/v2\/product\/44911","targetHints":{"allow":["GET"]}}],"collection":[{"href":"https:\/\/www.resail.org\/es\/wp-json\/wp\/v2\/product"}],"about":[{"href":"https:\/\/www.resail.org\/es\/wp-json\/wp\/v2\/types\/product"}],"replies":[{"embeddable":true,"href":"https:\/\/www.resail.org\/es\/wp-json\/wp\/v2\/comments?post=44911"}],"wp:featuredmedia":[{"embeddable":true,"href":"https:\/\/www.resail.org\/es\/wp-json\/wp\/v2\/media\/26390"}],"wp:attachment":[{"href":"https:\/\/www.resail.org\/es\/wp-json\/wp\/v2\/media?parent=44911"}],"wp:term":[{"taxonomy":"product_brand","embeddable":true,"href":"https:\/\/www.resail.org\/es\/wp-json\/wp\/v2\/product_brand?post=44911"},{"taxonomy":"product_cat","embeddable":true,"href":"https:\/\/www.resail.org\/es\/wp-json\/wp\/v2\/product_cat?post=44911"},{"taxonomy":"product_tag","embeddable":true,"href":"https:\/\/www.resail.org\/es\/wp-json\/wp\/v2\/product_tag?post=44911"}],"curies":[{"name":"wp","href":"https:\/\/api.w.org\/{rel}","templated":true}]}}