{"id":44941,"date":"2025-01-24T10:20:42","date_gmt":"2025-01-24T09:20:42","guid":{"rendered":"https:\/\/www.resail.org\/product\/airbag-rojo-gris\/"},"modified":"2025-01-24T10:20:42","modified_gmt":"2025-01-24T09:20:42","slug":"airbag-rojo-gris","status":"publish","type":"product","link":"https:\/\/www.resail.org\/es\/product\/airbag-rojo-gris\/","title":{"rendered":"AIRBAG rojo\/gris"},"content":{"rendered":"<p>Reenvasado por <sup>Resail<\/sup><\/p>\n<p>Las velas Bucket, Shopper y Airbag son fabricadas en Holanda por WerkSaam Westfriesland a partir de velas usadas con pedigr\u00ed y recortes de producci\u00f3n que se evitan que se conviertan en residuos.<\/p>\n<p>WerkSaam proporciona aprendizaje en el puesto de trabajo a personas que tienen dificultades para acceder al mercado laboral. WerkSaam recibi\u00f3 el premio a la \u201cMejor Organizaci\u00f3n Gubernamental 2022\u201d, ver: <a href=\"http:\/\/www.werksaamwf.nl\">www.werksaamwf.nl<\/a> <\/p>\n<p>Las velas proceden de la campa\u00f1a \u201cBrunel\u201d de la Volvo Ocean Race 2018 y de otros barcos de regatas, combinadas con vivos colores de telas de spinnaker que no eran aptas para la fabricaci\u00f3n de velas.<\/p>\n<p>Para la campa\u00f1a Brunel, v\u00e9ase: <a href=\"https:\/\/www.youtube.com\/watch?v=XDrXXvBJxKo\">https:\/\/www.youtube.com\/watch?v=XDrXXvBJxKo<\/a><\/p>\n<p>&nbsp;<\/p>\n<p><u>Plazo de entrega:<\/u> 3-4 d\u00edas<\/p>\n<p><u>Descargo de responsabilidad:<\/u> Las bolsas pueden ser diferentes de las fotos, ya que los materiales usados reales pueden estar parcialmente coloreados debido a la firma del patrocinador.<\/p>\n","protected":false},"excerpt":{"rendered":"<p>Este elegante weekender cabe en el compartimento superior como equipaje de mano durante tu pr\u00f3ximo viaje, pero tambi\u00e9n te acompa\u00f1ar\u00e1 al gimnasio.<\/p>\n<p>La parte superior gris es North 3Di del c\u00f3digo-O de la campa\u00f1a Brunel Volvo Ocean Race 2018. La parte inferior es tela roja de spinnaker de tormenta fuera de especificaci\u00f3n. La cremallera y las asas blancas son nuevas.  <\/p>\n<p><u>Dimensiones; <\/u>El airbag cabe en el compartimento superior como equipaje de mano.<\/p>\n<p><span style=\"color: #ff0000\"><strong>C\u00f3mo conseguir una bolsa Repack gratis:<\/strong><\/span><\/p>\n<p><span style=\"color: #ff0000\">Recomienda a un amigo que compre una copia de <a style=\"color: #ff0000\" href=\"https:\/\/resail.org\/product-categorie\/the-ocean-race\/\">la serie Carreras o Leyendas<\/a> y consigue gratis una <a style=\"color: #ff0000\" href=\"https:\/\/resail.org\/product-categorie\/repack\/repack-bags\/\">bolsa Repack<\/a> de tu elecci\u00f3n.<\/span><\/p>\n<p><span style=\"color: #ff0000\">Ve a nuestra <a style=\"color: #ff0000\" href=\"https:\/\/resail.org\/contact\/\" data-type=\"page\" data-id=\"1033\">p\u00e1gina de contacto<\/a>, introduce tu nombre y direcci\u00f3n de correo electr\u00f3nico. Pon el nombre y la direcci\u00f3n de correo electr\u00f3nico de tus amigos y la bolsa Repack que elijas en el mensaje y pulsa enviar. <\/span><\/p>\n<p><span style=\"color: #ff0000\">S\u00f3lo v\u00e1lido para la compra de <a style=\"color: #ff0000\" href=\"https:\/\/resail.org\/product-categorie\/the-ocean-race\/\">impresiones de La Regata Oce\u00e1nica<\/a>, Leyendas o Carreras, a trav\u00e9s de nuestra <a style=\"color: #ff0000\" href=\"https:\/\/resail.org\/product-categorie\/the-ocean-race\/\">tienda web<\/a>.<\/span><\/p>\n","protected":false},"featured_media":26662,"comment_status":"closed","ping_status":"closed","template":"","meta":{"_acf_changed":false},"product_brand":[],"product_cat":[2207,2190],"product_tag":[],"class_list":{"0":"post-44941","1":"product","2":"type-product","3":"status-publish","4":"has-post-thumbnail","6":"product_cat-reempaquetar-bolsas","7":"product_cat-reenvasado-por-resail","8":"product_shipping_class-bolsas","9":"pa_producer-werksaam","11":"first","12":"instock","13":"purchasable","14":"product-type-simple"},"acf":[],"yoast_head":"<!-- This site is optimized with the Yoast SEO plugin v27.2 - https:\/\/yoast.com\/product\/yoast-seo-wordpress\/ -->\n<title>AIRBAG rojo\/gris - Resail<\/title>\n<meta name=\"robots\" content=\"index, follow, max-snippet:-1, max-image-preview:large, max-video-preview:-1\" \/>\n<link rel=\"canonical\" href=\"https:\/\/www.resail.org\/es\/product\/airbag-rojo-gris\/\" \/>\n<meta property=\"og:locale\" content=\"es_ES\" \/>\n<meta property=\"og:type\" content=\"article\" \/>\n<meta property=\"og:title\" content=\"AIRBAG rojo\/gris - Resail\" \/>\n<meta property=\"og:description\" content=\"Este elegante weekender cabe en el compartimento superior como equipaje de mano durante tu pr\u00f3ximo viaje, pero tambi\u00e9n te acompa\u00f1ar\u00e1 al gimnasio. La parte superior gris es North 3Di del c\u00f3digo-O de la campa\u00f1a Brunel Volvo Ocean Race 2018. La parte inferior es tela roja de spinnaker de tormenta fuera de especificaci\u00f3n. La cremallera y las asas blancas son nuevas.  Dimensiones; El airbag cabe en el compartimento superior como equipaje de mano. C\u00f3mo conseguir una bolsa Repack gratis: Recomienda a un amigo que compre una copia de la serie Carreras o Leyendas y consigue gratis una bolsa Repack de tu elecci\u00f3n. Ve a nuestra p\u00e1gina de contacto, introduce tu nombre y direcci\u00f3n de correo electr\u00f3nico. Pon el nombre y la direcci\u00f3n de correo electr\u00f3nico de tus amigos y la bolsa Repack que elijas en el mensaje y pulsa enviar.  S\u00f3lo v\u00e1lido para la compra de impresiones de La Regata Oce\u00e1nica, Leyendas o Carreras, a trav\u00e9s de nuestra tienda web.\" \/>\n<meta property=\"og:url\" content=\"https:\/\/www.resail.org\/es\/product\/airbag-rojo-gris\/\" \/>\n<meta property=\"og:site_name\" content=\"Resail\" \/>\n<meta property=\"og:image\" content=\"https:\/\/www.resail.org\/wp-content\/uploads\/2025\/01\/Roltas.jpg\" \/>\n\t<meta property=\"og:image:width\" content=\"1815\" \/>\n\t<meta property=\"og:image:height\" content=\"1743\" \/>\n\t<meta property=\"og:image:type\" content=\"image\/jpeg\" \/>\n<meta name=\"twitter:card\" content=\"summary_large_image\" \/>\n<meta name=\"twitter:label1\" content=\"Tiempo de lectura\" \/>\n\t<meta name=\"twitter:data1\" content=\"1 minuto\" \/>\n<script type=\"application\/ld+json\" class=\"yoast-schema-graph\">{\"@context\":\"https:\/\/schema.org\",\"@graph\":[{\"@type\":\"WebPage\",\"@id\":\"https:\/\/www.resail.org\/es\/product\/airbag-rojo-gris\/\",\"url\":\"https:\/\/www.resail.org\/es\/product\/airbag-rojo-gris\/\",\"name\":\"AIRBAG rojo\/gris - Resail\",\"isPartOf\":{\"@id\":\"https:\/\/www.resail.org\/es\/#website\"},\"primaryImageOfPage\":{\"@id\":\"https:\/\/www.resail.org\/es\/product\/airbag-rojo-gris\/#primaryimage\"},\"image\":{\"@id\":\"https:\/\/www.resail.org\/es\/product\/airbag-rojo-gris\/#primaryimage\"},\"thumbnailUrl\":\"https:\/\/www.resail.org\/wp-content\/uploads\/2025\/01\/Roltas.jpg\",\"datePublished\":\"2025-01-24T09:20:42+00:00\",\"breadcrumb\":{\"@id\":\"https:\/\/www.resail.org\/es\/product\/airbag-rojo-gris\/#breadcrumb\"},\"inLanguage\":\"es\",\"potentialAction\":[{\"@type\":\"ReadAction\",\"target\":[\"https:\/\/www.resail.org\/es\/product\/airbag-rojo-gris\/\"]}]},{\"@type\":\"ImageObject\",\"inLanguage\":\"es\",\"@id\":\"https:\/\/www.resail.org\/es\/product\/airbag-rojo-gris\/#primaryimage\",\"url\":\"https:\/\/www.resail.org\/wp-content\/uploads\/2025\/01\/Roltas.jpg\",\"contentUrl\":\"https:\/\/www.resail.org\/wp-content\/uploads\/2025\/01\/Roltas.jpg\",\"width\":1815,\"height\":1743},{\"@type\":\"BreadcrumbList\",\"@id\":\"https:\/\/www.resail.org\/es\/product\/airbag-rojo-gris\/#breadcrumb\",\"itemListElement\":[{\"@type\":\"ListItem\",\"position\":1,\"name\":\"Home\",\"item\":\"https:\/\/www.resail.org\/es\/inicio\/\"},{\"@type\":\"ListItem\",\"position\":2,\"name\":\"Tienda\",\"item\":\"https:\/\/www.resail.org\/es\/tienda\/\"},{\"@type\":\"ListItem\",\"position\":3,\"name\":\"AIRBAG rojo\/gris\"}]},{\"@type\":\"WebSite\",\"@id\":\"https:\/\/www.resail.org\/es\/#website\",\"url\":\"https:\/\/www.resail.org\/es\/\",\"name\":\"Resail\",\"description\":\"\",\"publisher\":{\"@id\":\"https:\/\/www.resail.org\/es\/#organization\"},\"potentialAction\":[{\"@type\":\"SearchAction\",\"target\":{\"@type\":\"EntryPoint\",\"urlTemplate\":\"https:\/\/www.resail.org\/es\/?s={search_term_string}\"},\"query-input\":{\"@type\":\"PropertyValueSpecification\",\"valueRequired\":true,\"valueName\":\"search_term_string\"}}],\"inLanguage\":\"es\"},{\"@type\":\"Organization\",\"@id\":\"https:\/\/www.resail.org\/es\/#organization\",\"name\":\"Resail\",\"url\":\"https:\/\/www.resail.org\/es\/\",\"logo\":{\"@type\":\"ImageObject\",\"inLanguage\":\"es\",\"@id\":\"https:\/\/www.resail.org\/es\/#\/schema\/logo\/image\/\",\"url\":\"https:\/\/www.resail.org\/wp-content\/uploads\/2024\/04\/cropped-Resail_logo_staand.png\",\"contentUrl\":\"https:\/\/www.resail.org\/wp-content\/uploads\/2024\/04\/cropped-Resail_logo_staand.png\",\"width\":512,\"height\":512,\"caption\":\"Resail\"},\"image\":{\"@id\":\"https:\/\/www.resail.org\/es\/#\/schema\/logo\/image\/\"}}]}<\/script>\n<!-- \/ Yoast SEO plugin. -->","yoast_head_json":{"title":"AIRBAG rojo\/gris - Resail","robots":{"index":"index","follow":"follow","max-snippet":"max-snippet:-1","max-image-preview":"max-image-preview:large","max-video-preview":"max-video-preview:-1"},"canonical":"https:\/\/www.resail.org\/es\/product\/airbag-rojo-gris\/","og_locale":"es_ES","og_type":"article","og_title":"AIRBAG rojo\/gris - Resail","og_description":"Este elegante weekender cabe en el compartimento superior como equipaje de mano durante tu pr\u00f3ximo viaje, pero tambi\u00e9n te acompa\u00f1ar\u00e1 al gimnasio. La parte superior gris es North 3Di del c\u00f3digo-O de la campa\u00f1a Brunel Volvo Ocean Race 2018. La parte inferior es tela roja de spinnaker de tormenta fuera de especificaci\u00f3n. La cremallera y las asas blancas son nuevas.  Dimensiones; El airbag cabe en el compartimento superior como equipaje de mano. C\u00f3mo conseguir una bolsa Repack gratis: Recomienda a un amigo que compre una copia de la serie Carreras o Leyendas y consigue gratis una bolsa Repack de tu elecci\u00f3n. Ve a nuestra p\u00e1gina de contacto, introduce tu nombre y direcci\u00f3n de correo electr\u00f3nico. Pon el nombre y la direcci\u00f3n de correo electr\u00f3nico de tus amigos y la bolsa Repack que elijas en el mensaje y pulsa enviar.  S\u00f3lo v\u00e1lido para la compra de impresiones de La Regata Oce\u00e1nica, Leyendas o Carreras, a trav\u00e9s de nuestra tienda web.","og_url":"https:\/\/www.resail.org\/es\/product\/airbag-rojo-gris\/","og_site_name":"Resail","og_image":[{"width":1815,"height":1743,"url":"https:\/\/www.resail.org\/wp-content\/uploads\/2025\/01\/Roltas.jpg","type":"image\/jpeg"}],"twitter_card":"summary_large_image","twitter_misc":{"Tiempo de lectura":"1 minuto"},"schema":{"@context":"https:\/\/schema.org","@graph":[{"@type":"WebPage","@id":"https:\/\/www.resail.org\/es\/product\/airbag-rojo-gris\/","url":"https:\/\/www.resail.org\/es\/product\/airbag-rojo-gris\/","name":"AIRBAG rojo\/gris - Resail","isPartOf":{"@id":"https:\/\/www.resail.org\/es\/#website"},"primaryImageOfPage":{"@id":"https:\/\/www.resail.org\/es\/product\/airbag-rojo-gris\/#primaryimage"},"image":{"@id":"https:\/\/www.resail.org\/es\/product\/airbag-rojo-gris\/#primaryimage"},"thumbnailUrl":"https:\/\/www.resail.org\/wp-content\/uploads\/2025\/01\/Roltas.jpg","datePublished":"2025-01-24T09:20:42+00:00","breadcrumb":{"@id":"https:\/\/www.resail.org\/es\/product\/airbag-rojo-gris\/#breadcrumb"},"inLanguage":"es","potentialAction":[{"@type":"ReadAction","target":["https:\/\/www.resail.org\/es\/product\/airbag-rojo-gris\/"]}]},{"@type":"ImageObject","inLanguage":"es","@id":"https:\/\/www.resail.org\/es\/product\/airbag-rojo-gris\/#primaryimage","url":"https:\/\/www.resail.org\/wp-content\/uploads\/2025\/01\/Roltas.jpg","contentUrl":"https:\/\/www.resail.org\/wp-content\/uploads\/2025\/01\/Roltas.jpg","width":1815,"height":1743},{"@type":"BreadcrumbList","@id":"https:\/\/www.resail.org\/es\/product\/airbag-rojo-gris\/#breadcrumb","itemListElement":[{"@type":"ListItem","position":1,"name":"Home","item":"https:\/\/www.resail.org\/es\/inicio\/"},{"@type":"ListItem","position":2,"name":"Tienda","item":"https:\/\/www.resail.org\/es\/tienda\/"},{"@type":"ListItem","position":3,"name":"AIRBAG rojo\/gris"}]},{"@type":"WebSite","@id":"https:\/\/www.resail.org\/es\/#website","url":"https:\/\/www.resail.org\/es\/","name":"Resail","description":"","publisher":{"@id":"https:\/\/www.resail.org\/es\/#organization"},"potentialAction":[{"@type":"SearchAction","target":{"@type":"EntryPoint","urlTemplate":"https:\/\/www.resail.org\/es\/?s={search_term_string}"},"query-input":{"@type":"PropertyValueSpecification","valueRequired":true,"valueName":"search_term_string"}}],"inLanguage":"es"},{"@type":"Organization","@id":"https:\/\/www.resail.org\/es\/#organization","name":"Resail","url":"https:\/\/www.resail.org\/es\/","logo":{"@type":"ImageObject","inLanguage":"es","@id":"https:\/\/www.resail.org\/es\/#\/schema\/logo\/image\/","url":"https:\/\/www.resail.org\/wp-content\/uploads\/2024\/04\/cropped-Resail_logo_staand.png","contentUrl":"https:\/\/www.resail.org\/wp-content\/uploads\/2024\/04\/cropped-Resail_logo_staand.png","width":512,"height":512,"caption":"Resail"},"image":{"@id":"https:\/\/www.resail.org\/es\/#\/schema\/logo\/image\/"}}]}},"_links":{"self":[{"href":"https:\/\/www.resail.org\/es\/wp-json\/wp\/v2\/product\/44941","targetHints":{"allow":["GET"]}}],"collection":[{"href":"https:\/\/www.resail.org\/es\/wp-json\/wp\/v2\/product"}],"about":[{"href":"https:\/\/www.resail.org\/es\/wp-json\/wp\/v2\/types\/product"}],"replies":[{"embeddable":true,"href":"https:\/\/www.resail.org\/es\/wp-json\/wp\/v2\/comments?post=44941"}],"wp:featuredmedia":[{"embeddable":true,"href":"https:\/\/www.resail.org\/es\/wp-json\/wp\/v2\/media\/26662"}],"wp:attachment":[{"href":"https:\/\/www.resail.org\/es\/wp-json\/wp\/v2\/media?parent=44941"}],"wp:term":[{"taxonomy":"product_brand","embeddable":true,"href":"https:\/\/www.resail.org\/es\/wp-json\/wp\/v2\/product_brand?post=44941"},{"taxonomy":"product_cat","embeddable":true,"href":"https:\/\/www.resail.org\/es\/wp-json\/wp\/v2\/product_cat?post=44941"},{"taxonomy":"product_tag","embeddable":true,"href":"https:\/\/www.resail.org\/es\/wp-json\/wp\/v2\/product_tag?post=44941"}],"curies":[{"name":"wp","href":"https:\/\/api.w.org\/{rel}","templated":true}]}}