{"id":45659,"date":"2025-01-24T10:20:45","date_gmt":"2025-01-24T09:20:45","guid":{"rendered":"https:\/\/www.resail.org\/product\/rumbo-a-europa\/"},"modified":"2025-01-24T10:20:45","modified_gmt":"2025-01-24T09:20:45","slug":"rumbo-a-europa","status":"publish","type":"product","link":"https:\/\/www.resail.org\/es\/product\/rumbo-a-europa\/","title":{"rendered":"Rumbo a Europa"},"content":{"rendered":"<p>Fabricado en Holanda por Resail bajo licencia exclusiva de The Ocean Race 1973 SL. Resail es socio oficial de merchandising de The Ocean Race 2022-2023. <\/p>\n<p>Impresi\u00f3n de edici\u00f3n limitada sobre vela 3Di precompetida<br \/>\nListo para colgar; 90x40cm; 2,5cm de profundidad<br \/>\nMarco de aluminio tensado de calidad muse\u00edstica<br \/>\nAbeto certificado PEFC<br \/>\nEmbalaje protector sin pl\u00e1stico<br \/>\nLimitado a 5 piezas<br \/>\nPlaca de certificaci\u00f3n numerada<br \/>\nFabricado en Holanda por ReSail<br \/>\nImagen cortes\u00eda de Volvo AB<\/p>\n<p>Env\u00edo a Europa, Suiza, Reino Unido y EE.UU.: 100 euros<br \/>\nEnv\u00edo a otros pa\u00edses previa solicitud<\/p>\n","protected":false},"excerpt":{"rendered":"<p><strong>La flota VO65 pone rumbo a Europa<\/strong><br \/>\n<strong>Newport Etapa 7, Volvo Ocean Race 2014-15<\/strong><br \/>\n\u00a9 Mark Bow \/ Volvo AB<\/p>\n<p>Momentos destacados de una \u00e9poca \u00e9pica de las regatas oce\u00e1nicas, plasmados en velas aut\u00e9nticas usadas en regata. Cada peque\u00f1o lote se reproduce en una secci\u00f3n de la vela C\u00f3digo Cero utilizada por el Equipo Brunel (NED, 2017-18), enmarcada profesionalmente y numerada individualmente. Las caracter\u00edsticas estructurales y de desgaste garantizan que no haya dos copias exactamente iguales.  <\/p>\n<p>&nbsp;<\/p>\n<p>&nbsp;<\/p>\n","protected":false},"featured_media":27366,"comment_status":"closed","ping_status":"closed","template":"","meta":{"_acf_changed":false},"product_brand":[],"product_cat":[2259,2261],"product_tag":[],"class_list":{"0":"post-45659","1":"product","2":"type-product","3":"status-publish","4":"has-post-thumbnail","6":"product_cat-la-regata-oceanica","7":"product_cat-serie-leyendas","8":"product_shipping_class-imprime","9":"pa_producer-resail","11":"first","12":"instock","13":"purchasable","14":"product-type-simple"},"acf":[],"yoast_head":"<!-- This site is optimized with the Yoast SEO plugin v27.2 - https:\/\/yoast.com\/product\/yoast-seo-wordpress\/ -->\n<title>Rumbo a Europa - Resail<\/title>\n<meta name=\"robots\" content=\"index, follow, max-snippet:-1, max-image-preview:large, max-video-preview:-1\" \/>\n<link rel=\"canonical\" href=\"https:\/\/www.resail.org\/es\/product\/rumbo-a-europa\/\" \/>\n<meta property=\"og:locale\" content=\"es_ES\" \/>\n<meta property=\"og:type\" content=\"article\" \/>\n<meta property=\"og:title\" content=\"Rumbo a Europa - Resail\" \/>\n<meta property=\"og:description\" content=\"La flota VO65 pone rumbo a Europa Newport Etapa 7, Volvo Ocean Race 2014-15 \u00a9 Mark Bow \/ Volvo AB Momentos destacados de una \u00e9poca \u00e9pica de las regatas oce\u00e1nicas, plasmados en velas aut\u00e9nticas usadas en regata. Cada peque\u00f1o lote se reproduce en una secci\u00f3n de la vela C\u00f3digo Cero utilizada por el Equipo Brunel (NED, 2017-18), enmarcada profesionalmente y numerada individualmente. Las caracter\u00edsticas estructurales y de desgaste garantizan que no haya dos copias exactamente iguales.  &nbsp; &nbsp;\" \/>\n<meta property=\"og:url\" content=\"https:\/\/www.resail.org\/es\/product\/rumbo-a-europa\/\" \/>\n<meta property=\"og:site_name\" content=\"Resail\" \/>\n<meta property=\"og:image\" content=\"https:\/\/www.resail.org\/wp-content\/uploads\/2025\/01\/Bound-for-Europe-01.jpg\" \/>\n\t<meta property=\"og:image:width\" content=\"1200\" \/>\n\t<meta property=\"og:image:height\" content=\"1200\" \/>\n\t<meta property=\"og:image:type\" content=\"image\/jpeg\" \/>\n<meta name=\"twitter:card\" content=\"summary_large_image\" \/>\n<script type=\"application\/ld+json\" class=\"yoast-schema-graph\">{\"@context\":\"https:\/\/schema.org\",\"@graph\":[{\"@type\":\"WebPage\",\"@id\":\"https:\/\/www.resail.org\/es\/product\/rumbo-a-europa\/\",\"url\":\"https:\/\/www.resail.org\/es\/product\/rumbo-a-europa\/\",\"name\":\"Rumbo a Europa - Resail\",\"isPartOf\":{\"@id\":\"https:\/\/www.resail.org\/es\/#website\"},\"primaryImageOfPage\":{\"@id\":\"https:\/\/www.resail.org\/es\/product\/rumbo-a-europa\/#primaryimage\"},\"image\":{\"@id\":\"https:\/\/www.resail.org\/es\/product\/rumbo-a-europa\/#primaryimage\"},\"thumbnailUrl\":\"https:\/\/www.resail.org\/wp-content\/uploads\/2025\/01\/Bound-for-Europe-01.jpg\",\"datePublished\":\"2025-01-24T09:20:45+00:00\",\"breadcrumb\":{\"@id\":\"https:\/\/www.resail.org\/es\/product\/rumbo-a-europa\/#breadcrumb\"},\"inLanguage\":\"es\",\"potentialAction\":[{\"@type\":\"ReadAction\",\"target\":[\"https:\/\/www.resail.org\/es\/product\/rumbo-a-europa\/\"]}]},{\"@type\":\"ImageObject\",\"inLanguage\":\"es\",\"@id\":\"https:\/\/www.resail.org\/es\/product\/rumbo-a-europa\/#primaryimage\",\"url\":\"https:\/\/www.resail.org\/wp-content\/uploads\/2025\/01\/Bound-for-Europe-01.jpg\",\"contentUrl\":\"https:\/\/www.resail.org\/wp-content\/uploads\/2025\/01\/Bound-for-Europe-01.jpg\",\"width\":1200,\"height\":1200},{\"@type\":\"BreadcrumbList\",\"@id\":\"https:\/\/www.resail.org\/es\/product\/rumbo-a-europa\/#breadcrumb\",\"itemListElement\":[{\"@type\":\"ListItem\",\"position\":1,\"name\":\"Home\",\"item\":\"https:\/\/www.resail.org\/es\/inicio\/\"},{\"@type\":\"ListItem\",\"position\":2,\"name\":\"Tienda\",\"item\":\"https:\/\/www.resail.org\/es\/tienda\/\"},{\"@type\":\"ListItem\",\"position\":3,\"name\":\"Rumbo a Europa\"}]},{\"@type\":\"WebSite\",\"@id\":\"https:\/\/www.resail.org\/es\/#website\",\"url\":\"https:\/\/www.resail.org\/es\/\",\"name\":\"Resail\",\"description\":\"\",\"publisher\":{\"@id\":\"https:\/\/www.resail.org\/es\/#organization\"},\"potentialAction\":[{\"@type\":\"SearchAction\",\"target\":{\"@type\":\"EntryPoint\",\"urlTemplate\":\"https:\/\/www.resail.org\/es\/?s={search_term_string}\"},\"query-input\":{\"@type\":\"PropertyValueSpecification\",\"valueRequired\":true,\"valueName\":\"search_term_string\"}}],\"inLanguage\":\"es\"},{\"@type\":\"Organization\",\"@id\":\"https:\/\/www.resail.org\/es\/#organization\",\"name\":\"Resail\",\"url\":\"https:\/\/www.resail.org\/es\/\",\"logo\":{\"@type\":\"ImageObject\",\"inLanguage\":\"es\",\"@id\":\"https:\/\/www.resail.org\/es\/#\/schema\/logo\/image\/\",\"url\":\"https:\/\/www.resail.org\/wp-content\/uploads\/2024\/04\/cropped-Resail_logo_staand.png\",\"contentUrl\":\"https:\/\/www.resail.org\/wp-content\/uploads\/2024\/04\/cropped-Resail_logo_staand.png\",\"width\":512,\"height\":512,\"caption\":\"Resail\"},\"image\":{\"@id\":\"https:\/\/www.resail.org\/es\/#\/schema\/logo\/image\/\"}}]}<\/script>\n<!-- \/ Yoast SEO plugin. -->","yoast_head_json":{"title":"Rumbo a Europa - Resail","robots":{"index":"index","follow":"follow","max-snippet":"max-snippet:-1","max-image-preview":"max-image-preview:large","max-video-preview":"max-video-preview:-1"},"canonical":"https:\/\/www.resail.org\/es\/product\/rumbo-a-europa\/","og_locale":"es_ES","og_type":"article","og_title":"Rumbo a Europa - Resail","og_description":"La flota VO65 pone rumbo a Europa Newport Etapa 7, Volvo Ocean Race 2014-15 \u00a9 Mark Bow \/ Volvo AB Momentos destacados de una \u00e9poca \u00e9pica de las regatas oce\u00e1nicas, plasmados en velas aut\u00e9nticas usadas en regata. Cada peque\u00f1o lote se reproduce en una secci\u00f3n de la vela C\u00f3digo Cero utilizada por el Equipo Brunel (NED, 2017-18), enmarcada profesionalmente y numerada individualmente. Las caracter\u00edsticas estructurales y de desgaste garantizan que no haya dos copias exactamente iguales.  &nbsp; &nbsp;","og_url":"https:\/\/www.resail.org\/es\/product\/rumbo-a-europa\/","og_site_name":"Resail","og_image":[{"width":1200,"height":1200,"url":"https:\/\/www.resail.org\/wp-content\/uploads\/2025\/01\/Bound-for-Europe-01.jpg","type":"image\/jpeg"}],"twitter_card":"summary_large_image","schema":{"@context":"https:\/\/schema.org","@graph":[{"@type":"WebPage","@id":"https:\/\/www.resail.org\/es\/product\/rumbo-a-europa\/","url":"https:\/\/www.resail.org\/es\/product\/rumbo-a-europa\/","name":"Rumbo a Europa - Resail","isPartOf":{"@id":"https:\/\/www.resail.org\/es\/#website"},"primaryImageOfPage":{"@id":"https:\/\/www.resail.org\/es\/product\/rumbo-a-europa\/#primaryimage"},"image":{"@id":"https:\/\/www.resail.org\/es\/product\/rumbo-a-europa\/#primaryimage"},"thumbnailUrl":"https:\/\/www.resail.org\/wp-content\/uploads\/2025\/01\/Bound-for-Europe-01.jpg","datePublished":"2025-01-24T09:20:45+00:00","breadcrumb":{"@id":"https:\/\/www.resail.org\/es\/product\/rumbo-a-europa\/#breadcrumb"},"inLanguage":"es","potentialAction":[{"@type":"ReadAction","target":["https:\/\/www.resail.org\/es\/product\/rumbo-a-europa\/"]}]},{"@type":"ImageObject","inLanguage":"es","@id":"https:\/\/www.resail.org\/es\/product\/rumbo-a-europa\/#primaryimage","url":"https:\/\/www.resail.org\/wp-content\/uploads\/2025\/01\/Bound-for-Europe-01.jpg","contentUrl":"https:\/\/www.resail.org\/wp-content\/uploads\/2025\/01\/Bound-for-Europe-01.jpg","width":1200,"height":1200},{"@type":"BreadcrumbList","@id":"https:\/\/www.resail.org\/es\/product\/rumbo-a-europa\/#breadcrumb","itemListElement":[{"@type":"ListItem","position":1,"name":"Home","item":"https:\/\/www.resail.org\/es\/inicio\/"},{"@type":"ListItem","position":2,"name":"Tienda","item":"https:\/\/www.resail.org\/es\/tienda\/"},{"@type":"ListItem","position":3,"name":"Rumbo a Europa"}]},{"@type":"WebSite","@id":"https:\/\/www.resail.org\/es\/#website","url":"https:\/\/www.resail.org\/es\/","name":"Resail","description":"","publisher":{"@id":"https:\/\/www.resail.org\/es\/#organization"},"potentialAction":[{"@type":"SearchAction","target":{"@type":"EntryPoint","urlTemplate":"https:\/\/www.resail.org\/es\/?s={search_term_string}"},"query-input":{"@type":"PropertyValueSpecification","valueRequired":true,"valueName":"search_term_string"}}],"inLanguage":"es"},{"@type":"Organization","@id":"https:\/\/www.resail.org\/es\/#organization","name":"Resail","url":"https:\/\/www.resail.org\/es\/","logo":{"@type":"ImageObject","inLanguage":"es","@id":"https:\/\/www.resail.org\/es\/#\/schema\/logo\/image\/","url":"https:\/\/www.resail.org\/wp-content\/uploads\/2024\/04\/cropped-Resail_logo_staand.png","contentUrl":"https:\/\/www.resail.org\/wp-content\/uploads\/2024\/04\/cropped-Resail_logo_staand.png","width":512,"height":512,"caption":"Resail"},"image":{"@id":"https:\/\/www.resail.org\/es\/#\/schema\/logo\/image\/"}}]}},"_links":{"self":[{"href":"https:\/\/www.resail.org\/es\/wp-json\/wp\/v2\/product\/45659","targetHints":{"allow":["GET"]}}],"collection":[{"href":"https:\/\/www.resail.org\/es\/wp-json\/wp\/v2\/product"}],"about":[{"href":"https:\/\/www.resail.org\/es\/wp-json\/wp\/v2\/types\/product"}],"replies":[{"embeddable":true,"href":"https:\/\/www.resail.org\/es\/wp-json\/wp\/v2\/comments?post=45659"}],"wp:featuredmedia":[{"embeddable":true,"href":"https:\/\/www.resail.org\/es\/wp-json\/wp\/v2\/media\/27366"}],"wp:attachment":[{"href":"https:\/\/www.resail.org\/es\/wp-json\/wp\/v2\/media?parent=45659"}],"wp:term":[{"taxonomy":"product_brand","embeddable":true,"href":"https:\/\/www.resail.org\/es\/wp-json\/wp\/v2\/product_brand?post=45659"},{"taxonomy":"product_cat","embeddable":true,"href":"https:\/\/www.resail.org\/es\/wp-json\/wp\/v2\/product_cat?post=45659"},{"taxonomy":"product_tag","embeddable":true,"href":"https:\/\/www.resail.org\/es\/wp-json\/wp\/v2\/product_tag?post=45659"}],"curies":[{"name":"wp","href":"https:\/\/api.w.org\/{rel}","templated":true}]}}