{"id":55839,"date":"2022-11-25T15:48:29","date_gmt":"2022-11-25T14:48:29","guid":{"rendered":"https:\/\/www.resail.org\/politique-de-livraison\/"},"modified":"2025-09-04T11:50:07","modified_gmt":"2025-09-04T09:50:07","slug":"politique-de-livraison","status":"publish","type":"page","link":"https:\/\/www.resail.org\/fr\/politique-de-livraison\/","title":{"rendered":"Politique de livraison"},"content":{"rendered":"\n<h3 class=\"wp-block-heading\"><strong>Politique de livraison<\/strong><\/h3>\n\n<div style=\"height:35px\" aria-hidden=\"true\" class=\"wp-block-spacer\"><\/div>\n\n<p>Le tableau ci-dessous pr\u00e9sente les options de livraison, les co\u00fbts et les d\u00e9lais de livraison.<\/p>\n\n<div style=\"height:35px\" aria-hidden=\"true\" class=\"wp-block-spacer\"><\/div>\n\n<h3 class=\"wp-block-heading has-medium-font-size\"><strong>Informations importantes concernant la livraison dans d&rsquo;autres pays<\/strong><\/h3>\n\n<p>Les p\u00e9ages, taxes et autres frais non indiqu\u00e9s dans le prix total peuvent s&rsquo;appliquer aux envois internationaux.<\/p>\n\n<div style=\"height:35px\" aria-hidden=\"true\" class=\"wp-block-spacer\"><\/div>\n\n<h2 class=\"wp-block-heading has-medium-font-size\"><strong>Options de livraison<\/strong><\/h2>\n\n<figure class=\"wp-block-table\"><table><thead><tr><th>Option<\/th><th class=\"has-text-align-center\" data-align=\"center\">Chaussures et sacs<\/th><th class=\"has-text-align-center\" data-align=\"center\">Impressions<\/th><th class=\"has-text-align-center\" data-align=\"center\">D\u00e9lai de livraison<\/th><\/tr><\/thead><tbody><tr><td>Pays-Bas<\/td><td class=\"has-text-align-center\" data-align=\"center\">\u20ac 7,25<\/td><td class=\"has-text-align-center\" data-align=\"center\">Inclus<\/td><td class=\"has-text-align-center\" data-align=\"center\">5 jours ouvrables<\/td><\/tr><tr><td>UE, Royaume-Uni et Suisse<\/td><td class=\"has-text-align-center\" data-align=\"center\">\u20ac 9,30<\/td><td class=\"has-text-align-center\" data-align=\"center\">\u20ac 100,-<\/td><td class=\"has-text-align-center\" data-align=\"center\">5-10 jours ouvrables<\/td><\/tr><tr><td>En dehors de l&rsquo;UE, du Royaume-Uni et de la Suisse<\/td><td class=\"has-text-align-center\" data-align=\"center\">\u20ac 15,-<\/td><td class=\"has-text-align-center\" data-align=\"center\">\u20ac 200,-<\/td><td class=\"has-text-align-center\" data-align=\"center\">5-10 jours ouvrables<\/td><\/tr><\/tbody><\/table><\/figure>\n\n<div style=\"height:35px\" aria-hidden=\"true\" class=\"wp-block-spacer\"><\/div>\n\n<h2 class=\"wp-block-heading has-medium-font-size\"><strong>Pays o\u00f9 nous exp\u00e9dions<\/strong><\/h2>\n\n<p>Nous livrons dans le monde entier. La livraison peut \u00eatre limit\u00e9e par des taxes. <\/p>\n","protected":false},"excerpt":{"rendered":"<p>Politique de livraison Le tableau ci-dessous pr\u00e9sente les options de livraison, les co\u00fbts et les d\u00e9lais de livraison. Informations importantes concernant la livraison dans d&rsquo;autres pays Les p\u00e9ages, taxes et autres frais non indiqu\u00e9s dans le prix total peuvent s&rsquo;appliquer aux envois internationaux. Options de livraison Option Chaussures et sacs Impressions D\u00e9lai de livraison Pays-Bas [&hellip;]<\/p>\n","protected":false},"author":16,"featured_media":0,"parent":0,"menu_order":0,"comment_status":"closed","ping_status":"closed","template":"","meta":{"_acf_changed":false,"footnotes":""},"class_list":["post-55839","page","type-page","status-publish","hentry"],"acf":[],"yoast_head":"<!-- This site is optimized with the Yoast SEO plugin v27.2 - https:\/\/yoast.com\/product\/yoast-seo-wordpress\/ -->\n<title>Politique de livraison - Resail<\/title>\n<meta name=\"robots\" content=\"index, follow, max-snippet:-1, max-image-preview:large, max-video-preview:-1\" \/>\n<link rel=\"canonical\" href=\"https:\/\/www.resail.org\/fr\/politique-de-livraison\/\" \/>\n<meta property=\"og:locale\" content=\"fr_FR\" \/>\n<meta property=\"og:type\" content=\"article\" \/>\n<meta property=\"og:title\" content=\"Politique de livraison - Resail\" \/>\n<meta property=\"og:description\" content=\"Politique de livraison Le tableau ci-dessous pr\u00e9sente les options de livraison, les co\u00fbts et les d\u00e9lais de livraison. Informations importantes concernant la livraison dans d&rsquo;autres pays Les p\u00e9ages, taxes et autres frais non indiqu\u00e9s dans le prix total peuvent s&rsquo;appliquer aux envois internationaux. Options de livraison Option Chaussures et sacs Impressions D\u00e9lai de livraison Pays-Bas [&hellip;]\" \/>\n<meta property=\"og:url\" content=\"https:\/\/www.resail.org\/fr\/politique-de-livraison\/\" \/>\n<meta property=\"og:site_name\" content=\"Resail\" \/>\n<meta property=\"article:modified_time\" content=\"2025-09-04T09:50:07+00:00\" \/>\n<meta name=\"twitter:card\" content=\"summary_large_image\" \/>\n<meta name=\"twitter:label1\" content=\"Dur\u00e9e de lecture estim\u00e9e\" \/>\n\t<meta name=\"twitter:data1\" content=\"1 minute\" \/>\n<script type=\"application\/ld+json\" class=\"yoast-schema-graph\">{\"@context\":\"https:\/\/schema.org\",\"@graph\":[{\"@type\":\"WebPage\",\"@id\":\"https:\/\/www.resail.org\/fr\/politique-de-livraison\/\",\"url\":\"https:\/\/www.resail.org\/fr\/politique-de-livraison\/\",\"name\":\"Politique de livraison - Resail\",\"isPartOf\":{\"@id\":\"https:\/\/www.resail.org\/fr\/#website\"},\"datePublished\":\"2022-11-25T14:48:29+00:00\",\"dateModified\":\"2025-09-04T09:50:07+00:00\",\"breadcrumb\":{\"@id\":\"https:\/\/www.resail.org\/fr\/politique-de-livraison\/#breadcrumb\"},\"inLanguage\":\"fr-FR\",\"potentialAction\":[{\"@type\":\"ReadAction\",\"target\":[\"https:\/\/www.resail.org\/fr\/politique-de-livraison\/\"]}]},{\"@type\":\"BreadcrumbList\",\"@id\":\"https:\/\/www.resail.org\/fr\/politique-de-livraison\/#breadcrumb\",\"itemListElement\":[{\"@type\":\"ListItem\",\"position\":1,\"name\":\"Home\",\"item\":\"https:\/\/www.resail.org\/fr\/accueil\/\"},{\"@type\":\"ListItem\",\"position\":2,\"name\":\"Politique de livraison\"}]},{\"@type\":\"WebSite\",\"@id\":\"https:\/\/www.resail.org\/fr\/#website\",\"url\":\"https:\/\/www.resail.org\/fr\/\",\"name\":\"Resail\",\"description\":\"\",\"publisher\":{\"@id\":\"https:\/\/www.resail.org\/fr\/#organization\"},\"potentialAction\":[{\"@type\":\"SearchAction\",\"target\":{\"@type\":\"EntryPoint\",\"urlTemplate\":\"https:\/\/www.resail.org\/fr\/?s={search_term_string}\"},\"query-input\":{\"@type\":\"PropertyValueSpecification\",\"valueRequired\":true,\"valueName\":\"search_term_string\"}}],\"inLanguage\":\"fr-FR\"},{\"@type\":\"Organization\",\"@id\":\"https:\/\/www.resail.org\/fr\/#organization\",\"name\":\"Resail (en anglais)\",\"url\":\"https:\/\/www.resail.org\/fr\/\",\"logo\":{\"@type\":\"ImageObject\",\"inLanguage\":\"fr-FR\",\"@id\":\"https:\/\/www.resail.org\/fr\/#\/schema\/logo\/image\/\",\"url\":\"https:\/\/www.resail.org\/wp-content\/uploads\/2024\/04\/cropped-Resail_logo_staand.png\",\"contentUrl\":\"https:\/\/www.resail.org\/wp-content\/uploads\/2024\/04\/cropped-Resail_logo_staand.png\",\"width\":512,\"height\":512,\"caption\":\"Resail (en anglais)\"},\"image\":{\"@id\":\"https:\/\/www.resail.org\/fr\/#\/schema\/logo\/image\/\"}}]}<\/script>\n<!-- \/ Yoast SEO plugin. -->","yoast_head_json":{"title":"Politique de livraison - Resail","robots":{"index":"index","follow":"follow","max-snippet":"max-snippet:-1","max-image-preview":"max-image-preview:large","max-video-preview":"max-video-preview:-1"},"canonical":"https:\/\/www.resail.org\/fr\/politique-de-livraison\/","og_locale":"fr_FR","og_type":"article","og_title":"Politique de livraison - Resail","og_description":"Politique de livraison Le tableau ci-dessous pr\u00e9sente les options de livraison, les co\u00fbts et les d\u00e9lais de livraison. Informations importantes concernant la livraison dans d&rsquo;autres pays Les p\u00e9ages, taxes et autres frais non indiqu\u00e9s dans le prix total peuvent s&rsquo;appliquer aux envois internationaux. Options de livraison Option Chaussures et sacs Impressions D\u00e9lai de livraison Pays-Bas [&hellip;]","og_url":"https:\/\/www.resail.org\/fr\/politique-de-livraison\/","og_site_name":"Resail","article_modified_time":"2025-09-04T09:50:07+00:00","twitter_card":"summary_large_image","twitter_misc":{"Dur\u00e9e de lecture estim\u00e9e":"1 minute"},"schema":{"@context":"https:\/\/schema.org","@graph":[{"@type":"WebPage","@id":"https:\/\/www.resail.org\/fr\/politique-de-livraison\/","url":"https:\/\/www.resail.org\/fr\/politique-de-livraison\/","name":"Politique de livraison - Resail","isPartOf":{"@id":"https:\/\/www.resail.org\/fr\/#website"},"datePublished":"2022-11-25T14:48:29+00:00","dateModified":"2025-09-04T09:50:07+00:00","breadcrumb":{"@id":"https:\/\/www.resail.org\/fr\/politique-de-livraison\/#breadcrumb"},"inLanguage":"fr-FR","potentialAction":[{"@type":"ReadAction","target":["https:\/\/www.resail.org\/fr\/politique-de-livraison\/"]}]},{"@type":"BreadcrumbList","@id":"https:\/\/www.resail.org\/fr\/politique-de-livraison\/#breadcrumb","itemListElement":[{"@type":"ListItem","position":1,"name":"Home","item":"https:\/\/www.resail.org\/fr\/accueil\/"},{"@type":"ListItem","position":2,"name":"Politique de livraison"}]},{"@type":"WebSite","@id":"https:\/\/www.resail.org\/fr\/#website","url":"https:\/\/www.resail.org\/fr\/","name":"Resail","description":"","publisher":{"@id":"https:\/\/www.resail.org\/fr\/#organization"},"potentialAction":[{"@type":"SearchAction","target":{"@type":"EntryPoint","urlTemplate":"https:\/\/www.resail.org\/fr\/?s={search_term_string}"},"query-input":{"@type":"PropertyValueSpecification","valueRequired":true,"valueName":"search_term_string"}}],"inLanguage":"fr-FR"},{"@type":"Organization","@id":"https:\/\/www.resail.org\/fr\/#organization","name":"Resail (en anglais)","url":"https:\/\/www.resail.org\/fr\/","logo":{"@type":"ImageObject","inLanguage":"fr-FR","@id":"https:\/\/www.resail.org\/fr\/#\/schema\/logo\/image\/","url":"https:\/\/www.resail.org\/wp-content\/uploads\/2024\/04\/cropped-Resail_logo_staand.png","contentUrl":"https:\/\/www.resail.org\/wp-content\/uploads\/2024\/04\/cropped-Resail_logo_staand.png","width":512,"height":512,"caption":"Resail (en anglais)"},"image":{"@id":"https:\/\/www.resail.org\/fr\/#\/schema\/logo\/image\/"}}]}},"_links":{"self":[{"href":"https:\/\/www.resail.org\/fr\/wp-json\/wp\/v2\/pages\/55839","targetHints":{"allow":["GET"]}}],"collection":[{"href":"https:\/\/www.resail.org\/fr\/wp-json\/wp\/v2\/pages"}],"about":[{"href":"https:\/\/www.resail.org\/fr\/wp-json\/wp\/v2\/types\/page"}],"author":[{"embeddable":true,"href":"https:\/\/www.resail.org\/fr\/wp-json\/wp\/v2\/users\/16"}],"replies":[{"embeddable":true,"href":"https:\/\/www.resail.org\/fr\/wp-json\/wp\/v2\/comments?post=55839"}],"version-history":[{"count":1,"href":"https:\/\/www.resail.org\/fr\/wp-json\/wp\/v2\/pages\/55839\/revisions"}],"predecessor-version":[{"id":55840,"href":"https:\/\/www.resail.org\/fr\/wp-json\/wp\/v2\/pages\/55839\/revisions\/55840"}],"wp:attachment":[{"href":"https:\/\/www.resail.org\/fr\/wp-json\/wp\/v2\/media?parent=55839"}],"curies":[{"name":"wp","href":"https:\/\/api.w.org\/{rel}","templated":true}]}}