{"id":55854,"date":"2024-05-04T11:03:05","date_gmt":"2024-05-04T09:03:05","guid":{"rendered":"https:\/\/www.resail.org\/8beaufort\/"},"modified":"2025-09-04T11:50:16","modified_gmt":"2025-09-04T09:50:16","slug":"8beaufort","status":"publish","type":"page","link":"https:\/\/www.resail.org\/fr\/8beaufort\/","title":{"rendered":"8Beaufort"},"content":{"rendered":"\n<h2 class=\"wp-block-heading\">8Beaufort<\/h2>\n\n<div style=\"height:35px\" aria-hidden=\"true\" class=\"wp-block-spacer\"><\/div>\n\n<p>Naviguant sur la mer du Nord et la mer Baltique, con\u00e7u \u00e0 Hambourg, fabriqu\u00e9 au Portugal &#8211; <a href=\"https:\/\/8beaufort.hamburg\/en\/\">8beaufort<\/a> donne une seconde vie aux voiles et cr\u00e9e ainsi des baskets de haute qualit\u00e9 avec des mat\u00e9riaux recycl\u00e9s et naturels.<\/p>\n\n<p><br\/>L&rsquo;upcycling est l&rsquo;une des m\u00e9thodes d&rsquo;utilisation durable des mat\u00e9riaux, car il permet de r\u00e9duire la consommation d&rsquo;\u00e9nergie et de mati\u00e8res premi\u00e8res. En recyclant les voiles usag\u00e9es, <a href=\"https:\/\/8beaufort.hamburg\/en\/\">8beaufort<\/a> r\u00e9duit activement les d\u00e9chets qui polluent nos oc\u00e9ans. <\/p>\n\n<p><br\/><a href=\"https:\/\/8beaufort.hamburg\/en\/\">8beaufort<\/a> associe le recyclage \u00e0 l&rsquo;utilisation de mat\u00e9riaux naturels tels que le caoutchouc naturel, le coton cir\u00e9 et le cuir tann\u00e9 sans chrome du Portugal, dans le but d&rsquo;avoir le moins d&rsquo;impact possible sur notre plan\u00e8te. Ceci s&rsquo;applique aux employ\u00e9s des tanneries et aux porteurs de v\u00eatements, en particulier ceux qui souffrent d&rsquo;allergies. <a href=\"https:\/\/8beaufort.hamburg\/en\/\">8beaufort<\/a> utilise du cuir europ\u00e9en, du coton \u00e9cologique et des agents de tannage v\u00e9g\u00e9taux. Cela permet de r\u00e9duire les \u00e9missions de CO2 et de prot\u00e9ger l&rsquo;environnement, les employ\u00e9s et vous, en tant que client, contre les polluants.  <\/p>\n\n<p><br\/>Les superbes baskets de <a href=\"https:\/\/8beaufort.hamburg\/en\/\">8beaufort<\/a> sont disponibles dans nos <a href=\"https:\/\/www.resail.org\/fr\/magasins\/\">boutiques<\/a> connect\u00e9es. Consultez la <a href=\"https:\/\/www.resail.org\/fr\/magasins\/\">boutique la plus proche de chez vous ici<\/a>! <\/p>\n\n<div style=\"height:35px\" aria-hidden=\"true\" class=\"wp-block-spacer\"><\/div>\n\n<figure class=\"wp-block-gallery alignwide has-nested-images columns-default is-cropped wp-block-gallery-1 is-layout-flex wp-block-gallery-is-layout-flex\">\n<figure class=\"wp-block-image size-large\"><a href=\"https:\/\/www.resail.org\/fr\/magasins\/\"><img decoding=\"async\" data-id=\"3673\" src=\"https:\/\/www.resail.org\/wp-content\/uploads\/2024\/07\/El-HIERRO-ISLAND-womens-sneakers-polar-light.jpg-1024x1024.webp\" alt=\"\" class=\"wp-image-3673\"\/><\/a><\/figure>\n\n\n\n<figure class=\"wp-block-image size-large\"><a href=\"https:\/\/www.resail.org\/fr\/magasins\/\"><img decoding=\"async\" data-id=\"301\" src=\"https:\/\/www.resail.org\/wp-content\/uploads\/2022\/09\/GALAPAGOS-ISLAND-Ladies-Sneaker-whitesignal-1.jpg-1024x1024.webp\" alt=\"\" class=\"wp-image-301\"\/><\/a><\/figure>\n\n\n\n<figure class=\"wp-block-image size-large\"><a href=\"https:\/\/www.resail.org\/fr\/magasins\/\"><img decoding=\"async\" data-id=\"3676\" src=\"https:\/\/www.resail.org\/wp-content\/uploads\/2024\/07\/ORKNEY-ISLAND-womens-sneakers-blue.jpg-1024x1024.webp\" alt=\"\" class=\"wp-image-3676\"\/><\/a><\/figure>\n\n\n\n<figure class=\"wp-block-image size-large\"><a href=\"https:\/\/www.resail.org\/fr\/magasins\/\"><img decoding=\"async\" data-id=\"3675\" src=\"https:\/\/www.resail.org\/wp-content\/uploads\/2024\/07\/ORKNEY-ISLAND-Mens-Sneakers-nightshadow.jpg-1024x1024.webp\" alt=\"\" class=\"wp-image-3675\"\/><\/a><\/figure>\n\n\n\n<figure class=\"wp-block-image size-large\"><a href=\"https:\/\/www.resail.org\/fr\/magasins\/\"><img decoding=\"async\" data-id=\"325\" src=\"https:\/\/www.resail.org\/wp-content\/uploads\/2022\/09\/ANUTA-ISLAND-Mens-Sneaker-whiteorange-1.jpg-1024x1024.webp\" alt=\"\" class=\"wp-image-325\"\/><\/a><\/figure>\n\n\n\n<figure class=\"wp-block-image size-large\"><a href=\"https:\/\/www.resail.org\/fr\/magasins\/\"><img decoding=\"async\" data-id=\"313\" src=\"https:\/\/www.resail.org\/wp-content\/uploads\/2022\/09\/MANHATTAN-ISLAND-Womens-High-Top-Sneaker-whiteoceanblue-1.jpg-1024x1024.webp\" alt=\"\" class=\"wp-image-313\"\/><\/a><\/figure>\n\n\n\n<figure class=\"wp-block-image size-large\"><a href=\"https:\/\/www.resail.org\/fr\/magasins\/\"><img decoding=\"async\" data-id=\"336\" src=\"https:\/\/www.resail.org\/wp-content\/uploads\/2022\/10\/GALAPAGOS-ISLAND-Ladies-Sneaker-whitesunny-1.jpg-1024x1024.webp\" alt=\"\" class=\"wp-image-336\"\/><\/a><\/figure>\n\n\n\n<figure class=\"wp-block-image size-large\"><a href=\"https:\/\/www.resail.org\/fr\/magasins\/\"><img decoding=\"async\" data-id=\"3674\" src=\"https:\/\/www.resail.org\/wp-content\/uploads\/2024\/07\/ORKNEY-ISLAND-Mens-Sneakers-blue.jpg-1024x1024.webp\" alt=\"\" class=\"wp-image-3674\"\/><\/a><\/figure>\n\n\n\n<figure class=\"wp-block-image size-large\"><a href=\"https:\/\/www.resail.org\/fr\/magasins\/\"><img decoding=\"async\" data-id=\"332\" src=\"https:\/\/www.resail.org\/wp-content\/uploads\/2022\/09\/GALAPAGOS-ISLAND-Mens-Sneaker-Whitesignal-3.jpg-1024x1024.webp\" alt=\"\" class=\"wp-image-332\"\/><\/a><\/figure>\n\n\n\n<figure class=\"wp-block-image size-large\"><a href=\"https:\/\/www.resail.org\/fr\/magasins\/\"><img decoding=\"async\" data-id=\"357\" src=\"https:\/\/www.resail.org\/wp-content\/uploads\/2022\/10\/MANHATTAN-ISLAND-Mens-High-Top-Sneaker-whiteoceanblue-1.jpg-1024x1024.webp\" alt=\"\" class=\"wp-image-357\"\/><\/a><\/figure>\n\n\n\n<figure class=\"wp-block-image size-large\"><a href=\"https:\/\/www.resail.org\/fr\/magasins\/\"><img decoding=\"async\" data-id=\"361\" src=\"https:\/\/www.resail.org\/wp-content\/uploads\/2022\/10\/MANHATTAN-ISLAND-Mens-High-Top-Sneaker-whiteoceanblue-5.jpg-1024x1024.webp\" alt=\"\" class=\"wp-image-361\"\/><\/a><\/figure>\n\n\n\n<figure class=\"wp-block-image size-large\"><a href=\"https:\/\/www.resail.org\/fr\/magasins\/\"><img decoding=\"async\" data-id=\"3672\" src=\"https:\/\/www.resail.org\/wp-content\/uploads\/2024\/07\/El-HIERRO-ISLAND-Womens-Sneakers-mud.jpg-1024x1024.webp\" alt=\"\" class=\"wp-image-3672\"\/><\/a><\/figure>\n\n\n\n<figure class=\"wp-block-image size-large\"><a href=\"https:\/\/www.resail.org\/fr\/magasins\/\"><img decoding=\"async\" data-id=\"1272\" src=\"https:\/\/www.resail.org\/wp-content\/uploads\/2023\/02\/8SYC18010104-G-1024x1024.webp\" alt=\"\" class=\"wp-image-1272\"\/><\/a><\/figure>\n\n\n\n<figure class=\"wp-block-image size-large\"><a href=\"https:\/\/www.resail.org\/fr\/magasins\/\"><img decoding=\"async\" data-id=\"1245\" src=\"https:\/\/www.resail.org\/wp-content\/uploads\/2023\/02\/8SYC22010120-F-1024x1024.webp\" alt=\"\" class=\"wp-image-1245\"\/><\/a><\/figure>\n\n\n\n<figure class=\"wp-block-image size-large\"><a href=\"https:\/\/www.resail.org\/fr\/magasins\/\"><img decoding=\"async\" data-id=\"1307\" src=\"https:\/\/www.resail.org\/wp-content\/uploads\/2023\/02\/8SYC21040103-B-1-1024x1024.webp\" alt=\"\" class=\"wp-image-1307\"\/><\/a><\/figure>\n\n\n\n<figure class=\"wp-block-image size-large\"><a href=\"https:\/\/www.resail.org\/fr\/magasins\/\"><img decoding=\"async\" data-id=\"1335\" src=\"https:\/\/www.resail.org\/wp-content\/uploads\/2023\/02\/8SYC23040240-D-1024x1024.webp\" alt=\"\" class=\"wp-image-1335\"\/><\/a><\/figure>\n\n\n\n<figure class=\"wp-block-image size-large\"><a href=\"https:\/\/www.resail.org\/fr\/magasins\/\"><img decoding=\"async\" data-id=\"1347\" src=\"https:\/\/www.resail.org\/wp-content\/uploads\/2023\/02\/8SYC23040136-C-1024x1024.webp\" alt=\"\" class=\"wp-image-1347\"\/><\/a><\/figure>\n\n\n\n<figure class=\"wp-block-image size-large\"><a href=\"https:\/\/www.resail.org\/fr\/magasins\/\"><img decoding=\"async\" data-id=\"1399\" src=\"https:\/\/www.resail.org\/wp-content\/uploads\/2023\/02\/8SYC23040228-B-1024x1024.webp\" alt=\"\" class=\"wp-image-1399\"\/><\/a><\/figure>\n\n\n\n<figure class=\"wp-block-image size-large\"><a href=\"https:\/\/www.resail.org\/fr\/magasins\/\"><img decoding=\"async\" data-id=\"1416\" src=\"https:\/\/www.resail.org\/wp-content\/uploads\/2023\/02\/8SYC23040127-F-1024x1024.webp\" alt=\"\" class=\"wp-image-1416\"\/><\/a><\/figure>\n\n\n\n<figure class=\"wp-block-image size-large\"><a href=\"https:\/\/www.resail.org\/fr\/magasins\/\"><img decoding=\"async\" data-id=\"1466\" src=\"https:\/\/www.resail.org\/wp-content\/uploads\/2023\/02\/8SYC23150109-D-1024x1024.webp\" alt=\"\" class=\"wp-image-1466\"\/><\/a><\/figure>\n\n\n\n<figure class=\"wp-block-image size-large\"><a href=\"https:\/\/www.resail.org\/fr\/magasins\/\"><img decoding=\"async\" data-id=\"1480\" src=\"https:\/\/www.resail.org\/wp-content\/uploads\/2023\/02\/8SYC23150240-E-1024x1024.webp\" alt=\"\" class=\"wp-image-1480\"\/><\/a><\/figure>\n\n\n\n<figure class=\"wp-block-image size-large\"><a href=\"https:\/\/www.resail.org\/fr\/magasins\/\"><img decoding=\"async\" data-id=\"1503\" src=\"https:\/\/www.resail.org\/wp-content\/uploads\/2023\/02\/8SYC23150132-B-1024x1024.webp\" alt=\"\" class=\"wp-image-1503\"\/><\/a><\/figure>\n\n\n\n<figure class=\"wp-block-image size-large\"><a href=\"https:\/\/www.resail.org\/fr\/magasins\/\"><img decoding=\"async\" data-id=\"1545\" src=\"https:\/\/www.resail.org\/wp-content\/uploads\/2023\/02\/8SYC23150211-F-1024x1024.webp\" alt=\"\" class=\"wp-image-1545\"\/><\/a><\/figure>\n\n\n\n<figure class=\"wp-block-image size-large\"><a href=\"https:\/\/www.resail.org\/fr\/magasins\/\"><img decoding=\"async\" data-id=\"1543\" src=\"https:\/\/www.resail.org\/wp-content\/uploads\/2023\/02\/8SYC23150211-D-1024x1024.webp\" alt=\"\" class=\"wp-image-1543\"\/><\/a><\/figure>\n\n\n\n<figure class=\"wp-block-image size-large\"><a href=\"https:\/\/www.resail.org\/fr\/magasins\/\"><img fetchpriority=\"high\" decoding=\"async\" width=\"1024\" height=\"1024\" data-id=\"3679\" src=\"https:\/\/www.resail.org\/wp-content\/uploads\/2024\/07\/El-HIERRO-ISLAND-Mens-Sneakers-cloudy.jpg-1024x1024.webp\" alt=\"\" class=\"wp-image-3679\" srcset=\"https:\/\/www.resail.org\/wp-content\/uploads\/2024\/07\/El-HIERRO-ISLAND-Mens-Sneakers-cloudy.jpg-1024x1024.webp 1024w, https:\/\/www.resail.org\/wp-content\/uploads\/2024\/07\/El-HIERRO-ISLAND-Mens-Sneakers-cloudy.jpg-300x300.webp 300w, https:\/\/www.resail.org\/wp-content\/uploads\/2024\/07\/El-HIERRO-ISLAND-Mens-Sneakers-cloudy.jpg-150x150.webp 150w, https:\/\/www.resail.org\/wp-content\/uploads\/2024\/07\/El-HIERRO-ISLAND-Mens-Sneakers-cloudy.jpg-768x768.webp 768w, https:\/\/www.resail.org\/wp-content\/uploads\/2024\/07\/El-HIERRO-ISLAND-Mens-Sneakers-cloudy.jpg-1400x1400.webp 1400w, https:\/\/www.resail.org\/wp-content\/uploads\/2024\/07\/El-HIERRO-ISLAND-Mens-Sneakers-cloudy.jpg-1200x1200.webp 1200w, https:\/\/www.resail.org\/wp-content\/uploads\/2024\/07\/El-HIERRO-ISLAND-Mens-Sneakers-cloudy.jpg-960x960.webp 960w, https:\/\/www.resail.org\/wp-content\/uploads\/2024\/07\/El-HIERRO-ISLAND-Mens-Sneakers-cloudy.jpg-375x375.webp 375w, https:\/\/www.resail.org\/wp-content\/uploads\/2024\/07\/El-HIERRO-ISLAND-Mens-Sneakers-cloudy.jpg-600x600.webp 600w, https:\/\/www.resail.org\/wp-content\/uploads\/2024\/07\/El-HIERRO-ISLAND-Mens-Sneakers-cloudy.jpg-100x100.webp 100w, https:\/\/www.resail.org\/wp-content\/uploads\/2024\/07\/El-HIERRO-ISLAND-Mens-Sneakers-cloudy.jpg.webp 1500w\" sizes=\"(max-width: 1024px) 100vw, 1024px\" \/><\/a><\/figure>\n<\/figure>\n","protected":false},"excerpt":{"rendered":"<p>8Beaufort Naviguant sur la mer du Nord et la mer Baltique, con\u00e7u \u00e0 Hambourg, fabriqu\u00e9 au Portugal &#8211; 8beaufort donne une seconde vie aux voiles et cr\u00e9e ainsi des baskets de haute qualit\u00e9 avec des mat\u00e9riaux recycl\u00e9s et naturels. L&rsquo;upcycling est l&rsquo;une des m\u00e9thodes d&rsquo;utilisation durable des mat\u00e9riaux, car il permet de r\u00e9duire la consommation [&hellip;]<\/p>\n","protected":false},"author":16,"featured_media":0,"parent":0,"menu_order":0,"comment_status":"closed","ping_status":"closed","template":"","meta":{"_acf_changed":false,"footnotes":""},"class_list":["post-55854","page","type-page","status-publish","hentry"],"acf":[],"yoast_head":"<!-- This site is optimized with the Yoast SEO plugin v27.2 - https:\/\/yoast.com\/product\/yoast-seo-wordpress\/ -->\n<title>8Beaufort - Resail<\/title>\n<meta name=\"robots\" content=\"index, follow, max-snippet:-1, max-image-preview:large, max-video-preview:-1\" \/>\n<link rel=\"canonical\" href=\"https:\/\/www.resail.org\/fr\/8beaufort\/\" \/>\n<meta property=\"og:locale\" content=\"fr_FR\" \/>\n<meta property=\"og:type\" content=\"article\" \/>\n<meta property=\"og:title\" content=\"8Beaufort - Resail\" \/>\n<meta property=\"og:description\" content=\"8Beaufort Naviguant sur la mer du Nord et la mer Baltique, con\u00e7u \u00e0 Hambourg, fabriqu\u00e9 au Portugal &#8211; 8beaufort donne une seconde vie aux voiles et cr\u00e9e ainsi des baskets de haute qualit\u00e9 avec des mat\u00e9riaux recycl\u00e9s et naturels. L&rsquo;upcycling est l&rsquo;une des m\u00e9thodes d&rsquo;utilisation durable des mat\u00e9riaux, car il permet de r\u00e9duire la consommation [&hellip;]\" \/>\n<meta property=\"og:url\" content=\"https:\/\/www.resail.org\/fr\/8beaufort\/\" \/>\n<meta property=\"og:site_name\" content=\"Resail\" \/>\n<meta property=\"article:modified_time\" content=\"2025-09-04T09:50:16+00:00\" \/>\n<meta name=\"twitter:card\" content=\"summary_large_image\" \/>\n<meta name=\"twitter:label1\" content=\"Dur\u00e9e de lecture estim\u00e9e\" \/>\n\t<meta name=\"twitter:data1\" content=\"1 minute\" \/>\n<script type=\"application\/ld+json\" class=\"yoast-schema-graph\">{\"@context\":\"https:\/\/schema.org\",\"@graph\":[{\"@type\":\"WebPage\",\"@id\":\"https:\/\/www.resail.org\/fr\/8beaufort\/\",\"url\":\"https:\/\/www.resail.org\/fr\/8beaufort\/\",\"name\":\"8Beaufort - Resail\",\"isPartOf\":{\"@id\":\"https:\/\/www.resail.org\/fr\/#website\"},\"primaryImageOfPage\":{\"@id\":\"https:\/\/www.resail.org\/fr\/8beaufort\/#primaryimage\"},\"image\":{\"@id\":\"https:\/\/www.resail.org\/fr\/8beaufort\/#primaryimage\"},\"thumbnailUrl\":\"https:\/\/www.resail.org\/wp-content\/uploads\/2024\/07\/El-HIERRO-ISLAND-womens-sneakers-polar-light.jpg-1024x1024.webp\",\"datePublished\":\"2024-05-04T09:03:05+00:00\",\"dateModified\":\"2025-09-04T09:50:16+00:00\",\"breadcrumb\":{\"@id\":\"https:\/\/www.resail.org\/fr\/8beaufort\/#breadcrumb\"},\"inLanguage\":\"fr-FR\",\"potentialAction\":[{\"@type\":\"ReadAction\",\"target\":[\"https:\/\/www.resail.org\/fr\/8beaufort\/\"]}]},{\"@type\":\"ImageObject\",\"inLanguage\":\"fr-FR\",\"@id\":\"https:\/\/www.resail.org\/fr\/8beaufort\/#primaryimage\",\"url\":\"https:\/\/www.resail.org\/wp-content\/uploads\/2024\/07\/El-HIERRO-ISLAND-womens-sneakers-polar-light.jpg-1024x1024.webp\",\"contentUrl\":\"https:\/\/www.resail.org\/wp-content\/uploads\/2024\/07\/El-HIERRO-ISLAND-womens-sneakers-polar-light.jpg-1024x1024.webp\"},{\"@type\":\"BreadcrumbList\",\"@id\":\"https:\/\/www.resail.org\/fr\/8beaufort\/#breadcrumb\",\"itemListElement\":[{\"@type\":\"ListItem\",\"position\":1,\"name\":\"Home\",\"item\":\"https:\/\/www.resail.org\/fr\/accueil\/\"},{\"@type\":\"ListItem\",\"position\":2,\"name\":\"8Beaufort\"}]},{\"@type\":\"WebSite\",\"@id\":\"https:\/\/www.resail.org\/fr\/#website\",\"url\":\"https:\/\/www.resail.org\/fr\/\",\"name\":\"Resail\",\"description\":\"\",\"publisher\":{\"@id\":\"https:\/\/www.resail.org\/fr\/#organization\"},\"potentialAction\":[{\"@type\":\"SearchAction\",\"target\":{\"@type\":\"EntryPoint\",\"urlTemplate\":\"https:\/\/www.resail.org\/fr\/?s={search_term_string}\"},\"query-input\":{\"@type\":\"PropertyValueSpecification\",\"valueRequired\":true,\"valueName\":\"search_term_string\"}}],\"inLanguage\":\"fr-FR\"},{\"@type\":\"Organization\",\"@id\":\"https:\/\/www.resail.org\/fr\/#organization\",\"name\":\"Resail (en anglais)\",\"url\":\"https:\/\/www.resail.org\/fr\/\",\"logo\":{\"@type\":\"ImageObject\",\"inLanguage\":\"fr-FR\",\"@id\":\"https:\/\/www.resail.org\/fr\/#\/schema\/logo\/image\/\",\"url\":\"https:\/\/www.resail.org\/wp-content\/uploads\/2024\/04\/cropped-Resail_logo_staand.png\",\"contentUrl\":\"https:\/\/www.resail.org\/wp-content\/uploads\/2024\/04\/cropped-Resail_logo_staand.png\",\"width\":512,\"height\":512,\"caption\":\"Resail (en anglais)\"},\"image\":{\"@id\":\"https:\/\/www.resail.org\/fr\/#\/schema\/logo\/image\/\"}}]}<\/script>\n<!-- \/ Yoast SEO plugin. -->","yoast_head_json":{"title":"8Beaufort - Resail","robots":{"index":"index","follow":"follow","max-snippet":"max-snippet:-1","max-image-preview":"max-image-preview:large","max-video-preview":"max-video-preview:-1"},"canonical":"https:\/\/www.resail.org\/fr\/8beaufort\/","og_locale":"fr_FR","og_type":"article","og_title":"8Beaufort - Resail","og_description":"8Beaufort Naviguant sur la mer du Nord et la mer Baltique, con\u00e7u \u00e0 Hambourg, fabriqu\u00e9 au Portugal &#8211; 8beaufort donne une seconde vie aux voiles et cr\u00e9e ainsi des baskets de haute qualit\u00e9 avec des mat\u00e9riaux recycl\u00e9s et naturels. L&rsquo;upcycling est l&rsquo;une des m\u00e9thodes d&rsquo;utilisation durable des mat\u00e9riaux, car il permet de r\u00e9duire la consommation [&hellip;]","og_url":"https:\/\/www.resail.org\/fr\/8beaufort\/","og_site_name":"Resail","article_modified_time":"2025-09-04T09:50:16+00:00","twitter_card":"summary_large_image","twitter_misc":{"Dur\u00e9e de lecture estim\u00e9e":"1 minute"},"schema":{"@context":"https:\/\/schema.org","@graph":[{"@type":"WebPage","@id":"https:\/\/www.resail.org\/fr\/8beaufort\/","url":"https:\/\/www.resail.org\/fr\/8beaufort\/","name":"8Beaufort - Resail","isPartOf":{"@id":"https:\/\/www.resail.org\/fr\/#website"},"primaryImageOfPage":{"@id":"https:\/\/www.resail.org\/fr\/8beaufort\/#primaryimage"},"image":{"@id":"https:\/\/www.resail.org\/fr\/8beaufort\/#primaryimage"},"thumbnailUrl":"https:\/\/www.resail.org\/wp-content\/uploads\/2024\/07\/El-HIERRO-ISLAND-womens-sneakers-polar-light.jpg-1024x1024.webp","datePublished":"2024-05-04T09:03:05+00:00","dateModified":"2025-09-04T09:50:16+00:00","breadcrumb":{"@id":"https:\/\/www.resail.org\/fr\/8beaufort\/#breadcrumb"},"inLanguage":"fr-FR","potentialAction":[{"@type":"ReadAction","target":["https:\/\/www.resail.org\/fr\/8beaufort\/"]}]},{"@type":"ImageObject","inLanguage":"fr-FR","@id":"https:\/\/www.resail.org\/fr\/8beaufort\/#primaryimage","url":"https:\/\/www.resail.org\/wp-content\/uploads\/2024\/07\/El-HIERRO-ISLAND-womens-sneakers-polar-light.jpg-1024x1024.webp","contentUrl":"https:\/\/www.resail.org\/wp-content\/uploads\/2024\/07\/El-HIERRO-ISLAND-womens-sneakers-polar-light.jpg-1024x1024.webp"},{"@type":"BreadcrumbList","@id":"https:\/\/www.resail.org\/fr\/8beaufort\/#breadcrumb","itemListElement":[{"@type":"ListItem","position":1,"name":"Home","item":"https:\/\/www.resail.org\/fr\/accueil\/"},{"@type":"ListItem","position":2,"name":"8Beaufort"}]},{"@type":"WebSite","@id":"https:\/\/www.resail.org\/fr\/#website","url":"https:\/\/www.resail.org\/fr\/","name":"Resail","description":"","publisher":{"@id":"https:\/\/www.resail.org\/fr\/#organization"},"potentialAction":[{"@type":"SearchAction","target":{"@type":"EntryPoint","urlTemplate":"https:\/\/www.resail.org\/fr\/?s={search_term_string}"},"query-input":{"@type":"PropertyValueSpecification","valueRequired":true,"valueName":"search_term_string"}}],"inLanguage":"fr-FR"},{"@type":"Organization","@id":"https:\/\/www.resail.org\/fr\/#organization","name":"Resail (en anglais)","url":"https:\/\/www.resail.org\/fr\/","logo":{"@type":"ImageObject","inLanguage":"fr-FR","@id":"https:\/\/www.resail.org\/fr\/#\/schema\/logo\/image\/","url":"https:\/\/www.resail.org\/wp-content\/uploads\/2024\/04\/cropped-Resail_logo_staand.png","contentUrl":"https:\/\/www.resail.org\/wp-content\/uploads\/2024\/04\/cropped-Resail_logo_staand.png","width":512,"height":512,"caption":"Resail (en anglais)"},"image":{"@id":"https:\/\/www.resail.org\/fr\/#\/schema\/logo\/image\/"}}]}},"_links":{"self":[{"href":"https:\/\/www.resail.org\/fr\/wp-json\/wp\/v2\/pages\/55854","targetHints":{"allow":["GET"]}}],"collection":[{"href":"https:\/\/www.resail.org\/fr\/wp-json\/wp\/v2\/pages"}],"about":[{"href":"https:\/\/www.resail.org\/fr\/wp-json\/wp\/v2\/types\/page"}],"author":[{"embeddable":true,"href":"https:\/\/www.resail.org\/fr\/wp-json\/wp\/v2\/users\/16"}],"replies":[{"embeddable":true,"href":"https:\/\/www.resail.org\/fr\/wp-json\/wp\/v2\/comments?post=55854"}],"version-history":[{"count":1,"href":"https:\/\/www.resail.org\/fr\/wp-json\/wp\/v2\/pages\/55854\/revisions"}],"predecessor-version":[{"id":55856,"href":"https:\/\/www.resail.org\/fr\/wp-json\/wp\/v2\/pages\/55854\/revisions\/55856"}],"wp:attachment":[{"href":"https:\/\/www.resail.org\/fr\/wp-json\/wp\/v2\/media?parent=55854"}],"curies":[{"name":"wp","href":"https:\/\/api.w.org\/{rel}","templated":true}]}}