  {"id":59850,"date":"2024-10-25T14:03:52","date_gmt":"2024-10-25T12:03:52","guid":{"rendered":"https:\/\/www.resail.org\/recherche\/"},"modified":"2026-01-21T14:11:07","modified_gmt":"2026-01-21T13:11:07","slug":"recherche","status":"publish","type":"page","link":"https:\/\/www.resail.org\/fr\/recherche\/","title":{"rendered":"Recherche"},"content":{"rendered":"\t\t<div data-elementor-type=\"wp-page\" data-elementor-id=\"59850\" class=\"elementor elementor-59850 elementor-4427\" data-elementor-post-type=\"page\">\n\t\t\t\t<div class=\"elementor-element elementor-element-8265d5d e-flex e-con-boxed e-con e-parent\" data-id=\"8265d5d\" data-element_type=\"container\" data-e-type=\"container\" data-settings=\"{&quot;background_background&quot;:&quot;classic&quot;}\">\n\t\t\t\t\t<div class=\"e-con-inner\">\n\t\t<div class=\"elementor-element elementor-element-816e122 e-con-full e-flex e-con e-child\" data-id=\"816e122\" data-element_type=\"container\" data-e-type=\"container\">\n\t\t\t\t<div class=\"elementor-element elementor-element-7cf30ca elementor-widget elementor-widget-text-editor\" data-id=\"7cf30ca\" data-element_type=\"widget\" data-e-type=\"widget\" data-widget_type=\"text-editor.default\">\n\t\t\t\t<div class=\"elementor-widget-container\">\n\t\t\t\t\t\t\t\t\t<p class=\"has-background-color has-text-color\">Qui sont les grands noms de l&rsquo;industrie, quels sont les mat\u00e9riaux utilis\u00e9s et quel est le degr\u00e9 de durabilit\u00e9 de cette partie de notre passe-temps \u00e9olien ?<\/p><p class=\"has-background-color has-text-color\">Lisez notre livre blanc.<\/p>\t\t\t\t\t\t\t\t<\/div>\n\t\t\t\t<\/div>\n\t\t\t\t<div class=\"elementor-element elementor-element-3a4b78d elementor-button-align-start elementor-widget elementor-widget-form\" data-id=\"3a4b78d\" data-element_type=\"widget\" data-e-type=\"widget\" data-settings=\"{&quot;step_next_label&quot;:&quot;Suivant&quot;,&quot;step_previous_label&quot;:&quot;Pr\\u00e9c\\u00e9dent&quot;,&quot;button_width&quot;:&quot;100&quot;,&quot;step_type&quot;:&quot;number_text&quot;,&quot;step_icon_shape&quot;:&quot;circle&quot;}\" data-widget_type=\"form.default\">\n\t\t\t\t<div class=\"elementor-widget-container\">\n\t\t\t\t\t\t\t<form class=\"elementor-form\" method=\"post\" name=\"Formulaire de livre blanc\" aria-label=\"Formulaire de livre blanc\">\n\t\t\t<input type=\"hidden\" name=\"post_id\" value=\"59850\"\/>\n\t\t\t<input type=\"hidden\" name=\"form_id\" value=\"3a4b78d\"\/>\n\t\t\t<input type=\"hidden\" name=\"referer_title\" value=\"Recherche - Resail\" \/>\n\n\t\t\t\t\t\t\t<input type=\"hidden\" name=\"queried_id\" value=\"59850\"\/>\n\t\t\t\n\t\t\t<div class=\"elementor-form-fields-wrapper elementor-labels-above\">\n\t\t\t\t\t\t\t\t<div class=\"elementor-field-type-email elementor-field-group elementor-column elementor-field-group-email elementor-col-100 elementor-field-required\">\n\t\t\t\t\t\t\t\t\t\t\t\t<label for=\"form-field-email\" class=\"elementor-field-label\">\n\t\t\t\t\t\t\t\tCourriel\t\t\t\t\t\t\t<\/label>\n\t\t\t\t\t\t\t\t\t\t\t\t\t\t<input size=\"1\" type=\"email\" name=\"form_fields[email]\" id=\"form-field-email\" class=\"elementor-field elementor-size-sm  elementor-field-textual\" placeholder=\"Courriel\" required=\"required\">\n\t\t\t\t\t\t\t\t\t\t\t<\/div>\n\t\t\t\t\t\t\t\t<div class=\"elementor-field-group elementor-column elementor-field-type-submit elementor-col-100 e-form__buttons\">\n\t\t\t\t\t<button class=\"elementor-button elementor-size-sm elementor-animation-grow\" type=\"submit\">\n\t\t\t\t\t\t<span class=\"elementor-button-content-wrapper\">\n\t\t\t\t\t\t\t\t\t\t\t\t\t\t\t\t\t\t\t\t\t\t<span class=\"elementor-button-text\">T\u00e9l\u00e9chargez ici<\/span>\n\t\t\t\t\t\t\t\t\t\t\t\t\t<\/span>\n\t\t\t\t\t<\/button>\n\t\t\t\t<\/div>\n\t\t\t<\/div>\n\t\t<\/form>\n\t\t\t\t\t\t<\/div>\n\t\t\t\t<\/div>\n\t\t\t\t<div class=\"elementor-element elementor-element-f17a890 elementor-hidden-desktop elementor-hidden-laptop elementor-hidden-tablet_extra elementor-hidden-tablet elementor-hidden-mobile_extra elementor-hidden-mobile elementor-widget elementor-widget-button\" data-id=\"f17a890\" data-element_type=\"widget\" data-e-type=\"widget\" data-widget_type=\"button.default\">\n\t\t\t\t<div class=\"elementor-widget-container\">\n\t\t\t\t\t\t\t\t\t<div class=\"elementor-button-wrapper\">\n\t\t\t\t\t<a class=\"elementor-button elementor-button-link elementor-size-sm elementor-animation-grow\" href=\"https:\/\/www.resail.org\/wp-content\/uploads\/2022\/11\/Resail-Whitepaper.pdf\">\n\t\t\t\t\t\t<span class=\"elementor-button-content-wrapper\">\n\t\t\t\t\t\t\t\t\t<span class=\"elementor-button-text\">T\u00e9l\u00e9chargez ici<\/span>\n\t\t\t\t\t<\/span>\n\t\t\t\t\t<\/a>\n\t\t\t\t<\/div>\n\t\t\t\t\t\t\t\t<\/div>\n\t\t\t\t<\/div>\n\t\t\t\t<\/div>\n\t\t<div class=\"elementor-element elementor-element-113f3f8 e-con-full e-flex e-con e-child\" data-id=\"113f3f8\" data-element_type=\"container\" data-e-type=\"container\">\n\t\t\t\t<div class=\"elementor-element elementor-element-813a81d elementor-widget elementor-widget-image\" data-id=\"813a81d\" data-element_type=\"widget\" data-e-type=\"widget\" data-widget_type=\"image.default\">\n\t\t\t\t<div class=\"elementor-widget-container\">\n\t\t\t\t\t\t\t\t\t\t\t\t\t\t\t<img fetchpriority=\"high\" decoding=\"async\" width=\"650\" height=\"475\" src=\"https:\/\/www.resail.org\/wp-content\/uploads\/2024\/10\/Industry-has-a-huge-ecological-footprint.jpg\" class=\"attachment-large size-large wp-image-22084\" alt=\"Industry-has-a-huge-ecological-footprint\" srcset=\"https:\/\/www.resail.org\/wp-content\/uploads\/2024\/10\/Industry-has-a-huge-ecological-footprint.jpg 650w, https:\/\/www.resail.org\/wp-content\/uploads\/2024\/10\/Industry-has-a-huge-ecological-footprint-300x219.jpg 300w, https:\/\/www.resail.org\/wp-content\/uploads\/2024\/10\/Industry-has-a-huge-ecological-footprint-600x438.jpg 600w\" sizes=\"(max-width: 650px) 100vw, 650px\" \/>\t\t\t\t\t\t\t\t\t\t\t\t\t\t\t<\/div>\n\t\t\t\t<\/div>\n\t\t\t\t<\/div>\n\t\t\t\t\t<\/div>\n\t\t\t\t<\/div>\n\t\t<div class=\"elementor-element elementor-element-f02729b e-flex e-con-boxed e-con e-parent\" data-id=\"f02729b\" data-element_type=\"container\" data-e-type=\"container\">\n\t\t\t\t\t<div class=\"e-con-inner\">\n\t\t<div class=\"elementor-element elementor-element-e02a35b e-con-full e-flex e-con e-child\" data-id=\"e02a35b\" data-element_type=\"container\" data-e-type=\"container\">\n\t\t\t\t<div class=\"elementor-element elementor-element-e020e2c elementor-widget elementor-widget-heading\" data-id=\"e020e2c\" data-element_type=\"widget\" data-e-type=\"widget\" data-widget_type=\"heading.default\">\n\t\t\t\t<div class=\"elementor-widget-container\">\n\t\t\t\t\t<h1 class=\"elementor-heading-title elementor-size-default\">Recherche<\/h1>\t\t\t\t<\/div>\n\t\t\t\t<\/div>\n\t\t\t\t<div class=\"elementor-element elementor-element-6a6c2c4 elementor-widget elementor-widget-text-editor\" data-id=\"6a6c2c4\" data-element_type=\"widget\" data-e-type=\"widget\" data-widget_type=\"text-editor.default\">\n\t\t\t\t<div class=\"elementor-widget-container\">\n\t\t\t\t\t\t\t\t\t<p>Le d\u00e9veloppement des plastiques depuis 1945 a donn\u00e9 \u00e0 l&rsquo;industrie de la voile des possibilit\u00e9s infinies de d\u00e9velopper des voiles meilleures, plus rapides et plus durables. Comme beaucoup d&rsquo;industries, les artisans locaux ont disparu et ont \u00e9t\u00e9 remplac\u00e9s par des acteurs mondiaux qui produisent principalement des voiles dans les pays \u00e0 faible revenu. Les lofts locaux sont maintenant des centres de service ou se concentrent sur la fabrication de housses, de capots et de r\u00e9parations.  <\/p><p>Cette industrie a une empreinte \u00e9cologique \u00e9norme, elle utilise de grandes usines, beaucoup de produits chimiques et le recyclage ne fait pas partie du mod\u00e8le d&rsquo;entreprise. Pour l&rsquo;avenir de notre plan\u00e8te et de l&rsquo;industrie des sports nautiques, nous devons changer cela. <\/p>\t\t\t\t\t\t\t\t<\/div>\n\t\t\t\t<\/div>\n\t\t\t\t<\/div>\n\t\t<div class=\"elementor-element elementor-element-af6866e e-con-full e-flex e-con e-child\" data-id=\"af6866e\" data-element_type=\"container\" data-e-type=\"container\">\n\t\t\t\t<div class=\"elementor-element elementor-element-1a5127f elementor-widget elementor-widget-image\" data-id=\"1a5127f\" data-element_type=\"widget\" data-e-type=\"widget\" data-widget_type=\"image.default\">\n\t\t\t\t<div class=\"elementor-widget-container\">\n\t\t\t\t\t\t\t\t\t\t\t\t\t\t\t<img decoding=\"async\" width=\"640\" height=\"640\" src=\"https:\/\/www.resail.org\/wp-content\/uploads\/2024\/10\/ReSail-academy.jpg\" class=\"attachment-large size-large wp-image-22068\" alt=\"ReSail-academy\" srcset=\"https:\/\/www.resail.org\/wp-content\/uploads\/2024\/10\/ReSail-academy.jpg 640w, https:\/\/www.resail.org\/wp-content\/uploads\/2024\/10\/ReSail-academy-300x300.jpg 300w, https:\/\/www.resail.org\/wp-content\/uploads\/2024\/10\/ReSail-academy-150x150.jpg 150w, https:\/\/www.resail.org\/wp-content\/uploads\/2024\/10\/ReSail-academy-600x600.jpg 600w, https:\/\/www.resail.org\/wp-content\/uploads\/2024\/10\/ReSail-academy-100x100.jpg 100w\" sizes=\"(max-width: 640px) 100vw, 640px\" \/>\t\t\t\t\t\t\t\t\t\t\t\t\t\t\t<\/div>\n\t\t\t\t<\/div>\n\t\t\t\t<\/div>\n\t\t\t\t\t<\/div>\n\t\t\t\t<\/div>\n\t\t\t\t<\/div>\n\t\t","protected":false},"excerpt":{"rendered":"<p>Qui sont les grands noms de l&rsquo;industrie, quels sont les mat\u00e9riaux utilis\u00e9s et quel est le degr\u00e9 de durabilit\u00e9 de cette partie de notre passe-temps \u00e9olien ? Lisez notre livre blanc. T\u00e9l\u00e9chargez ici Recherche Le d\u00e9veloppement des plastiques depuis 1945 a donn\u00e9 \u00e0 l&rsquo;industrie de la voile des possibilit\u00e9s infinies de d\u00e9velopper des voiles meilleures, [&hellip;]<\/p>\n","protected":false},"author":16,"featured_media":0,"parent":0,"menu_order":0,"comment_status":"closed","ping_status":"closed","template":"","meta":{"_acf_changed":false,"footnotes":""},"class_list":["post-59850","page","type-page","status-publish","hentry"],"acf":[],"yoast_head":"<!-- This site is optimized with the Yoast SEO plugin v27.2 - https:\/\/yoast.com\/product\/yoast-seo-wordpress\/ -->\n<title>Recherche - Resail<\/title>\n<meta name=\"robots\" content=\"index, follow, max-snippet:-1, max-image-preview:large, max-video-preview:-1\" \/>\n<link rel=\"canonical\" href=\"https:\/\/www.resail.org\/fr\/recherche\/\" \/>\n<meta property=\"og:locale\" content=\"fr_FR\" \/>\n<meta property=\"og:type\" content=\"article\" \/>\n<meta property=\"og:title\" content=\"Recherche - Resail\" \/>\n<meta property=\"og:description\" content=\"Qui sont les grands noms de l&rsquo;industrie, quels sont les mat\u00e9riaux utilis\u00e9s et quel est le degr\u00e9 de durabilit\u00e9 de cette partie de notre passe-temps \u00e9olien ? Lisez notre livre blanc. T\u00e9l\u00e9chargez ici Recherche Le d\u00e9veloppement des plastiques depuis 1945 a donn\u00e9 \u00e0 l&rsquo;industrie de la voile des possibilit\u00e9s infinies de d\u00e9velopper des voiles meilleures, [&hellip;]\" \/>\n<meta property=\"og:url\" content=\"https:\/\/www.resail.org\/fr\/recherche\/\" \/>\n<meta property=\"og:site_name\" content=\"Resail\" \/>\n<meta property=\"article:modified_time\" content=\"2026-01-21T13:11:07+00:00\" \/>\n<meta property=\"og:image\" content=\"https:\/\/www.resail.org\/wp-content\/uploads\/2024\/10\/Industry-has-a-huge-ecological-footprint.jpg\" \/>\n\t<meta property=\"og:image:width\" content=\"650\" \/>\n\t<meta property=\"og:image:height\" content=\"475\" \/>\n\t<meta property=\"og:image:type\" content=\"image\/jpeg\" \/>\n<meta name=\"twitter:card\" content=\"summary_large_image\" \/>\n<meta name=\"twitter:label1\" content=\"Dur\u00e9e de lecture estim\u00e9e\" \/>\n\t<meta name=\"twitter:data1\" content=\"1 minute\" \/>\n<script type=\"application\/ld+json\" class=\"yoast-schema-graph\">{\"@context\":\"https:\/\/schema.org\",\"@graph\":[{\"@type\":\"WebPage\",\"@id\":\"https:\/\/www.resail.org\/fr\/recherche\/\",\"url\":\"https:\/\/www.resail.org\/fr\/recherche\/\",\"name\":\"Recherche - Resail\",\"isPartOf\":{\"@id\":\"https:\/\/www.resail.org\/fr\/#website\"},\"primaryImageOfPage\":{\"@id\":\"https:\/\/www.resail.org\/fr\/recherche\/#primaryimage\"},\"image\":{\"@id\":\"https:\/\/www.resail.org\/fr\/recherche\/#primaryimage\"},\"thumbnailUrl\":\"https:\/\/www.resail.org\/wp-content\/uploads\/2024\/10\/Industry-has-a-huge-ecological-footprint.jpg\",\"datePublished\":\"2024-10-25T12:03:52+00:00\",\"dateModified\":\"2026-01-21T13:11:07+00:00\",\"breadcrumb\":{\"@id\":\"https:\/\/www.resail.org\/fr\/recherche\/#breadcrumb\"},\"inLanguage\":\"fr-FR\",\"potentialAction\":[{\"@type\":\"ReadAction\",\"target\":[\"https:\/\/www.resail.org\/fr\/recherche\/\"]}]},{\"@type\":\"ImageObject\",\"inLanguage\":\"fr-FR\",\"@id\":\"https:\/\/www.resail.org\/fr\/recherche\/#primaryimage\",\"url\":\"https:\/\/www.resail.org\/wp-content\/uploads\/2024\/10\/Industry-has-a-huge-ecological-footprint.jpg\",\"contentUrl\":\"https:\/\/www.resail.org\/wp-content\/uploads\/2024\/10\/Industry-has-a-huge-ecological-footprint.jpg\"},{\"@type\":\"BreadcrumbList\",\"@id\":\"https:\/\/www.resail.org\/fr\/recherche\/#breadcrumb\",\"itemListElement\":[{\"@type\":\"ListItem\",\"position\":1,\"name\":\"Home\",\"item\":\"https:\/\/www.resail.org\/fr\/accueil\/\"},{\"@type\":\"ListItem\",\"position\":2,\"name\":\"Recherche\"}]},{\"@type\":\"WebSite\",\"@id\":\"https:\/\/www.resail.org\/fr\/#website\",\"url\":\"https:\/\/www.resail.org\/fr\/\",\"name\":\"Resail\",\"description\":\"\",\"publisher\":{\"@id\":\"https:\/\/www.resail.org\/fr\/#organization\"},\"potentialAction\":[{\"@type\":\"SearchAction\",\"target\":{\"@type\":\"EntryPoint\",\"urlTemplate\":\"https:\/\/www.resail.org\/fr\/?s={search_term_string}\"},\"query-input\":{\"@type\":\"PropertyValueSpecification\",\"valueRequired\":true,\"valueName\":\"search_term_string\"}}],\"inLanguage\":\"fr-FR\"},{\"@type\":\"Organization\",\"@id\":\"https:\/\/www.resail.org\/fr\/#organization\",\"name\":\"Resail (en anglais)\",\"url\":\"https:\/\/www.resail.org\/fr\/\",\"logo\":{\"@type\":\"ImageObject\",\"inLanguage\":\"fr-FR\",\"@id\":\"https:\/\/www.resail.org\/fr\/#\/schema\/logo\/image\/\",\"url\":\"https:\/\/www.resail.org\/wp-content\/uploads\/2024\/04\/cropped-Resail_logo_staand.png\",\"contentUrl\":\"https:\/\/www.resail.org\/wp-content\/uploads\/2024\/04\/cropped-Resail_logo_staand.png\",\"width\":512,\"height\":512,\"caption\":\"Resail (en anglais)\"},\"image\":{\"@id\":\"https:\/\/www.resail.org\/fr\/#\/schema\/logo\/image\/\"}}]}<\/script>\n<!-- \/ Yoast SEO plugin. -->","yoast_head_json":{"title":"Recherche - Resail","robots":{"index":"index","follow":"follow","max-snippet":"max-snippet:-1","max-image-preview":"max-image-preview:large","max-video-preview":"max-video-preview:-1"},"canonical":"https:\/\/www.resail.org\/fr\/recherche\/","og_locale":"fr_FR","og_type":"article","og_title":"Recherche - Resail","og_description":"Qui sont les grands noms de l&rsquo;industrie, quels sont les mat\u00e9riaux utilis\u00e9s et quel est le degr\u00e9 de durabilit\u00e9 de cette partie de notre passe-temps \u00e9olien ? Lisez notre livre blanc. T\u00e9l\u00e9chargez ici Recherche Le d\u00e9veloppement des plastiques depuis 1945 a donn\u00e9 \u00e0 l&rsquo;industrie de la voile des possibilit\u00e9s infinies de d\u00e9velopper des voiles meilleures, [&hellip;]","og_url":"https:\/\/www.resail.org\/fr\/recherche\/","og_site_name":"Resail","article_modified_time":"2026-01-21T13:11:07+00:00","og_image":[{"width":650,"height":475,"url":"https:\/\/www.resail.org\/wp-content\/uploads\/2024\/10\/Industry-has-a-huge-ecological-footprint.jpg","type":"image\/jpeg"}],"twitter_card":"summary_large_image","twitter_misc":{"Dur\u00e9e de lecture estim\u00e9e":"1 minute"},"schema":{"@context":"https:\/\/schema.org","@graph":[{"@type":"WebPage","@id":"https:\/\/www.resail.org\/fr\/recherche\/","url":"https:\/\/www.resail.org\/fr\/recherche\/","name":"Recherche - Resail","isPartOf":{"@id":"https:\/\/www.resail.org\/fr\/#website"},"primaryImageOfPage":{"@id":"https:\/\/www.resail.org\/fr\/recherche\/#primaryimage"},"image":{"@id":"https:\/\/www.resail.org\/fr\/recherche\/#primaryimage"},"thumbnailUrl":"https:\/\/www.resail.org\/wp-content\/uploads\/2024\/10\/Industry-has-a-huge-ecological-footprint.jpg","datePublished":"2024-10-25T12:03:52+00:00","dateModified":"2026-01-21T13:11:07+00:00","breadcrumb":{"@id":"https:\/\/www.resail.org\/fr\/recherche\/#breadcrumb"},"inLanguage":"fr-FR","potentialAction":[{"@type":"ReadAction","target":["https:\/\/www.resail.org\/fr\/recherche\/"]}]},{"@type":"ImageObject","inLanguage":"fr-FR","@id":"https:\/\/www.resail.org\/fr\/recherche\/#primaryimage","url":"https:\/\/www.resail.org\/wp-content\/uploads\/2024\/10\/Industry-has-a-huge-ecological-footprint.jpg","contentUrl":"https:\/\/www.resail.org\/wp-content\/uploads\/2024\/10\/Industry-has-a-huge-ecological-footprint.jpg"},{"@type":"BreadcrumbList","@id":"https:\/\/www.resail.org\/fr\/recherche\/#breadcrumb","itemListElement":[{"@type":"ListItem","position":1,"name":"Home","item":"https:\/\/www.resail.org\/fr\/accueil\/"},{"@type":"ListItem","position":2,"name":"Recherche"}]},{"@type":"WebSite","@id":"https:\/\/www.resail.org\/fr\/#website","url":"https:\/\/www.resail.org\/fr\/","name":"Resail","description":"","publisher":{"@id":"https:\/\/www.resail.org\/fr\/#organization"},"potentialAction":[{"@type":"SearchAction","target":{"@type":"EntryPoint","urlTemplate":"https:\/\/www.resail.org\/fr\/?s={search_term_string}"},"query-input":{"@type":"PropertyValueSpecification","valueRequired":true,"valueName":"search_term_string"}}],"inLanguage":"fr-FR"},{"@type":"Organization","@id":"https:\/\/www.resail.org\/fr\/#organization","name":"Resail (en anglais)","url":"https:\/\/www.resail.org\/fr\/","logo":{"@type":"ImageObject","inLanguage":"fr-FR","@id":"https:\/\/www.resail.org\/fr\/#\/schema\/logo\/image\/","url":"https:\/\/www.resail.org\/wp-content\/uploads\/2024\/04\/cropped-Resail_logo_staand.png","contentUrl":"https:\/\/www.resail.org\/wp-content\/uploads\/2024\/04\/cropped-Resail_logo_staand.png","width":512,"height":512,"caption":"Resail (en anglais)"},"image":{"@id":"https:\/\/www.resail.org\/fr\/#\/schema\/logo\/image\/"}}]}},"_links":{"self":[{"href":"https:\/\/www.resail.org\/fr\/wp-json\/wp\/v2\/pages\/59850","targetHints":{"allow":["GET"]}}],"collection":[{"href":"https:\/\/www.resail.org\/fr\/wp-json\/wp\/v2\/pages"}],"about":[{"href":"https:\/\/www.resail.org\/fr\/wp-json\/wp\/v2\/types\/page"}],"author":[{"embeddable":true,"href":"https:\/\/www.resail.org\/fr\/wp-json\/wp\/v2\/users\/16"}],"replies":[{"embeddable":true,"href":"https:\/\/www.resail.org\/fr\/wp-json\/wp\/v2\/comments?post=59850"}],"version-history":[{"count":1,"href":"https:\/\/www.resail.org\/fr\/wp-json\/wp\/v2\/pages\/59850\/revisions"}],"predecessor-version":[{"id":59851,"href":"https:\/\/www.resail.org\/fr\/wp-json\/wp\/v2\/pages\/59850\/revisions\/59851"}],"wp:attachment":[{"href":"https:\/\/www.resail.org\/fr\/wp-json\/wp\/v2\/media?parent=59850"}],"curies":[{"name":"wp","href":"https:\/\/api.w.org\/{rel}","templated":true}]}}