{"id":44873,"date":"2025-01-24T10:19:41","date_gmt":"2025-01-24T09:19:41","guid":{"rendered":"https:\/\/www.resail.org\/product\/grand-voile-a-lattes-de-226-m2\/"},"modified":"2025-01-24T10:19:41","modified_gmt":"2025-01-24T09:19:41","slug":"grand-voile-a-lattes-de-226-m2","status":"publish","type":"product","link":"https:\/\/www.resail.org\/fr\/product\/grand-voile-a-lattes-de-226-m2\/","title":{"rendered":"Grand-voile \u00e0 lattes de 22,6 m2"},"content":{"rendered":"","protected":false},"excerpt":{"rendered":"<p>Num\u00e9ro de voile SWE 210 bleu, insigne de classe pour S-30 bleu, glissi\u00e8res de latte A114, glissi\u00e8res de m\u00e2t A014 ; latte compl\u00e8te en stratifi\u00e9.<\/p>\n","protected":false},"featured_media":25476,"comment_status":"closed","ping_status":"closed","template":"","meta":{"_acf_changed":false},"product_brand":[],"product_cat":[2178,2179],"product_tag":[],"class_list":{"0":"post-44873","1":"product","2":"type-product","3":"status-publish","4":"has-post-thumbnail","6":"product_cat-grand-voile","7":"product_cat-grand-voile-fr","8":"pa_producer-elvstrom","10":"first","11":"instock","12":"shipping-taxable","13":"purchasable","14":"product-type-simple"},"acf":[],"yoast_head":"<!-- This site is optimized with the Yoast SEO plugin v27.5 - https:\/\/yoast.com\/product\/yoast-seo-wordpress\/ -->\n<title>Grand-voile \u00e0 lattes de 22,6 m2 - Resail<\/title>\n<meta name=\"robots\" content=\"index, follow, max-snippet:-1, max-image-preview:large, max-video-preview:-1\" \/>\n<link rel=\"canonical\" href=\"https:\/\/www.resail.org\/fr\/product\/grand-voile-a-lattes-de-226-m2\/\" \/>\n<meta property=\"og:locale\" content=\"fr_FR\" \/>\n<meta property=\"og:type\" content=\"article\" \/>\n<meta property=\"og:title\" content=\"Grand-voile \u00e0 lattes de 22,6 m2 - Resail\" \/>\n<meta property=\"og:description\" content=\"Num\u00e9ro de voile SWE 210 bleu, insigne de classe pour S-30 bleu, glissi\u00e8res de latte A114, glissi\u00e8res de m\u00e2t A014 ; latte compl\u00e8te en stratifi\u00e9.\" \/>\n<meta property=\"og:url\" content=\"https:\/\/www.resail.org\/fr\/product\/grand-voile-a-lattes-de-226-m2\/\" \/>\n<meta property=\"og:site_name\" content=\"Resail\" \/>\n<meta property=\"og:image\" content=\"https:\/\/www.resail.org\/wp-content\/uploads\/2025\/01\/S30-sailboat.png\" \/>\n\t<meta property=\"og:image:width\" content=\"424\" \/>\n\t<meta property=\"og:image:height\" content=\"308\" \/>\n\t<meta property=\"og:image:type\" content=\"image\/png\" \/>\n<meta name=\"twitter:card\" content=\"summary_large_image\" \/>\n<script type=\"application\/ld+json\" class=\"yoast-schema-graph\">{\"@context\":\"https:\\\/\\\/schema.org\",\"@graph\":[{\"@type\":\"WebPage\",\"@id\":\"https:\\\/\\\/www.resail.org\\\/fr\\\/product\\\/grand-voile-a-lattes-de-226-m2\\\/\",\"url\":\"https:\\\/\\\/www.resail.org\\\/fr\\\/product\\\/grand-voile-a-lattes-de-226-m2\\\/\",\"name\":\"Grand-voile \u00e0 lattes de 22,6 m2 - Resail\",\"isPartOf\":{\"@id\":\"https:\\\/\\\/www.resail.org\\\/fr\\\/#website\"},\"primaryImageOfPage\":{\"@id\":\"https:\\\/\\\/www.resail.org\\\/fr\\\/product\\\/grand-voile-a-lattes-de-226-m2\\\/#primaryimage\"},\"image\":{\"@id\":\"https:\\\/\\\/www.resail.org\\\/fr\\\/product\\\/grand-voile-a-lattes-de-226-m2\\\/#primaryimage\"},\"thumbnailUrl\":\"https:\\\/\\\/www.resail.org\\\/wp-content\\\/uploads\\\/2025\\\/01\\\/S30-sailboat.png\",\"datePublished\":\"2025-01-24T09:19:41+00:00\",\"breadcrumb\":{\"@id\":\"https:\\\/\\\/www.resail.org\\\/fr\\\/product\\\/grand-voile-a-lattes-de-226-m2\\\/#breadcrumb\"},\"inLanguage\":\"fr-FR\",\"potentialAction\":[{\"@type\":\"ReadAction\",\"target\":[\"https:\\\/\\\/www.resail.org\\\/fr\\\/product\\\/grand-voile-a-lattes-de-226-m2\\\/\"]}]},{\"@type\":\"ImageObject\",\"inLanguage\":\"fr-FR\",\"@id\":\"https:\\\/\\\/www.resail.org\\\/fr\\\/product\\\/grand-voile-a-lattes-de-226-m2\\\/#primaryimage\",\"url\":\"https:\\\/\\\/www.resail.org\\\/wp-content\\\/uploads\\\/2025\\\/01\\\/S30-sailboat.png\",\"contentUrl\":\"https:\\\/\\\/www.resail.org\\\/wp-content\\\/uploads\\\/2025\\\/01\\\/S30-sailboat.png\",\"width\":424,\"height\":308},{\"@type\":\"BreadcrumbList\",\"@id\":\"https:\\\/\\\/www.resail.org\\\/fr\\\/product\\\/grand-voile-a-lattes-de-226-m2\\\/#breadcrumb\",\"itemListElement\":[{\"@type\":\"ListItem\",\"position\":1,\"name\":\"Home\",\"item\":\"https:\\\/\\\/www.resail.org\\\/fr\\\/accueil\\\/\"},{\"@type\":\"ListItem\",\"position\":2,\"name\":\"Boutique\",\"item\":\"https:\\\/\\\/www.resail.org\\\/fr\\\/boutique\\\/\"},{\"@type\":\"ListItem\",\"position\":3,\"name\":\"Grand-voile \u00e0 lattes de 22,6 m2\"}]},{\"@type\":\"WebSite\",\"@id\":\"https:\\\/\\\/www.resail.org\\\/fr\\\/#website\",\"url\":\"https:\\\/\\\/www.resail.org\\\/fr\\\/\",\"name\":\"Resail\",\"description\":\"\",\"publisher\":{\"@id\":\"https:\\\/\\\/www.resail.org\\\/fr\\\/#organization\"},\"potentialAction\":[{\"@type\":\"SearchAction\",\"target\":{\"@type\":\"EntryPoint\",\"urlTemplate\":\"https:\\\/\\\/www.resail.org\\\/fr\\\/?s={search_term_string}\"},\"query-input\":{\"@type\":\"PropertyValueSpecification\",\"valueRequired\":true,\"valueName\":\"search_term_string\"}}],\"inLanguage\":\"fr-FR\"},{\"@type\":\"Organization\",\"@id\":\"https:\\\/\\\/www.resail.org\\\/fr\\\/#organization\",\"name\":\"Resail (en anglais)\",\"url\":\"https:\\\/\\\/www.resail.org\\\/fr\\\/\",\"logo\":{\"@type\":\"ImageObject\",\"inLanguage\":\"fr-FR\",\"@id\":\"https:\\\/\\\/www.resail.org\\\/fr\\\/#\\\/schema\\\/logo\\\/image\\\/\",\"url\":\"https:\\\/\\\/www.resail.org\\\/wp-content\\\/uploads\\\/2024\\\/04\\\/cropped-Resail_logo_staand.png\",\"contentUrl\":\"https:\\\/\\\/www.resail.org\\\/wp-content\\\/uploads\\\/2024\\\/04\\\/cropped-Resail_logo_staand.png\",\"width\":512,\"height\":512,\"caption\":\"Resail (en anglais)\"},\"image\":{\"@id\":\"https:\\\/\\\/www.resail.org\\\/fr\\\/#\\\/schema\\\/logo\\\/image\\\/\"}}]}<\/script>\n<!-- \/ Yoast SEO plugin. -->","yoast_head_json":{"title":"Grand-voile \u00e0 lattes de 22,6 m2 - Resail","robots":{"index":"index","follow":"follow","max-snippet":"max-snippet:-1","max-image-preview":"max-image-preview:large","max-video-preview":"max-video-preview:-1"},"canonical":"https:\/\/www.resail.org\/fr\/product\/grand-voile-a-lattes-de-226-m2\/","og_locale":"fr_FR","og_type":"article","og_title":"Grand-voile \u00e0 lattes de 22,6 m2 - Resail","og_description":"Num\u00e9ro de voile SWE 210 bleu, insigne de classe pour S-30 bleu, glissi\u00e8res de latte A114, glissi\u00e8res de m\u00e2t A014 ; latte compl\u00e8te en stratifi\u00e9.","og_url":"https:\/\/www.resail.org\/fr\/product\/grand-voile-a-lattes-de-226-m2\/","og_site_name":"Resail","og_image":[{"width":424,"height":308,"url":"https:\/\/www.resail.org\/wp-content\/uploads\/2025\/01\/S30-sailboat.png","type":"image\/png"}],"twitter_card":"summary_large_image","schema":{"@context":"https:\/\/schema.org","@graph":[{"@type":"WebPage","@id":"https:\/\/www.resail.org\/fr\/product\/grand-voile-a-lattes-de-226-m2\/","url":"https:\/\/www.resail.org\/fr\/product\/grand-voile-a-lattes-de-226-m2\/","name":"Grand-voile \u00e0 lattes de 22,6 m2 - Resail","isPartOf":{"@id":"https:\/\/www.resail.org\/fr\/#website"},"primaryImageOfPage":{"@id":"https:\/\/www.resail.org\/fr\/product\/grand-voile-a-lattes-de-226-m2\/#primaryimage"},"image":{"@id":"https:\/\/www.resail.org\/fr\/product\/grand-voile-a-lattes-de-226-m2\/#primaryimage"},"thumbnailUrl":"https:\/\/www.resail.org\/wp-content\/uploads\/2025\/01\/S30-sailboat.png","datePublished":"2025-01-24T09:19:41+00:00","breadcrumb":{"@id":"https:\/\/www.resail.org\/fr\/product\/grand-voile-a-lattes-de-226-m2\/#breadcrumb"},"inLanguage":"fr-FR","potentialAction":[{"@type":"ReadAction","target":["https:\/\/www.resail.org\/fr\/product\/grand-voile-a-lattes-de-226-m2\/"]}]},{"@type":"ImageObject","inLanguage":"fr-FR","@id":"https:\/\/www.resail.org\/fr\/product\/grand-voile-a-lattes-de-226-m2\/#primaryimage","url":"https:\/\/www.resail.org\/wp-content\/uploads\/2025\/01\/S30-sailboat.png","contentUrl":"https:\/\/www.resail.org\/wp-content\/uploads\/2025\/01\/S30-sailboat.png","width":424,"height":308},{"@type":"BreadcrumbList","@id":"https:\/\/www.resail.org\/fr\/product\/grand-voile-a-lattes-de-226-m2\/#breadcrumb","itemListElement":[{"@type":"ListItem","position":1,"name":"Home","item":"https:\/\/www.resail.org\/fr\/accueil\/"},{"@type":"ListItem","position":2,"name":"Boutique","item":"https:\/\/www.resail.org\/fr\/boutique\/"},{"@type":"ListItem","position":3,"name":"Grand-voile \u00e0 lattes de 22,6 m2"}]},{"@type":"WebSite","@id":"https:\/\/www.resail.org\/fr\/#website","url":"https:\/\/www.resail.org\/fr\/","name":"Resail","description":"","publisher":{"@id":"https:\/\/www.resail.org\/fr\/#organization"},"potentialAction":[{"@type":"SearchAction","target":{"@type":"EntryPoint","urlTemplate":"https:\/\/www.resail.org\/fr\/?s={search_term_string}"},"query-input":{"@type":"PropertyValueSpecification","valueRequired":true,"valueName":"search_term_string"}}],"inLanguage":"fr-FR"},{"@type":"Organization","@id":"https:\/\/www.resail.org\/fr\/#organization","name":"Resail (en anglais)","url":"https:\/\/www.resail.org\/fr\/","logo":{"@type":"ImageObject","inLanguage":"fr-FR","@id":"https:\/\/www.resail.org\/fr\/#\/schema\/logo\/image\/","url":"https:\/\/www.resail.org\/wp-content\/uploads\/2024\/04\/cropped-Resail_logo_staand.png","contentUrl":"https:\/\/www.resail.org\/wp-content\/uploads\/2024\/04\/cropped-Resail_logo_staand.png","width":512,"height":512,"caption":"Resail (en anglais)"},"image":{"@id":"https:\/\/www.resail.org\/fr\/#\/schema\/logo\/image\/"}}]}},"_links":{"self":[{"href":"https:\/\/www.resail.org\/fr\/wp-json\/wp\/v2\/product\/44873","targetHints":{"allow":["GET"]}}],"collection":[{"href":"https:\/\/www.resail.org\/fr\/wp-json\/wp\/v2\/product"}],"about":[{"href":"https:\/\/www.resail.org\/fr\/wp-json\/wp\/v2\/types\/product"}],"replies":[{"embeddable":true,"href":"https:\/\/www.resail.org\/fr\/wp-json\/wp\/v2\/comments?post=44873"}],"wp:featuredmedia":[{"embeddable":true,"href":"https:\/\/www.resail.org\/fr\/wp-json\/wp\/v2\/media\/25476"}],"wp:attachment":[{"href":"https:\/\/www.resail.org\/fr\/wp-json\/wp\/v2\/media?parent=44873"}],"wp:term":[{"taxonomy":"product_brand","embeddable":true,"href":"https:\/\/www.resail.org\/fr\/wp-json\/wp\/v2\/product_brand?post=44873"},{"taxonomy":"product_cat","embeddable":true,"href":"https:\/\/www.resail.org\/fr\/wp-json\/wp\/v2\/product_cat?post=44873"},{"taxonomy":"product_tag","embeddable":true,"href":"https:\/\/www.resail.org\/fr\/wp-json\/wp\/v2\/product_tag?post=44873"}],"curies":[{"name":"wp","href":"https:\/\/api.w.org\/{rel}","templated":true}]}}