  {"id":44921,"date":"2025-01-24T10:20:40","date_gmt":"2025-01-24T09:20:40","guid":{"rendered":"https:\/\/www.resail.org\/product\/imprimez-votre-propre-histoire\/"},"modified":"2025-01-24T10:20:40","modified_gmt":"2025-01-24T09:20:40","slug":"imprimez-votre-propre-histoire","status":"publish","type":"product","link":"https:\/\/www.resail.org\/fr\/product\/imprimez-votre-propre-histoire\/","title":{"rendered":"Imprimez votre propre histoire"},"content":{"rendered":"<p>Votre photo pr\u00e9f\u00e9r\u00e9e imprim\u00e9e sur une voile gagnante. Taille standard 60\/90 cm sur une voile Dacron usag\u00e9e. Obtenez votre troph\u00e9e personnel, envoyez vos vieilles voiles !  <\/p>\n<p>Voulez-vous cr\u00e9er votre propre impression ? Ajoutez cette impression au panier et commandez. Le prix comprend les droits d&rsquo;auteur exclusifs sur votre image. Nous prendrons contact avec vous pour personnaliser votre impression.   <\/p>\n","protected":false},"excerpt":{"rendered":"<div class=\"ahFva _1F_fW\">\n<div class=\"R9qTb css-9s1hn\">\n<div class=\"_3UcEm PMt77\">\n<div class=\"_2GM33\">\n<div class=\"_2fS9E\" data-testid=\"static-text-element\">\n<div class=\"_8xAV3\">\n<div class=\"\">\n<div class=\"ahFva _1F_fW\">\n<div class=\"R9qTb css-9s1hn\">\n<div class=\"_3UcEm PMt77\">\n<div class=\"_2GM33\">\n<div class=\"_2fS9E\" data-testid=\"static-text-element\">\n<div class=\"_8xAV3\">\n<p>Impression en couleur de votre photo sur une voile fournie par vous ou provenant de notre stock, impression fix\u00e9e sur un cadre en alliage robuste.<\/p>\n<p>Taille standard 60\/90 cm (portrait ou paysage). Autres formats sur demande. <\/p>\n<p>Livraison 2 semaines apr\u00e8s r\u00e9ception par nos soins de la photo et de la voile.<\/p>\n<\/div>\n<\/div>\n<\/div>\n<\/div>\n<\/div>\n<\/div>\n<\/div>\n<\/div>\n<\/div>\n<\/div>\n<\/div>\n<\/div>\n<\/div>\n","protected":false},"featured_media":26404,"comment_status":"closed","ping_status":"closed","template":"","meta":{"_acf_changed":false},"product_brand":[],"product_cat":[2199,2198],"product_tag":[],"class_list":{"0":"post-44921","1":"product","2":"type-product","3":"status-publish","4":"has-post-thumbnail","6":"product_cat-reconditionnement-des-impressions","7":"product_cat-repack-by-resail-en-anglais","8":"product_shipping_class-impressions","9":"pa_producer-resail","11":"first","12":"instock","13":"purchasable","14":"product-type-simple"},"acf":[],"yoast_head":"<!-- This site is optimized with the Yoast SEO plugin v27.2 - https:\/\/yoast.com\/product\/yoast-seo-wordpress\/ -->\n<title>Imprimez votre propre histoire - Resail<\/title>\n<meta name=\"robots\" content=\"index, follow, max-snippet:-1, max-image-preview:large, max-video-preview:-1\" \/>\n<link rel=\"canonical\" href=\"https:\/\/www.resail.org\/fr\/product\/imprimez-votre-propre-histoire\/\" \/>\n<meta property=\"og:locale\" content=\"fr_FR\" \/>\n<meta property=\"og:type\" content=\"article\" \/>\n<meta property=\"og:title\" content=\"Imprimez votre propre histoire - Resail\" \/>\n<meta property=\"og:description\" content=\"Impression en couleur de votre photo sur une voile fournie par vous ou provenant de notre stock, impression fix\u00e9e sur un cadre en alliage robuste. Taille standard 60\/90 cm (portrait ou paysage). Autres formats sur demande.  Livraison 2 semaines apr\u00e8s r\u00e9ception par nos soins de la photo et de la voile.\" \/>\n<meta property=\"og:url\" content=\"https:\/\/www.resail.org\/fr\/product\/imprimez-votre-propre-histoire\/\" \/>\n<meta property=\"og:site_name\" content=\"Resail\" \/>\n<meta property=\"og:image\" content=\"https:\/\/www.resail.org\/wp-content\/uploads\/2025\/01\/ReSail-Dragon-down-wind-scaled.jpg\" \/>\n\t<meta property=\"og:image:width\" content=\"2560\" \/>\n\t<meta property=\"og:image:height\" content=\"1707\" \/>\n\t<meta property=\"og:image:type\" content=\"image\/jpeg\" \/>\n<meta name=\"twitter:card\" content=\"summary_large_image\" \/>\n<script type=\"application\/ld+json\" class=\"yoast-schema-graph\">{\"@context\":\"https:\/\/schema.org\",\"@graph\":[{\"@type\":\"WebPage\",\"@id\":\"https:\/\/www.resail.org\/fr\/product\/imprimez-votre-propre-histoire\/\",\"url\":\"https:\/\/www.resail.org\/fr\/product\/imprimez-votre-propre-histoire\/\",\"name\":\"Imprimez votre propre histoire - Resail\",\"isPartOf\":{\"@id\":\"https:\/\/www.resail.org\/fr\/#website\"},\"primaryImageOfPage\":{\"@id\":\"https:\/\/www.resail.org\/fr\/product\/imprimez-votre-propre-histoire\/#primaryimage\"},\"image\":{\"@id\":\"https:\/\/www.resail.org\/fr\/product\/imprimez-votre-propre-histoire\/#primaryimage\"},\"thumbnailUrl\":\"https:\/\/www.resail.org\/wp-content\/uploads\/2025\/01\/ReSail-Dragon-down-wind-scaled.jpg\",\"datePublished\":\"2025-01-24T09:20:40+00:00\",\"breadcrumb\":{\"@id\":\"https:\/\/www.resail.org\/fr\/product\/imprimez-votre-propre-histoire\/#breadcrumb\"},\"inLanguage\":\"fr-FR\",\"potentialAction\":[{\"@type\":\"ReadAction\",\"target\":[\"https:\/\/www.resail.org\/fr\/product\/imprimez-votre-propre-histoire\/\"]}]},{\"@type\":\"ImageObject\",\"inLanguage\":\"fr-FR\",\"@id\":\"https:\/\/www.resail.org\/fr\/product\/imprimez-votre-propre-histoire\/#primaryimage\",\"url\":\"https:\/\/www.resail.org\/wp-content\/uploads\/2025\/01\/ReSail-Dragon-down-wind-scaled.jpg\",\"contentUrl\":\"https:\/\/www.resail.org\/wp-content\/uploads\/2025\/01\/ReSail-Dragon-down-wind-scaled.jpg\",\"width\":2560,\"height\":1707},{\"@type\":\"BreadcrumbList\",\"@id\":\"https:\/\/www.resail.org\/fr\/product\/imprimez-votre-propre-histoire\/#breadcrumb\",\"itemListElement\":[{\"@type\":\"ListItem\",\"position\":1,\"name\":\"Home\",\"item\":\"https:\/\/www.resail.org\/fr\/accueil\/\"},{\"@type\":\"ListItem\",\"position\":2,\"name\":\"Boutique\",\"item\":\"https:\/\/www.resail.org\/fr\/boutique\/\"},{\"@type\":\"ListItem\",\"position\":3,\"name\":\"Imprimez votre propre histoire\"}]},{\"@type\":\"WebSite\",\"@id\":\"https:\/\/www.resail.org\/fr\/#website\",\"url\":\"https:\/\/www.resail.org\/fr\/\",\"name\":\"Resail\",\"description\":\"\",\"publisher\":{\"@id\":\"https:\/\/www.resail.org\/fr\/#organization\"},\"potentialAction\":[{\"@type\":\"SearchAction\",\"target\":{\"@type\":\"EntryPoint\",\"urlTemplate\":\"https:\/\/www.resail.org\/fr\/?s={search_term_string}\"},\"query-input\":{\"@type\":\"PropertyValueSpecification\",\"valueRequired\":true,\"valueName\":\"search_term_string\"}}],\"inLanguage\":\"fr-FR\"},{\"@type\":\"Organization\",\"@id\":\"https:\/\/www.resail.org\/fr\/#organization\",\"name\":\"Resail (en anglais)\",\"url\":\"https:\/\/www.resail.org\/fr\/\",\"logo\":{\"@type\":\"ImageObject\",\"inLanguage\":\"fr-FR\",\"@id\":\"https:\/\/www.resail.org\/fr\/#\/schema\/logo\/image\/\",\"url\":\"https:\/\/www.resail.org\/wp-content\/uploads\/2024\/04\/cropped-Resail_logo_staand.png\",\"contentUrl\":\"https:\/\/www.resail.org\/wp-content\/uploads\/2024\/04\/cropped-Resail_logo_staand.png\",\"width\":512,\"height\":512,\"caption\":\"Resail (en anglais)\"},\"image\":{\"@id\":\"https:\/\/www.resail.org\/fr\/#\/schema\/logo\/image\/\"}}]}<\/script>\n<!-- \/ Yoast SEO plugin. -->","yoast_head_json":{"title":"Imprimez votre propre histoire - Resail","robots":{"index":"index","follow":"follow","max-snippet":"max-snippet:-1","max-image-preview":"max-image-preview:large","max-video-preview":"max-video-preview:-1"},"canonical":"https:\/\/www.resail.org\/fr\/product\/imprimez-votre-propre-histoire\/","og_locale":"fr_FR","og_type":"article","og_title":"Imprimez votre propre histoire - Resail","og_description":"Impression en couleur de votre photo sur une voile fournie par vous ou provenant de notre stock, impression fix\u00e9e sur un cadre en alliage robuste. Taille standard 60\/90 cm (portrait ou paysage). Autres formats sur demande.  Livraison 2 semaines apr\u00e8s r\u00e9ception par nos soins de la photo et de la voile.","og_url":"https:\/\/www.resail.org\/fr\/product\/imprimez-votre-propre-histoire\/","og_site_name":"Resail","og_image":[{"width":2560,"height":1707,"url":"https:\/\/www.resail.org\/wp-content\/uploads\/2025\/01\/ReSail-Dragon-down-wind-scaled.jpg","type":"image\/jpeg"}],"twitter_card":"summary_large_image","schema":{"@context":"https:\/\/schema.org","@graph":[{"@type":"WebPage","@id":"https:\/\/www.resail.org\/fr\/product\/imprimez-votre-propre-histoire\/","url":"https:\/\/www.resail.org\/fr\/product\/imprimez-votre-propre-histoire\/","name":"Imprimez votre propre histoire - Resail","isPartOf":{"@id":"https:\/\/www.resail.org\/fr\/#website"},"primaryImageOfPage":{"@id":"https:\/\/www.resail.org\/fr\/product\/imprimez-votre-propre-histoire\/#primaryimage"},"image":{"@id":"https:\/\/www.resail.org\/fr\/product\/imprimez-votre-propre-histoire\/#primaryimage"},"thumbnailUrl":"https:\/\/www.resail.org\/wp-content\/uploads\/2025\/01\/ReSail-Dragon-down-wind-scaled.jpg","datePublished":"2025-01-24T09:20:40+00:00","breadcrumb":{"@id":"https:\/\/www.resail.org\/fr\/product\/imprimez-votre-propre-histoire\/#breadcrumb"},"inLanguage":"fr-FR","potentialAction":[{"@type":"ReadAction","target":["https:\/\/www.resail.org\/fr\/product\/imprimez-votre-propre-histoire\/"]}]},{"@type":"ImageObject","inLanguage":"fr-FR","@id":"https:\/\/www.resail.org\/fr\/product\/imprimez-votre-propre-histoire\/#primaryimage","url":"https:\/\/www.resail.org\/wp-content\/uploads\/2025\/01\/ReSail-Dragon-down-wind-scaled.jpg","contentUrl":"https:\/\/www.resail.org\/wp-content\/uploads\/2025\/01\/ReSail-Dragon-down-wind-scaled.jpg","width":2560,"height":1707},{"@type":"BreadcrumbList","@id":"https:\/\/www.resail.org\/fr\/product\/imprimez-votre-propre-histoire\/#breadcrumb","itemListElement":[{"@type":"ListItem","position":1,"name":"Home","item":"https:\/\/www.resail.org\/fr\/accueil\/"},{"@type":"ListItem","position":2,"name":"Boutique","item":"https:\/\/www.resail.org\/fr\/boutique\/"},{"@type":"ListItem","position":3,"name":"Imprimez votre propre histoire"}]},{"@type":"WebSite","@id":"https:\/\/www.resail.org\/fr\/#website","url":"https:\/\/www.resail.org\/fr\/","name":"Resail","description":"","publisher":{"@id":"https:\/\/www.resail.org\/fr\/#organization"},"potentialAction":[{"@type":"SearchAction","target":{"@type":"EntryPoint","urlTemplate":"https:\/\/www.resail.org\/fr\/?s={search_term_string}"},"query-input":{"@type":"PropertyValueSpecification","valueRequired":true,"valueName":"search_term_string"}}],"inLanguage":"fr-FR"},{"@type":"Organization","@id":"https:\/\/www.resail.org\/fr\/#organization","name":"Resail (en anglais)","url":"https:\/\/www.resail.org\/fr\/","logo":{"@type":"ImageObject","inLanguage":"fr-FR","@id":"https:\/\/www.resail.org\/fr\/#\/schema\/logo\/image\/","url":"https:\/\/www.resail.org\/wp-content\/uploads\/2024\/04\/cropped-Resail_logo_staand.png","contentUrl":"https:\/\/www.resail.org\/wp-content\/uploads\/2024\/04\/cropped-Resail_logo_staand.png","width":512,"height":512,"caption":"Resail (en anglais)"},"image":{"@id":"https:\/\/www.resail.org\/fr\/#\/schema\/logo\/image\/"}}]}},"_links":{"self":[{"href":"https:\/\/www.resail.org\/fr\/wp-json\/wp\/v2\/product\/44921","targetHints":{"allow":["GET"]}}],"collection":[{"href":"https:\/\/www.resail.org\/fr\/wp-json\/wp\/v2\/product"}],"about":[{"href":"https:\/\/www.resail.org\/fr\/wp-json\/wp\/v2\/types\/product"}],"replies":[{"embeddable":true,"href":"https:\/\/www.resail.org\/fr\/wp-json\/wp\/v2\/comments?post=44921"}],"wp:featuredmedia":[{"embeddable":true,"href":"https:\/\/www.resail.org\/fr\/wp-json\/wp\/v2\/media\/26404"}],"wp:attachment":[{"href":"https:\/\/www.resail.org\/fr\/wp-json\/wp\/v2\/media?parent=44921"}],"wp:term":[{"taxonomy":"product_brand","embeddable":true,"href":"https:\/\/www.resail.org\/fr\/wp-json\/wp\/v2\/product_brand?post=44921"},{"taxonomy":"product_cat","embeddable":true,"href":"https:\/\/www.resail.org\/fr\/wp-json\/wp\/v2\/product_cat?post=44921"},{"taxonomy":"product_tag","embeddable":true,"href":"https:\/\/www.resail.org\/fr\/wp-json\/wp\/v2\/product_tag?post=44921"}],"curies":[{"name":"wp","href":"https:\/\/api.w.org\/{rel}","templated":true}]}}