{"id":44949,"date":"2025-01-24T10:20:42","date_gmt":"2025-01-24T09:20:42","guid":{"rendered":"https:\/\/www.resail.org\/product\/shopper-noir-gris\/"},"modified":"2025-01-24T10:20:42","modified_gmt":"2025-01-24T09:20:42","slug":"shopper-noir-gris","status":"publish","type":"product","link":"https:\/\/www.resail.org\/fr\/product\/shopper-noir-gris\/","title":{"rendered":"SHOPPER noir\/gris"},"content":{"rendered":"<p>Repack by <sup>Resail\u00ae<\/sup> (en anglais)<\/p>\n<p>Le Bucket, le Shopper et l&rsquo;Airbag sont produits aux Pays-Bas par WerkSaam Westfriesland \u00e0 partir de voiles usag\u00e9es ayant un pedigree et de chutes de production qui ne deviennent pas des d\u00e9chets.<\/p>\n<p>WerkSaam offre une formation en cours d&#8217;emploi aux personnes qui ont des difficult\u00e9s \u00e0 entrer sur le march\u00e9 du travail. WerkSaam a re\u00e7u le prix de la \u00ab Meilleure organisation gouvernementale 2022 \u00bb, voir : <a href=\"http:\/\/www.werksaamwf.nl\">www.werksaamwf.nl<\/a> <\/p>\n<p>Les voiles proviennent de la campagne \u00ab Brunel \u00bb de la Volvo Ocean Race 2018 et d&rsquo;autres bateaux de course, combin\u00e9es \u00e0 des couleurs vives provenant de toiles de spinnaker qui \u00e9taient impropres \u00e0 la voilerie.<\/p>\n<p>Pour la campagne Brunel, voir <a href=\"https:\/\/www.youtube.com\/watch?v=XDrXXvBJxKo\">: https:\/\/www.youtube.com\/watch?v=XDrXXvBJxKo<\/a><\/p>\n<p>&nbsp;<\/p>\n<p><u>D\u00e9lai de livraison :<\/u> 3-4 jours<\/p>\n<p><u>Clause de non-responsabilit\u00e9 :<\/u> Les sacs peuvent \u00eatre diff\u00e9rents des photos car les mat\u00e9riaux utilis\u00e9s peuvent \u00eatre partiellement color\u00e9s en raison de la signature du sponsor.<\/p>\n","protected":false},"excerpt":{"rendered":"<p>Faites passer le shopping \u00e0 la vitesse sup\u00e9rieure avec ce sac unique fabriqu\u00e9 \u00e0 partir de mat\u00e9riaux recycl\u00e9s qui ont fait le tour du monde. Assortissez les couleurs \u00e0 votre tenue du jour. <\/p>\n<p>La partie sup\u00e9rieure grise est un North 3Di du code-O de la campagne 2018 de Brunel Volvo Ocean Race. Le fond est un stratifi\u00e9 noir provenant d&rsquo;une voile de course usag\u00e9e et la doublure int\u00e9rieure provient d&rsquo;une toile de spi<i> verte <\/i>hors sp\u00e9cifications. Les poign\u00e9es en corde noire de 16 mm sont des cordes recycl\u00e9es.  <\/p>\n<p><span style=\"color: #ff0000\"><strong>Comment obtenir un sac Repack gratuit :<\/strong><\/span><\/p>\n<p><span style=\"color: #ff0000\">Parrainez un ami qui ach\u00e8te un tirage de <a style=\"color: #ff0000\" href=\"https:\/\/resail.org\/product-categorie\/the-ocean-race\/\">la s\u00e9rie Racing ou Legends<\/a> et recevez gratuitement un <a style=\"color: #ff0000\" href=\"https:\/\/resail.org\/product-categorie\/repack\/repack-bags\/\">sac Repack de<\/a> votre choix.<\/span><\/p>\n<p><span style=\"color: #ff0000\">Allez sur notre <a style=\"color: #ff0000\" href=\"https:\/\/resail.org\/contact\/\" data-type=\"page\" data-id=\"1033\">page de contact<\/a>, indiquez votre nom et votre adresse e-mail. Indiquez le nom et l&rsquo;adresse e-mail de votre ami(e) ainsi que votre choix de sac Repack dans le message et cliquez sur Envoyer. <\/span><\/p>\n<p><span style=\"color: #ff0000\">Valable uniquement pour l&rsquo;achat de <a style=\"color: #ff0000\" href=\"https:\/\/resail.org\/product-categorie\/the-ocean-race\/\">tirages The Ocean Race<\/a>, Legends ou Racing, dans notre <a style=\"color: #ff0000\" href=\"https:\/\/resail.org\/product-categorie\/the-ocean-race\/\">boutique en ligne.<\/a><\/span><\/p>\n","protected":false},"featured_media":26628,"comment_status":"closed","ping_status":"closed","template":"","meta":{"_acf_changed":false},"product_brand":[],"product_cat":[2212,2198],"product_tag":[],"class_list":{"0":"post-44949","1":"product","2":"type-product","3":"status-publish","4":"has-post-thumbnail","6":"product_cat-remballage-des-sacs","7":"product_cat-repack-by-resail-en-anglais","8":"product_shipping_class-sacs","9":"pa_producer-werksaam","11":"first","12":"instock","13":"purchasable","14":"product-type-simple"},"acf":[],"yoast_head":"<!-- This site is optimized with the Yoast SEO plugin v27.2 - https:\/\/yoast.com\/product\/yoast-seo-wordpress\/ -->\n<title>SHOPPER noir\/gris - Resail<\/title>\n<meta name=\"robots\" content=\"index, follow, max-snippet:-1, max-image-preview:large, max-video-preview:-1\" \/>\n<link rel=\"canonical\" href=\"https:\/\/www.resail.org\/fr\/product\/shopper-noir-gris\/\" \/>\n<meta property=\"og:locale\" content=\"fr_FR\" \/>\n<meta property=\"og:type\" content=\"article\" \/>\n<meta property=\"og:title\" content=\"SHOPPER noir\/gris - Resail\" \/>\n<meta property=\"og:description\" content=\"Faites passer le shopping \u00e0 la vitesse sup\u00e9rieure avec ce sac unique fabriqu\u00e9 \u00e0 partir de mat\u00e9riaux recycl\u00e9s qui ont fait le tour du monde. Assortissez les couleurs \u00e0 votre tenue du jour.  La partie sup\u00e9rieure grise est un North 3Di du code-O de la campagne 2018 de Brunel Volvo Ocean Race. Le fond est un stratifi\u00e9 noir provenant d&#039;une voile de course usag\u00e9e et la doublure int\u00e9rieure provient d&#039;une toile de spi verte hors sp\u00e9cifications. Les poign\u00e9es en corde noire de 16 mm sont des cordes recycl\u00e9es.  Comment obtenir un sac Repack gratuit : Parrainez un ami qui ach\u00e8te un tirage de la s\u00e9rie Racing ou Legends et recevez gratuitement un sac Repack de votre choix. Allez sur notre page de contact, indiquez votre nom et votre adresse e-mail. Indiquez le nom et l&#039;adresse e-mail de votre ami(e) ainsi que votre choix de sac Repack dans le message et cliquez sur Envoyer.  Valable uniquement pour l&#039;achat de tirages The Ocean Race, Legends ou Racing, dans notre boutique en ligne.\" \/>\n<meta property=\"og:url\" content=\"https:\/\/www.resail.org\/fr\/product\/shopper-noir-gris\/\" \/>\n<meta property=\"og:site_name\" content=\"Resail\" \/>\n<meta property=\"og:image\" content=\"https:\/\/www.resail.org\/wp-content\/uploads\/2025\/01\/Schouder-grijs.jpg\" \/>\n\t<meta property=\"og:image:width\" content=\"1707\" \/>\n\t<meta property=\"og:image:height\" content=\"2097\" \/>\n\t<meta property=\"og:image:type\" content=\"image\/jpeg\" \/>\n<meta name=\"twitter:card\" content=\"summary_large_image\" \/>\n<meta name=\"twitter:label1\" content=\"Dur\u00e9e de lecture estim\u00e9e\" \/>\n\t<meta name=\"twitter:data1\" content=\"1 minute\" \/>\n<script type=\"application\/ld+json\" class=\"yoast-schema-graph\">{\"@context\":\"https:\/\/schema.org\",\"@graph\":[{\"@type\":\"WebPage\",\"@id\":\"https:\/\/www.resail.org\/fr\/product\/shopper-noir-gris\/\",\"url\":\"https:\/\/www.resail.org\/fr\/product\/shopper-noir-gris\/\",\"name\":\"SHOPPER noir\/gris - Resail\",\"isPartOf\":{\"@id\":\"https:\/\/www.resail.org\/fr\/#website\"},\"primaryImageOfPage\":{\"@id\":\"https:\/\/www.resail.org\/fr\/product\/shopper-noir-gris\/#primaryimage\"},\"image\":{\"@id\":\"https:\/\/www.resail.org\/fr\/product\/shopper-noir-gris\/#primaryimage\"},\"thumbnailUrl\":\"https:\/\/www.resail.org\/wp-content\/uploads\/2025\/01\/Schouder-grijs.jpg\",\"datePublished\":\"2025-01-24T09:20:42+00:00\",\"breadcrumb\":{\"@id\":\"https:\/\/www.resail.org\/fr\/product\/shopper-noir-gris\/#breadcrumb\"},\"inLanguage\":\"fr-FR\",\"potentialAction\":[{\"@type\":\"ReadAction\",\"target\":[\"https:\/\/www.resail.org\/fr\/product\/shopper-noir-gris\/\"]}]},{\"@type\":\"ImageObject\",\"inLanguage\":\"fr-FR\",\"@id\":\"https:\/\/www.resail.org\/fr\/product\/shopper-noir-gris\/#primaryimage\",\"url\":\"https:\/\/www.resail.org\/wp-content\/uploads\/2025\/01\/Schouder-grijs.jpg\",\"contentUrl\":\"https:\/\/www.resail.org\/wp-content\/uploads\/2025\/01\/Schouder-grijs.jpg\",\"width\":1707,\"height\":2097},{\"@type\":\"BreadcrumbList\",\"@id\":\"https:\/\/www.resail.org\/fr\/product\/shopper-noir-gris\/#breadcrumb\",\"itemListElement\":[{\"@type\":\"ListItem\",\"position\":1,\"name\":\"Home\",\"item\":\"https:\/\/www.resail.org\/fr\/accueil\/\"},{\"@type\":\"ListItem\",\"position\":2,\"name\":\"Boutique\",\"item\":\"https:\/\/www.resail.org\/fr\/boutique\/\"},{\"@type\":\"ListItem\",\"position\":3,\"name\":\"SHOPPER noir\/gris\"}]},{\"@type\":\"WebSite\",\"@id\":\"https:\/\/www.resail.org\/fr\/#website\",\"url\":\"https:\/\/www.resail.org\/fr\/\",\"name\":\"Resail\",\"description\":\"\",\"publisher\":{\"@id\":\"https:\/\/www.resail.org\/fr\/#organization\"},\"potentialAction\":[{\"@type\":\"SearchAction\",\"target\":{\"@type\":\"EntryPoint\",\"urlTemplate\":\"https:\/\/www.resail.org\/fr\/?s={search_term_string}\"},\"query-input\":{\"@type\":\"PropertyValueSpecification\",\"valueRequired\":true,\"valueName\":\"search_term_string\"}}],\"inLanguage\":\"fr-FR\"},{\"@type\":\"Organization\",\"@id\":\"https:\/\/www.resail.org\/fr\/#organization\",\"name\":\"Resail (en anglais)\",\"url\":\"https:\/\/www.resail.org\/fr\/\",\"logo\":{\"@type\":\"ImageObject\",\"inLanguage\":\"fr-FR\",\"@id\":\"https:\/\/www.resail.org\/fr\/#\/schema\/logo\/image\/\",\"url\":\"https:\/\/www.resail.org\/wp-content\/uploads\/2024\/04\/cropped-Resail_logo_staand.png\",\"contentUrl\":\"https:\/\/www.resail.org\/wp-content\/uploads\/2024\/04\/cropped-Resail_logo_staand.png\",\"width\":512,\"height\":512,\"caption\":\"Resail (en anglais)\"},\"image\":{\"@id\":\"https:\/\/www.resail.org\/fr\/#\/schema\/logo\/image\/\"}}]}<\/script>\n<!-- \/ Yoast SEO plugin. -->","yoast_head_json":{"title":"SHOPPER noir\/gris - Resail","robots":{"index":"index","follow":"follow","max-snippet":"max-snippet:-1","max-image-preview":"max-image-preview:large","max-video-preview":"max-video-preview:-1"},"canonical":"https:\/\/www.resail.org\/fr\/product\/shopper-noir-gris\/","og_locale":"fr_FR","og_type":"article","og_title":"SHOPPER noir\/gris - Resail","og_description":"Faites passer le shopping \u00e0 la vitesse sup\u00e9rieure avec ce sac unique fabriqu\u00e9 \u00e0 partir de mat\u00e9riaux recycl\u00e9s qui ont fait le tour du monde. Assortissez les couleurs \u00e0 votre tenue du jour.  La partie sup\u00e9rieure grise est un North 3Di du code-O de la campagne 2018 de Brunel Volvo Ocean Race. Le fond est un stratifi\u00e9 noir provenant d'une voile de course usag\u00e9e et la doublure int\u00e9rieure provient d'une toile de spi verte hors sp\u00e9cifications. Les poign\u00e9es en corde noire de 16 mm sont des cordes recycl\u00e9es.  Comment obtenir un sac Repack gratuit : Parrainez un ami qui ach\u00e8te un tirage de la s\u00e9rie Racing ou Legends et recevez gratuitement un sac Repack de votre choix. Allez sur notre page de contact, indiquez votre nom et votre adresse e-mail. Indiquez le nom et l'adresse e-mail de votre ami(e) ainsi que votre choix de sac Repack dans le message et cliquez sur Envoyer.  Valable uniquement pour l'achat de tirages The Ocean Race, Legends ou Racing, dans notre boutique en ligne.","og_url":"https:\/\/www.resail.org\/fr\/product\/shopper-noir-gris\/","og_site_name":"Resail","og_image":[{"width":1707,"height":2097,"url":"https:\/\/www.resail.org\/wp-content\/uploads\/2025\/01\/Schouder-grijs.jpg","type":"image\/jpeg"}],"twitter_card":"summary_large_image","twitter_misc":{"Dur\u00e9e de lecture estim\u00e9e":"1 minute"},"schema":{"@context":"https:\/\/schema.org","@graph":[{"@type":"WebPage","@id":"https:\/\/www.resail.org\/fr\/product\/shopper-noir-gris\/","url":"https:\/\/www.resail.org\/fr\/product\/shopper-noir-gris\/","name":"SHOPPER noir\/gris - Resail","isPartOf":{"@id":"https:\/\/www.resail.org\/fr\/#website"},"primaryImageOfPage":{"@id":"https:\/\/www.resail.org\/fr\/product\/shopper-noir-gris\/#primaryimage"},"image":{"@id":"https:\/\/www.resail.org\/fr\/product\/shopper-noir-gris\/#primaryimage"},"thumbnailUrl":"https:\/\/www.resail.org\/wp-content\/uploads\/2025\/01\/Schouder-grijs.jpg","datePublished":"2025-01-24T09:20:42+00:00","breadcrumb":{"@id":"https:\/\/www.resail.org\/fr\/product\/shopper-noir-gris\/#breadcrumb"},"inLanguage":"fr-FR","potentialAction":[{"@type":"ReadAction","target":["https:\/\/www.resail.org\/fr\/product\/shopper-noir-gris\/"]}]},{"@type":"ImageObject","inLanguage":"fr-FR","@id":"https:\/\/www.resail.org\/fr\/product\/shopper-noir-gris\/#primaryimage","url":"https:\/\/www.resail.org\/wp-content\/uploads\/2025\/01\/Schouder-grijs.jpg","contentUrl":"https:\/\/www.resail.org\/wp-content\/uploads\/2025\/01\/Schouder-grijs.jpg","width":1707,"height":2097},{"@type":"BreadcrumbList","@id":"https:\/\/www.resail.org\/fr\/product\/shopper-noir-gris\/#breadcrumb","itemListElement":[{"@type":"ListItem","position":1,"name":"Home","item":"https:\/\/www.resail.org\/fr\/accueil\/"},{"@type":"ListItem","position":2,"name":"Boutique","item":"https:\/\/www.resail.org\/fr\/boutique\/"},{"@type":"ListItem","position":3,"name":"SHOPPER noir\/gris"}]},{"@type":"WebSite","@id":"https:\/\/www.resail.org\/fr\/#website","url":"https:\/\/www.resail.org\/fr\/","name":"Resail","description":"","publisher":{"@id":"https:\/\/www.resail.org\/fr\/#organization"},"potentialAction":[{"@type":"SearchAction","target":{"@type":"EntryPoint","urlTemplate":"https:\/\/www.resail.org\/fr\/?s={search_term_string}"},"query-input":{"@type":"PropertyValueSpecification","valueRequired":true,"valueName":"search_term_string"}}],"inLanguage":"fr-FR"},{"@type":"Organization","@id":"https:\/\/www.resail.org\/fr\/#organization","name":"Resail (en anglais)","url":"https:\/\/www.resail.org\/fr\/","logo":{"@type":"ImageObject","inLanguage":"fr-FR","@id":"https:\/\/www.resail.org\/fr\/#\/schema\/logo\/image\/","url":"https:\/\/www.resail.org\/wp-content\/uploads\/2024\/04\/cropped-Resail_logo_staand.png","contentUrl":"https:\/\/www.resail.org\/wp-content\/uploads\/2024\/04\/cropped-Resail_logo_staand.png","width":512,"height":512,"caption":"Resail (en anglais)"},"image":{"@id":"https:\/\/www.resail.org\/fr\/#\/schema\/logo\/image\/"}}]}},"_links":{"self":[{"href":"https:\/\/www.resail.org\/fr\/wp-json\/wp\/v2\/product\/44949","targetHints":{"allow":["GET"]}}],"collection":[{"href":"https:\/\/www.resail.org\/fr\/wp-json\/wp\/v2\/product"}],"about":[{"href":"https:\/\/www.resail.org\/fr\/wp-json\/wp\/v2\/types\/product"}],"replies":[{"embeddable":true,"href":"https:\/\/www.resail.org\/fr\/wp-json\/wp\/v2\/comments?post=44949"}],"wp:featuredmedia":[{"embeddable":true,"href":"https:\/\/www.resail.org\/fr\/wp-json\/wp\/v2\/media\/26628"}],"wp:attachment":[{"href":"https:\/\/www.resail.org\/fr\/wp-json\/wp\/v2\/media?parent=44949"}],"wp:term":[{"taxonomy":"product_brand","embeddable":true,"href":"https:\/\/www.resail.org\/fr\/wp-json\/wp\/v2\/product_brand?post=44949"},{"taxonomy":"product_cat","embeddable":true,"href":"https:\/\/www.resail.org\/fr\/wp-json\/wp\/v2\/product_cat?post=44949"},{"taxonomy":"product_tag","embeddable":true,"href":"https:\/\/www.resail.org\/fr\/wp-json\/wp\/v2\/product_tag?post=44949"}],"curies":[{"name":"wp","href":"https:\/\/api.w.org\/{rel}","templated":true}]}}