  {"id":45136,"date":"2025-01-24T10:20:09","date_gmt":"2025-01-24T09:20:09","guid":{"rendered":"https:\/\/www.resail.org\/product\/foc-a-enrouleur-de-28m2-en-epex-technora\/"},"modified":"2026-03-18T13:36:54","modified_gmt":"2026-03-18T12:36:54","slug":"foc-a-enrouleur-de-28m2-en-epex-technora","status":"publish","type":"product","link":"https:\/\/www.resail.org\/fr\/product\/foc-a-enrouleur-de-28m2-en-epex-technora\/","title":{"rendered":"Foc \u00e0 enrouleur de 28m2 en EPEX Technora"},"content":{"rendered":"","protected":false},"excerpt":{"rendered":"<p>Foc \u00e0 enrouleur (Fatfurl) en EPEX TEchnora ; \u00e0 l&rsquo;origine pour un Faurby 360 (9\/10)<\/p>\n","protected":false},"featured_media":25892,"comment_status":"closed","ping_status":"closed","template":"","meta":{"_acf_changed":false},"product_brand":[],"product_cat":[2753,2149],"product_tag":[],"class_list":{"0":"post-45136","1":"product","2":"type-product","3":"status-publish","4":"has-post-thumbnail","6":"product_cat-enrouleurs-focs-et-genois","7":"product_cat-voile-davant","8":"pa_producer-elvstrom","10":"first","11":"instock","12":"sale","13":"sold-individually","14":"shipping-taxable","15":"purchasable","16":"product-type-simple"},"acf":[],"yoast_head":"<!-- This site is optimized with the Yoast SEO plugin v27.2 - https:\/\/yoast.com\/product\/yoast-seo-wordpress\/ -->\n<title>Foc \u00e0 enrouleur de 28m2 en EPEX Technora - Resail<\/title>\n<meta name=\"robots\" content=\"index, follow, max-snippet:-1, max-image-preview:large, max-video-preview:-1\" \/>\n<link rel=\"canonical\" href=\"https:\/\/www.resail.org\/fr\/product\/foc-a-enrouleur-de-28m2-en-epex-technora\/\" \/>\n<meta property=\"og:locale\" content=\"fr_FR\" \/>\n<meta property=\"og:type\" content=\"article\" \/>\n<meta property=\"og:title\" content=\"Foc \u00e0 enrouleur de 28m2 en EPEX Technora - Resail\" \/>\n<meta property=\"og:description\" content=\"Foc \u00e0 enrouleur (Fatfurl) en EPEX TEchnora ; \u00e0 l&#039;origine pour un Faurby 360 (9\/10)\" \/>\n<meta property=\"og:url\" content=\"https:\/\/www.resail.org\/fr\/product\/foc-a-enrouleur-de-28m2-en-epex-technora\/\" \/>\n<meta property=\"og:site_name\" content=\"Resail\" \/>\n<meta property=\"article:modified_time\" content=\"2026-03-18T12:36:54+00:00\" \/>\n<meta property=\"og:image\" content=\"https:\/\/www.resail.org\/wp-content\/uploads\/2025\/01\/Faurby-360-2.png\" \/>\n\t<meta property=\"og:image:width\" content=\"399\" \/>\n\t<meta property=\"og:image:height\" content=\"265\" \/>\n\t<meta property=\"og:image:type\" content=\"image\/png\" \/>\n<meta name=\"twitter:card\" content=\"summary_large_image\" \/>\n<script type=\"application\/ld+json\" class=\"yoast-schema-graph\">{\"@context\":\"https:\/\/schema.org\",\"@graph\":[{\"@type\":\"WebPage\",\"@id\":\"https:\/\/www.resail.org\/fr\/product\/foc-a-enrouleur-de-28m2-en-epex-technora\/\",\"url\":\"https:\/\/www.resail.org\/fr\/product\/foc-a-enrouleur-de-28m2-en-epex-technora\/\",\"name\":\"Foc \u00e0 enrouleur de 28m2 en EPEX Technora - Resail\",\"isPartOf\":{\"@id\":\"https:\/\/www.resail.org\/fr\/#website\"},\"primaryImageOfPage\":{\"@id\":\"https:\/\/www.resail.org\/fr\/product\/foc-a-enrouleur-de-28m2-en-epex-technora\/#primaryimage\"},\"image\":{\"@id\":\"https:\/\/www.resail.org\/fr\/product\/foc-a-enrouleur-de-28m2-en-epex-technora\/#primaryimage\"},\"thumbnailUrl\":\"https:\/\/www.resail.org\/wp-content\/uploads\/2025\/01\/Faurby-360-2.png\",\"datePublished\":\"2025-01-24T09:20:09+00:00\",\"dateModified\":\"2026-03-18T12:36:54+00:00\",\"breadcrumb\":{\"@id\":\"https:\/\/www.resail.org\/fr\/product\/foc-a-enrouleur-de-28m2-en-epex-technora\/#breadcrumb\"},\"inLanguage\":\"fr-FR\",\"potentialAction\":[{\"@type\":\"ReadAction\",\"target\":[\"https:\/\/www.resail.org\/fr\/product\/foc-a-enrouleur-de-28m2-en-epex-technora\/\"]}]},{\"@type\":\"ImageObject\",\"inLanguage\":\"fr-FR\",\"@id\":\"https:\/\/www.resail.org\/fr\/product\/foc-a-enrouleur-de-28m2-en-epex-technora\/#primaryimage\",\"url\":\"https:\/\/www.resail.org\/wp-content\/uploads\/2025\/01\/Faurby-360-2.png\",\"contentUrl\":\"https:\/\/www.resail.org\/wp-content\/uploads\/2025\/01\/Faurby-360-2.png\",\"width\":399,\"height\":265},{\"@type\":\"BreadcrumbList\",\"@id\":\"https:\/\/www.resail.org\/fr\/product\/foc-a-enrouleur-de-28m2-en-epex-technora\/#breadcrumb\",\"itemListElement\":[{\"@type\":\"ListItem\",\"position\":1,\"name\":\"Home\",\"item\":\"https:\/\/www.resail.org\/fr\/accueil\/\"},{\"@type\":\"ListItem\",\"position\":2,\"name\":\"Boutique\",\"item\":\"https:\/\/www.resail.org\/fr\/boutique\/\"},{\"@type\":\"ListItem\",\"position\":3,\"name\":\"Foc \u00e0 enrouleur de 28m2 en EPEX Technora\"}]},{\"@type\":\"WebSite\",\"@id\":\"https:\/\/www.resail.org\/fr\/#website\",\"url\":\"https:\/\/www.resail.org\/fr\/\",\"name\":\"Resail\",\"description\":\"\",\"publisher\":{\"@id\":\"https:\/\/www.resail.org\/fr\/#organization\"},\"potentialAction\":[{\"@type\":\"SearchAction\",\"target\":{\"@type\":\"EntryPoint\",\"urlTemplate\":\"https:\/\/www.resail.org\/fr\/?s={search_term_string}\"},\"query-input\":{\"@type\":\"PropertyValueSpecification\",\"valueRequired\":true,\"valueName\":\"search_term_string\"}}],\"inLanguage\":\"fr-FR\"},{\"@type\":\"Organization\",\"@id\":\"https:\/\/www.resail.org\/fr\/#organization\",\"name\":\"Resail (en anglais)\",\"url\":\"https:\/\/www.resail.org\/fr\/\",\"logo\":{\"@type\":\"ImageObject\",\"inLanguage\":\"fr-FR\",\"@id\":\"https:\/\/www.resail.org\/fr\/#\/schema\/logo\/image\/\",\"url\":\"https:\/\/www.resail.org\/wp-content\/uploads\/2024\/04\/cropped-Resail_logo_staand.png\",\"contentUrl\":\"https:\/\/www.resail.org\/wp-content\/uploads\/2024\/04\/cropped-Resail_logo_staand.png\",\"width\":512,\"height\":512,\"caption\":\"Resail (en anglais)\"},\"image\":{\"@id\":\"https:\/\/www.resail.org\/fr\/#\/schema\/logo\/image\/\"}}]}<\/script>\n<!-- \/ Yoast SEO plugin. -->","yoast_head_json":{"title":"Foc \u00e0 enrouleur de 28m2 en EPEX Technora - Resail","robots":{"index":"index","follow":"follow","max-snippet":"max-snippet:-1","max-image-preview":"max-image-preview:large","max-video-preview":"max-video-preview:-1"},"canonical":"https:\/\/www.resail.org\/fr\/product\/foc-a-enrouleur-de-28m2-en-epex-technora\/","og_locale":"fr_FR","og_type":"article","og_title":"Foc \u00e0 enrouleur de 28m2 en EPEX Technora - Resail","og_description":"Foc \u00e0 enrouleur (Fatfurl) en EPEX TEchnora ; \u00e0 l'origine pour un Faurby 360 (9\/10)","og_url":"https:\/\/www.resail.org\/fr\/product\/foc-a-enrouleur-de-28m2-en-epex-technora\/","og_site_name":"Resail","article_modified_time":"2026-03-18T12:36:54+00:00","og_image":[{"width":399,"height":265,"url":"https:\/\/www.resail.org\/wp-content\/uploads\/2025\/01\/Faurby-360-2.png","type":"image\/png"}],"twitter_card":"summary_large_image","schema":{"@context":"https:\/\/schema.org","@graph":[{"@type":"WebPage","@id":"https:\/\/www.resail.org\/fr\/product\/foc-a-enrouleur-de-28m2-en-epex-technora\/","url":"https:\/\/www.resail.org\/fr\/product\/foc-a-enrouleur-de-28m2-en-epex-technora\/","name":"Foc \u00e0 enrouleur de 28m2 en EPEX Technora - Resail","isPartOf":{"@id":"https:\/\/www.resail.org\/fr\/#website"},"primaryImageOfPage":{"@id":"https:\/\/www.resail.org\/fr\/product\/foc-a-enrouleur-de-28m2-en-epex-technora\/#primaryimage"},"image":{"@id":"https:\/\/www.resail.org\/fr\/product\/foc-a-enrouleur-de-28m2-en-epex-technora\/#primaryimage"},"thumbnailUrl":"https:\/\/www.resail.org\/wp-content\/uploads\/2025\/01\/Faurby-360-2.png","datePublished":"2025-01-24T09:20:09+00:00","dateModified":"2026-03-18T12:36:54+00:00","breadcrumb":{"@id":"https:\/\/www.resail.org\/fr\/product\/foc-a-enrouleur-de-28m2-en-epex-technora\/#breadcrumb"},"inLanguage":"fr-FR","potentialAction":[{"@type":"ReadAction","target":["https:\/\/www.resail.org\/fr\/product\/foc-a-enrouleur-de-28m2-en-epex-technora\/"]}]},{"@type":"ImageObject","inLanguage":"fr-FR","@id":"https:\/\/www.resail.org\/fr\/product\/foc-a-enrouleur-de-28m2-en-epex-technora\/#primaryimage","url":"https:\/\/www.resail.org\/wp-content\/uploads\/2025\/01\/Faurby-360-2.png","contentUrl":"https:\/\/www.resail.org\/wp-content\/uploads\/2025\/01\/Faurby-360-2.png","width":399,"height":265},{"@type":"BreadcrumbList","@id":"https:\/\/www.resail.org\/fr\/product\/foc-a-enrouleur-de-28m2-en-epex-technora\/#breadcrumb","itemListElement":[{"@type":"ListItem","position":1,"name":"Home","item":"https:\/\/www.resail.org\/fr\/accueil\/"},{"@type":"ListItem","position":2,"name":"Boutique","item":"https:\/\/www.resail.org\/fr\/boutique\/"},{"@type":"ListItem","position":3,"name":"Foc \u00e0 enrouleur de 28m2 en EPEX Technora"}]},{"@type":"WebSite","@id":"https:\/\/www.resail.org\/fr\/#website","url":"https:\/\/www.resail.org\/fr\/","name":"Resail","description":"","publisher":{"@id":"https:\/\/www.resail.org\/fr\/#organization"},"potentialAction":[{"@type":"SearchAction","target":{"@type":"EntryPoint","urlTemplate":"https:\/\/www.resail.org\/fr\/?s={search_term_string}"},"query-input":{"@type":"PropertyValueSpecification","valueRequired":true,"valueName":"search_term_string"}}],"inLanguage":"fr-FR"},{"@type":"Organization","@id":"https:\/\/www.resail.org\/fr\/#organization","name":"Resail (en anglais)","url":"https:\/\/www.resail.org\/fr\/","logo":{"@type":"ImageObject","inLanguage":"fr-FR","@id":"https:\/\/www.resail.org\/fr\/#\/schema\/logo\/image\/","url":"https:\/\/www.resail.org\/wp-content\/uploads\/2024\/04\/cropped-Resail_logo_staand.png","contentUrl":"https:\/\/www.resail.org\/wp-content\/uploads\/2024\/04\/cropped-Resail_logo_staand.png","width":512,"height":512,"caption":"Resail (en anglais)"},"image":{"@id":"https:\/\/www.resail.org\/fr\/#\/schema\/logo\/image\/"}}]}},"_links":{"self":[{"href":"https:\/\/www.resail.org\/fr\/wp-json\/wp\/v2\/product\/45136","targetHints":{"allow":["GET"]}}],"collection":[{"href":"https:\/\/www.resail.org\/fr\/wp-json\/wp\/v2\/product"}],"about":[{"href":"https:\/\/www.resail.org\/fr\/wp-json\/wp\/v2\/types\/product"}],"replies":[{"embeddable":true,"href":"https:\/\/www.resail.org\/fr\/wp-json\/wp\/v2\/comments?post=45136"}],"wp:featuredmedia":[{"embeddable":true,"href":"https:\/\/www.resail.org\/fr\/wp-json\/wp\/v2\/media\/25892"}],"wp:attachment":[{"href":"https:\/\/www.resail.org\/fr\/wp-json\/wp\/v2\/media?parent=45136"}],"wp:term":[{"taxonomy":"product_brand","embeddable":true,"href":"https:\/\/www.resail.org\/fr\/wp-json\/wp\/v2\/product_brand?post=45136"},{"taxonomy":"product_cat","embeddable":true,"href":"https:\/\/www.resail.org\/fr\/wp-json\/wp\/v2\/product_cat?post=45136"},{"taxonomy":"product_tag","embeddable":true,"href":"https:\/\/www.resail.org\/fr\/wp-json\/wp\/v2\/product_tag?post=45136"}],"curies":[{"name":"wp","href":"https:\/\/api.w.org\/{rel}","templated":true}]}}