{"id":45657,"date":"2025-01-24T10:20:45","date_gmt":"2025-01-24T09:20:45","guid":{"rendered":"https:\/\/www.resail.org\/product\/en-route-pour-leurope\/"},"modified":"2025-01-24T10:20:45","modified_gmt":"2025-01-24T09:20:45","slug":"en-route-pour-leurope","status":"publish","type":"product","link":"https:\/\/www.resail.org\/fr\/product\/en-route-pour-leurope\/","title":{"rendered":"En route pour l&rsquo;Europe"},"content":{"rendered":"<p>Fabriqu\u00e9 aux Pays-Bas par Resail sous licence exclusive avec The Ocean Race 1973 SL. Resail est un partenaire officiel de The Ocean Race 2022-2023. <\/p>\n<p>Impression en \u00e9dition limit\u00e9e sur une voile 3Di pr\u00e9-course<br \/>\nPr\u00eat \u00e0 \u00eatre accroch\u00e9 ; 90x40cm ; 2,5cm de profondeur<br \/>\nCadre en aluminium tendu de qualit\u00e9 mus\u00e9ale<br \/>\n\u00c9pic\u00e9a certifi\u00e9 PEFC<br \/>\nEmballage protecteur sans plastique<br \/>\nLimit\u00e9 \u00e0 5 pi\u00e8ces<br \/>\nPlaque de certification num\u00e9rot\u00e9e<br \/>\nFabriqu\u00e9 aux Pays-Bas par ReSail<br \/>\nImage reproduite avec l&rsquo;aimable autorisation de Volvo AB<\/p>\n<p>Livraison en Europe, en Suisse, au Royaume-Uni et aux \u00c9tats-Unis : 100 \u20ac<br \/>\nLivraison dans d&rsquo;autres pays sur demande<\/p>\n","protected":false},"excerpt":{"rendered":"<p><strong>La flotte VO65 met le cap sur l&rsquo;Europe<\/strong><br \/>\n<strong>Newport Leg 7, Volvo Ocean Race 2014-15<\/strong><br \/>\n\u00a9 Mark Bow \/ Volvo AB<\/p>\n<p>Des moments forts d&rsquo;une \u00e9poque \u00e9pique de la course au large, r\u00e9alis\u00e9s sur une voile authentique, utilis\u00e9e pour la course. Chaque tirage en petite s\u00e9rie est reproduit sur une section de la voile Code Zero utilis\u00e9e par Team Brunel (NED, 2017-18), puis encadr\u00e9 professionnellement et num\u00e9rot\u00e9 individuellement. Les caract\u00e9ristiques structurelles et d&rsquo;usure garantissent qu&rsquo;il n&rsquo;y a pas deux tirages exactement identiques.  <\/p>\n<p>&nbsp;<\/p>\n<p>&nbsp;<\/p>\n","protected":false},"featured_media":27364,"comment_status":"closed","ping_status":"closed","template":"","meta":{"_acf_changed":false},"product_brand":[],"product_cat":[2218,2262],"product_tag":[],"class_list":{"0":"post-45657","1":"product","2":"type-product","3":"status-publish","4":"has-post-thumbnail","6":"product_cat-la-course-au-large","7":"product_cat-serie-legendes","8":"product_shipping_class-impressions","9":"pa_producer-resail","11":"first","12":"instock","13":"purchasable","14":"product-type-simple"},"acf":[],"yoast_head":"<!-- This site is optimized with the Yoast SEO plugin v27.2 - https:\/\/yoast.com\/product\/yoast-seo-wordpress\/ -->\n<title>En route pour l&#039;Europe - Resail<\/title>\n<meta name=\"robots\" content=\"index, follow, max-snippet:-1, max-image-preview:large, max-video-preview:-1\" \/>\n<link rel=\"canonical\" href=\"https:\/\/www.resail.org\/fr\/product\/en-route-pour-leurope\/\" \/>\n<meta property=\"og:locale\" content=\"fr_FR\" \/>\n<meta property=\"og:type\" content=\"article\" \/>\n<meta property=\"og:title\" content=\"En route pour l&#039;Europe - Resail\" \/>\n<meta property=\"og:description\" content=\"La flotte VO65 met le cap sur l&#039;Europe Newport Leg 7, Volvo Ocean Race 2014-15 \u00a9 Mark Bow \/ Volvo AB Des moments forts d&#039;une \u00e9poque \u00e9pique de la course au large, r\u00e9alis\u00e9s sur une voile authentique, utilis\u00e9e pour la course. Chaque tirage en petite s\u00e9rie est reproduit sur une section de la voile Code Zero utilis\u00e9e par Team Brunel (NED, 2017-18), puis encadr\u00e9 professionnellement et num\u00e9rot\u00e9 individuellement. Les caract\u00e9ristiques structurelles et d&#039;usure garantissent qu&#039;il n&#039;y a pas deux tirages exactement identiques.  &nbsp; &nbsp;\" \/>\n<meta property=\"og:url\" content=\"https:\/\/www.resail.org\/fr\/product\/en-route-pour-leurope\/\" \/>\n<meta property=\"og:site_name\" content=\"Resail\" \/>\n<meta property=\"og:image\" content=\"https:\/\/www.resail.org\/wp-content\/uploads\/2025\/01\/Bound-for-Europe-01.jpg\" \/>\n\t<meta property=\"og:image:width\" content=\"1200\" \/>\n\t<meta property=\"og:image:height\" content=\"1200\" \/>\n\t<meta property=\"og:image:type\" content=\"image\/jpeg\" \/>\n<meta name=\"twitter:card\" content=\"summary_large_image\" \/>\n<script type=\"application\/ld+json\" class=\"yoast-schema-graph\">{\"@context\":\"https:\/\/schema.org\",\"@graph\":[{\"@type\":\"WebPage\",\"@id\":\"https:\/\/www.resail.org\/fr\/product\/en-route-pour-leurope\/\",\"url\":\"https:\/\/www.resail.org\/fr\/product\/en-route-pour-leurope\/\",\"name\":\"En route pour l'Europe - Resail\",\"isPartOf\":{\"@id\":\"https:\/\/www.resail.org\/fr\/#website\"},\"primaryImageOfPage\":{\"@id\":\"https:\/\/www.resail.org\/fr\/product\/en-route-pour-leurope\/#primaryimage\"},\"image\":{\"@id\":\"https:\/\/www.resail.org\/fr\/product\/en-route-pour-leurope\/#primaryimage\"},\"thumbnailUrl\":\"https:\/\/www.resail.org\/wp-content\/uploads\/2025\/01\/Bound-for-Europe-01.jpg\",\"datePublished\":\"2025-01-24T09:20:45+00:00\",\"breadcrumb\":{\"@id\":\"https:\/\/www.resail.org\/fr\/product\/en-route-pour-leurope\/#breadcrumb\"},\"inLanguage\":\"fr-FR\",\"potentialAction\":[{\"@type\":\"ReadAction\",\"target\":[\"https:\/\/www.resail.org\/fr\/product\/en-route-pour-leurope\/\"]}]},{\"@type\":\"ImageObject\",\"inLanguage\":\"fr-FR\",\"@id\":\"https:\/\/www.resail.org\/fr\/product\/en-route-pour-leurope\/#primaryimage\",\"url\":\"https:\/\/www.resail.org\/wp-content\/uploads\/2025\/01\/Bound-for-Europe-01.jpg\",\"contentUrl\":\"https:\/\/www.resail.org\/wp-content\/uploads\/2025\/01\/Bound-for-Europe-01.jpg\",\"width\":1200,\"height\":1200},{\"@type\":\"BreadcrumbList\",\"@id\":\"https:\/\/www.resail.org\/fr\/product\/en-route-pour-leurope\/#breadcrumb\",\"itemListElement\":[{\"@type\":\"ListItem\",\"position\":1,\"name\":\"Home\",\"item\":\"https:\/\/www.resail.org\/fr\/accueil\/\"},{\"@type\":\"ListItem\",\"position\":2,\"name\":\"Boutique\",\"item\":\"https:\/\/www.resail.org\/fr\/boutique\/\"},{\"@type\":\"ListItem\",\"position\":3,\"name\":\"En route pour l&#8217;Europe\"}]},{\"@type\":\"WebSite\",\"@id\":\"https:\/\/www.resail.org\/fr\/#website\",\"url\":\"https:\/\/www.resail.org\/fr\/\",\"name\":\"Resail\",\"description\":\"\",\"publisher\":{\"@id\":\"https:\/\/www.resail.org\/fr\/#organization\"},\"potentialAction\":[{\"@type\":\"SearchAction\",\"target\":{\"@type\":\"EntryPoint\",\"urlTemplate\":\"https:\/\/www.resail.org\/fr\/?s={search_term_string}\"},\"query-input\":{\"@type\":\"PropertyValueSpecification\",\"valueRequired\":true,\"valueName\":\"search_term_string\"}}],\"inLanguage\":\"fr-FR\"},{\"@type\":\"Organization\",\"@id\":\"https:\/\/www.resail.org\/fr\/#organization\",\"name\":\"Resail (en anglais)\",\"url\":\"https:\/\/www.resail.org\/fr\/\",\"logo\":{\"@type\":\"ImageObject\",\"inLanguage\":\"fr-FR\",\"@id\":\"https:\/\/www.resail.org\/fr\/#\/schema\/logo\/image\/\",\"url\":\"https:\/\/www.resail.org\/wp-content\/uploads\/2024\/04\/cropped-Resail_logo_staand.png\",\"contentUrl\":\"https:\/\/www.resail.org\/wp-content\/uploads\/2024\/04\/cropped-Resail_logo_staand.png\",\"width\":512,\"height\":512,\"caption\":\"Resail (en anglais)\"},\"image\":{\"@id\":\"https:\/\/www.resail.org\/fr\/#\/schema\/logo\/image\/\"}}]}<\/script>\n<!-- \/ Yoast SEO plugin. -->","yoast_head_json":{"title":"En route pour l'Europe - Resail","robots":{"index":"index","follow":"follow","max-snippet":"max-snippet:-1","max-image-preview":"max-image-preview:large","max-video-preview":"max-video-preview:-1"},"canonical":"https:\/\/www.resail.org\/fr\/product\/en-route-pour-leurope\/","og_locale":"fr_FR","og_type":"article","og_title":"En route pour l'Europe - Resail","og_description":"La flotte VO65 met le cap sur l'Europe Newport Leg 7, Volvo Ocean Race 2014-15 \u00a9 Mark Bow \/ Volvo AB Des moments forts d'une \u00e9poque \u00e9pique de la course au large, r\u00e9alis\u00e9s sur une voile authentique, utilis\u00e9e pour la course. Chaque tirage en petite s\u00e9rie est reproduit sur une section de la voile Code Zero utilis\u00e9e par Team Brunel (NED, 2017-18), puis encadr\u00e9 professionnellement et num\u00e9rot\u00e9 individuellement. Les caract\u00e9ristiques structurelles et d'usure garantissent qu'il n'y a pas deux tirages exactement identiques.  &nbsp; &nbsp;","og_url":"https:\/\/www.resail.org\/fr\/product\/en-route-pour-leurope\/","og_site_name":"Resail","og_image":[{"width":1200,"height":1200,"url":"https:\/\/www.resail.org\/wp-content\/uploads\/2025\/01\/Bound-for-Europe-01.jpg","type":"image\/jpeg"}],"twitter_card":"summary_large_image","schema":{"@context":"https:\/\/schema.org","@graph":[{"@type":"WebPage","@id":"https:\/\/www.resail.org\/fr\/product\/en-route-pour-leurope\/","url":"https:\/\/www.resail.org\/fr\/product\/en-route-pour-leurope\/","name":"En route pour l'Europe - Resail","isPartOf":{"@id":"https:\/\/www.resail.org\/fr\/#website"},"primaryImageOfPage":{"@id":"https:\/\/www.resail.org\/fr\/product\/en-route-pour-leurope\/#primaryimage"},"image":{"@id":"https:\/\/www.resail.org\/fr\/product\/en-route-pour-leurope\/#primaryimage"},"thumbnailUrl":"https:\/\/www.resail.org\/wp-content\/uploads\/2025\/01\/Bound-for-Europe-01.jpg","datePublished":"2025-01-24T09:20:45+00:00","breadcrumb":{"@id":"https:\/\/www.resail.org\/fr\/product\/en-route-pour-leurope\/#breadcrumb"},"inLanguage":"fr-FR","potentialAction":[{"@type":"ReadAction","target":["https:\/\/www.resail.org\/fr\/product\/en-route-pour-leurope\/"]}]},{"@type":"ImageObject","inLanguage":"fr-FR","@id":"https:\/\/www.resail.org\/fr\/product\/en-route-pour-leurope\/#primaryimage","url":"https:\/\/www.resail.org\/wp-content\/uploads\/2025\/01\/Bound-for-Europe-01.jpg","contentUrl":"https:\/\/www.resail.org\/wp-content\/uploads\/2025\/01\/Bound-for-Europe-01.jpg","width":1200,"height":1200},{"@type":"BreadcrumbList","@id":"https:\/\/www.resail.org\/fr\/product\/en-route-pour-leurope\/#breadcrumb","itemListElement":[{"@type":"ListItem","position":1,"name":"Home","item":"https:\/\/www.resail.org\/fr\/accueil\/"},{"@type":"ListItem","position":2,"name":"Boutique","item":"https:\/\/www.resail.org\/fr\/boutique\/"},{"@type":"ListItem","position":3,"name":"En route pour l&#8217;Europe"}]},{"@type":"WebSite","@id":"https:\/\/www.resail.org\/fr\/#website","url":"https:\/\/www.resail.org\/fr\/","name":"Resail","description":"","publisher":{"@id":"https:\/\/www.resail.org\/fr\/#organization"},"potentialAction":[{"@type":"SearchAction","target":{"@type":"EntryPoint","urlTemplate":"https:\/\/www.resail.org\/fr\/?s={search_term_string}"},"query-input":{"@type":"PropertyValueSpecification","valueRequired":true,"valueName":"search_term_string"}}],"inLanguage":"fr-FR"},{"@type":"Organization","@id":"https:\/\/www.resail.org\/fr\/#organization","name":"Resail (en anglais)","url":"https:\/\/www.resail.org\/fr\/","logo":{"@type":"ImageObject","inLanguage":"fr-FR","@id":"https:\/\/www.resail.org\/fr\/#\/schema\/logo\/image\/","url":"https:\/\/www.resail.org\/wp-content\/uploads\/2024\/04\/cropped-Resail_logo_staand.png","contentUrl":"https:\/\/www.resail.org\/wp-content\/uploads\/2024\/04\/cropped-Resail_logo_staand.png","width":512,"height":512,"caption":"Resail (en anglais)"},"image":{"@id":"https:\/\/www.resail.org\/fr\/#\/schema\/logo\/image\/"}}]}},"_links":{"self":[{"href":"https:\/\/www.resail.org\/fr\/wp-json\/wp\/v2\/product\/45657","targetHints":{"allow":["GET"]}}],"collection":[{"href":"https:\/\/www.resail.org\/fr\/wp-json\/wp\/v2\/product"}],"about":[{"href":"https:\/\/www.resail.org\/fr\/wp-json\/wp\/v2\/types\/product"}],"replies":[{"embeddable":true,"href":"https:\/\/www.resail.org\/fr\/wp-json\/wp\/v2\/comments?post=45657"}],"wp:featuredmedia":[{"embeddable":true,"href":"https:\/\/www.resail.org\/fr\/wp-json\/wp\/v2\/media\/27364"}],"wp:attachment":[{"href":"https:\/\/www.resail.org\/fr\/wp-json\/wp\/v2\/media?parent=45657"}],"wp:term":[{"taxonomy":"product_brand","embeddable":true,"href":"https:\/\/www.resail.org\/fr\/wp-json\/wp\/v2\/product_brand?post=45657"},{"taxonomy":"product_cat","embeddable":true,"href":"https:\/\/www.resail.org\/fr\/wp-json\/wp\/v2\/product_cat?post=45657"},{"taxonomy":"product_tag","embeddable":true,"href":"https:\/\/www.resail.org\/fr\/wp-json\/wp\/v2\/product_tag?post=45657"}],"curies":[{"name":"wp","href":"https:\/\/api.w.org\/{rel}","templated":true}]}}