{"id":45878,"date":"2025-01-24T10:22:09","date_gmt":"2025-01-24T09:22:09","guid":{"rendered":"https:\/\/www.resail.org\/product\/2-73m-taud-de-grand-voile-bleu-fonce\/"},"modified":"2026-03-18T13:20:41","modified_gmt":"2026-03-18T12:20:41","slug":"2-73m-taud-de-grand-voile-bleu-fonce","status":"publish","type":"product","link":"https:\/\/www.resail.org\/fr\/product\/2-73m-taud-de-grand-voile-bleu-fonce\/","title":{"rendered":"2.73m Taud de grand-voile bleu fonc\u00e9"},"content":{"rendered":"","protected":false},"excerpt":{"rendered":"<p>NOUVEAU Taud de grand-voile bleu fonc\u00e9 avec fermeture \u00e9clair au m\u00e2t et attaches sous la b\u00f4me hauteur au m\u00e2t 1.12m ; extr\u00e9mit\u00e9 de la b\u00f4me : 0.5m \/\/ Int\u00e9ress\u00e9 par cette voile ? Demandez notre offre irr\u00e9sistible ! (Valable jusqu&rsquo;au 28 f\u00e9vrier)Whatsapp : +31641072573<\/p>\n","protected":false},"featured_media":32548,"comment_status":"closed","ping_status":"closed","template":"","meta":{"_acf_changed":false},"product_brand":[],"product_cat":[2168],"product_tag":[],"class_list":{"0":"post-45878","1":"product","2":"type-product","3":"status-publish","4":"has-post-thumbnail","6":"product_cat-couvertures-et-accessoires","7":"pa_producer-koster-sailmakers","9":"first","10":"instock","11":"shipping-taxable","12":"purchasable","13":"product-type-simple"},"acf":[],"yoast_head":"<!-- This site is optimized with the Yoast SEO plugin v27.5 - https:\/\/yoast.com\/product\/yoast-seo-wordpress\/ -->\n<title>2.73m Taud de grand-voile bleu fonc\u00e9 - Resail<\/title>\n<meta name=\"robots\" content=\"index, follow, max-snippet:-1, max-image-preview:large, max-video-preview:-1\" \/>\n<link rel=\"canonical\" href=\"https:\/\/www.resail.org\/fr\/product\/2-73m-taud-de-grand-voile-bleu-fonce\/\" \/>\n<meta property=\"og:locale\" content=\"fr_FR\" \/>\n<meta property=\"og:type\" content=\"article\" \/>\n<meta property=\"og:title\" content=\"2.73m Taud de grand-voile bleu fonc\u00e9 - Resail\" \/>\n<meta property=\"og:description\" content=\"NOUVEAU Taud de grand-voile bleu fonc\u00e9 avec fermeture \u00e9clair au m\u00e2t et attaches sous la b\u00f4me hauteur au m\u00e2t 1.12m ; extr\u00e9mit\u00e9 de la b\u00f4me : 0.5m \/\/ Int\u00e9ress\u00e9 par cette voile ? Demandez notre offre irr\u00e9sistible ! (Valable jusqu&#039;au 28 f\u00e9vrier)Whatsapp : +31641072573\" \/>\n<meta property=\"og:url\" content=\"https:\/\/www.resail.org\/fr\/product\/2-73m-taud-de-grand-voile-bleu-fonce\/\" \/>\n<meta property=\"og:site_name\" content=\"Resail\" \/>\n<meta property=\"article:modified_time\" content=\"2026-03-18T12:20:41+00:00\" \/>\n<meta property=\"og:image\" content=\"https:\/\/www.resail.org\/wp-content\/uploads\/2025\/01\/IMG_4584-rotated-1.jpg\" \/>\n\t<meta property=\"og:image:width\" content=\"480\" \/>\n\t<meta property=\"og:image:height\" content=\"640\" \/>\n\t<meta property=\"og:image:type\" content=\"image\/jpeg\" \/>\n<meta name=\"twitter:card\" content=\"summary_large_image\" \/>\n<script type=\"application\/ld+json\" class=\"yoast-schema-graph\">{\"@context\":\"https:\\\/\\\/schema.org\",\"@graph\":[{\"@type\":\"WebPage\",\"@id\":\"https:\\\/\\\/www.resail.org\\\/fr\\\/product\\\/2-73m-taud-de-grand-voile-bleu-fonce\\\/\",\"url\":\"https:\\\/\\\/www.resail.org\\\/fr\\\/product\\\/2-73m-taud-de-grand-voile-bleu-fonce\\\/\",\"name\":\"2.73m Taud de grand-voile bleu fonc\u00e9 - Resail\",\"isPartOf\":{\"@id\":\"https:\\\/\\\/www.resail.org\\\/fr\\\/#website\"},\"primaryImageOfPage\":{\"@id\":\"https:\\\/\\\/www.resail.org\\\/fr\\\/product\\\/2-73m-taud-de-grand-voile-bleu-fonce\\\/#primaryimage\"},\"image\":{\"@id\":\"https:\\\/\\\/www.resail.org\\\/fr\\\/product\\\/2-73m-taud-de-grand-voile-bleu-fonce\\\/#primaryimage\"},\"thumbnailUrl\":\"https:\\\/\\\/www.resail.org\\\/wp-content\\\/uploads\\\/2025\\\/01\\\/IMG_4584-rotated-1.jpg\",\"datePublished\":\"2025-01-24T09:22:09+00:00\",\"dateModified\":\"2026-03-18T12:20:41+00:00\",\"breadcrumb\":{\"@id\":\"https:\\\/\\\/www.resail.org\\\/fr\\\/product\\\/2-73m-taud-de-grand-voile-bleu-fonce\\\/#breadcrumb\"},\"inLanguage\":\"fr-FR\",\"potentialAction\":[{\"@type\":\"ReadAction\",\"target\":[\"https:\\\/\\\/www.resail.org\\\/fr\\\/product\\\/2-73m-taud-de-grand-voile-bleu-fonce\\\/\"]}]},{\"@type\":\"ImageObject\",\"inLanguage\":\"fr-FR\",\"@id\":\"https:\\\/\\\/www.resail.org\\\/fr\\\/product\\\/2-73m-taud-de-grand-voile-bleu-fonce\\\/#primaryimage\",\"url\":\"https:\\\/\\\/www.resail.org\\\/wp-content\\\/uploads\\\/2025\\\/01\\\/IMG_4584-rotated-1.jpg\",\"contentUrl\":\"https:\\\/\\\/www.resail.org\\\/wp-content\\\/uploads\\\/2025\\\/01\\\/IMG_4584-rotated-1.jpg\",\"width\":480,\"height\":640},{\"@type\":\"BreadcrumbList\",\"@id\":\"https:\\\/\\\/www.resail.org\\\/fr\\\/product\\\/2-73m-taud-de-grand-voile-bleu-fonce\\\/#breadcrumb\",\"itemListElement\":[{\"@type\":\"ListItem\",\"position\":1,\"name\":\"Home\",\"item\":\"https:\\\/\\\/www.resail.org\\\/fr\\\/accueil\\\/\"},{\"@type\":\"ListItem\",\"position\":2,\"name\":\"Boutique\",\"item\":\"https:\\\/\\\/www.resail.org\\\/fr\\\/boutique\\\/\"},{\"@type\":\"ListItem\",\"position\":3,\"name\":\"2.73m Taud de grand-voile bleu fonc\u00e9\"}]},{\"@type\":\"WebSite\",\"@id\":\"https:\\\/\\\/www.resail.org\\\/fr\\\/#website\",\"url\":\"https:\\\/\\\/www.resail.org\\\/fr\\\/\",\"name\":\"Resail\",\"description\":\"\",\"publisher\":{\"@id\":\"https:\\\/\\\/www.resail.org\\\/fr\\\/#organization\"},\"potentialAction\":[{\"@type\":\"SearchAction\",\"target\":{\"@type\":\"EntryPoint\",\"urlTemplate\":\"https:\\\/\\\/www.resail.org\\\/fr\\\/?s={search_term_string}\"},\"query-input\":{\"@type\":\"PropertyValueSpecification\",\"valueRequired\":true,\"valueName\":\"search_term_string\"}}],\"inLanguage\":\"fr-FR\"},{\"@type\":\"Organization\",\"@id\":\"https:\\\/\\\/www.resail.org\\\/fr\\\/#organization\",\"name\":\"Resail (en anglais)\",\"url\":\"https:\\\/\\\/www.resail.org\\\/fr\\\/\",\"logo\":{\"@type\":\"ImageObject\",\"inLanguage\":\"fr-FR\",\"@id\":\"https:\\\/\\\/www.resail.org\\\/fr\\\/#\\\/schema\\\/logo\\\/image\\\/\",\"url\":\"https:\\\/\\\/www.resail.org\\\/wp-content\\\/uploads\\\/2024\\\/04\\\/cropped-Resail_logo_staand.png\",\"contentUrl\":\"https:\\\/\\\/www.resail.org\\\/wp-content\\\/uploads\\\/2024\\\/04\\\/cropped-Resail_logo_staand.png\",\"width\":512,\"height\":512,\"caption\":\"Resail (en anglais)\"},\"image\":{\"@id\":\"https:\\\/\\\/www.resail.org\\\/fr\\\/#\\\/schema\\\/logo\\\/image\\\/\"}}]}<\/script>\n<!-- \/ Yoast SEO plugin. -->","yoast_head_json":{"title":"2.73m Taud de grand-voile bleu fonc\u00e9 - Resail","robots":{"index":"index","follow":"follow","max-snippet":"max-snippet:-1","max-image-preview":"max-image-preview:large","max-video-preview":"max-video-preview:-1"},"canonical":"https:\/\/www.resail.org\/fr\/product\/2-73m-taud-de-grand-voile-bleu-fonce\/","og_locale":"fr_FR","og_type":"article","og_title":"2.73m Taud de grand-voile bleu fonc\u00e9 - Resail","og_description":"NOUVEAU Taud de grand-voile bleu fonc\u00e9 avec fermeture \u00e9clair au m\u00e2t et attaches sous la b\u00f4me hauteur au m\u00e2t 1.12m ; extr\u00e9mit\u00e9 de la b\u00f4me : 0.5m \/\/ Int\u00e9ress\u00e9 par cette voile ? Demandez notre offre irr\u00e9sistible ! (Valable jusqu'au 28 f\u00e9vrier)Whatsapp : +31641072573","og_url":"https:\/\/www.resail.org\/fr\/product\/2-73m-taud-de-grand-voile-bleu-fonce\/","og_site_name":"Resail","article_modified_time":"2026-03-18T12:20:41+00:00","og_image":[{"width":480,"height":640,"url":"https:\/\/www.resail.org\/wp-content\/uploads\/2025\/01\/IMG_4584-rotated-1.jpg","type":"image\/jpeg"}],"twitter_card":"summary_large_image","schema":{"@context":"https:\/\/schema.org","@graph":[{"@type":"WebPage","@id":"https:\/\/www.resail.org\/fr\/product\/2-73m-taud-de-grand-voile-bleu-fonce\/","url":"https:\/\/www.resail.org\/fr\/product\/2-73m-taud-de-grand-voile-bleu-fonce\/","name":"2.73m Taud de grand-voile bleu fonc\u00e9 - Resail","isPartOf":{"@id":"https:\/\/www.resail.org\/fr\/#website"},"primaryImageOfPage":{"@id":"https:\/\/www.resail.org\/fr\/product\/2-73m-taud-de-grand-voile-bleu-fonce\/#primaryimage"},"image":{"@id":"https:\/\/www.resail.org\/fr\/product\/2-73m-taud-de-grand-voile-bleu-fonce\/#primaryimage"},"thumbnailUrl":"https:\/\/www.resail.org\/wp-content\/uploads\/2025\/01\/IMG_4584-rotated-1.jpg","datePublished":"2025-01-24T09:22:09+00:00","dateModified":"2026-03-18T12:20:41+00:00","breadcrumb":{"@id":"https:\/\/www.resail.org\/fr\/product\/2-73m-taud-de-grand-voile-bleu-fonce\/#breadcrumb"},"inLanguage":"fr-FR","potentialAction":[{"@type":"ReadAction","target":["https:\/\/www.resail.org\/fr\/product\/2-73m-taud-de-grand-voile-bleu-fonce\/"]}]},{"@type":"ImageObject","inLanguage":"fr-FR","@id":"https:\/\/www.resail.org\/fr\/product\/2-73m-taud-de-grand-voile-bleu-fonce\/#primaryimage","url":"https:\/\/www.resail.org\/wp-content\/uploads\/2025\/01\/IMG_4584-rotated-1.jpg","contentUrl":"https:\/\/www.resail.org\/wp-content\/uploads\/2025\/01\/IMG_4584-rotated-1.jpg","width":480,"height":640},{"@type":"BreadcrumbList","@id":"https:\/\/www.resail.org\/fr\/product\/2-73m-taud-de-grand-voile-bleu-fonce\/#breadcrumb","itemListElement":[{"@type":"ListItem","position":1,"name":"Home","item":"https:\/\/www.resail.org\/fr\/accueil\/"},{"@type":"ListItem","position":2,"name":"Boutique","item":"https:\/\/www.resail.org\/fr\/boutique\/"},{"@type":"ListItem","position":3,"name":"2.73m Taud de grand-voile bleu fonc\u00e9"}]},{"@type":"WebSite","@id":"https:\/\/www.resail.org\/fr\/#website","url":"https:\/\/www.resail.org\/fr\/","name":"Resail","description":"","publisher":{"@id":"https:\/\/www.resail.org\/fr\/#organization"},"potentialAction":[{"@type":"SearchAction","target":{"@type":"EntryPoint","urlTemplate":"https:\/\/www.resail.org\/fr\/?s={search_term_string}"},"query-input":{"@type":"PropertyValueSpecification","valueRequired":true,"valueName":"search_term_string"}}],"inLanguage":"fr-FR"},{"@type":"Organization","@id":"https:\/\/www.resail.org\/fr\/#organization","name":"Resail (en anglais)","url":"https:\/\/www.resail.org\/fr\/","logo":{"@type":"ImageObject","inLanguage":"fr-FR","@id":"https:\/\/www.resail.org\/fr\/#\/schema\/logo\/image\/","url":"https:\/\/www.resail.org\/wp-content\/uploads\/2024\/04\/cropped-Resail_logo_staand.png","contentUrl":"https:\/\/www.resail.org\/wp-content\/uploads\/2024\/04\/cropped-Resail_logo_staand.png","width":512,"height":512,"caption":"Resail (en anglais)"},"image":{"@id":"https:\/\/www.resail.org\/fr\/#\/schema\/logo\/image\/"}}]}},"_links":{"self":[{"href":"https:\/\/www.resail.org\/fr\/wp-json\/wp\/v2\/product\/45878","targetHints":{"allow":["GET"]}}],"collection":[{"href":"https:\/\/www.resail.org\/fr\/wp-json\/wp\/v2\/product"}],"about":[{"href":"https:\/\/www.resail.org\/fr\/wp-json\/wp\/v2\/types\/product"}],"replies":[{"embeddable":true,"href":"https:\/\/www.resail.org\/fr\/wp-json\/wp\/v2\/comments?post=45878"}],"wp:featuredmedia":[{"embeddable":true,"href":"https:\/\/www.resail.org\/fr\/wp-json\/wp\/v2\/media\/32548"}],"wp:attachment":[{"href":"https:\/\/www.resail.org\/fr\/wp-json\/wp\/v2\/media?parent=45878"}],"wp:term":[{"taxonomy":"product_brand","embeddable":true,"href":"https:\/\/www.resail.org\/fr\/wp-json\/wp\/v2\/product_brand?post=45878"},{"taxonomy":"product_cat","embeddable":true,"href":"https:\/\/www.resail.org\/fr\/wp-json\/wp\/v2\/product_cat?post=45878"},{"taxonomy":"product_tag","embeddable":true,"href":"https:\/\/www.resail.org\/fr\/wp-json\/wp\/v2\/product_tag?post=45878"}],"curies":[{"name":"wp","href":"https:\/\/api.w.org\/{rel}","templated":true}]}}