{"id":46299,"date":"2025-06-02T20:09:19","date_gmt":"2025-06-02T18:09:19","guid":{"rendered":"https:\/\/www.resail.org\/product\/13-9m2-lamine-jib-ex-j80\/"},"modified":"2025-06-02T20:09:19","modified_gmt":"2025-06-02T18:09:19","slug":"13-9m2-lamine-jib-ex-j80","status":"publish","type":"product","link":"https:\/\/www.resail.org\/fr\/product\/13-9m2-lamine-jib-ex-j80\/","title":{"rendered":"13.9m2 lamin\u00e9 Jib ex J80"},"content":{"rendered":"","protected":false},"excerpt":{"rendered":"<p>Fl\u00e8che pour stratifi\u00e9 ex J80<\/p>\n","protected":false},"featured_media":43984,"comment_status":"open","ping_status":"closed","template":"","meta":{"_acf_changed":false},"product_brand":[],"product_cat":[2168,15],"product_tag":[],"class_list":{"0":"post-46299","1":"product","2":"type-product","3":"status-publish","4":"has-post-thumbnail","6":"product_cat-couvertures-et-accessoires","7":"product_cat-coversandaccessoires","8":"pa_producer-doyle","10":"first","11":"instock","12":"sold-individually","13":"shipping-taxable","14":"purchasable","15":"product-type-simple"},"acf":[],"yoast_head":"<!-- This site is optimized with the Yoast SEO plugin v27.5 - https:\/\/yoast.com\/product\/yoast-seo-wordpress\/ -->\n<title>13.9m2 lamin\u00e9 Jib ex J80 - Resail<\/title>\n<meta name=\"robots\" content=\"index, follow, max-snippet:-1, max-image-preview:large, max-video-preview:-1\" \/>\n<link rel=\"canonical\" href=\"https:\/\/www.resail.org\/fr\/product\/13-9m2-lamine-jib-ex-j80\/\" \/>\n<meta property=\"og:locale\" content=\"fr_FR\" \/>\n<meta property=\"og:type\" content=\"article\" \/>\n<meta property=\"og:title\" content=\"13.9m2 lamin\u00e9 Jib ex J80 - Resail\" \/>\n<meta property=\"og:description\" content=\"Fl\u00e8che pour stratifi\u00e9 ex J80\" \/>\n<meta property=\"og:url\" content=\"https:\/\/www.resail.org\/fr\/product\/13-9m2-lamine-jib-ex-j80\/\" \/>\n<meta property=\"og:site_name\" content=\"Resail\" \/>\n<meta property=\"og:image\" content=\"https:\/\/www.resail.org\/wp-content\/uploads\/2025\/06\/IMG_7904-rotated.jpg\" \/>\n\t<meta property=\"og:image:width\" content=\"480\" \/>\n\t<meta property=\"og:image:height\" content=\"640\" \/>\n\t<meta property=\"og:image:type\" content=\"image\/jpeg\" \/>\n<meta name=\"twitter:card\" content=\"summary_large_image\" \/>\n<script type=\"application\/ld+json\" class=\"yoast-schema-graph\">{\"@context\":\"https:\\\/\\\/schema.org\",\"@graph\":[{\"@type\":\"WebPage\",\"@id\":\"https:\\\/\\\/www.resail.org\\\/fr\\\/product\\\/13-9m2-lamine-jib-ex-j80\\\/\",\"url\":\"https:\\\/\\\/www.resail.org\\\/fr\\\/product\\\/13-9m2-lamine-jib-ex-j80\\\/\",\"name\":\"13.9m2 lamin\u00e9 Jib ex J80 - Resail\",\"isPartOf\":{\"@id\":\"https:\\\/\\\/www.resail.org\\\/fr\\\/#website\"},\"primaryImageOfPage\":{\"@id\":\"https:\\\/\\\/www.resail.org\\\/fr\\\/product\\\/13-9m2-lamine-jib-ex-j80\\\/#primaryimage\"},\"image\":{\"@id\":\"https:\\\/\\\/www.resail.org\\\/fr\\\/product\\\/13-9m2-lamine-jib-ex-j80\\\/#primaryimage\"},\"thumbnailUrl\":\"https:\\\/\\\/www.resail.org\\\/wp-content\\\/uploads\\\/2025\\\/06\\\/IMG_7904-rotated.jpg\",\"datePublished\":\"2025-06-02T18:09:19+00:00\",\"breadcrumb\":{\"@id\":\"https:\\\/\\\/www.resail.org\\\/fr\\\/product\\\/13-9m2-lamine-jib-ex-j80\\\/#breadcrumb\"},\"inLanguage\":\"fr-FR\",\"potentialAction\":[{\"@type\":\"ReadAction\",\"target\":[\"https:\\\/\\\/www.resail.org\\\/fr\\\/product\\\/13-9m2-lamine-jib-ex-j80\\\/\"]}]},{\"@type\":\"ImageObject\",\"inLanguage\":\"fr-FR\",\"@id\":\"https:\\\/\\\/www.resail.org\\\/fr\\\/product\\\/13-9m2-lamine-jib-ex-j80\\\/#primaryimage\",\"url\":\"https:\\\/\\\/www.resail.org\\\/wp-content\\\/uploads\\\/2025\\\/06\\\/IMG_7904-rotated.jpg\",\"contentUrl\":\"https:\\\/\\\/www.resail.org\\\/wp-content\\\/uploads\\\/2025\\\/06\\\/IMG_7904-rotated.jpg\",\"width\":480,\"height\":640},{\"@type\":\"BreadcrumbList\",\"@id\":\"https:\\\/\\\/www.resail.org\\\/fr\\\/product\\\/13-9m2-lamine-jib-ex-j80\\\/#breadcrumb\",\"itemListElement\":[{\"@type\":\"ListItem\",\"position\":1,\"name\":\"Home\",\"item\":\"https:\\\/\\\/www.resail.org\\\/fr\\\/accueil\\\/\"},{\"@type\":\"ListItem\",\"position\":2,\"name\":\"Boutique\",\"item\":\"https:\\\/\\\/www.resail.org\\\/fr\\\/boutique\\\/\"},{\"@type\":\"ListItem\",\"position\":3,\"name\":\"13.9m2 lamin\u00e9 Jib ex J80\"}]},{\"@type\":\"WebSite\",\"@id\":\"https:\\\/\\\/www.resail.org\\\/fr\\\/#website\",\"url\":\"https:\\\/\\\/www.resail.org\\\/fr\\\/\",\"name\":\"Resail\",\"description\":\"\",\"publisher\":{\"@id\":\"https:\\\/\\\/www.resail.org\\\/fr\\\/#organization\"},\"potentialAction\":[{\"@type\":\"SearchAction\",\"target\":{\"@type\":\"EntryPoint\",\"urlTemplate\":\"https:\\\/\\\/www.resail.org\\\/fr\\\/?s={search_term_string}\"},\"query-input\":{\"@type\":\"PropertyValueSpecification\",\"valueRequired\":true,\"valueName\":\"search_term_string\"}}],\"inLanguage\":\"fr-FR\"},{\"@type\":\"Organization\",\"@id\":\"https:\\\/\\\/www.resail.org\\\/fr\\\/#organization\",\"name\":\"Resail (en anglais)\",\"url\":\"https:\\\/\\\/www.resail.org\\\/fr\\\/\",\"logo\":{\"@type\":\"ImageObject\",\"inLanguage\":\"fr-FR\",\"@id\":\"https:\\\/\\\/www.resail.org\\\/fr\\\/#\\\/schema\\\/logo\\\/image\\\/\",\"url\":\"https:\\\/\\\/www.resail.org\\\/wp-content\\\/uploads\\\/2024\\\/04\\\/cropped-Resail_logo_staand.png\",\"contentUrl\":\"https:\\\/\\\/www.resail.org\\\/wp-content\\\/uploads\\\/2024\\\/04\\\/cropped-Resail_logo_staand.png\",\"width\":512,\"height\":512,\"caption\":\"Resail (en anglais)\"},\"image\":{\"@id\":\"https:\\\/\\\/www.resail.org\\\/fr\\\/#\\\/schema\\\/logo\\\/image\\\/\"}}]}<\/script>\n<!-- \/ Yoast SEO plugin. -->","yoast_head_json":{"title":"13.9m2 lamin\u00e9 Jib ex J80 - Resail","robots":{"index":"index","follow":"follow","max-snippet":"max-snippet:-1","max-image-preview":"max-image-preview:large","max-video-preview":"max-video-preview:-1"},"canonical":"https:\/\/www.resail.org\/fr\/product\/13-9m2-lamine-jib-ex-j80\/","og_locale":"fr_FR","og_type":"article","og_title":"13.9m2 lamin\u00e9 Jib ex J80 - Resail","og_description":"Fl\u00e8che pour stratifi\u00e9 ex J80","og_url":"https:\/\/www.resail.org\/fr\/product\/13-9m2-lamine-jib-ex-j80\/","og_site_name":"Resail","og_image":[{"width":480,"height":640,"url":"https:\/\/www.resail.org\/wp-content\/uploads\/2025\/06\/IMG_7904-rotated.jpg","type":"image\/jpeg"}],"twitter_card":"summary_large_image","schema":{"@context":"https:\/\/schema.org","@graph":[{"@type":"WebPage","@id":"https:\/\/www.resail.org\/fr\/product\/13-9m2-lamine-jib-ex-j80\/","url":"https:\/\/www.resail.org\/fr\/product\/13-9m2-lamine-jib-ex-j80\/","name":"13.9m2 lamin\u00e9 Jib ex J80 - Resail","isPartOf":{"@id":"https:\/\/www.resail.org\/fr\/#website"},"primaryImageOfPage":{"@id":"https:\/\/www.resail.org\/fr\/product\/13-9m2-lamine-jib-ex-j80\/#primaryimage"},"image":{"@id":"https:\/\/www.resail.org\/fr\/product\/13-9m2-lamine-jib-ex-j80\/#primaryimage"},"thumbnailUrl":"https:\/\/www.resail.org\/wp-content\/uploads\/2025\/06\/IMG_7904-rotated.jpg","datePublished":"2025-06-02T18:09:19+00:00","breadcrumb":{"@id":"https:\/\/www.resail.org\/fr\/product\/13-9m2-lamine-jib-ex-j80\/#breadcrumb"},"inLanguage":"fr-FR","potentialAction":[{"@type":"ReadAction","target":["https:\/\/www.resail.org\/fr\/product\/13-9m2-lamine-jib-ex-j80\/"]}]},{"@type":"ImageObject","inLanguage":"fr-FR","@id":"https:\/\/www.resail.org\/fr\/product\/13-9m2-lamine-jib-ex-j80\/#primaryimage","url":"https:\/\/www.resail.org\/wp-content\/uploads\/2025\/06\/IMG_7904-rotated.jpg","contentUrl":"https:\/\/www.resail.org\/wp-content\/uploads\/2025\/06\/IMG_7904-rotated.jpg","width":480,"height":640},{"@type":"BreadcrumbList","@id":"https:\/\/www.resail.org\/fr\/product\/13-9m2-lamine-jib-ex-j80\/#breadcrumb","itemListElement":[{"@type":"ListItem","position":1,"name":"Home","item":"https:\/\/www.resail.org\/fr\/accueil\/"},{"@type":"ListItem","position":2,"name":"Boutique","item":"https:\/\/www.resail.org\/fr\/boutique\/"},{"@type":"ListItem","position":3,"name":"13.9m2 lamin\u00e9 Jib ex J80"}]},{"@type":"WebSite","@id":"https:\/\/www.resail.org\/fr\/#website","url":"https:\/\/www.resail.org\/fr\/","name":"Resail","description":"","publisher":{"@id":"https:\/\/www.resail.org\/fr\/#organization"},"potentialAction":[{"@type":"SearchAction","target":{"@type":"EntryPoint","urlTemplate":"https:\/\/www.resail.org\/fr\/?s={search_term_string}"},"query-input":{"@type":"PropertyValueSpecification","valueRequired":true,"valueName":"search_term_string"}}],"inLanguage":"fr-FR"},{"@type":"Organization","@id":"https:\/\/www.resail.org\/fr\/#organization","name":"Resail (en anglais)","url":"https:\/\/www.resail.org\/fr\/","logo":{"@type":"ImageObject","inLanguage":"fr-FR","@id":"https:\/\/www.resail.org\/fr\/#\/schema\/logo\/image\/","url":"https:\/\/www.resail.org\/wp-content\/uploads\/2024\/04\/cropped-Resail_logo_staand.png","contentUrl":"https:\/\/www.resail.org\/wp-content\/uploads\/2024\/04\/cropped-Resail_logo_staand.png","width":512,"height":512,"caption":"Resail (en anglais)"},"image":{"@id":"https:\/\/www.resail.org\/fr\/#\/schema\/logo\/image\/"}}]}},"_links":{"self":[{"href":"https:\/\/www.resail.org\/fr\/wp-json\/wp\/v2\/product\/46299","targetHints":{"allow":["GET"]}}],"collection":[{"href":"https:\/\/www.resail.org\/fr\/wp-json\/wp\/v2\/product"}],"about":[{"href":"https:\/\/www.resail.org\/fr\/wp-json\/wp\/v2\/types\/product"}],"replies":[{"embeddable":true,"href":"https:\/\/www.resail.org\/fr\/wp-json\/wp\/v2\/comments?post=46299"}],"wp:featuredmedia":[{"embeddable":true,"href":"https:\/\/www.resail.org\/fr\/wp-json\/wp\/v2\/media\/43984"}],"wp:attachment":[{"href":"https:\/\/www.resail.org\/fr\/wp-json\/wp\/v2\/media?parent=46299"}],"wp:term":[{"taxonomy":"product_brand","embeddable":true,"href":"https:\/\/www.resail.org\/fr\/wp-json\/wp\/v2\/product_brand?post=46299"},{"taxonomy":"product_cat","embeddable":true,"href":"https:\/\/www.resail.org\/fr\/wp-json\/wp\/v2\/product_cat?post=46299"},{"taxonomy":"product_tag","embeddable":true,"href":"https:\/\/www.resail.org\/fr\/wp-json\/wp\/v2\/product_tag?post=46299"}],"curies":[{"name":"wp","href":"https:\/\/api.w.org\/{rel}","templated":true}]}}