{"id":46443,"date":"2025-02-27T17:19:27","date_gmt":"2025-02-27T16:19:27","guid":{"rendered":"https:\/\/www.resail.org\/product\/5-75m-maindrop-system-avec-fermeture-eclair-en-dune\/"},"modified":"2025-02-27T17:19:27","modified_gmt":"2025-02-27T16:19:27","slug":"5-75m-maindrop-system-avec-fermeture-eclair-en-dune","status":"publish","type":"product","link":"https:\/\/www.resail.org\/fr\/product\/5-75m-maindrop-system-avec-fermeture-eclair-en-dune\/","title":{"rendered":"5.75m Maindrop system avec fermeture \u00e9clair en Dune"},"content":{"rendered":"","protected":false},"excerpt":{"rendered":"<p>NOUVEAU Syst\u00e8me Maindrop avec fermeture \u00e9clair en Sunbrella Dune ; 5,75m de long ; 100cm de haut au m\u00e2t<\/p>\n","protected":false},"featured_media":38580,"comment_status":"open","ping_status":"closed","template":"","meta":{"_acf_changed":false},"product_brand":[],"product_cat":[2168],"product_tag":[],"class_list":{"0":"post-46443","1":"product","2":"type-product","3":"status-publish","4":"has-post-thumbnail","6":"product_cat-couvertures-et-accessoires","7":"pa_producer-elvstrom-sails","9":"first","10":"instock","11":"sold-individually","12":"shipping-taxable","13":"purchasable","14":"product-type-simple"},"acf":[],"yoast_head":"<!-- This site is optimized with the Yoast SEO plugin v27.2 - https:\/\/yoast.com\/product\/yoast-seo-wordpress\/ -->\n<title>5.75m Maindrop system avec fermeture \u00e9clair en Dune - Resail<\/title>\n<meta name=\"robots\" content=\"index, follow, max-snippet:-1, max-image-preview:large, max-video-preview:-1\" \/>\n<link rel=\"canonical\" href=\"https:\/\/www.resail.org\/fr\/product\/5-75m-maindrop-system-avec-fermeture-eclair-en-dune\/\" \/>\n<meta property=\"og:locale\" content=\"fr_FR\" \/>\n<meta property=\"og:type\" content=\"article\" \/>\n<meta property=\"og:title\" content=\"5.75m Maindrop system avec fermeture \u00e9clair en Dune - Resail\" \/>\n<meta property=\"og:description\" content=\"NOUVEAU Syst\u00e8me Maindrop avec fermeture \u00e9clair en Sunbrella Dune ; 5,75m de long ; 100cm de haut au m\u00e2t\" \/>\n<meta property=\"og:url\" content=\"https:\/\/www.resail.org\/fr\/product\/5-75m-maindrop-system-avec-fermeture-eclair-en-dune\/\" \/>\n<meta property=\"og:site_name\" content=\"Resail\" \/>\n<meta property=\"og:image\" content=\"https:\/\/www.resail.org\/wp-content\/uploads\/2025\/02\/IMG_5626.jpg\" \/>\n\t<meta property=\"og:image:width\" content=\"640\" \/>\n\t<meta property=\"og:image:height\" content=\"480\" \/>\n\t<meta property=\"og:image:type\" content=\"image\/jpeg\" \/>\n<meta name=\"twitter:card\" content=\"summary_large_image\" \/>\n<script type=\"application\/ld+json\" class=\"yoast-schema-graph\">{\"@context\":\"https:\/\/schema.org\",\"@graph\":[{\"@type\":\"WebPage\",\"@id\":\"https:\/\/www.resail.org\/fr\/product\/5-75m-maindrop-system-avec-fermeture-eclair-en-dune\/\",\"url\":\"https:\/\/www.resail.org\/fr\/product\/5-75m-maindrop-system-avec-fermeture-eclair-en-dune\/\",\"name\":\"5.75m Maindrop system avec fermeture \u00e9clair en Dune - Resail\",\"isPartOf\":{\"@id\":\"https:\/\/www.resail.org\/fr\/#website\"},\"primaryImageOfPage\":{\"@id\":\"https:\/\/www.resail.org\/fr\/product\/5-75m-maindrop-system-avec-fermeture-eclair-en-dune\/#primaryimage\"},\"image\":{\"@id\":\"https:\/\/www.resail.org\/fr\/product\/5-75m-maindrop-system-avec-fermeture-eclair-en-dune\/#primaryimage\"},\"thumbnailUrl\":\"https:\/\/www.resail.org\/wp-content\/uploads\/2025\/02\/IMG_5626.jpg\",\"datePublished\":\"2025-02-27T16:19:27+00:00\",\"breadcrumb\":{\"@id\":\"https:\/\/www.resail.org\/fr\/product\/5-75m-maindrop-system-avec-fermeture-eclair-en-dune\/#breadcrumb\"},\"inLanguage\":\"fr-FR\",\"potentialAction\":[{\"@type\":\"ReadAction\",\"target\":[\"https:\/\/www.resail.org\/fr\/product\/5-75m-maindrop-system-avec-fermeture-eclair-en-dune\/\"]}]},{\"@type\":\"ImageObject\",\"inLanguage\":\"fr-FR\",\"@id\":\"https:\/\/www.resail.org\/fr\/product\/5-75m-maindrop-system-avec-fermeture-eclair-en-dune\/#primaryimage\",\"url\":\"https:\/\/www.resail.org\/wp-content\/uploads\/2025\/02\/IMG_5626.jpg\",\"contentUrl\":\"https:\/\/www.resail.org\/wp-content\/uploads\/2025\/02\/IMG_5626.jpg\",\"width\":640,\"height\":480},{\"@type\":\"BreadcrumbList\",\"@id\":\"https:\/\/www.resail.org\/fr\/product\/5-75m-maindrop-system-avec-fermeture-eclair-en-dune\/#breadcrumb\",\"itemListElement\":[{\"@type\":\"ListItem\",\"position\":1,\"name\":\"Home\",\"item\":\"https:\/\/www.resail.org\/fr\/accueil\/\"},{\"@type\":\"ListItem\",\"position\":2,\"name\":\"Boutique\",\"item\":\"https:\/\/www.resail.org\/fr\/boutique\/\"},{\"@type\":\"ListItem\",\"position\":3,\"name\":\"5.75m Maindrop system avec fermeture \u00e9clair en Dune\"}]},{\"@type\":\"WebSite\",\"@id\":\"https:\/\/www.resail.org\/fr\/#website\",\"url\":\"https:\/\/www.resail.org\/fr\/\",\"name\":\"Resail\",\"description\":\"\",\"publisher\":{\"@id\":\"https:\/\/www.resail.org\/fr\/#organization\"},\"potentialAction\":[{\"@type\":\"SearchAction\",\"target\":{\"@type\":\"EntryPoint\",\"urlTemplate\":\"https:\/\/www.resail.org\/fr\/?s={search_term_string}\"},\"query-input\":{\"@type\":\"PropertyValueSpecification\",\"valueRequired\":true,\"valueName\":\"search_term_string\"}}],\"inLanguage\":\"fr-FR\"},{\"@type\":\"Organization\",\"@id\":\"https:\/\/www.resail.org\/fr\/#organization\",\"name\":\"Resail (en anglais)\",\"url\":\"https:\/\/www.resail.org\/fr\/\",\"logo\":{\"@type\":\"ImageObject\",\"inLanguage\":\"fr-FR\",\"@id\":\"https:\/\/www.resail.org\/fr\/#\/schema\/logo\/image\/\",\"url\":\"https:\/\/www.resail.org\/wp-content\/uploads\/2024\/04\/cropped-Resail_logo_staand.png\",\"contentUrl\":\"https:\/\/www.resail.org\/wp-content\/uploads\/2024\/04\/cropped-Resail_logo_staand.png\",\"width\":512,\"height\":512,\"caption\":\"Resail (en anglais)\"},\"image\":{\"@id\":\"https:\/\/www.resail.org\/fr\/#\/schema\/logo\/image\/\"}}]}<\/script>\n<!-- \/ Yoast SEO plugin. -->","yoast_head_json":{"title":"5.75m Maindrop system avec fermeture \u00e9clair en Dune - Resail","robots":{"index":"index","follow":"follow","max-snippet":"max-snippet:-1","max-image-preview":"max-image-preview:large","max-video-preview":"max-video-preview:-1"},"canonical":"https:\/\/www.resail.org\/fr\/product\/5-75m-maindrop-system-avec-fermeture-eclair-en-dune\/","og_locale":"fr_FR","og_type":"article","og_title":"5.75m Maindrop system avec fermeture \u00e9clair en Dune - Resail","og_description":"NOUVEAU Syst\u00e8me Maindrop avec fermeture \u00e9clair en Sunbrella Dune ; 5,75m de long ; 100cm de haut au m\u00e2t","og_url":"https:\/\/www.resail.org\/fr\/product\/5-75m-maindrop-system-avec-fermeture-eclair-en-dune\/","og_site_name":"Resail","og_image":[{"width":640,"height":480,"url":"https:\/\/www.resail.org\/wp-content\/uploads\/2025\/02\/IMG_5626.jpg","type":"image\/jpeg"}],"twitter_card":"summary_large_image","schema":{"@context":"https:\/\/schema.org","@graph":[{"@type":"WebPage","@id":"https:\/\/www.resail.org\/fr\/product\/5-75m-maindrop-system-avec-fermeture-eclair-en-dune\/","url":"https:\/\/www.resail.org\/fr\/product\/5-75m-maindrop-system-avec-fermeture-eclair-en-dune\/","name":"5.75m Maindrop system avec fermeture \u00e9clair en Dune - Resail","isPartOf":{"@id":"https:\/\/www.resail.org\/fr\/#website"},"primaryImageOfPage":{"@id":"https:\/\/www.resail.org\/fr\/product\/5-75m-maindrop-system-avec-fermeture-eclair-en-dune\/#primaryimage"},"image":{"@id":"https:\/\/www.resail.org\/fr\/product\/5-75m-maindrop-system-avec-fermeture-eclair-en-dune\/#primaryimage"},"thumbnailUrl":"https:\/\/www.resail.org\/wp-content\/uploads\/2025\/02\/IMG_5626.jpg","datePublished":"2025-02-27T16:19:27+00:00","breadcrumb":{"@id":"https:\/\/www.resail.org\/fr\/product\/5-75m-maindrop-system-avec-fermeture-eclair-en-dune\/#breadcrumb"},"inLanguage":"fr-FR","potentialAction":[{"@type":"ReadAction","target":["https:\/\/www.resail.org\/fr\/product\/5-75m-maindrop-system-avec-fermeture-eclair-en-dune\/"]}]},{"@type":"ImageObject","inLanguage":"fr-FR","@id":"https:\/\/www.resail.org\/fr\/product\/5-75m-maindrop-system-avec-fermeture-eclair-en-dune\/#primaryimage","url":"https:\/\/www.resail.org\/wp-content\/uploads\/2025\/02\/IMG_5626.jpg","contentUrl":"https:\/\/www.resail.org\/wp-content\/uploads\/2025\/02\/IMG_5626.jpg","width":640,"height":480},{"@type":"BreadcrumbList","@id":"https:\/\/www.resail.org\/fr\/product\/5-75m-maindrop-system-avec-fermeture-eclair-en-dune\/#breadcrumb","itemListElement":[{"@type":"ListItem","position":1,"name":"Home","item":"https:\/\/www.resail.org\/fr\/accueil\/"},{"@type":"ListItem","position":2,"name":"Boutique","item":"https:\/\/www.resail.org\/fr\/boutique\/"},{"@type":"ListItem","position":3,"name":"5.75m Maindrop system avec fermeture \u00e9clair en Dune"}]},{"@type":"WebSite","@id":"https:\/\/www.resail.org\/fr\/#website","url":"https:\/\/www.resail.org\/fr\/","name":"Resail","description":"","publisher":{"@id":"https:\/\/www.resail.org\/fr\/#organization"},"potentialAction":[{"@type":"SearchAction","target":{"@type":"EntryPoint","urlTemplate":"https:\/\/www.resail.org\/fr\/?s={search_term_string}"},"query-input":{"@type":"PropertyValueSpecification","valueRequired":true,"valueName":"search_term_string"}}],"inLanguage":"fr-FR"},{"@type":"Organization","@id":"https:\/\/www.resail.org\/fr\/#organization","name":"Resail (en anglais)","url":"https:\/\/www.resail.org\/fr\/","logo":{"@type":"ImageObject","inLanguage":"fr-FR","@id":"https:\/\/www.resail.org\/fr\/#\/schema\/logo\/image\/","url":"https:\/\/www.resail.org\/wp-content\/uploads\/2024\/04\/cropped-Resail_logo_staand.png","contentUrl":"https:\/\/www.resail.org\/wp-content\/uploads\/2024\/04\/cropped-Resail_logo_staand.png","width":512,"height":512,"caption":"Resail (en anglais)"},"image":{"@id":"https:\/\/www.resail.org\/fr\/#\/schema\/logo\/image\/"}}]}},"_links":{"self":[{"href":"https:\/\/www.resail.org\/fr\/wp-json\/wp\/v2\/product\/46443","targetHints":{"allow":["GET"]}}],"collection":[{"href":"https:\/\/www.resail.org\/fr\/wp-json\/wp\/v2\/product"}],"about":[{"href":"https:\/\/www.resail.org\/fr\/wp-json\/wp\/v2\/types\/product"}],"replies":[{"embeddable":true,"href":"https:\/\/www.resail.org\/fr\/wp-json\/wp\/v2\/comments?post=46443"}],"wp:featuredmedia":[{"embeddable":true,"href":"https:\/\/www.resail.org\/fr\/wp-json\/wp\/v2\/media\/38580"}],"wp:attachment":[{"href":"https:\/\/www.resail.org\/fr\/wp-json\/wp\/v2\/media?parent=46443"}],"wp:term":[{"taxonomy":"product_brand","embeddable":true,"href":"https:\/\/www.resail.org\/fr\/wp-json\/wp\/v2\/product_brand?post=46443"},{"taxonomy":"product_cat","embeddable":true,"href":"https:\/\/www.resail.org\/fr\/wp-json\/wp\/v2\/product_cat?post=46443"},{"taxonomy":"product_tag","embeddable":true,"href":"https:\/\/www.resail.org\/fr\/wp-json\/wp\/v2\/product_tag?post=46443"}],"curies":[{"name":"wp","href":"https:\/\/api.w.org\/{rel}","templated":true}]}}