{"id":55424,"date":"2025-08-20T19:37:54","date_gmt":"2025-08-20T17:37:54","guid":{"rendered":"https:\/\/www.resail.org\/product\/new-63m2-furling-genoa\/"},"modified":"2026-03-18T12:12:40","modified_gmt":"2026-03-18T11:12:40","slug":"new-63m2-furling-genoa","status":"publish","type":"product","link":"https:\/\/www.resail.org\/fr\/product\/new-63m2-furling-genoa\/","title":{"rendered":"NEW 63M2 Furling Genoa"},"content":{"rendered":"","protected":false},"excerpt":{"rendered":"<p>G\u00e9nois \u00e0 enrouleur NEUF avec Sunbrella UV (Beige 6020) sur SB ; mousse pour enrouleur sur B\u00e2bord ; ralingue de 6mm ; produit \u00e0 l&rsquo;origine pour un 48 pieds<\/p>\n<p>Les photos suivront bient\u00f4t.<\/p>\n<p>&nbsp;<\/p>\n","protected":false},"featured_media":54517,"comment_status":"open","ping_status":"closed","template":"","meta":{"_acf_changed":false},"product_brand":[],"product_cat":[2753,2149],"product_tag":[],"class_list":{"0":"post-55424","1":"product","2":"type-product","3":"status-publish","4":"has-post-thumbnail","6":"product_cat-enrouleurs-focs-et-genois","7":"product_cat-voile-davant","8":"pa_producer-molenaar","10":"first","11":"instock","12":"sold-individually","13":"shipping-taxable","14":"purchasable","15":"product-type-simple"},"acf":[],"yoast_head":"<!-- This site is optimized with the Yoast SEO plugin v27.2 - https:\/\/yoast.com\/product\/yoast-seo-wordpress\/ -->\n<title>NEW 63M2 Furling Genoa - Resail<\/title>\n<meta name=\"robots\" content=\"index, follow, max-snippet:-1, max-image-preview:large, max-video-preview:-1\" \/>\n<link rel=\"canonical\" href=\"https:\/\/www.resail.org\/fr\/product\/new-63m2-furling-genoa\/\" \/>\n<meta property=\"og:locale\" content=\"fr_FR\" \/>\n<meta property=\"og:type\" content=\"article\" \/>\n<meta property=\"og:title\" content=\"NEW 63M2 Furling Genoa - Resail\" \/>\n<meta property=\"og:description\" content=\"G\u00e9nois \u00e0 enrouleur NEUF avec Sunbrella UV (Beige 6020) sur SB ; mousse pour enrouleur sur B\u00e2bord ; ralingue de 6mm ; produit \u00e0 l&#039;origine pour un 48 pieds Les photos suivront bient\u00f4t. &nbsp;\" \/>\n<meta property=\"og:url\" content=\"https:\/\/www.resail.org\/fr\/product\/new-63m2-furling-genoa\/\" \/>\n<meta property=\"og:site_name\" content=\"Resail\" \/>\n<meta property=\"article:modified_time\" content=\"2026-03-18T11:12:40+00:00\" \/>\n<meta property=\"og:image\" content=\"https:\/\/www.resail.org\/wp-content\/uploads\/2025\/08\/image0-rotated.jpeg\" \/>\n\t<meta property=\"og:image:width\" content=\"480\" \/>\n\t<meta property=\"og:image:height\" content=\"640\" \/>\n\t<meta property=\"og:image:type\" content=\"image\/jpeg\" \/>\n<meta name=\"twitter:card\" content=\"summary_large_image\" \/>\n<script type=\"application\/ld+json\" class=\"yoast-schema-graph\">{\"@context\":\"https:\/\/schema.org\",\"@graph\":[{\"@type\":\"WebPage\",\"@id\":\"https:\/\/www.resail.org\/fr\/product\/new-63m2-furling-genoa\/\",\"url\":\"https:\/\/www.resail.org\/fr\/product\/new-63m2-furling-genoa\/\",\"name\":\"NEW 63M2 Furling Genoa - Resail\",\"isPartOf\":{\"@id\":\"https:\/\/www.resail.org\/fr\/#website\"},\"primaryImageOfPage\":{\"@id\":\"https:\/\/www.resail.org\/fr\/product\/new-63m2-furling-genoa\/#primaryimage\"},\"image\":{\"@id\":\"https:\/\/www.resail.org\/fr\/product\/new-63m2-furling-genoa\/#primaryimage\"},\"thumbnailUrl\":\"https:\/\/www.resail.org\/wp-content\/uploads\/2025\/08\/image0-rotated.jpeg\",\"datePublished\":\"2025-08-20T17:37:54+00:00\",\"dateModified\":\"2026-03-18T11:12:40+00:00\",\"breadcrumb\":{\"@id\":\"https:\/\/www.resail.org\/fr\/product\/new-63m2-furling-genoa\/#breadcrumb\"},\"inLanguage\":\"fr-FR\",\"potentialAction\":[{\"@type\":\"ReadAction\",\"target\":[\"https:\/\/www.resail.org\/fr\/product\/new-63m2-furling-genoa\/\"]}]},{\"@type\":\"ImageObject\",\"inLanguage\":\"fr-FR\",\"@id\":\"https:\/\/www.resail.org\/fr\/product\/new-63m2-furling-genoa\/#primaryimage\",\"url\":\"https:\/\/www.resail.org\/wp-content\/uploads\/2025\/08\/image0-rotated.jpeg\",\"contentUrl\":\"https:\/\/www.resail.org\/wp-content\/uploads\/2025\/08\/image0-rotated.jpeg\",\"width\":480,\"height\":640},{\"@type\":\"BreadcrumbList\",\"@id\":\"https:\/\/www.resail.org\/fr\/product\/new-63m2-furling-genoa\/#breadcrumb\",\"itemListElement\":[{\"@type\":\"ListItem\",\"position\":1,\"name\":\"Home\",\"item\":\"https:\/\/www.resail.org\/fr\/accueil\/\"},{\"@type\":\"ListItem\",\"position\":2,\"name\":\"Boutique\",\"item\":\"https:\/\/www.resail.org\/fr\/boutique\/\"},{\"@type\":\"ListItem\",\"position\":3,\"name\":\"NEW 63M2 Furling Genoa\"}]},{\"@type\":\"WebSite\",\"@id\":\"https:\/\/www.resail.org\/fr\/#website\",\"url\":\"https:\/\/www.resail.org\/fr\/\",\"name\":\"Resail\",\"description\":\"\",\"publisher\":{\"@id\":\"https:\/\/www.resail.org\/fr\/#organization\"},\"potentialAction\":[{\"@type\":\"SearchAction\",\"target\":{\"@type\":\"EntryPoint\",\"urlTemplate\":\"https:\/\/www.resail.org\/fr\/?s={search_term_string}\"},\"query-input\":{\"@type\":\"PropertyValueSpecification\",\"valueRequired\":true,\"valueName\":\"search_term_string\"}}],\"inLanguage\":\"fr-FR\"},{\"@type\":\"Organization\",\"@id\":\"https:\/\/www.resail.org\/fr\/#organization\",\"name\":\"Resail (en anglais)\",\"url\":\"https:\/\/www.resail.org\/fr\/\",\"logo\":{\"@type\":\"ImageObject\",\"inLanguage\":\"fr-FR\",\"@id\":\"https:\/\/www.resail.org\/fr\/#\/schema\/logo\/image\/\",\"url\":\"https:\/\/www.resail.org\/wp-content\/uploads\/2024\/04\/cropped-Resail_logo_staand.png\",\"contentUrl\":\"https:\/\/www.resail.org\/wp-content\/uploads\/2024\/04\/cropped-Resail_logo_staand.png\",\"width\":512,\"height\":512,\"caption\":\"Resail (en anglais)\"},\"image\":{\"@id\":\"https:\/\/www.resail.org\/fr\/#\/schema\/logo\/image\/\"}}]}<\/script>\n<!-- \/ Yoast SEO plugin. -->","yoast_head_json":{"title":"NEW 63M2 Furling Genoa - Resail","robots":{"index":"index","follow":"follow","max-snippet":"max-snippet:-1","max-image-preview":"max-image-preview:large","max-video-preview":"max-video-preview:-1"},"canonical":"https:\/\/www.resail.org\/fr\/product\/new-63m2-furling-genoa\/","og_locale":"fr_FR","og_type":"article","og_title":"NEW 63M2 Furling Genoa - Resail","og_description":"G\u00e9nois \u00e0 enrouleur NEUF avec Sunbrella UV (Beige 6020) sur SB ; mousse pour enrouleur sur B\u00e2bord ; ralingue de 6mm ; produit \u00e0 l'origine pour un 48 pieds Les photos suivront bient\u00f4t. &nbsp;","og_url":"https:\/\/www.resail.org\/fr\/product\/new-63m2-furling-genoa\/","og_site_name":"Resail","article_modified_time":"2026-03-18T11:12:40+00:00","og_image":[{"width":480,"height":640,"url":"https:\/\/www.resail.org\/wp-content\/uploads\/2025\/08\/image0-rotated.jpeg","type":"image\/jpeg"}],"twitter_card":"summary_large_image","schema":{"@context":"https:\/\/schema.org","@graph":[{"@type":"WebPage","@id":"https:\/\/www.resail.org\/fr\/product\/new-63m2-furling-genoa\/","url":"https:\/\/www.resail.org\/fr\/product\/new-63m2-furling-genoa\/","name":"NEW 63M2 Furling Genoa - Resail","isPartOf":{"@id":"https:\/\/www.resail.org\/fr\/#website"},"primaryImageOfPage":{"@id":"https:\/\/www.resail.org\/fr\/product\/new-63m2-furling-genoa\/#primaryimage"},"image":{"@id":"https:\/\/www.resail.org\/fr\/product\/new-63m2-furling-genoa\/#primaryimage"},"thumbnailUrl":"https:\/\/www.resail.org\/wp-content\/uploads\/2025\/08\/image0-rotated.jpeg","datePublished":"2025-08-20T17:37:54+00:00","dateModified":"2026-03-18T11:12:40+00:00","breadcrumb":{"@id":"https:\/\/www.resail.org\/fr\/product\/new-63m2-furling-genoa\/#breadcrumb"},"inLanguage":"fr-FR","potentialAction":[{"@type":"ReadAction","target":["https:\/\/www.resail.org\/fr\/product\/new-63m2-furling-genoa\/"]}]},{"@type":"ImageObject","inLanguage":"fr-FR","@id":"https:\/\/www.resail.org\/fr\/product\/new-63m2-furling-genoa\/#primaryimage","url":"https:\/\/www.resail.org\/wp-content\/uploads\/2025\/08\/image0-rotated.jpeg","contentUrl":"https:\/\/www.resail.org\/wp-content\/uploads\/2025\/08\/image0-rotated.jpeg","width":480,"height":640},{"@type":"BreadcrumbList","@id":"https:\/\/www.resail.org\/fr\/product\/new-63m2-furling-genoa\/#breadcrumb","itemListElement":[{"@type":"ListItem","position":1,"name":"Home","item":"https:\/\/www.resail.org\/fr\/accueil\/"},{"@type":"ListItem","position":2,"name":"Boutique","item":"https:\/\/www.resail.org\/fr\/boutique\/"},{"@type":"ListItem","position":3,"name":"NEW 63M2 Furling Genoa"}]},{"@type":"WebSite","@id":"https:\/\/www.resail.org\/fr\/#website","url":"https:\/\/www.resail.org\/fr\/","name":"Resail","description":"","publisher":{"@id":"https:\/\/www.resail.org\/fr\/#organization"},"potentialAction":[{"@type":"SearchAction","target":{"@type":"EntryPoint","urlTemplate":"https:\/\/www.resail.org\/fr\/?s={search_term_string}"},"query-input":{"@type":"PropertyValueSpecification","valueRequired":true,"valueName":"search_term_string"}}],"inLanguage":"fr-FR"},{"@type":"Organization","@id":"https:\/\/www.resail.org\/fr\/#organization","name":"Resail (en anglais)","url":"https:\/\/www.resail.org\/fr\/","logo":{"@type":"ImageObject","inLanguage":"fr-FR","@id":"https:\/\/www.resail.org\/fr\/#\/schema\/logo\/image\/","url":"https:\/\/www.resail.org\/wp-content\/uploads\/2024\/04\/cropped-Resail_logo_staand.png","contentUrl":"https:\/\/www.resail.org\/wp-content\/uploads\/2024\/04\/cropped-Resail_logo_staand.png","width":512,"height":512,"caption":"Resail (en anglais)"},"image":{"@id":"https:\/\/www.resail.org\/fr\/#\/schema\/logo\/image\/"}}]}},"_links":{"self":[{"href":"https:\/\/www.resail.org\/fr\/wp-json\/wp\/v2\/product\/55424","targetHints":{"allow":["GET"]}}],"collection":[{"href":"https:\/\/www.resail.org\/fr\/wp-json\/wp\/v2\/product"}],"about":[{"href":"https:\/\/www.resail.org\/fr\/wp-json\/wp\/v2\/types\/product"}],"replies":[{"embeddable":true,"href":"https:\/\/www.resail.org\/fr\/wp-json\/wp\/v2\/comments?post=55424"}],"wp:featuredmedia":[{"embeddable":true,"href":"https:\/\/www.resail.org\/fr\/wp-json\/wp\/v2\/media\/54517"}],"wp:attachment":[{"href":"https:\/\/www.resail.org\/fr\/wp-json\/wp\/v2\/media?parent=55424"}],"wp:term":[{"taxonomy":"product_brand","embeddable":true,"href":"https:\/\/www.resail.org\/fr\/wp-json\/wp\/v2\/product_brand?post=55424"},{"taxonomy":"product_cat","embeddable":true,"href":"https:\/\/www.resail.org\/fr\/wp-json\/wp\/v2\/product_cat?post=55424"},{"taxonomy":"product_tag","embeddable":true,"href":"https:\/\/www.resail.org\/fr\/wp-json\/wp\/v2\/product_tag?post=55424"}],"curies":[{"name":"wp","href":"https:\/\/api.w.org\/{rel}","templated":true}]}}