{"id":55438,"date":"2025-08-28T17:55:57","date_gmt":"2025-08-28T15:55:57","guid":{"rendered":"https:\/\/www.resail.org\/product\/nouveau-spi-symetrique-utilise-une-fois\/"},"modified":"2025-08-28T17:55:57","modified_gmt":"2025-08-28T15:55:57","slug":"nouveau-spi-symetrique-utilise-une-fois","status":"publish","type":"product","link":"https:\/\/www.resail.org\/fr\/product\/nouveau-spi-symetrique-utilise-une-fois\/","title":{"rendered":"Nouveau spi sym\u00e9trique (utilis\u00e9 une fois !)"},"content":{"rendered":"<p>Contender Nylite blanc, 0.9 oz, design radial complet, bandes avec code couleur et sac de lancement.<\/p>\n<p class=\"p1\">SLU 14,20<\/p>\n<p class=\"p1\">SLE 14.20<\/p>\n<p class=\"p1\">SFL 7,80<\/p>\n<p class=\"p1\">SHW 8.00<\/p>\n<p>&nbsp;<\/p>\n<p>La voile est en parfait \u00e9tat. Elle a \u00e9t\u00e9 utilis\u00e9e une fois. Je la vends car je n&rsquo;arrive pas \u00e0 trouver un \u00e9quipage fiable qui soit \u00e0 l&rsquo;aise avec un spinnaker sym\u00e9trique, des tangons et toutes les lignes associ\u00e9es !  <\/p>\n","protected":false},"excerpt":{"rendered":"<p>Un spi sym\u00e9trique pratiquement neuf (utilis\u00e9 une fois !)<\/p>\n<p class=\"p1\">\n","protected":false},"featured_media":0,"comment_status":"open","ping_status":"closed","template":"","meta":{"_acf_changed":false},"product_brand":[],"product_cat":[2286,2226],"product_tag":[],"class_list":{"0":"post-55438","1":"product","2":"type-product","3":"status-publish","5":"product_cat-spinaker-fr","6":"product_cat-voile-descendante","7":"pa_producer-sanders-sails-uk","9":"first","10":"instock","11":"shipping-taxable","12":"purchasable","13":"product-type-simple"},"acf":[],"yoast_head":"<!-- This site is optimized with the Yoast SEO plugin v27.2 - https:\/\/yoast.com\/product\/yoast-seo-wordpress\/ -->\n<title>Nouveau spi sym\u00e9trique (utilis\u00e9 une fois !) - Resail<\/title>\n<meta name=\"robots\" content=\"index, follow, max-snippet:-1, max-image-preview:large, max-video-preview:-1\" \/>\n<link rel=\"canonical\" href=\"https:\/\/www.resail.org\/fr\/product\/nouveau-spi-symetrique-utilise-une-fois\/\" \/>\n<meta property=\"og:locale\" content=\"fr_FR\" \/>\n<meta property=\"og:type\" content=\"article\" \/>\n<meta property=\"og:title\" content=\"Nouveau spi sym\u00e9trique (utilis\u00e9 une fois !) - Resail\" \/>\n<meta property=\"og:description\" content=\"Un spi sym\u00e9trique pratiquement neuf (utilis\u00e9 une fois !)\" \/>\n<meta property=\"og:url\" content=\"https:\/\/www.resail.org\/fr\/product\/nouveau-spi-symetrique-utilise-une-fois\/\" \/>\n<meta property=\"og:site_name\" content=\"Resail\" \/>\n<meta name=\"twitter:card\" content=\"summary_large_image\" \/>\n<script type=\"application\/ld+json\" class=\"yoast-schema-graph\">{\"@context\":\"https:\/\/schema.org\",\"@graph\":[{\"@type\":\"WebPage\",\"@id\":\"https:\/\/www.resail.org\/fr\/product\/nouveau-spi-symetrique-utilise-une-fois\/\",\"url\":\"https:\/\/www.resail.org\/fr\/product\/nouveau-spi-symetrique-utilise-une-fois\/\",\"name\":\"Nouveau spi sym\u00e9trique (utilis\u00e9 une fois !) - Resail\",\"isPartOf\":{\"@id\":\"https:\/\/www.resail.org\/fr\/#website\"},\"datePublished\":\"2025-08-28T15:55:57+00:00\",\"breadcrumb\":{\"@id\":\"https:\/\/www.resail.org\/fr\/product\/nouveau-spi-symetrique-utilise-une-fois\/#breadcrumb\"},\"inLanguage\":\"fr-FR\",\"potentialAction\":[{\"@type\":\"ReadAction\",\"target\":[\"https:\/\/www.resail.org\/fr\/product\/nouveau-spi-symetrique-utilise-une-fois\/\"]}]},{\"@type\":\"BreadcrumbList\",\"@id\":\"https:\/\/www.resail.org\/fr\/product\/nouveau-spi-symetrique-utilise-une-fois\/#breadcrumb\",\"itemListElement\":[{\"@type\":\"ListItem\",\"position\":1,\"name\":\"Home\",\"item\":\"https:\/\/www.resail.org\/fr\/accueil\/\"},{\"@type\":\"ListItem\",\"position\":2,\"name\":\"Boutique\",\"item\":\"https:\/\/www.resail.org\/fr\/boutique\/\"},{\"@type\":\"ListItem\",\"position\":3,\"name\":\"Nouveau spi sym\u00e9trique (utilis\u00e9 une fois !)\"}]},{\"@type\":\"WebSite\",\"@id\":\"https:\/\/www.resail.org\/fr\/#website\",\"url\":\"https:\/\/www.resail.org\/fr\/\",\"name\":\"Resail\",\"description\":\"\",\"publisher\":{\"@id\":\"https:\/\/www.resail.org\/fr\/#organization\"},\"potentialAction\":[{\"@type\":\"SearchAction\",\"target\":{\"@type\":\"EntryPoint\",\"urlTemplate\":\"https:\/\/www.resail.org\/fr\/?s={search_term_string}\"},\"query-input\":{\"@type\":\"PropertyValueSpecification\",\"valueRequired\":true,\"valueName\":\"search_term_string\"}}],\"inLanguage\":\"fr-FR\"},{\"@type\":\"Organization\",\"@id\":\"https:\/\/www.resail.org\/fr\/#organization\",\"name\":\"Resail (en anglais)\",\"url\":\"https:\/\/www.resail.org\/fr\/\",\"logo\":{\"@type\":\"ImageObject\",\"inLanguage\":\"fr-FR\",\"@id\":\"https:\/\/www.resail.org\/fr\/#\/schema\/logo\/image\/\",\"url\":\"https:\/\/www.resail.org\/wp-content\/uploads\/2024\/04\/cropped-Resail_logo_staand.png\",\"contentUrl\":\"https:\/\/www.resail.org\/wp-content\/uploads\/2024\/04\/cropped-Resail_logo_staand.png\",\"width\":512,\"height\":512,\"caption\":\"Resail (en anglais)\"},\"image\":{\"@id\":\"https:\/\/www.resail.org\/fr\/#\/schema\/logo\/image\/\"}}]}<\/script>\n<!-- \/ Yoast SEO plugin. -->","yoast_head_json":{"title":"Nouveau spi sym\u00e9trique (utilis\u00e9 une fois !) - Resail","robots":{"index":"index","follow":"follow","max-snippet":"max-snippet:-1","max-image-preview":"max-image-preview:large","max-video-preview":"max-video-preview:-1"},"canonical":"https:\/\/www.resail.org\/fr\/product\/nouveau-spi-symetrique-utilise-une-fois\/","og_locale":"fr_FR","og_type":"article","og_title":"Nouveau spi sym\u00e9trique (utilis\u00e9 une fois !) - Resail","og_description":"Un spi sym\u00e9trique pratiquement neuf (utilis\u00e9 une fois !)","og_url":"https:\/\/www.resail.org\/fr\/product\/nouveau-spi-symetrique-utilise-une-fois\/","og_site_name":"Resail","twitter_card":"summary_large_image","schema":{"@context":"https:\/\/schema.org","@graph":[{"@type":"WebPage","@id":"https:\/\/www.resail.org\/fr\/product\/nouveau-spi-symetrique-utilise-une-fois\/","url":"https:\/\/www.resail.org\/fr\/product\/nouveau-spi-symetrique-utilise-une-fois\/","name":"Nouveau spi sym\u00e9trique (utilis\u00e9 une fois !) - Resail","isPartOf":{"@id":"https:\/\/www.resail.org\/fr\/#website"},"datePublished":"2025-08-28T15:55:57+00:00","breadcrumb":{"@id":"https:\/\/www.resail.org\/fr\/product\/nouveau-spi-symetrique-utilise-une-fois\/#breadcrumb"},"inLanguage":"fr-FR","potentialAction":[{"@type":"ReadAction","target":["https:\/\/www.resail.org\/fr\/product\/nouveau-spi-symetrique-utilise-une-fois\/"]}]},{"@type":"BreadcrumbList","@id":"https:\/\/www.resail.org\/fr\/product\/nouveau-spi-symetrique-utilise-une-fois\/#breadcrumb","itemListElement":[{"@type":"ListItem","position":1,"name":"Home","item":"https:\/\/www.resail.org\/fr\/accueil\/"},{"@type":"ListItem","position":2,"name":"Boutique","item":"https:\/\/www.resail.org\/fr\/boutique\/"},{"@type":"ListItem","position":3,"name":"Nouveau spi sym\u00e9trique (utilis\u00e9 une fois !)"}]},{"@type":"WebSite","@id":"https:\/\/www.resail.org\/fr\/#website","url":"https:\/\/www.resail.org\/fr\/","name":"Resail","description":"","publisher":{"@id":"https:\/\/www.resail.org\/fr\/#organization"},"potentialAction":[{"@type":"SearchAction","target":{"@type":"EntryPoint","urlTemplate":"https:\/\/www.resail.org\/fr\/?s={search_term_string}"},"query-input":{"@type":"PropertyValueSpecification","valueRequired":true,"valueName":"search_term_string"}}],"inLanguage":"fr-FR"},{"@type":"Organization","@id":"https:\/\/www.resail.org\/fr\/#organization","name":"Resail (en anglais)","url":"https:\/\/www.resail.org\/fr\/","logo":{"@type":"ImageObject","inLanguage":"fr-FR","@id":"https:\/\/www.resail.org\/fr\/#\/schema\/logo\/image\/","url":"https:\/\/www.resail.org\/wp-content\/uploads\/2024\/04\/cropped-Resail_logo_staand.png","contentUrl":"https:\/\/www.resail.org\/wp-content\/uploads\/2024\/04\/cropped-Resail_logo_staand.png","width":512,"height":512,"caption":"Resail (en anglais)"},"image":{"@id":"https:\/\/www.resail.org\/fr\/#\/schema\/logo\/image\/"}}]}},"_links":{"self":[{"href":"https:\/\/www.resail.org\/fr\/wp-json\/wp\/v2\/product\/55438","targetHints":{"allow":["GET"]}}],"collection":[{"href":"https:\/\/www.resail.org\/fr\/wp-json\/wp\/v2\/product"}],"about":[{"href":"https:\/\/www.resail.org\/fr\/wp-json\/wp\/v2\/types\/product"}],"replies":[{"embeddable":true,"href":"https:\/\/www.resail.org\/fr\/wp-json\/wp\/v2\/comments?post=55438"}],"wp:attachment":[{"href":"https:\/\/www.resail.org\/fr\/wp-json\/wp\/v2\/media?parent=55438"}],"wp:term":[{"taxonomy":"product_brand","embeddable":true,"href":"https:\/\/www.resail.org\/fr\/wp-json\/wp\/v2\/product_brand?post=55438"},{"taxonomy":"product_cat","embeddable":true,"href":"https:\/\/www.resail.org\/fr\/wp-json\/wp\/v2\/product_cat?post=55438"},{"taxonomy":"product_tag","embeddable":true,"href":"https:\/\/www.resail.org\/fr\/wp-json\/wp\/v2\/product_tag?post=55438"}],"curies":[{"name":"wp","href":"https:\/\/api.w.org\/{rel}","templated":true}]}}