  {"id":65410,"date":"2026-02-16T11:57:59","date_gmt":"2026-02-16T10:57:59","guid":{"rendered":"https:\/\/www.resail.org\/product\/207m2-fleche\/"},"modified":"2026-03-18T09:24:45","modified_gmt":"2026-03-18T08:24:45","slug":"207m2-fleche","status":"publish","type":"product","link":"https:\/\/www.resail.org\/fr\/product\/207m2-fleche\/","title":{"rendered":"20,7m2 Fl\u00e8che"},"content":{"rendered":"","protected":false},"excerpt":{"rendered":"<p>NEW 20.7m2 Jib, Film\/film, fils Technora et d\u00e9tails noirs. Aiguilles \u00e0 piston de 52mm. Pas d&rsquo;UV. Bandes de bordure. Mesure de course. Fen\u00eatre Telltale. A l&rsquo;origine pour un ScanCap 99 \/ Int\u00e9ress\u00e9 ? Whatsapp pour plus de d\u00e9tails : +31641072573<\/p>\n","protected":false},"featured_media":61856,"comment_status":"open","ping_status":"closed","template":"","meta":{"_acf_changed":false},"product_brand":[],"product_cat":[2157,2149],"product_tag":[],"class_list":{"0":"post-65410","1":"product","2":"type-product","3":"status-publish","4":"has-post-thumbnail","6":"product_cat-fleche","7":"product_cat-voile-davant","8":"pa_producer-elvstrom-sails","10":"first","11":"instock","12":"sale","13":"sold-individually","14":"shipping-taxable","15":"purchasable","16":"product-type-simple"},"acf":[],"yoast_head":"<!-- This site is optimized with the Yoast SEO plugin v27.2 - https:\/\/yoast.com\/product\/yoast-seo-wordpress\/ -->\n<title>20,7m2 Fl\u00e8che - Resail<\/title>\n<meta name=\"robots\" content=\"index, follow, max-snippet:-1, max-image-preview:large, max-video-preview:-1\" \/>\n<link rel=\"canonical\" href=\"https:\/\/www.resail.org\/fr\/product\/207m2-fleche\/\" \/>\n<meta property=\"og:locale\" content=\"fr_FR\" \/>\n<meta property=\"og:type\" content=\"article\" \/>\n<meta property=\"og:title\" content=\"20,7m2 Fl\u00e8che - Resail\" \/>\n<meta property=\"og:description\" content=\"NEW 20.7m2 Jib, Film\/film, fils Technora et d\u00e9tails noirs. Aiguilles \u00e0 piston de 52mm. Pas d&#039;UV. Bandes de bordure. Mesure de course. Fen\u00eatre Telltale. A l&#039;origine pour un ScanCap 99 \/ Int\u00e9ress\u00e9 ? Whatsapp pour plus de d\u00e9tails : +31641072573\" \/>\n<meta property=\"og:url\" content=\"https:\/\/www.resail.org\/fr\/product\/207m2-fleche\/\" \/>\n<meta property=\"og:site_name\" content=\"Resail\" \/>\n<meta property=\"article:modified_time\" content=\"2026-03-18T08:24:45+00:00\" \/>\n<meta property=\"og:image\" content=\"https:\/\/www.resail.org\/wp-content\/uploads\/2026\/02\/cropped-Screenshot-2026-02-16-at-12.00.53.png\" \/>\n\t<meta property=\"og:image:width\" content=\"625\" \/>\n\t<meta property=\"og:image:height\" content=\"409\" \/>\n\t<meta property=\"og:image:type\" content=\"image\/png\" \/>\n<meta name=\"twitter:card\" content=\"summary_large_image\" \/>\n<script type=\"application\/ld+json\" class=\"yoast-schema-graph\">{\"@context\":\"https:\/\/schema.org\",\"@graph\":[{\"@type\":\"WebPage\",\"@id\":\"https:\/\/www.resail.org\/fr\/product\/207m2-fleche\/\",\"url\":\"https:\/\/www.resail.org\/fr\/product\/207m2-fleche\/\",\"name\":\"20,7m2 Fl\u00e8che - Resail\",\"isPartOf\":{\"@id\":\"https:\/\/www.resail.org\/fr\/#website\"},\"primaryImageOfPage\":{\"@id\":\"https:\/\/www.resail.org\/fr\/product\/207m2-fleche\/#primaryimage\"},\"image\":{\"@id\":\"https:\/\/www.resail.org\/fr\/product\/207m2-fleche\/#primaryimage\"},\"thumbnailUrl\":\"https:\/\/www.resail.org\/wp-content\/uploads\/2026\/02\/cropped-Screenshot-2026-02-16-at-12.00.53.png\",\"datePublished\":\"2026-02-16T10:57:59+00:00\",\"dateModified\":\"2026-03-18T08:24:45+00:00\",\"breadcrumb\":{\"@id\":\"https:\/\/www.resail.org\/fr\/product\/207m2-fleche\/#breadcrumb\"},\"inLanguage\":\"fr-FR\",\"potentialAction\":[{\"@type\":\"ReadAction\",\"target\":[\"https:\/\/www.resail.org\/fr\/product\/207m2-fleche\/\"]}]},{\"@type\":\"ImageObject\",\"inLanguage\":\"fr-FR\",\"@id\":\"https:\/\/www.resail.org\/fr\/product\/207m2-fleche\/#primaryimage\",\"url\":\"https:\/\/www.resail.org\/wp-content\/uploads\/2026\/02\/cropped-Screenshot-2026-02-16-at-12.00.53.png\",\"contentUrl\":\"https:\/\/www.resail.org\/wp-content\/uploads\/2026\/02\/cropped-Screenshot-2026-02-16-at-12.00.53.png\",\"width\":625,\"height\":409},{\"@type\":\"BreadcrumbList\",\"@id\":\"https:\/\/www.resail.org\/fr\/product\/207m2-fleche\/#breadcrumb\",\"itemListElement\":[{\"@type\":\"ListItem\",\"position\":1,\"name\":\"Home\",\"item\":\"https:\/\/www.resail.org\/fr\/accueil\/\"},{\"@type\":\"ListItem\",\"position\":2,\"name\":\"Boutique\",\"item\":\"https:\/\/www.resail.org\/fr\/boutique\/\"},{\"@type\":\"ListItem\",\"position\":3,\"name\":\"20,7m2 Fl\u00e8che\"}]},{\"@type\":\"WebSite\",\"@id\":\"https:\/\/www.resail.org\/fr\/#website\",\"url\":\"https:\/\/www.resail.org\/fr\/\",\"name\":\"Resail\",\"description\":\"\",\"publisher\":{\"@id\":\"https:\/\/www.resail.org\/fr\/#organization\"},\"potentialAction\":[{\"@type\":\"SearchAction\",\"target\":{\"@type\":\"EntryPoint\",\"urlTemplate\":\"https:\/\/www.resail.org\/fr\/?s={search_term_string}\"},\"query-input\":{\"@type\":\"PropertyValueSpecification\",\"valueRequired\":true,\"valueName\":\"search_term_string\"}}],\"inLanguage\":\"fr-FR\"},{\"@type\":\"Organization\",\"@id\":\"https:\/\/www.resail.org\/fr\/#organization\",\"name\":\"Resail (en anglais)\",\"url\":\"https:\/\/www.resail.org\/fr\/\",\"logo\":{\"@type\":\"ImageObject\",\"inLanguage\":\"fr-FR\",\"@id\":\"https:\/\/www.resail.org\/fr\/#\/schema\/logo\/image\/\",\"url\":\"https:\/\/www.resail.org\/wp-content\/uploads\/2024\/04\/cropped-Resail_logo_staand.png\",\"contentUrl\":\"https:\/\/www.resail.org\/wp-content\/uploads\/2024\/04\/cropped-Resail_logo_staand.png\",\"width\":512,\"height\":512,\"caption\":\"Resail (en anglais)\"},\"image\":{\"@id\":\"https:\/\/www.resail.org\/fr\/#\/schema\/logo\/image\/\"}}]}<\/script>\n<!-- \/ Yoast SEO plugin. -->","yoast_head_json":{"title":"20,7m2 Fl\u00e8che - Resail","robots":{"index":"index","follow":"follow","max-snippet":"max-snippet:-1","max-image-preview":"max-image-preview:large","max-video-preview":"max-video-preview:-1"},"canonical":"https:\/\/www.resail.org\/fr\/product\/207m2-fleche\/","og_locale":"fr_FR","og_type":"article","og_title":"20,7m2 Fl\u00e8che - Resail","og_description":"NEW 20.7m2 Jib, Film\/film, fils Technora et d\u00e9tails noirs. Aiguilles \u00e0 piston de 52mm. Pas d'UV. Bandes de bordure. Mesure de course. Fen\u00eatre Telltale. A l'origine pour un ScanCap 99 \/ Int\u00e9ress\u00e9 ? Whatsapp pour plus de d\u00e9tails : +31641072573","og_url":"https:\/\/www.resail.org\/fr\/product\/207m2-fleche\/","og_site_name":"Resail","article_modified_time":"2026-03-18T08:24:45+00:00","og_image":[{"width":625,"height":409,"url":"https:\/\/www.resail.org\/wp-content\/uploads\/2026\/02\/cropped-Screenshot-2026-02-16-at-12.00.53.png","type":"image\/png"}],"twitter_card":"summary_large_image","schema":{"@context":"https:\/\/schema.org","@graph":[{"@type":"WebPage","@id":"https:\/\/www.resail.org\/fr\/product\/207m2-fleche\/","url":"https:\/\/www.resail.org\/fr\/product\/207m2-fleche\/","name":"20,7m2 Fl\u00e8che - Resail","isPartOf":{"@id":"https:\/\/www.resail.org\/fr\/#website"},"primaryImageOfPage":{"@id":"https:\/\/www.resail.org\/fr\/product\/207m2-fleche\/#primaryimage"},"image":{"@id":"https:\/\/www.resail.org\/fr\/product\/207m2-fleche\/#primaryimage"},"thumbnailUrl":"https:\/\/www.resail.org\/wp-content\/uploads\/2026\/02\/cropped-Screenshot-2026-02-16-at-12.00.53.png","datePublished":"2026-02-16T10:57:59+00:00","dateModified":"2026-03-18T08:24:45+00:00","breadcrumb":{"@id":"https:\/\/www.resail.org\/fr\/product\/207m2-fleche\/#breadcrumb"},"inLanguage":"fr-FR","potentialAction":[{"@type":"ReadAction","target":["https:\/\/www.resail.org\/fr\/product\/207m2-fleche\/"]}]},{"@type":"ImageObject","inLanguage":"fr-FR","@id":"https:\/\/www.resail.org\/fr\/product\/207m2-fleche\/#primaryimage","url":"https:\/\/www.resail.org\/wp-content\/uploads\/2026\/02\/cropped-Screenshot-2026-02-16-at-12.00.53.png","contentUrl":"https:\/\/www.resail.org\/wp-content\/uploads\/2026\/02\/cropped-Screenshot-2026-02-16-at-12.00.53.png","width":625,"height":409},{"@type":"BreadcrumbList","@id":"https:\/\/www.resail.org\/fr\/product\/207m2-fleche\/#breadcrumb","itemListElement":[{"@type":"ListItem","position":1,"name":"Home","item":"https:\/\/www.resail.org\/fr\/accueil\/"},{"@type":"ListItem","position":2,"name":"Boutique","item":"https:\/\/www.resail.org\/fr\/boutique\/"},{"@type":"ListItem","position":3,"name":"20,7m2 Fl\u00e8che"}]},{"@type":"WebSite","@id":"https:\/\/www.resail.org\/fr\/#website","url":"https:\/\/www.resail.org\/fr\/","name":"Resail","description":"","publisher":{"@id":"https:\/\/www.resail.org\/fr\/#organization"},"potentialAction":[{"@type":"SearchAction","target":{"@type":"EntryPoint","urlTemplate":"https:\/\/www.resail.org\/fr\/?s={search_term_string}"},"query-input":{"@type":"PropertyValueSpecification","valueRequired":true,"valueName":"search_term_string"}}],"inLanguage":"fr-FR"},{"@type":"Organization","@id":"https:\/\/www.resail.org\/fr\/#organization","name":"Resail (en anglais)","url":"https:\/\/www.resail.org\/fr\/","logo":{"@type":"ImageObject","inLanguage":"fr-FR","@id":"https:\/\/www.resail.org\/fr\/#\/schema\/logo\/image\/","url":"https:\/\/www.resail.org\/wp-content\/uploads\/2024\/04\/cropped-Resail_logo_staand.png","contentUrl":"https:\/\/www.resail.org\/wp-content\/uploads\/2024\/04\/cropped-Resail_logo_staand.png","width":512,"height":512,"caption":"Resail (en anglais)"},"image":{"@id":"https:\/\/www.resail.org\/fr\/#\/schema\/logo\/image\/"}}]}},"_links":{"self":[{"href":"https:\/\/www.resail.org\/fr\/wp-json\/wp\/v2\/product\/65410","targetHints":{"allow":["GET"]}}],"collection":[{"href":"https:\/\/www.resail.org\/fr\/wp-json\/wp\/v2\/product"}],"about":[{"href":"https:\/\/www.resail.org\/fr\/wp-json\/wp\/v2\/types\/product"}],"replies":[{"embeddable":true,"href":"https:\/\/www.resail.org\/fr\/wp-json\/wp\/v2\/comments?post=65410"}],"wp:featuredmedia":[{"embeddable":true,"href":"https:\/\/www.resail.org\/fr\/wp-json\/wp\/v2\/media\/61856"}],"wp:attachment":[{"href":"https:\/\/www.resail.org\/fr\/wp-json\/wp\/v2\/media?parent=65410"}],"wp:term":[{"taxonomy":"product_brand","embeddable":true,"href":"https:\/\/www.resail.org\/fr\/wp-json\/wp\/v2\/product_brand?post=65410"},{"taxonomy":"product_cat","embeddable":true,"href":"https:\/\/www.resail.org\/fr\/wp-json\/wp\/v2\/product_cat?post=65410"},{"taxonomy":"product_tag","embeddable":true,"href":"https:\/\/www.resail.org\/fr\/wp-json\/wp\/v2\/product_tag?post=65410"}],"curies":[{"name":"wp","href":"https:\/\/api.w.org\/{rel}","templated":true}]}}