{"id":65460,"date":"2026-03-07T15:56:32","date_gmt":"2026-03-07T14:56:32","guid":{"rendered":"https:\/\/www.resail.org\/product\/133m2-fleche-avec-echeveaux\/"},"modified":"2026-03-18T09:26:48","modified_gmt":"2026-03-18T08:26:48","slug":"133m2-fleche-avec-echeveaux","status":"publish","type":"product","link":"https:\/\/www.resail.org\/fr\/product\/133m2-fleche-avec-echeveaux\/","title":{"rendered":"13,3m2 Fl\u00e8che avec \u00e9cheveaux"},"content":{"rendered":"","protected":false},"excerpt":{"rendered":"<p>Foc neuf en Dacron avec \u00e9cheveaux et trimstripe ; \u00e0 l&rsquo;origine pour un Albin Vega<\/p>\n","protected":false},"featured_media":63839,"comment_status":"open","ping_status":"closed","template":"","meta":{"_acf_changed":false},"product_brand":[],"product_cat":[2157,2149],"product_tag":[],"class_list":{"0":"post-65460","1":"product","2":"type-product","3":"status-publish","4":"has-post-thumbnail","6":"product_cat-fleche","7":"product_cat-voile-davant","8":"pa_producer-keijzers","10":"first","11":"instock","12":"sold-individually","13":"shipping-taxable","14":"purchasable","15":"product-type-simple"},"acf":[],"yoast_head":"<!-- This site is optimized with the Yoast SEO plugin v27.2 - https:\/\/yoast.com\/product\/yoast-seo-wordpress\/ -->\n<title>13,3m2 Fl\u00e8che avec \u00e9cheveaux - Resail<\/title>\n<meta name=\"robots\" content=\"index, follow, max-snippet:-1, max-image-preview:large, max-video-preview:-1\" \/>\n<link rel=\"canonical\" href=\"https:\/\/www.resail.org\/fr\/product\/133m2-fleche-avec-echeveaux\/\" \/>\n<meta property=\"og:locale\" content=\"fr_FR\" \/>\n<meta property=\"og:type\" content=\"article\" \/>\n<meta property=\"og:title\" content=\"13,3m2 Fl\u00e8che avec \u00e9cheveaux - Resail\" \/>\n<meta property=\"og:description\" content=\"Foc neuf en Dacron avec \u00e9cheveaux et trimstripe ; \u00e0 l&#039;origine pour un Albin Vega\" \/>\n<meta property=\"og:url\" content=\"https:\/\/www.resail.org\/fr\/product\/133m2-fleche-avec-echeveaux\/\" \/>\n<meta property=\"og:site_name\" content=\"Resail\" \/>\n<meta property=\"article:modified_time\" content=\"2026-03-18T08:26:48+00:00\" \/>\n<meta property=\"og:image\" content=\"https:\/\/www.resail.org\/wp-content\/uploads\/2026\/03\/cropped-IMG_1296-rotated-1.jpg\" \/>\n\t<meta property=\"og:image:width\" content=\"479\" \/>\n\t<meta property=\"og:image:height\" content=\"640\" \/>\n\t<meta property=\"og:image:type\" content=\"image\/jpeg\" \/>\n<meta name=\"twitter:card\" content=\"summary_large_image\" \/>\n<script type=\"application\/ld+json\" class=\"yoast-schema-graph\">{\"@context\":\"https:\/\/schema.org\",\"@graph\":[{\"@type\":\"WebPage\",\"@id\":\"https:\/\/www.resail.org\/fr\/product\/133m2-fleche-avec-echeveaux\/\",\"url\":\"https:\/\/www.resail.org\/fr\/product\/133m2-fleche-avec-echeveaux\/\",\"name\":\"13,3m2 Fl\u00e8che avec \u00e9cheveaux - Resail\",\"isPartOf\":{\"@id\":\"https:\/\/www.resail.org\/fr\/#website\"},\"primaryImageOfPage\":{\"@id\":\"https:\/\/www.resail.org\/fr\/product\/133m2-fleche-avec-echeveaux\/#primaryimage\"},\"image\":{\"@id\":\"https:\/\/www.resail.org\/fr\/product\/133m2-fleche-avec-echeveaux\/#primaryimage\"},\"thumbnailUrl\":\"https:\/\/www.resail.org\/wp-content\/uploads\/2026\/03\/cropped-IMG_1296-rotated-1.jpg\",\"datePublished\":\"2026-03-07T14:56:32+00:00\",\"dateModified\":\"2026-03-18T08:26:48+00:00\",\"breadcrumb\":{\"@id\":\"https:\/\/www.resail.org\/fr\/product\/133m2-fleche-avec-echeveaux\/#breadcrumb\"},\"inLanguage\":\"fr-FR\",\"potentialAction\":[{\"@type\":\"ReadAction\",\"target\":[\"https:\/\/www.resail.org\/fr\/product\/133m2-fleche-avec-echeveaux\/\"]}]},{\"@type\":\"ImageObject\",\"inLanguage\":\"fr-FR\",\"@id\":\"https:\/\/www.resail.org\/fr\/product\/133m2-fleche-avec-echeveaux\/#primaryimage\",\"url\":\"https:\/\/www.resail.org\/wp-content\/uploads\/2026\/03\/cropped-IMG_1296-rotated-1.jpg\",\"contentUrl\":\"https:\/\/www.resail.org\/wp-content\/uploads\/2026\/03\/cropped-IMG_1296-rotated-1.jpg\",\"width\":479,\"height\":640},{\"@type\":\"BreadcrumbList\",\"@id\":\"https:\/\/www.resail.org\/fr\/product\/133m2-fleche-avec-echeveaux\/#breadcrumb\",\"itemListElement\":[{\"@type\":\"ListItem\",\"position\":1,\"name\":\"Home\",\"item\":\"https:\/\/www.resail.org\/fr\/accueil\/\"},{\"@type\":\"ListItem\",\"position\":2,\"name\":\"Boutique\",\"item\":\"https:\/\/www.resail.org\/fr\/boutique\/\"},{\"@type\":\"ListItem\",\"position\":3,\"name\":\"13,3m2 Fl\u00e8che avec \u00e9cheveaux\"}]},{\"@type\":\"WebSite\",\"@id\":\"https:\/\/www.resail.org\/fr\/#website\",\"url\":\"https:\/\/www.resail.org\/fr\/\",\"name\":\"Resail\",\"description\":\"\",\"publisher\":{\"@id\":\"https:\/\/www.resail.org\/fr\/#organization\"},\"potentialAction\":[{\"@type\":\"SearchAction\",\"target\":{\"@type\":\"EntryPoint\",\"urlTemplate\":\"https:\/\/www.resail.org\/fr\/?s={search_term_string}\"},\"query-input\":{\"@type\":\"PropertyValueSpecification\",\"valueRequired\":true,\"valueName\":\"search_term_string\"}}],\"inLanguage\":\"fr-FR\"},{\"@type\":\"Organization\",\"@id\":\"https:\/\/www.resail.org\/fr\/#organization\",\"name\":\"Resail (en anglais)\",\"url\":\"https:\/\/www.resail.org\/fr\/\",\"logo\":{\"@type\":\"ImageObject\",\"inLanguage\":\"fr-FR\",\"@id\":\"https:\/\/www.resail.org\/fr\/#\/schema\/logo\/image\/\",\"url\":\"https:\/\/www.resail.org\/wp-content\/uploads\/2024\/04\/cropped-Resail_logo_staand.png\",\"contentUrl\":\"https:\/\/www.resail.org\/wp-content\/uploads\/2024\/04\/cropped-Resail_logo_staand.png\",\"width\":512,\"height\":512,\"caption\":\"Resail (en anglais)\"},\"image\":{\"@id\":\"https:\/\/www.resail.org\/fr\/#\/schema\/logo\/image\/\"}}]}<\/script>\n<!-- \/ Yoast SEO plugin. -->","yoast_head_json":{"title":"13,3m2 Fl\u00e8che avec \u00e9cheveaux - Resail","robots":{"index":"index","follow":"follow","max-snippet":"max-snippet:-1","max-image-preview":"max-image-preview:large","max-video-preview":"max-video-preview:-1"},"canonical":"https:\/\/www.resail.org\/fr\/product\/133m2-fleche-avec-echeveaux\/","og_locale":"fr_FR","og_type":"article","og_title":"13,3m2 Fl\u00e8che avec \u00e9cheveaux - Resail","og_description":"Foc neuf en Dacron avec \u00e9cheveaux et trimstripe ; \u00e0 l'origine pour un Albin Vega","og_url":"https:\/\/www.resail.org\/fr\/product\/133m2-fleche-avec-echeveaux\/","og_site_name":"Resail","article_modified_time":"2026-03-18T08:26:48+00:00","og_image":[{"width":479,"height":640,"url":"https:\/\/www.resail.org\/wp-content\/uploads\/2026\/03\/cropped-IMG_1296-rotated-1.jpg","type":"image\/jpeg"}],"twitter_card":"summary_large_image","schema":{"@context":"https:\/\/schema.org","@graph":[{"@type":"WebPage","@id":"https:\/\/www.resail.org\/fr\/product\/133m2-fleche-avec-echeveaux\/","url":"https:\/\/www.resail.org\/fr\/product\/133m2-fleche-avec-echeveaux\/","name":"13,3m2 Fl\u00e8che avec \u00e9cheveaux - Resail","isPartOf":{"@id":"https:\/\/www.resail.org\/fr\/#website"},"primaryImageOfPage":{"@id":"https:\/\/www.resail.org\/fr\/product\/133m2-fleche-avec-echeveaux\/#primaryimage"},"image":{"@id":"https:\/\/www.resail.org\/fr\/product\/133m2-fleche-avec-echeveaux\/#primaryimage"},"thumbnailUrl":"https:\/\/www.resail.org\/wp-content\/uploads\/2026\/03\/cropped-IMG_1296-rotated-1.jpg","datePublished":"2026-03-07T14:56:32+00:00","dateModified":"2026-03-18T08:26:48+00:00","breadcrumb":{"@id":"https:\/\/www.resail.org\/fr\/product\/133m2-fleche-avec-echeveaux\/#breadcrumb"},"inLanguage":"fr-FR","potentialAction":[{"@type":"ReadAction","target":["https:\/\/www.resail.org\/fr\/product\/133m2-fleche-avec-echeveaux\/"]}]},{"@type":"ImageObject","inLanguage":"fr-FR","@id":"https:\/\/www.resail.org\/fr\/product\/133m2-fleche-avec-echeveaux\/#primaryimage","url":"https:\/\/www.resail.org\/wp-content\/uploads\/2026\/03\/cropped-IMG_1296-rotated-1.jpg","contentUrl":"https:\/\/www.resail.org\/wp-content\/uploads\/2026\/03\/cropped-IMG_1296-rotated-1.jpg","width":479,"height":640},{"@type":"BreadcrumbList","@id":"https:\/\/www.resail.org\/fr\/product\/133m2-fleche-avec-echeveaux\/#breadcrumb","itemListElement":[{"@type":"ListItem","position":1,"name":"Home","item":"https:\/\/www.resail.org\/fr\/accueil\/"},{"@type":"ListItem","position":2,"name":"Boutique","item":"https:\/\/www.resail.org\/fr\/boutique\/"},{"@type":"ListItem","position":3,"name":"13,3m2 Fl\u00e8che avec \u00e9cheveaux"}]},{"@type":"WebSite","@id":"https:\/\/www.resail.org\/fr\/#website","url":"https:\/\/www.resail.org\/fr\/","name":"Resail","description":"","publisher":{"@id":"https:\/\/www.resail.org\/fr\/#organization"},"potentialAction":[{"@type":"SearchAction","target":{"@type":"EntryPoint","urlTemplate":"https:\/\/www.resail.org\/fr\/?s={search_term_string}"},"query-input":{"@type":"PropertyValueSpecification","valueRequired":true,"valueName":"search_term_string"}}],"inLanguage":"fr-FR"},{"@type":"Organization","@id":"https:\/\/www.resail.org\/fr\/#organization","name":"Resail (en anglais)","url":"https:\/\/www.resail.org\/fr\/","logo":{"@type":"ImageObject","inLanguage":"fr-FR","@id":"https:\/\/www.resail.org\/fr\/#\/schema\/logo\/image\/","url":"https:\/\/www.resail.org\/wp-content\/uploads\/2024\/04\/cropped-Resail_logo_staand.png","contentUrl":"https:\/\/www.resail.org\/wp-content\/uploads\/2024\/04\/cropped-Resail_logo_staand.png","width":512,"height":512,"caption":"Resail (en anglais)"},"image":{"@id":"https:\/\/www.resail.org\/fr\/#\/schema\/logo\/image\/"}}]}},"_links":{"self":[{"href":"https:\/\/www.resail.org\/fr\/wp-json\/wp\/v2\/product\/65460","targetHints":{"allow":["GET"]}}],"collection":[{"href":"https:\/\/www.resail.org\/fr\/wp-json\/wp\/v2\/product"}],"about":[{"href":"https:\/\/www.resail.org\/fr\/wp-json\/wp\/v2\/types\/product"}],"replies":[{"embeddable":true,"href":"https:\/\/www.resail.org\/fr\/wp-json\/wp\/v2\/comments?post=65460"}],"wp:featuredmedia":[{"embeddable":true,"href":"https:\/\/www.resail.org\/fr\/wp-json\/wp\/v2\/media\/63839"}],"wp:attachment":[{"href":"https:\/\/www.resail.org\/fr\/wp-json\/wp\/v2\/media?parent=65460"}],"wp:term":[{"taxonomy":"product_brand","embeddable":true,"href":"https:\/\/www.resail.org\/fr\/wp-json\/wp\/v2\/product_brand?post=65460"},{"taxonomy":"product_cat","embeddable":true,"href":"https:\/\/www.resail.org\/fr\/wp-json\/wp\/v2\/product_cat?post=65460"},{"taxonomy":"product_tag","embeddable":true,"href":"https:\/\/www.resail.org\/fr\/wp-json\/wp\/v2\/product_tag?post=65460"}],"curies":[{"name":"wp","href":"https:\/\/api.w.org\/{rel}","templated":true}]}}