{"id":65764,"date":"2026-02-06T21:05:58","date_gmt":"2026-02-06T20:05:58","guid":{"rendered":"https:\/\/www.resail.org\/product\/633m2-code-zero\/"},"modified":"2026-02-06T21:05:58","modified_gmt":"2026-02-06T20:05:58","slug":"633m2-code-zero","status":"publish","type":"product","link":"https:\/\/www.resail.org\/fr\/product\/633m2-code-zero\/","title":{"rendered":"63,3m2 Code Z\u00e9ro"},"content":{"rendered":"","protected":false},"excerpt":{"rendered":"<p>Code-O neuf ; utilis\u00e9 une seule fois ; Trioptimal ; Code Tech 135 ; White UV ; \u00e0 l&rsquo;origine pour un Bali Catspace ;<\/p>\n","protected":false},"featured_media":61160,"comment_status":"open","ping_status":"closed","template":"","meta":{"_acf_changed":false},"product_brand":[],"product_cat":[2567,2226],"product_tag":[],"class_list":{"0":"post-65764","1":"product","2":"type-product","3":"status-publish","4":"has-post-thumbnail","6":"product_cat-code-o","7":"product_cat-voile-descendante","8":"pa_producer-elvstrom-sails","10":"first","11":"instock","12":"sale","13":"sold-individually","14":"shipping-taxable","15":"purchasable","16":"product-type-simple"},"acf":[],"yoast_head":"<!-- This site is optimized with the Yoast SEO plugin v27.2 - https:\/\/yoast.com\/product\/yoast-seo-wordpress\/ -->\n<title>63,3m2 Code Z\u00e9ro - Resail<\/title>\n<meta name=\"robots\" content=\"index, follow, max-snippet:-1, max-image-preview:large, max-video-preview:-1\" \/>\n<link rel=\"canonical\" href=\"https:\/\/www.resail.org\/fr\/product\/633m2-code-zero\/\" \/>\n<meta property=\"og:locale\" content=\"fr_FR\" \/>\n<meta property=\"og:type\" content=\"article\" \/>\n<meta property=\"og:title\" content=\"63,3m2 Code Z\u00e9ro - Resail\" \/>\n<meta property=\"og:description\" content=\"Code-O neuf ; utilis\u00e9 une seule fois ; Trioptimal ; Code Tech 135 ; White UV ; \u00e0 l&#039;origine pour un Bali Catspace ;\" \/>\n<meta property=\"og:url\" content=\"https:\/\/www.resail.org\/fr\/product\/633m2-code-zero\/\" \/>\n<meta property=\"og:site_name\" content=\"Resail\" \/>\n<meta property=\"og:image\" content=\"https:\/\/www.resail.org\/wp-content\/uploads\/2026\/02\/cropped-Michael-Bojang-Code-Zero.jpeg\" \/>\n\t<meta property=\"og:image:width\" content=\"625\" \/>\n\t<meta property=\"og:image:height\" content=\"351\" \/>\n\t<meta property=\"og:image:type\" content=\"image\/jpeg\" \/>\n<meta name=\"twitter:card\" content=\"summary_large_image\" \/>\n<script type=\"application\/ld+json\" class=\"yoast-schema-graph\">{\"@context\":\"https:\/\/schema.org\",\"@graph\":[{\"@type\":\"WebPage\",\"@id\":\"https:\/\/www.resail.org\/fr\/product\/633m2-code-zero\/\",\"url\":\"https:\/\/www.resail.org\/fr\/product\/633m2-code-zero\/\",\"name\":\"63,3m2 Code Z\u00e9ro - Resail\",\"isPartOf\":{\"@id\":\"https:\/\/www.resail.org\/fr\/#website\"},\"primaryImageOfPage\":{\"@id\":\"https:\/\/www.resail.org\/fr\/product\/633m2-code-zero\/#primaryimage\"},\"image\":{\"@id\":\"https:\/\/www.resail.org\/fr\/product\/633m2-code-zero\/#primaryimage\"},\"thumbnailUrl\":\"https:\/\/www.resail.org\/wp-content\/uploads\/2026\/02\/cropped-Michael-Bojang-Code-Zero.jpeg\",\"datePublished\":\"2026-02-06T20:05:58+00:00\",\"breadcrumb\":{\"@id\":\"https:\/\/www.resail.org\/fr\/product\/633m2-code-zero\/#breadcrumb\"},\"inLanguage\":\"fr-FR\",\"potentialAction\":[{\"@type\":\"ReadAction\",\"target\":[\"https:\/\/www.resail.org\/fr\/product\/633m2-code-zero\/\"]}]},{\"@type\":\"ImageObject\",\"inLanguage\":\"fr-FR\",\"@id\":\"https:\/\/www.resail.org\/fr\/product\/633m2-code-zero\/#primaryimage\",\"url\":\"https:\/\/www.resail.org\/wp-content\/uploads\/2026\/02\/cropped-Michael-Bojang-Code-Zero.jpeg\",\"contentUrl\":\"https:\/\/www.resail.org\/wp-content\/uploads\/2026\/02\/cropped-Michael-Bojang-Code-Zero.jpeg\",\"width\":625,\"height\":351},{\"@type\":\"BreadcrumbList\",\"@id\":\"https:\/\/www.resail.org\/fr\/product\/633m2-code-zero\/#breadcrumb\",\"itemListElement\":[{\"@type\":\"ListItem\",\"position\":1,\"name\":\"Home\",\"item\":\"https:\/\/www.resail.org\/fr\/accueil\/\"},{\"@type\":\"ListItem\",\"position\":2,\"name\":\"Boutique\",\"item\":\"https:\/\/www.resail.org\/fr\/boutique\/\"},{\"@type\":\"ListItem\",\"position\":3,\"name\":\"63,3m2 Code Z\u00e9ro\"}]},{\"@type\":\"WebSite\",\"@id\":\"https:\/\/www.resail.org\/fr\/#website\",\"url\":\"https:\/\/www.resail.org\/fr\/\",\"name\":\"Resail\",\"description\":\"\",\"publisher\":{\"@id\":\"https:\/\/www.resail.org\/fr\/#organization\"},\"potentialAction\":[{\"@type\":\"SearchAction\",\"target\":{\"@type\":\"EntryPoint\",\"urlTemplate\":\"https:\/\/www.resail.org\/fr\/?s={search_term_string}\"},\"query-input\":{\"@type\":\"PropertyValueSpecification\",\"valueRequired\":true,\"valueName\":\"search_term_string\"}}],\"inLanguage\":\"fr-FR\"},{\"@type\":\"Organization\",\"@id\":\"https:\/\/www.resail.org\/fr\/#organization\",\"name\":\"Resail (en anglais)\",\"url\":\"https:\/\/www.resail.org\/fr\/\",\"logo\":{\"@type\":\"ImageObject\",\"inLanguage\":\"fr-FR\",\"@id\":\"https:\/\/www.resail.org\/fr\/#\/schema\/logo\/image\/\",\"url\":\"https:\/\/www.resail.org\/wp-content\/uploads\/2024\/04\/cropped-Resail_logo_staand.png\",\"contentUrl\":\"https:\/\/www.resail.org\/wp-content\/uploads\/2024\/04\/cropped-Resail_logo_staand.png\",\"width\":512,\"height\":512,\"caption\":\"Resail (en anglais)\"},\"image\":{\"@id\":\"https:\/\/www.resail.org\/fr\/#\/schema\/logo\/image\/\"}}]}<\/script>\n<!-- \/ Yoast SEO plugin. -->","yoast_head_json":{"title":"63,3m2 Code Z\u00e9ro - Resail","robots":{"index":"index","follow":"follow","max-snippet":"max-snippet:-1","max-image-preview":"max-image-preview:large","max-video-preview":"max-video-preview:-1"},"canonical":"https:\/\/www.resail.org\/fr\/product\/633m2-code-zero\/","og_locale":"fr_FR","og_type":"article","og_title":"63,3m2 Code Z\u00e9ro - Resail","og_description":"Code-O neuf ; utilis\u00e9 une seule fois ; Trioptimal ; Code Tech 135 ; White UV ; \u00e0 l'origine pour un Bali Catspace ;","og_url":"https:\/\/www.resail.org\/fr\/product\/633m2-code-zero\/","og_site_name":"Resail","og_image":[{"width":625,"height":351,"url":"https:\/\/www.resail.org\/wp-content\/uploads\/2026\/02\/cropped-Michael-Bojang-Code-Zero.jpeg","type":"image\/jpeg"}],"twitter_card":"summary_large_image","schema":{"@context":"https:\/\/schema.org","@graph":[{"@type":"WebPage","@id":"https:\/\/www.resail.org\/fr\/product\/633m2-code-zero\/","url":"https:\/\/www.resail.org\/fr\/product\/633m2-code-zero\/","name":"63,3m2 Code Z\u00e9ro - Resail","isPartOf":{"@id":"https:\/\/www.resail.org\/fr\/#website"},"primaryImageOfPage":{"@id":"https:\/\/www.resail.org\/fr\/product\/633m2-code-zero\/#primaryimage"},"image":{"@id":"https:\/\/www.resail.org\/fr\/product\/633m2-code-zero\/#primaryimage"},"thumbnailUrl":"https:\/\/www.resail.org\/wp-content\/uploads\/2026\/02\/cropped-Michael-Bojang-Code-Zero.jpeg","datePublished":"2026-02-06T20:05:58+00:00","breadcrumb":{"@id":"https:\/\/www.resail.org\/fr\/product\/633m2-code-zero\/#breadcrumb"},"inLanguage":"fr-FR","potentialAction":[{"@type":"ReadAction","target":["https:\/\/www.resail.org\/fr\/product\/633m2-code-zero\/"]}]},{"@type":"ImageObject","inLanguage":"fr-FR","@id":"https:\/\/www.resail.org\/fr\/product\/633m2-code-zero\/#primaryimage","url":"https:\/\/www.resail.org\/wp-content\/uploads\/2026\/02\/cropped-Michael-Bojang-Code-Zero.jpeg","contentUrl":"https:\/\/www.resail.org\/wp-content\/uploads\/2026\/02\/cropped-Michael-Bojang-Code-Zero.jpeg","width":625,"height":351},{"@type":"BreadcrumbList","@id":"https:\/\/www.resail.org\/fr\/product\/633m2-code-zero\/#breadcrumb","itemListElement":[{"@type":"ListItem","position":1,"name":"Home","item":"https:\/\/www.resail.org\/fr\/accueil\/"},{"@type":"ListItem","position":2,"name":"Boutique","item":"https:\/\/www.resail.org\/fr\/boutique\/"},{"@type":"ListItem","position":3,"name":"63,3m2 Code Z\u00e9ro"}]},{"@type":"WebSite","@id":"https:\/\/www.resail.org\/fr\/#website","url":"https:\/\/www.resail.org\/fr\/","name":"Resail","description":"","publisher":{"@id":"https:\/\/www.resail.org\/fr\/#organization"},"potentialAction":[{"@type":"SearchAction","target":{"@type":"EntryPoint","urlTemplate":"https:\/\/www.resail.org\/fr\/?s={search_term_string}"},"query-input":{"@type":"PropertyValueSpecification","valueRequired":true,"valueName":"search_term_string"}}],"inLanguage":"fr-FR"},{"@type":"Organization","@id":"https:\/\/www.resail.org\/fr\/#organization","name":"Resail (en anglais)","url":"https:\/\/www.resail.org\/fr\/","logo":{"@type":"ImageObject","inLanguage":"fr-FR","@id":"https:\/\/www.resail.org\/fr\/#\/schema\/logo\/image\/","url":"https:\/\/www.resail.org\/wp-content\/uploads\/2024\/04\/cropped-Resail_logo_staand.png","contentUrl":"https:\/\/www.resail.org\/wp-content\/uploads\/2024\/04\/cropped-Resail_logo_staand.png","width":512,"height":512,"caption":"Resail (en anglais)"},"image":{"@id":"https:\/\/www.resail.org\/fr\/#\/schema\/logo\/image\/"}}]}},"_links":{"self":[{"href":"https:\/\/www.resail.org\/fr\/wp-json\/wp\/v2\/product\/65764","targetHints":{"allow":["GET"]}}],"collection":[{"href":"https:\/\/www.resail.org\/fr\/wp-json\/wp\/v2\/product"}],"about":[{"href":"https:\/\/www.resail.org\/fr\/wp-json\/wp\/v2\/types\/product"}],"replies":[{"embeddable":true,"href":"https:\/\/www.resail.org\/fr\/wp-json\/wp\/v2\/comments?post=65764"}],"wp:featuredmedia":[{"embeddable":true,"href":"https:\/\/www.resail.org\/fr\/wp-json\/wp\/v2\/media\/61160"}],"wp:attachment":[{"href":"https:\/\/www.resail.org\/fr\/wp-json\/wp\/v2\/media?parent=65764"}],"wp:term":[{"taxonomy":"product_brand","embeddable":true,"href":"https:\/\/www.resail.org\/fr\/wp-json\/wp\/v2\/product_brand?post=65764"},{"taxonomy":"product_cat","embeddable":true,"href":"https:\/\/www.resail.org\/fr\/wp-json\/wp\/v2\/product_cat?post=65764"},{"taxonomy":"product_tag","embeddable":true,"href":"https:\/\/www.resail.org\/fr\/wp-json\/wp\/v2\/product_tag?post=65764"}],"curies":[{"name":"wp","href":"https:\/\/api.w.org\/{rel}","templated":true}]}}