{"id":65875,"date":"2025-10-25T10:02:35","date_gmt":"2025-10-25T08:02:35","guid":{"rendered":"https:\/\/www.resail.org\/product\/10-5m2-enrouleur-de-mat-principal\/"},"modified":"2025-10-25T10:02:35","modified_gmt":"2025-10-25T08:02:35","slug":"10-5m2-enrouleur-de-mat-principal","status":"publish","type":"product","link":"https:\/\/www.resail.org\/fr\/product\/10-5m2-enrouleur-de-mat-principal\/","title":{"rendered":"10.5m2 Enrouleur de m\u00e2t principal"},"content":{"rendered":"","protected":false},"excerpt":{"rendered":"<p>Enrouleur de m\u00e2t Principal en Dacron coup\u00e9 en C avec bande de 4mm ; \u00e0 l&rsquo;origine pour un First 29 ; pas de lattes.<\/p>\n","protected":false},"featured_media":57012,"comment_status":"open","ping_status":"closed","template":"","meta":{"_acf_changed":false},"product_brand":[],"product_cat":[2178,2186],"product_tag":[],"class_list":{"0":"post-65875","1":"product","2":"type-product","3":"status-publish","4":"has-post-thumbnail","6":"product_cat-grand-voile","7":"product_cat-grand-voile-a-enrouleur","8":"pa_producer-elvstrom-sails","10":"first","11":"instock","12":"sold-individually","13":"shipping-taxable","14":"purchasable","15":"product-type-simple"},"acf":[],"yoast_head":"<!-- This site is optimized with the Yoast SEO plugin v27.5 - https:\/\/yoast.com\/product\/yoast-seo-wordpress\/ -->\n<title>10.5m2 Enrouleur de m\u00e2t principal - Resail<\/title>\n<meta name=\"robots\" content=\"index, follow, max-snippet:-1, max-image-preview:large, max-video-preview:-1\" \/>\n<link rel=\"canonical\" href=\"https:\/\/www.resail.org\/fr\/product\/10-5m2-enrouleur-de-mat-principal\/\" \/>\n<meta property=\"og:locale\" content=\"fr_FR\" \/>\n<meta property=\"og:type\" content=\"article\" \/>\n<meta property=\"og:title\" content=\"10.5m2 Enrouleur de m\u00e2t principal - Resail\" \/>\n<meta property=\"og:description\" content=\"Enrouleur de m\u00e2t Principal en Dacron coup\u00e9 en C avec bande de 4mm ; \u00e0 l&#039;origine pour un First 29 ; pas de lattes.\" \/>\n<meta property=\"og:url\" content=\"https:\/\/www.resail.org\/fr\/product\/10-5m2-enrouleur-de-mat-principal\/\" \/>\n<meta property=\"og:site_name\" content=\"Resail\" \/>\n<meta name=\"twitter:card\" content=\"summary_large_image\" \/>\n<script type=\"application\/ld+json\" class=\"yoast-schema-graph\">{\"@context\":\"https:\\\/\\\/schema.org\",\"@graph\":[{\"@type\":\"WebPage\",\"@id\":\"https:\\\/\\\/www.resail.org\\\/fr\\\/product\\\/10-5m2-enrouleur-de-mat-principal\\\/\",\"url\":\"https:\\\/\\\/www.resail.org\\\/fr\\\/product\\\/10-5m2-enrouleur-de-mat-principal\\\/\",\"name\":\"10.5m2 Enrouleur de m\u00e2t principal - Resail\",\"isPartOf\":{\"@id\":\"https:\\\/\\\/www.resail.org\\\/fr\\\/#website\"},\"primaryImageOfPage\":{\"@id\":\"https:\\\/\\\/www.resail.org\\\/fr\\\/product\\\/10-5m2-enrouleur-de-mat-principal\\\/#primaryimage\"},\"image\":{\"@id\":\"https:\\\/\\\/www.resail.org\\\/fr\\\/product\\\/10-5m2-enrouleur-de-mat-principal\\\/#primaryimage\"},\"thumbnailUrl\":\"https:\\\/\\\/www.resail.org\\\/wp-content\\\/uploads\\\/2025\\\/10\\\/Furling-Main.tiff\",\"datePublished\":\"2025-10-25T08:02:35+00:00\",\"breadcrumb\":{\"@id\":\"https:\\\/\\\/www.resail.org\\\/fr\\\/product\\\/10-5m2-enrouleur-de-mat-principal\\\/#breadcrumb\"},\"inLanguage\":\"fr-FR\",\"potentialAction\":[{\"@type\":\"ReadAction\",\"target\":[\"https:\\\/\\\/www.resail.org\\\/fr\\\/product\\\/10-5m2-enrouleur-de-mat-principal\\\/\"]}]},{\"@type\":\"ImageObject\",\"inLanguage\":\"fr-FR\",\"@id\":\"https:\\\/\\\/www.resail.org\\\/fr\\\/product\\\/10-5m2-enrouleur-de-mat-principal\\\/#primaryimage\",\"url\":\"https:\\\/\\\/www.resail.org\\\/wp-content\\\/uploads\\\/2025\\\/10\\\/Furling-Main.tiff\",\"contentUrl\":\"https:\\\/\\\/www.resail.org\\\/wp-content\\\/uploads\\\/2025\\\/10\\\/Furling-Main.tiff\"},{\"@type\":\"BreadcrumbList\",\"@id\":\"https:\\\/\\\/www.resail.org\\\/fr\\\/product\\\/10-5m2-enrouleur-de-mat-principal\\\/#breadcrumb\",\"itemListElement\":[{\"@type\":\"ListItem\",\"position\":1,\"name\":\"Home\",\"item\":\"https:\\\/\\\/www.resail.org\\\/fr\\\/accueil\\\/\"},{\"@type\":\"ListItem\",\"position\":2,\"name\":\"Boutique\",\"item\":\"https:\\\/\\\/www.resail.org\\\/fr\\\/boutique\\\/\"},{\"@type\":\"ListItem\",\"position\":3,\"name\":\"10.5m2 Enrouleur de m\u00e2t principal\"}]},{\"@type\":\"WebSite\",\"@id\":\"https:\\\/\\\/www.resail.org\\\/fr\\\/#website\",\"url\":\"https:\\\/\\\/www.resail.org\\\/fr\\\/\",\"name\":\"Resail\",\"description\":\"\",\"publisher\":{\"@id\":\"https:\\\/\\\/www.resail.org\\\/fr\\\/#organization\"},\"potentialAction\":[{\"@type\":\"SearchAction\",\"target\":{\"@type\":\"EntryPoint\",\"urlTemplate\":\"https:\\\/\\\/www.resail.org\\\/fr\\\/?s={search_term_string}\"},\"query-input\":{\"@type\":\"PropertyValueSpecification\",\"valueRequired\":true,\"valueName\":\"search_term_string\"}}],\"inLanguage\":\"fr-FR\"},{\"@type\":\"Organization\",\"@id\":\"https:\\\/\\\/www.resail.org\\\/fr\\\/#organization\",\"name\":\"Resail (en anglais)\",\"url\":\"https:\\\/\\\/www.resail.org\\\/fr\\\/\",\"logo\":{\"@type\":\"ImageObject\",\"inLanguage\":\"fr-FR\",\"@id\":\"https:\\\/\\\/www.resail.org\\\/fr\\\/#\\\/schema\\\/logo\\\/image\\\/\",\"url\":\"https:\\\/\\\/www.resail.org\\\/wp-content\\\/uploads\\\/2024\\\/04\\\/cropped-Resail_logo_staand.png\",\"contentUrl\":\"https:\\\/\\\/www.resail.org\\\/wp-content\\\/uploads\\\/2024\\\/04\\\/cropped-Resail_logo_staand.png\",\"width\":512,\"height\":512,\"caption\":\"Resail (en anglais)\"},\"image\":{\"@id\":\"https:\\\/\\\/www.resail.org\\\/fr\\\/#\\\/schema\\\/logo\\\/image\\\/\"}}]}<\/script>\n<!-- \/ Yoast SEO plugin. -->","yoast_head_json":{"title":"10.5m2 Enrouleur de m\u00e2t principal - Resail","robots":{"index":"index","follow":"follow","max-snippet":"max-snippet:-1","max-image-preview":"max-image-preview:large","max-video-preview":"max-video-preview:-1"},"canonical":"https:\/\/www.resail.org\/fr\/product\/10-5m2-enrouleur-de-mat-principal\/","og_locale":"fr_FR","og_type":"article","og_title":"10.5m2 Enrouleur de m\u00e2t principal - Resail","og_description":"Enrouleur de m\u00e2t Principal en Dacron coup\u00e9 en C avec bande de 4mm ; \u00e0 l'origine pour un First 29 ; pas de lattes.","og_url":"https:\/\/www.resail.org\/fr\/product\/10-5m2-enrouleur-de-mat-principal\/","og_site_name":"Resail","twitter_card":"summary_large_image","schema":{"@context":"https:\/\/schema.org","@graph":[{"@type":"WebPage","@id":"https:\/\/www.resail.org\/fr\/product\/10-5m2-enrouleur-de-mat-principal\/","url":"https:\/\/www.resail.org\/fr\/product\/10-5m2-enrouleur-de-mat-principal\/","name":"10.5m2 Enrouleur de m\u00e2t principal - Resail","isPartOf":{"@id":"https:\/\/www.resail.org\/fr\/#website"},"primaryImageOfPage":{"@id":"https:\/\/www.resail.org\/fr\/product\/10-5m2-enrouleur-de-mat-principal\/#primaryimage"},"image":{"@id":"https:\/\/www.resail.org\/fr\/product\/10-5m2-enrouleur-de-mat-principal\/#primaryimage"},"thumbnailUrl":"https:\/\/www.resail.org\/wp-content\/uploads\/2025\/10\/Furling-Main.tiff","datePublished":"2025-10-25T08:02:35+00:00","breadcrumb":{"@id":"https:\/\/www.resail.org\/fr\/product\/10-5m2-enrouleur-de-mat-principal\/#breadcrumb"},"inLanguage":"fr-FR","potentialAction":[{"@type":"ReadAction","target":["https:\/\/www.resail.org\/fr\/product\/10-5m2-enrouleur-de-mat-principal\/"]}]},{"@type":"ImageObject","inLanguage":"fr-FR","@id":"https:\/\/www.resail.org\/fr\/product\/10-5m2-enrouleur-de-mat-principal\/#primaryimage","url":"https:\/\/www.resail.org\/wp-content\/uploads\/2025\/10\/Furling-Main.tiff","contentUrl":"https:\/\/www.resail.org\/wp-content\/uploads\/2025\/10\/Furling-Main.tiff"},{"@type":"BreadcrumbList","@id":"https:\/\/www.resail.org\/fr\/product\/10-5m2-enrouleur-de-mat-principal\/#breadcrumb","itemListElement":[{"@type":"ListItem","position":1,"name":"Home","item":"https:\/\/www.resail.org\/fr\/accueil\/"},{"@type":"ListItem","position":2,"name":"Boutique","item":"https:\/\/www.resail.org\/fr\/boutique\/"},{"@type":"ListItem","position":3,"name":"10.5m2 Enrouleur de m\u00e2t principal"}]},{"@type":"WebSite","@id":"https:\/\/www.resail.org\/fr\/#website","url":"https:\/\/www.resail.org\/fr\/","name":"Resail","description":"","publisher":{"@id":"https:\/\/www.resail.org\/fr\/#organization"},"potentialAction":[{"@type":"SearchAction","target":{"@type":"EntryPoint","urlTemplate":"https:\/\/www.resail.org\/fr\/?s={search_term_string}"},"query-input":{"@type":"PropertyValueSpecification","valueRequired":true,"valueName":"search_term_string"}}],"inLanguage":"fr-FR"},{"@type":"Organization","@id":"https:\/\/www.resail.org\/fr\/#organization","name":"Resail (en anglais)","url":"https:\/\/www.resail.org\/fr\/","logo":{"@type":"ImageObject","inLanguage":"fr-FR","@id":"https:\/\/www.resail.org\/fr\/#\/schema\/logo\/image\/","url":"https:\/\/www.resail.org\/wp-content\/uploads\/2024\/04\/cropped-Resail_logo_staand.png","contentUrl":"https:\/\/www.resail.org\/wp-content\/uploads\/2024\/04\/cropped-Resail_logo_staand.png","width":512,"height":512,"caption":"Resail (en anglais)"},"image":{"@id":"https:\/\/www.resail.org\/fr\/#\/schema\/logo\/image\/"}}]}},"_links":{"self":[{"href":"https:\/\/www.resail.org\/fr\/wp-json\/wp\/v2\/product\/65875","targetHints":{"allow":["GET"]}}],"collection":[{"href":"https:\/\/www.resail.org\/fr\/wp-json\/wp\/v2\/product"}],"about":[{"href":"https:\/\/www.resail.org\/fr\/wp-json\/wp\/v2\/types\/product"}],"replies":[{"embeddable":true,"href":"https:\/\/www.resail.org\/fr\/wp-json\/wp\/v2\/comments?post=65875"}],"wp:featuredmedia":[{"embeddable":true,"href":"https:\/\/www.resail.org\/fr\/wp-json\/wp\/v2\/media\/57012"}],"wp:attachment":[{"href":"https:\/\/www.resail.org\/fr\/wp-json\/wp\/v2\/media?parent=65875"}],"wp:term":[{"taxonomy":"product_brand","embeddable":true,"href":"https:\/\/www.resail.org\/fr\/wp-json\/wp\/v2\/product_brand?post=65875"},{"taxonomy":"product_cat","embeddable":true,"href":"https:\/\/www.resail.org\/fr\/wp-json\/wp\/v2\/product_cat?post=65875"},{"taxonomy":"product_tag","embeddable":true,"href":"https:\/\/www.resail.org\/fr\/wp-json\/wp\/v2\/product_tag?post=65875"}],"curies":[{"name":"wp","href":"https:\/\/api.w.org\/{rel}","templated":true}]}}