{"id":65898,"date":"2025-12-05T19:18:18","date_gmt":"2025-12-05T18:18:18","guid":{"rendered":"https:\/\/www.resail.org\/product\/grand-voile-de-21m2-en-ecorce-de-tanneur-de-type-gaffe\/"},"modified":"2025-12-05T19:18:18","modified_gmt":"2025-12-05T18:18:18","slug":"grand-voile-de-21m2-en-ecorce-de-tanneur-de-type-gaffe","status":"publish","type":"product","link":"https:\/\/www.resail.org\/fr\/product\/grand-voile-de-21m2-en-ecorce-de-tanneur-de-type-gaffe\/","title":{"rendered":"Grand-voile de 21m2 en \u00e9corce de tanneur de type gaffe"},"content":{"rendered":"","protected":false},"excerpt":{"rendered":"<p>Grand-voile en Dacron \u00e9corce pour un sloop traditionnel ; en tr\u00e8s bon \u00e9tat avec de jolis d\u00e9tails cousus \u00e0 la main. Pied : 4.5m ; guindant : 4.2m ; guindant : 6.3m ; <\/p>\n<p>Gaffe : 3.5m ; 2 r\u00e9cifs<\/p>\n","protected":false},"featured_media":58365,"comment_status":"open","ping_status":"closed","template":"","meta":{"_acf_changed":false},"product_brand":[],"product_cat":[2179,2178],"product_tag":[],"class_list":{"0":"post-65898","1":"product","2":"type-product","3":"status-publish","4":"has-post-thumbnail","6":"product_cat-grand-voile-fr","7":"product_cat-grand-voile","8":"pa_producer-schokker","10":"first","11":"instock","12":"sold-individually","13":"shipping-taxable","14":"purchasable","15":"product-type-simple"},"acf":[],"yoast_head":"<!-- This site is optimized with the Yoast SEO plugin v27.2 - https:\/\/yoast.com\/product\/yoast-seo-wordpress\/ -->\n<title>Grand-voile de 21m2 en \u00e9corce de tanneur de type gaffe - Resail<\/title>\n<meta name=\"robots\" content=\"index, follow, max-snippet:-1, max-image-preview:large, max-video-preview:-1\" \/>\n<link rel=\"canonical\" href=\"https:\/\/www.resail.org\/fr\/product\/grand-voile-de-21m2-en-ecorce-de-tanneur-de-type-gaffe\/\" \/>\n<meta property=\"og:locale\" content=\"fr_FR\" \/>\n<meta property=\"og:type\" content=\"article\" \/>\n<meta property=\"og:title\" content=\"Grand-voile de 21m2 en \u00e9corce de tanneur de type gaffe - Resail\" \/>\n<meta property=\"og:description\" content=\"Grand-voile en Dacron \u00e9corce pour un sloop traditionnel ; en tr\u00e8s bon \u00e9tat avec de jolis d\u00e9tails cousus \u00e0 la main. Pied : 4.5m ; guindant : 4.2m ; guindant : 6.3m ;  Gaffe : 3.5m ; 2 r\u00e9cifs\" \/>\n<meta property=\"og:url\" content=\"https:\/\/www.resail.org\/fr\/product\/grand-voile-de-21m2-en-ecorce-de-tanneur-de-type-gaffe\/\" \/>\n<meta property=\"og:site_name\" content=\"Resail\" \/>\n<meta property=\"og:image\" content=\"https:\/\/www.resail.org\/wp-content\/uploads\/2025\/12\/cropped-IMG_0140-rotated-1.jpg\" \/>\n\t<meta property=\"og:image:width\" content=\"479\" \/>\n\t<meta property=\"og:image:height\" content=\"640\" \/>\n\t<meta property=\"og:image:type\" content=\"image\/jpeg\" \/>\n<meta name=\"twitter:card\" content=\"summary_large_image\" \/>\n<script type=\"application\/ld+json\" class=\"yoast-schema-graph\">{\"@context\":\"https:\/\/schema.org\",\"@graph\":[{\"@type\":\"WebPage\",\"@id\":\"https:\/\/www.resail.org\/fr\/product\/grand-voile-de-21m2-en-ecorce-de-tanneur-de-type-gaffe\/\",\"url\":\"https:\/\/www.resail.org\/fr\/product\/grand-voile-de-21m2-en-ecorce-de-tanneur-de-type-gaffe\/\",\"name\":\"Grand-voile de 21m2 en \u00e9corce de tanneur de type gaffe - Resail\",\"isPartOf\":{\"@id\":\"https:\/\/www.resail.org\/fr\/#website\"},\"primaryImageOfPage\":{\"@id\":\"https:\/\/www.resail.org\/fr\/product\/grand-voile-de-21m2-en-ecorce-de-tanneur-de-type-gaffe\/#primaryimage\"},\"image\":{\"@id\":\"https:\/\/www.resail.org\/fr\/product\/grand-voile-de-21m2-en-ecorce-de-tanneur-de-type-gaffe\/#primaryimage\"},\"thumbnailUrl\":\"https:\/\/www.resail.org\/wp-content\/uploads\/2025\/12\/cropped-IMG_0140-rotated-1.jpg\",\"datePublished\":\"2025-12-05T18:18:18+00:00\",\"breadcrumb\":{\"@id\":\"https:\/\/www.resail.org\/fr\/product\/grand-voile-de-21m2-en-ecorce-de-tanneur-de-type-gaffe\/#breadcrumb\"},\"inLanguage\":\"fr-FR\",\"potentialAction\":[{\"@type\":\"ReadAction\",\"target\":[\"https:\/\/www.resail.org\/fr\/product\/grand-voile-de-21m2-en-ecorce-de-tanneur-de-type-gaffe\/\"]}]},{\"@type\":\"ImageObject\",\"inLanguage\":\"fr-FR\",\"@id\":\"https:\/\/www.resail.org\/fr\/product\/grand-voile-de-21m2-en-ecorce-de-tanneur-de-type-gaffe\/#primaryimage\",\"url\":\"https:\/\/www.resail.org\/wp-content\/uploads\/2025\/12\/cropped-IMG_0140-rotated-1.jpg\",\"contentUrl\":\"https:\/\/www.resail.org\/wp-content\/uploads\/2025\/12\/cropped-IMG_0140-rotated-1.jpg\",\"width\":479,\"height\":640},{\"@type\":\"BreadcrumbList\",\"@id\":\"https:\/\/www.resail.org\/fr\/product\/grand-voile-de-21m2-en-ecorce-de-tanneur-de-type-gaffe\/#breadcrumb\",\"itemListElement\":[{\"@type\":\"ListItem\",\"position\":1,\"name\":\"Home\",\"item\":\"https:\/\/www.resail.org\/fr\/accueil\/\"},{\"@type\":\"ListItem\",\"position\":2,\"name\":\"Boutique\",\"item\":\"https:\/\/www.resail.org\/fr\/boutique\/\"},{\"@type\":\"ListItem\",\"position\":3,\"name\":\"Grand-voile de 21m2 en \u00e9corce de tanneur de type gaffe\"}]},{\"@type\":\"WebSite\",\"@id\":\"https:\/\/www.resail.org\/fr\/#website\",\"url\":\"https:\/\/www.resail.org\/fr\/\",\"name\":\"Resail\",\"description\":\"\",\"publisher\":{\"@id\":\"https:\/\/www.resail.org\/fr\/#organization\"},\"potentialAction\":[{\"@type\":\"SearchAction\",\"target\":{\"@type\":\"EntryPoint\",\"urlTemplate\":\"https:\/\/www.resail.org\/fr\/?s={search_term_string}\"},\"query-input\":{\"@type\":\"PropertyValueSpecification\",\"valueRequired\":true,\"valueName\":\"search_term_string\"}}],\"inLanguage\":\"fr-FR\"},{\"@type\":\"Organization\",\"@id\":\"https:\/\/www.resail.org\/fr\/#organization\",\"name\":\"Resail (en anglais)\",\"url\":\"https:\/\/www.resail.org\/fr\/\",\"logo\":{\"@type\":\"ImageObject\",\"inLanguage\":\"fr-FR\",\"@id\":\"https:\/\/www.resail.org\/fr\/#\/schema\/logo\/image\/\",\"url\":\"https:\/\/www.resail.org\/wp-content\/uploads\/2024\/04\/cropped-Resail_logo_staand.png\",\"contentUrl\":\"https:\/\/www.resail.org\/wp-content\/uploads\/2024\/04\/cropped-Resail_logo_staand.png\",\"width\":512,\"height\":512,\"caption\":\"Resail (en anglais)\"},\"image\":{\"@id\":\"https:\/\/www.resail.org\/fr\/#\/schema\/logo\/image\/\"}}]}<\/script>\n<!-- \/ Yoast SEO plugin. -->","yoast_head_json":{"title":"Grand-voile de 21m2 en \u00e9corce de tanneur de type gaffe - Resail","robots":{"index":"index","follow":"follow","max-snippet":"max-snippet:-1","max-image-preview":"max-image-preview:large","max-video-preview":"max-video-preview:-1"},"canonical":"https:\/\/www.resail.org\/fr\/product\/grand-voile-de-21m2-en-ecorce-de-tanneur-de-type-gaffe\/","og_locale":"fr_FR","og_type":"article","og_title":"Grand-voile de 21m2 en \u00e9corce de tanneur de type gaffe - Resail","og_description":"Grand-voile en Dacron \u00e9corce pour un sloop traditionnel ; en tr\u00e8s bon \u00e9tat avec de jolis d\u00e9tails cousus \u00e0 la main. Pied : 4.5m ; guindant : 4.2m ; guindant : 6.3m ;  Gaffe : 3.5m ; 2 r\u00e9cifs","og_url":"https:\/\/www.resail.org\/fr\/product\/grand-voile-de-21m2-en-ecorce-de-tanneur-de-type-gaffe\/","og_site_name":"Resail","og_image":[{"width":479,"height":640,"url":"https:\/\/www.resail.org\/wp-content\/uploads\/2025\/12\/cropped-IMG_0140-rotated-1.jpg","type":"image\/jpeg"}],"twitter_card":"summary_large_image","schema":{"@context":"https:\/\/schema.org","@graph":[{"@type":"WebPage","@id":"https:\/\/www.resail.org\/fr\/product\/grand-voile-de-21m2-en-ecorce-de-tanneur-de-type-gaffe\/","url":"https:\/\/www.resail.org\/fr\/product\/grand-voile-de-21m2-en-ecorce-de-tanneur-de-type-gaffe\/","name":"Grand-voile de 21m2 en \u00e9corce de tanneur de type gaffe - Resail","isPartOf":{"@id":"https:\/\/www.resail.org\/fr\/#website"},"primaryImageOfPage":{"@id":"https:\/\/www.resail.org\/fr\/product\/grand-voile-de-21m2-en-ecorce-de-tanneur-de-type-gaffe\/#primaryimage"},"image":{"@id":"https:\/\/www.resail.org\/fr\/product\/grand-voile-de-21m2-en-ecorce-de-tanneur-de-type-gaffe\/#primaryimage"},"thumbnailUrl":"https:\/\/www.resail.org\/wp-content\/uploads\/2025\/12\/cropped-IMG_0140-rotated-1.jpg","datePublished":"2025-12-05T18:18:18+00:00","breadcrumb":{"@id":"https:\/\/www.resail.org\/fr\/product\/grand-voile-de-21m2-en-ecorce-de-tanneur-de-type-gaffe\/#breadcrumb"},"inLanguage":"fr-FR","potentialAction":[{"@type":"ReadAction","target":["https:\/\/www.resail.org\/fr\/product\/grand-voile-de-21m2-en-ecorce-de-tanneur-de-type-gaffe\/"]}]},{"@type":"ImageObject","inLanguage":"fr-FR","@id":"https:\/\/www.resail.org\/fr\/product\/grand-voile-de-21m2-en-ecorce-de-tanneur-de-type-gaffe\/#primaryimage","url":"https:\/\/www.resail.org\/wp-content\/uploads\/2025\/12\/cropped-IMG_0140-rotated-1.jpg","contentUrl":"https:\/\/www.resail.org\/wp-content\/uploads\/2025\/12\/cropped-IMG_0140-rotated-1.jpg","width":479,"height":640},{"@type":"BreadcrumbList","@id":"https:\/\/www.resail.org\/fr\/product\/grand-voile-de-21m2-en-ecorce-de-tanneur-de-type-gaffe\/#breadcrumb","itemListElement":[{"@type":"ListItem","position":1,"name":"Home","item":"https:\/\/www.resail.org\/fr\/accueil\/"},{"@type":"ListItem","position":2,"name":"Boutique","item":"https:\/\/www.resail.org\/fr\/boutique\/"},{"@type":"ListItem","position":3,"name":"Grand-voile de 21m2 en \u00e9corce de tanneur de type gaffe"}]},{"@type":"WebSite","@id":"https:\/\/www.resail.org\/fr\/#website","url":"https:\/\/www.resail.org\/fr\/","name":"Resail","description":"","publisher":{"@id":"https:\/\/www.resail.org\/fr\/#organization"},"potentialAction":[{"@type":"SearchAction","target":{"@type":"EntryPoint","urlTemplate":"https:\/\/www.resail.org\/fr\/?s={search_term_string}"},"query-input":{"@type":"PropertyValueSpecification","valueRequired":true,"valueName":"search_term_string"}}],"inLanguage":"fr-FR"},{"@type":"Organization","@id":"https:\/\/www.resail.org\/fr\/#organization","name":"Resail (en anglais)","url":"https:\/\/www.resail.org\/fr\/","logo":{"@type":"ImageObject","inLanguage":"fr-FR","@id":"https:\/\/www.resail.org\/fr\/#\/schema\/logo\/image\/","url":"https:\/\/www.resail.org\/wp-content\/uploads\/2024\/04\/cropped-Resail_logo_staand.png","contentUrl":"https:\/\/www.resail.org\/wp-content\/uploads\/2024\/04\/cropped-Resail_logo_staand.png","width":512,"height":512,"caption":"Resail (en anglais)"},"image":{"@id":"https:\/\/www.resail.org\/fr\/#\/schema\/logo\/image\/"}}]}},"_links":{"self":[{"href":"https:\/\/www.resail.org\/fr\/wp-json\/wp\/v2\/product\/65898","targetHints":{"allow":["GET"]}}],"collection":[{"href":"https:\/\/www.resail.org\/fr\/wp-json\/wp\/v2\/product"}],"about":[{"href":"https:\/\/www.resail.org\/fr\/wp-json\/wp\/v2\/types\/product"}],"replies":[{"embeddable":true,"href":"https:\/\/www.resail.org\/fr\/wp-json\/wp\/v2\/comments?post=65898"}],"wp:featuredmedia":[{"embeddable":true,"href":"https:\/\/www.resail.org\/fr\/wp-json\/wp\/v2\/media\/58365"}],"wp:attachment":[{"href":"https:\/\/www.resail.org\/fr\/wp-json\/wp\/v2\/media?parent=65898"}],"wp:term":[{"taxonomy":"product_brand","embeddable":true,"href":"https:\/\/www.resail.org\/fr\/wp-json\/wp\/v2\/product_brand?post=65898"},{"taxonomy":"product_cat","embeddable":true,"href":"https:\/\/www.resail.org\/fr\/wp-json\/wp\/v2\/product_cat?post=65898"},{"taxonomy":"product_tag","embeddable":true,"href":"https:\/\/www.resail.org\/fr\/wp-json\/wp\/v2\/product_tag?post=65898"}],"curies":[{"name":"wp","href":"https:\/\/api.w.org\/{rel}","templated":true}]}}