{"id":66026,"date":"2025-10-25T18:48:27","date_gmt":"2025-10-25T16:48:27","guid":{"rendered":"https:\/\/www.resail.org\/product\/grand-voile-a-enrouleur-de-6564-m2-dans-la-bome\/"},"modified":"2025-10-25T18:48:27","modified_gmt":"2025-10-25T16:48:27","slug":"grand-voile-a-enrouleur-de-6564-m2-dans-la-bome","status":"publish","type":"product","link":"https:\/\/www.resail.org\/fr\/product\/grand-voile-a-enrouleur-de-6564-m2-dans-la-bome\/","title":{"rendered":"Grand-voile \u00e0 enrouleur de 65,64 m2 dans la b\u00f4me"},"content":{"rendered":"","protected":false},"excerpt":{"rendered":"<p>Grand-voile \u00e0 b\u00f4me ; \u00e0 l&rsquo;origine pour un Orana 44 ; X-Cut Dacron 447 Cruise MT<\/p>\n","protected":false},"featured_media":57048,"comment_status":"open","ping_status":"closed","template":"","meta":{"_acf_changed":false},"product_brand":[],"product_cat":[2178,2186],"product_tag":[],"class_list":{"0":"post-66026","1":"product","2":"type-product","3":"status-publish","4":"has-post-thumbnail","6":"product_cat-grand-voile","7":"product_cat-grand-voile-a-enrouleur","8":"pa_producer-elvstrom-sails","10":"first","11":"instock","12":"sold-individually","13":"shipping-taxable","14":"purchasable","15":"product-type-simple"},"acf":[],"yoast_head":"<!-- This site is optimized with the Yoast SEO plugin v27.2 - https:\/\/yoast.com\/product\/yoast-seo-wordpress\/ -->\n<title>Grand-voile \u00e0 enrouleur de 65,64 m2 dans la b\u00f4me - Resail<\/title>\n<meta name=\"robots\" content=\"index, follow, max-snippet:-1, max-image-preview:large, max-video-preview:-1\" \/>\n<link rel=\"canonical\" href=\"https:\/\/www.resail.org\/fr\/product\/grand-voile-a-enrouleur-de-6564-m2-dans-la-bome\/\" \/>\n<meta property=\"og:locale\" content=\"fr_FR\" \/>\n<meta property=\"og:type\" content=\"article\" \/>\n<meta property=\"og:title\" content=\"Grand-voile \u00e0 enrouleur de 65,64 m2 dans la b\u00f4me - Resail\" \/>\n<meta property=\"og:description\" content=\"Grand-voile \u00e0 b\u00f4me ; \u00e0 l&#039;origine pour un Orana 44 ; X-Cut Dacron 447 Cruise MT\" \/>\n<meta property=\"og:url\" content=\"https:\/\/www.resail.org\/fr\/product\/grand-voile-a-enrouleur-de-6564-m2-dans-la-bome\/\" \/>\n<meta property=\"og:site_name\" content=\"Resail\" \/>\n<meta name=\"twitter:card\" content=\"summary_large_image\" \/>\n<script type=\"application\/ld+json\" class=\"yoast-schema-graph\">{\"@context\":\"https:\/\/schema.org\",\"@graph\":[{\"@type\":\"WebPage\",\"@id\":\"https:\/\/www.resail.org\/fr\/product\/grand-voile-a-enrouleur-de-6564-m2-dans-la-bome\/\",\"url\":\"https:\/\/www.resail.org\/fr\/product\/grand-voile-a-enrouleur-de-6564-m2-dans-la-bome\/\",\"name\":\"Grand-voile \u00e0 enrouleur de 65,64 m2 dans la b\u00f4me - Resail\",\"isPartOf\":{\"@id\":\"https:\/\/www.resail.org\/fr\/#website\"},\"primaryImageOfPage\":{\"@id\":\"https:\/\/www.resail.org\/fr\/product\/grand-voile-a-enrouleur-de-6564-m2-dans-la-bome\/#primaryimage\"},\"image\":{\"@id\":\"https:\/\/www.resail.org\/fr\/product\/grand-voile-a-enrouleur-de-6564-m2-dans-la-bome\/#primaryimage\"},\"thumbnailUrl\":\"https:\/\/www.resail.org\/wp-content\/uploads\/2025\/10\/Furling-Main-1.tiff\",\"datePublished\":\"2025-10-25T16:48:27+00:00\",\"breadcrumb\":{\"@id\":\"https:\/\/www.resail.org\/fr\/product\/grand-voile-a-enrouleur-de-6564-m2-dans-la-bome\/#breadcrumb\"},\"inLanguage\":\"fr-FR\",\"potentialAction\":[{\"@type\":\"ReadAction\",\"target\":[\"https:\/\/www.resail.org\/fr\/product\/grand-voile-a-enrouleur-de-6564-m2-dans-la-bome\/\"]}]},{\"@type\":\"ImageObject\",\"inLanguage\":\"fr-FR\",\"@id\":\"https:\/\/www.resail.org\/fr\/product\/grand-voile-a-enrouleur-de-6564-m2-dans-la-bome\/#primaryimage\",\"url\":\"https:\/\/www.resail.org\/wp-content\/uploads\/2025\/10\/Furling-Main-1.tiff\",\"contentUrl\":\"https:\/\/www.resail.org\/wp-content\/uploads\/2025\/10\/Furling-Main-1.tiff\"},{\"@type\":\"BreadcrumbList\",\"@id\":\"https:\/\/www.resail.org\/fr\/product\/grand-voile-a-enrouleur-de-6564-m2-dans-la-bome\/#breadcrumb\",\"itemListElement\":[{\"@type\":\"ListItem\",\"position\":1,\"name\":\"Home\",\"item\":\"https:\/\/www.resail.org\/fr\/accueil\/\"},{\"@type\":\"ListItem\",\"position\":2,\"name\":\"Boutique\",\"item\":\"https:\/\/www.resail.org\/fr\/boutique\/\"},{\"@type\":\"ListItem\",\"position\":3,\"name\":\"Grand-voile \u00e0 enrouleur de 65,64 m2 dans la b\u00f4me\"}]},{\"@type\":\"WebSite\",\"@id\":\"https:\/\/www.resail.org\/fr\/#website\",\"url\":\"https:\/\/www.resail.org\/fr\/\",\"name\":\"Resail\",\"description\":\"\",\"publisher\":{\"@id\":\"https:\/\/www.resail.org\/fr\/#organization\"},\"potentialAction\":[{\"@type\":\"SearchAction\",\"target\":{\"@type\":\"EntryPoint\",\"urlTemplate\":\"https:\/\/www.resail.org\/fr\/?s={search_term_string}\"},\"query-input\":{\"@type\":\"PropertyValueSpecification\",\"valueRequired\":true,\"valueName\":\"search_term_string\"}}],\"inLanguage\":\"fr-FR\"},{\"@type\":\"Organization\",\"@id\":\"https:\/\/www.resail.org\/fr\/#organization\",\"name\":\"Resail (en anglais)\",\"url\":\"https:\/\/www.resail.org\/fr\/\",\"logo\":{\"@type\":\"ImageObject\",\"inLanguage\":\"fr-FR\",\"@id\":\"https:\/\/www.resail.org\/fr\/#\/schema\/logo\/image\/\",\"url\":\"https:\/\/www.resail.org\/wp-content\/uploads\/2024\/04\/cropped-Resail_logo_staand.png\",\"contentUrl\":\"https:\/\/www.resail.org\/wp-content\/uploads\/2024\/04\/cropped-Resail_logo_staand.png\",\"width\":512,\"height\":512,\"caption\":\"Resail (en anglais)\"},\"image\":{\"@id\":\"https:\/\/www.resail.org\/fr\/#\/schema\/logo\/image\/\"}}]}<\/script>\n<!-- \/ Yoast SEO plugin. -->","yoast_head_json":{"title":"Grand-voile \u00e0 enrouleur de 65,64 m2 dans la b\u00f4me - Resail","robots":{"index":"index","follow":"follow","max-snippet":"max-snippet:-1","max-image-preview":"max-image-preview:large","max-video-preview":"max-video-preview:-1"},"canonical":"https:\/\/www.resail.org\/fr\/product\/grand-voile-a-enrouleur-de-6564-m2-dans-la-bome\/","og_locale":"fr_FR","og_type":"article","og_title":"Grand-voile \u00e0 enrouleur de 65,64 m2 dans la b\u00f4me - Resail","og_description":"Grand-voile \u00e0 b\u00f4me ; \u00e0 l'origine pour un Orana 44 ; X-Cut Dacron 447 Cruise MT","og_url":"https:\/\/www.resail.org\/fr\/product\/grand-voile-a-enrouleur-de-6564-m2-dans-la-bome\/","og_site_name":"Resail","twitter_card":"summary_large_image","schema":{"@context":"https:\/\/schema.org","@graph":[{"@type":"WebPage","@id":"https:\/\/www.resail.org\/fr\/product\/grand-voile-a-enrouleur-de-6564-m2-dans-la-bome\/","url":"https:\/\/www.resail.org\/fr\/product\/grand-voile-a-enrouleur-de-6564-m2-dans-la-bome\/","name":"Grand-voile \u00e0 enrouleur de 65,64 m2 dans la b\u00f4me - Resail","isPartOf":{"@id":"https:\/\/www.resail.org\/fr\/#website"},"primaryImageOfPage":{"@id":"https:\/\/www.resail.org\/fr\/product\/grand-voile-a-enrouleur-de-6564-m2-dans-la-bome\/#primaryimage"},"image":{"@id":"https:\/\/www.resail.org\/fr\/product\/grand-voile-a-enrouleur-de-6564-m2-dans-la-bome\/#primaryimage"},"thumbnailUrl":"https:\/\/www.resail.org\/wp-content\/uploads\/2025\/10\/Furling-Main-1.tiff","datePublished":"2025-10-25T16:48:27+00:00","breadcrumb":{"@id":"https:\/\/www.resail.org\/fr\/product\/grand-voile-a-enrouleur-de-6564-m2-dans-la-bome\/#breadcrumb"},"inLanguage":"fr-FR","potentialAction":[{"@type":"ReadAction","target":["https:\/\/www.resail.org\/fr\/product\/grand-voile-a-enrouleur-de-6564-m2-dans-la-bome\/"]}]},{"@type":"ImageObject","inLanguage":"fr-FR","@id":"https:\/\/www.resail.org\/fr\/product\/grand-voile-a-enrouleur-de-6564-m2-dans-la-bome\/#primaryimage","url":"https:\/\/www.resail.org\/wp-content\/uploads\/2025\/10\/Furling-Main-1.tiff","contentUrl":"https:\/\/www.resail.org\/wp-content\/uploads\/2025\/10\/Furling-Main-1.tiff"},{"@type":"BreadcrumbList","@id":"https:\/\/www.resail.org\/fr\/product\/grand-voile-a-enrouleur-de-6564-m2-dans-la-bome\/#breadcrumb","itemListElement":[{"@type":"ListItem","position":1,"name":"Home","item":"https:\/\/www.resail.org\/fr\/accueil\/"},{"@type":"ListItem","position":2,"name":"Boutique","item":"https:\/\/www.resail.org\/fr\/boutique\/"},{"@type":"ListItem","position":3,"name":"Grand-voile \u00e0 enrouleur de 65,64 m2 dans la b\u00f4me"}]},{"@type":"WebSite","@id":"https:\/\/www.resail.org\/fr\/#website","url":"https:\/\/www.resail.org\/fr\/","name":"Resail","description":"","publisher":{"@id":"https:\/\/www.resail.org\/fr\/#organization"},"potentialAction":[{"@type":"SearchAction","target":{"@type":"EntryPoint","urlTemplate":"https:\/\/www.resail.org\/fr\/?s={search_term_string}"},"query-input":{"@type":"PropertyValueSpecification","valueRequired":true,"valueName":"search_term_string"}}],"inLanguage":"fr-FR"},{"@type":"Organization","@id":"https:\/\/www.resail.org\/fr\/#organization","name":"Resail (en anglais)","url":"https:\/\/www.resail.org\/fr\/","logo":{"@type":"ImageObject","inLanguage":"fr-FR","@id":"https:\/\/www.resail.org\/fr\/#\/schema\/logo\/image\/","url":"https:\/\/www.resail.org\/wp-content\/uploads\/2024\/04\/cropped-Resail_logo_staand.png","contentUrl":"https:\/\/www.resail.org\/wp-content\/uploads\/2024\/04\/cropped-Resail_logo_staand.png","width":512,"height":512,"caption":"Resail (en anglais)"},"image":{"@id":"https:\/\/www.resail.org\/fr\/#\/schema\/logo\/image\/"}}]}},"_links":{"self":[{"href":"https:\/\/www.resail.org\/fr\/wp-json\/wp\/v2\/product\/66026","targetHints":{"allow":["GET"]}}],"collection":[{"href":"https:\/\/www.resail.org\/fr\/wp-json\/wp\/v2\/product"}],"about":[{"href":"https:\/\/www.resail.org\/fr\/wp-json\/wp\/v2\/types\/product"}],"replies":[{"embeddable":true,"href":"https:\/\/www.resail.org\/fr\/wp-json\/wp\/v2\/comments?post=66026"}],"wp:featuredmedia":[{"embeddable":true,"href":"https:\/\/www.resail.org\/fr\/wp-json\/wp\/v2\/media\/57048"}],"wp:attachment":[{"href":"https:\/\/www.resail.org\/fr\/wp-json\/wp\/v2\/media?parent=66026"}],"wp:term":[{"taxonomy":"product_brand","embeddable":true,"href":"https:\/\/www.resail.org\/fr\/wp-json\/wp\/v2\/product_brand?post=66026"},{"taxonomy":"product_cat","embeddable":true,"href":"https:\/\/www.resail.org\/fr\/wp-json\/wp\/v2\/product_cat?post=66026"},{"taxonomy":"product_tag","embeddable":true,"href":"https:\/\/www.resail.org\/fr\/wp-json\/wp\/v2\/product_tag?post=66026"}],"curies":[{"name":"wp","href":"https:\/\/api.w.org\/{rel}","templated":true}]}}