{"id":66110,"date":"2025-10-02T13:52:30","date_gmt":"2025-10-02T11:52:30","guid":{"rendered":"https:\/\/www.resail.org\/product\/housse-de-grand-voile-de-275-m\/"},"modified":"2025-10-02T13:52:30","modified_gmt":"2025-10-02T11:52:30","slug":"housse-de-grand-voile-de-275-m","status":"publish","type":"product","link":"https:\/\/www.resail.org\/fr\/product\/housse-de-grand-voile-de-275-m\/","title":{"rendered":"Housse de grand-voile de 2,75 m"},"content":{"rendered":"","protected":false},"excerpt":{"rendered":"<p>Housse de Grand Voile Dune Sunbrella 2.75m de long depuis l&rsquo;arri\u00e8re du m\u00e2t \/ 33cm de haut au m\u00e2t \/ 25cm de haut \u00e0 l&rsquo;extr\u00e9mit\u00e9 de la b\u00f4me \/\/ Cette voile vous int\u00e9resse ? Demandez notre offre irr\u00e9sistible ! (Valable jusqu&rsquo;au 28 f\u00e9vrier)Whatsapp : +31641072573<\/p>\n","protected":false},"featured_media":56350,"comment_status":"open","ping_status":"closed","template":"","meta":{"_acf_changed":false},"product_brand":[],"product_cat":[2168],"product_tag":[],"class_list":{"0":"post-66110","1":"product","2":"type-product","3":"status-publish","4":"has-post-thumbnail","6":"product_cat-couvertures-et-accessoires","8":"first","9":"instock","10":"sold-individually","11":"shipping-taxable","12":"purchasable","13":"product-type-simple"},"acf":[],"yoast_head":"<!-- This site is optimized with the Yoast SEO plugin v27.2 - https:\/\/yoast.com\/product\/yoast-seo-wordpress\/ -->\n<title>Housse de grand-voile de 2,75 m - Resail<\/title>\n<meta name=\"robots\" content=\"index, follow, max-snippet:-1, max-image-preview:large, max-video-preview:-1\" \/>\n<link rel=\"canonical\" href=\"https:\/\/www.resail.org\/fr\/product\/housse-de-grand-voile-de-275-m\/\" \/>\n<meta property=\"og:locale\" content=\"fr_FR\" \/>\n<meta property=\"og:type\" content=\"article\" \/>\n<meta property=\"og:title\" content=\"Housse de grand-voile de 2,75 m - Resail\" \/>\n<meta property=\"og:description\" content=\"Housse de Grand Voile Dune Sunbrella 2.75m de long depuis l&#039;arri\u00e8re du m\u00e2t \/ 33cm de haut au m\u00e2t \/ 25cm de haut \u00e0 l&#039;extr\u00e9mit\u00e9 de la b\u00f4me \/\/ Cette voile vous int\u00e9resse ? Demandez notre offre irr\u00e9sistible ! (Valable jusqu&#039;au 28 f\u00e9vrier)Whatsapp : +31641072573\" \/>\n<meta property=\"og:url\" content=\"https:\/\/www.resail.org\/fr\/product\/housse-de-grand-voile-de-275-m\/\" \/>\n<meta property=\"og:site_name\" content=\"Resail\" \/>\n<meta property=\"og:image\" content=\"https:\/\/www.resail.org\/wp-content\/uploads\/2025\/10\/IMG_9555-rotated.jpg\" \/>\n\t<meta property=\"og:image:width\" content=\"480\" \/>\n\t<meta property=\"og:image:height\" content=\"640\" \/>\n\t<meta property=\"og:image:type\" content=\"image\/jpeg\" \/>\n<meta name=\"twitter:card\" content=\"summary_large_image\" \/>\n<script type=\"application\/ld+json\" class=\"yoast-schema-graph\">{\"@context\":\"https:\/\/schema.org\",\"@graph\":[{\"@type\":\"WebPage\",\"@id\":\"https:\/\/www.resail.org\/fr\/product\/housse-de-grand-voile-de-275-m\/\",\"url\":\"https:\/\/www.resail.org\/fr\/product\/housse-de-grand-voile-de-275-m\/\",\"name\":\"Housse de grand-voile de 2,75 m - Resail\",\"isPartOf\":{\"@id\":\"https:\/\/www.resail.org\/fr\/#website\"},\"primaryImageOfPage\":{\"@id\":\"https:\/\/www.resail.org\/fr\/product\/housse-de-grand-voile-de-275-m\/#primaryimage\"},\"image\":{\"@id\":\"https:\/\/www.resail.org\/fr\/product\/housse-de-grand-voile-de-275-m\/#primaryimage\"},\"thumbnailUrl\":\"https:\/\/www.resail.org\/wp-content\/uploads\/2025\/10\/IMG_9555-rotated.jpg\",\"datePublished\":\"2025-10-02T11:52:30+00:00\",\"breadcrumb\":{\"@id\":\"https:\/\/www.resail.org\/fr\/product\/housse-de-grand-voile-de-275-m\/#breadcrumb\"},\"inLanguage\":\"fr-FR\",\"potentialAction\":[{\"@type\":\"ReadAction\",\"target\":[\"https:\/\/www.resail.org\/fr\/product\/housse-de-grand-voile-de-275-m\/\"]}]},{\"@type\":\"ImageObject\",\"inLanguage\":\"fr-FR\",\"@id\":\"https:\/\/www.resail.org\/fr\/product\/housse-de-grand-voile-de-275-m\/#primaryimage\",\"url\":\"https:\/\/www.resail.org\/wp-content\/uploads\/2025\/10\/IMG_9555-rotated.jpg\",\"contentUrl\":\"https:\/\/www.resail.org\/wp-content\/uploads\/2025\/10\/IMG_9555-rotated.jpg\",\"width\":480,\"height\":640},{\"@type\":\"BreadcrumbList\",\"@id\":\"https:\/\/www.resail.org\/fr\/product\/housse-de-grand-voile-de-275-m\/#breadcrumb\",\"itemListElement\":[{\"@type\":\"ListItem\",\"position\":1,\"name\":\"Home\",\"item\":\"https:\/\/www.resail.org\/fr\/accueil\/\"},{\"@type\":\"ListItem\",\"position\":2,\"name\":\"Boutique\",\"item\":\"https:\/\/www.resail.org\/fr\/boutique\/\"},{\"@type\":\"ListItem\",\"position\":3,\"name\":\"Housse de grand-voile de 2,75 m\"}]},{\"@type\":\"WebSite\",\"@id\":\"https:\/\/www.resail.org\/fr\/#website\",\"url\":\"https:\/\/www.resail.org\/fr\/\",\"name\":\"Resail\",\"description\":\"\",\"publisher\":{\"@id\":\"https:\/\/www.resail.org\/fr\/#organization\"},\"potentialAction\":[{\"@type\":\"SearchAction\",\"target\":{\"@type\":\"EntryPoint\",\"urlTemplate\":\"https:\/\/www.resail.org\/fr\/?s={search_term_string}\"},\"query-input\":{\"@type\":\"PropertyValueSpecification\",\"valueRequired\":true,\"valueName\":\"search_term_string\"}}],\"inLanguage\":\"fr-FR\"},{\"@type\":\"Organization\",\"@id\":\"https:\/\/www.resail.org\/fr\/#organization\",\"name\":\"Resail (en anglais)\",\"url\":\"https:\/\/www.resail.org\/fr\/\",\"logo\":{\"@type\":\"ImageObject\",\"inLanguage\":\"fr-FR\",\"@id\":\"https:\/\/www.resail.org\/fr\/#\/schema\/logo\/image\/\",\"url\":\"https:\/\/www.resail.org\/wp-content\/uploads\/2024\/04\/cropped-Resail_logo_staand.png\",\"contentUrl\":\"https:\/\/www.resail.org\/wp-content\/uploads\/2024\/04\/cropped-Resail_logo_staand.png\",\"width\":512,\"height\":512,\"caption\":\"Resail (en anglais)\"},\"image\":{\"@id\":\"https:\/\/www.resail.org\/fr\/#\/schema\/logo\/image\/\"}}]}<\/script>\n<!-- \/ Yoast SEO plugin. -->","yoast_head_json":{"title":"Housse de grand-voile de 2,75 m - Resail","robots":{"index":"index","follow":"follow","max-snippet":"max-snippet:-1","max-image-preview":"max-image-preview:large","max-video-preview":"max-video-preview:-1"},"canonical":"https:\/\/www.resail.org\/fr\/product\/housse-de-grand-voile-de-275-m\/","og_locale":"fr_FR","og_type":"article","og_title":"Housse de grand-voile de 2,75 m - Resail","og_description":"Housse de Grand Voile Dune Sunbrella 2.75m de long depuis l'arri\u00e8re du m\u00e2t \/ 33cm de haut au m\u00e2t \/ 25cm de haut \u00e0 l'extr\u00e9mit\u00e9 de la b\u00f4me \/\/ Cette voile vous int\u00e9resse ? Demandez notre offre irr\u00e9sistible ! (Valable jusqu'au 28 f\u00e9vrier)Whatsapp : +31641072573","og_url":"https:\/\/www.resail.org\/fr\/product\/housse-de-grand-voile-de-275-m\/","og_site_name":"Resail","og_image":[{"width":480,"height":640,"url":"https:\/\/www.resail.org\/wp-content\/uploads\/2025\/10\/IMG_9555-rotated.jpg","type":"image\/jpeg"}],"twitter_card":"summary_large_image","schema":{"@context":"https:\/\/schema.org","@graph":[{"@type":"WebPage","@id":"https:\/\/www.resail.org\/fr\/product\/housse-de-grand-voile-de-275-m\/","url":"https:\/\/www.resail.org\/fr\/product\/housse-de-grand-voile-de-275-m\/","name":"Housse de grand-voile de 2,75 m - Resail","isPartOf":{"@id":"https:\/\/www.resail.org\/fr\/#website"},"primaryImageOfPage":{"@id":"https:\/\/www.resail.org\/fr\/product\/housse-de-grand-voile-de-275-m\/#primaryimage"},"image":{"@id":"https:\/\/www.resail.org\/fr\/product\/housse-de-grand-voile-de-275-m\/#primaryimage"},"thumbnailUrl":"https:\/\/www.resail.org\/wp-content\/uploads\/2025\/10\/IMG_9555-rotated.jpg","datePublished":"2025-10-02T11:52:30+00:00","breadcrumb":{"@id":"https:\/\/www.resail.org\/fr\/product\/housse-de-grand-voile-de-275-m\/#breadcrumb"},"inLanguage":"fr-FR","potentialAction":[{"@type":"ReadAction","target":["https:\/\/www.resail.org\/fr\/product\/housse-de-grand-voile-de-275-m\/"]}]},{"@type":"ImageObject","inLanguage":"fr-FR","@id":"https:\/\/www.resail.org\/fr\/product\/housse-de-grand-voile-de-275-m\/#primaryimage","url":"https:\/\/www.resail.org\/wp-content\/uploads\/2025\/10\/IMG_9555-rotated.jpg","contentUrl":"https:\/\/www.resail.org\/wp-content\/uploads\/2025\/10\/IMG_9555-rotated.jpg","width":480,"height":640},{"@type":"BreadcrumbList","@id":"https:\/\/www.resail.org\/fr\/product\/housse-de-grand-voile-de-275-m\/#breadcrumb","itemListElement":[{"@type":"ListItem","position":1,"name":"Home","item":"https:\/\/www.resail.org\/fr\/accueil\/"},{"@type":"ListItem","position":2,"name":"Boutique","item":"https:\/\/www.resail.org\/fr\/boutique\/"},{"@type":"ListItem","position":3,"name":"Housse de grand-voile de 2,75 m"}]},{"@type":"WebSite","@id":"https:\/\/www.resail.org\/fr\/#website","url":"https:\/\/www.resail.org\/fr\/","name":"Resail","description":"","publisher":{"@id":"https:\/\/www.resail.org\/fr\/#organization"},"potentialAction":[{"@type":"SearchAction","target":{"@type":"EntryPoint","urlTemplate":"https:\/\/www.resail.org\/fr\/?s={search_term_string}"},"query-input":{"@type":"PropertyValueSpecification","valueRequired":true,"valueName":"search_term_string"}}],"inLanguage":"fr-FR"},{"@type":"Organization","@id":"https:\/\/www.resail.org\/fr\/#organization","name":"Resail (en anglais)","url":"https:\/\/www.resail.org\/fr\/","logo":{"@type":"ImageObject","inLanguage":"fr-FR","@id":"https:\/\/www.resail.org\/fr\/#\/schema\/logo\/image\/","url":"https:\/\/www.resail.org\/wp-content\/uploads\/2024\/04\/cropped-Resail_logo_staand.png","contentUrl":"https:\/\/www.resail.org\/wp-content\/uploads\/2024\/04\/cropped-Resail_logo_staand.png","width":512,"height":512,"caption":"Resail (en anglais)"},"image":{"@id":"https:\/\/www.resail.org\/fr\/#\/schema\/logo\/image\/"}}]}},"_links":{"self":[{"href":"https:\/\/www.resail.org\/fr\/wp-json\/wp\/v2\/product\/66110","targetHints":{"allow":["GET"]}}],"collection":[{"href":"https:\/\/www.resail.org\/fr\/wp-json\/wp\/v2\/product"}],"about":[{"href":"https:\/\/www.resail.org\/fr\/wp-json\/wp\/v2\/types\/product"}],"replies":[{"embeddable":true,"href":"https:\/\/www.resail.org\/fr\/wp-json\/wp\/v2\/comments?post=66110"}],"wp:featuredmedia":[{"embeddable":true,"href":"https:\/\/www.resail.org\/fr\/wp-json\/wp\/v2\/media\/56350"}],"wp:attachment":[{"href":"https:\/\/www.resail.org\/fr\/wp-json\/wp\/v2\/media?parent=66110"}],"wp:term":[{"taxonomy":"product_brand","embeddable":true,"href":"https:\/\/www.resail.org\/fr\/wp-json\/wp\/v2\/product_brand?post=66110"},{"taxonomy":"product_cat","embeddable":true,"href":"https:\/\/www.resail.org\/fr\/wp-json\/wp\/v2\/product_cat?post=66110"},{"taxonomy":"product_tag","embeddable":true,"href":"https:\/\/www.resail.org\/fr\/wp-json\/wp\/v2\/product_tag?post=66110"}],"curies":[{"name":"wp","href":"https:\/\/api.w.org\/{rel}","templated":true}]}}